{"id":5606,"date":"2016-06-26T18:24:58","date_gmt":"2016-06-26T18:24:58","guid":{"rendered":"http:\/\/nicaragua-travel-guide.com\/site\/?page_id=5606"},"modified":"2016-08-08T22:25:18","modified_gmt":"2016-08-08T22:25:18","slug":"tour-en-lancha-entre-las-isletas-dos-horas-%c2%a8-bahia-%c2%a8","status":"publish","type":"page","link":"https:\/\/nicaragua-travel-guide.com\/site\/tour-en-lancha-entre-las-isletas-dos-horas-%c2%a8-bahia-%c2%a8\/","title":{"rendered":"Tour en lancha entre las isletas dos horas \u00a8Bah\u00eda\u00a8"},"content":{"rendered":"<table style=\"width: 993px;\" border=\"0\">\n<tbody>\n<tr style=\"height: 37px;\">\n<td style=\"height: 37px; width: 527.6666870117188px;\" bgcolor=\"#990000\">Lancha entre las isletas dos hora<\/td>\n<td style=\"height: 469.66668701171875px; width: 460.33331298828125px;\" rowspan=\"6\" valign=\"top\" bgcolor=\"#006600\">&nbsp;<\/p>\n<table style=\"height: 613px;\" width=\"451\">\n<tbody>\n<tr>\n<td style=\"width: 440.6666564941406px;\"><img loading=\"lazy\" decoding=\"async\" class=\"wp-image-10564 aligncenter\" src=\"http:\/\/nicaragua-travel-guide.com\/site\/wp-content\/uploads\/2016\/06\/isletas-puerto-asese-granada.jpg\" alt=\"isletas puerto asese granada\" width=\"336\" height=\"209\" \/><\/td>\n<\/tr>\n<tr>\n<td style=\"width: 440.6666564941406px;\"><img loading=\"lazy\" decoding=\"async\" class=\"wp-image-10538 aligncenter\" src=\"http:\/\/nicaragua-travel-guide.com\/site\/wp-content\/uploads\/2016\/06\/isletasolita.jpg\" alt=\"isletasolita\" width=\"335\" height=\"280\" \/><\/td>\n<\/tr>\n<tr>\n<td style=\"width: 440.6666564941406px;\"><img loading=\"lazy\" decoding=\"async\" class=\"wp-image-10567 aligncenter\" src=\"http:\/\/nicaragua-travel-guide.com\/site\/wp-content\/uploads\/2016\/06\/Restaurante-almuerzo-pescado-especial-incluido-en-el-tour.jpg\" alt=\"Restaurante almuerzo pescado especial incluido en el tour\" width=\"340\" height=\"226\" srcset=\"https:\/\/nicaragua-travel-guide.com\/site\/wp-content\/uploads\/2016\/06\/Restaurante-almuerzo-pescado-especial-incluido-en-el-tour.jpg 500w, https:\/\/nicaragua-travel-guide.com\/site\/wp-content\/uploads\/2016\/06\/Restaurante-almuerzo-pescado-especial-incluido-en-el-tour-180x120.jpg 180w\" sizes=\"(max-width: 340px) 100vw, 340px\" \/><\/td>\n<\/tr>\n<\/tbody>\n<\/table>\n<p>&nbsp;<\/td>\n<\/tr>\n<tr style=\"height: 25px;\">\n<td style=\"height: 25px; width: 527.6666870117188px;\" valign=\"top\" bgcolor=\"#009933\">\u00a0\u201cBah\u00eda \u00a0Puerto y Restaurante Asese\u00bb<\/td>\n<\/tr>\n<tr style=\"height: 25px;\">\n<td style=\"height: 25px; width: 527.6666870117188px;\" bgcolor=\"#99FF00\">\n<table border=\"0\" width=\"461\">\n<tbody>\n<tr>\n<td bgcolor=\"#0033FF\" width=\"197\">Historia Natural<\/td>\n<td bgcolor=\"#FFFFFF\" width=\"271\">flora y fauna<\/td>\n<\/tr>\n<\/tbody>\n<\/table>\n<\/td>\n<\/tr>\n<tr style=\"height: 393px;\">\n<td style=\"height: 393px; width: 527.6666870117188px;\" bgcolor=\"#009933\">1.Geolog\u00eda Historia natural<br \/>\n2.Formaci\u00f3n del Volc\u00e1n Mombacho<br \/>\n3.Formaci\u00f3n de el lago<br \/>\n4.Historia de Nicaragua<br \/>\n5.Formaci\u00f3n de las Isletas<br \/>\n6.Epoca precolombina<br \/>\n7.Colonizaci\u00f3n Espa\u00f1ola<br \/>\n8.Extencion territorial de Granada<br \/>\n9.Navegaci\u00f3n comercial<br \/>\n10.Eventos hist\u00f3ricos<br \/>\n11.Incursiones piratas<br \/>\n12.Saber de la gente local actual<br \/>\n13.Observar flora y fauna local<br \/>\n14.Ver el ave que representa a Granada<br \/>\n15.Ver el \u00e1rbol que representa a Granada<br \/>\n16.Islas en venta y alquiler<br \/>\n17.La gu\u00eda cantara canciones nacionales durante el recorrido.<\/td>\n<\/tr>\n<tr style=\"height: 25px;\">\n<td style=\"height: 25px; width: 527.6666870117188px;\" valign=\"top\" bgcolor=\"#99CC00\">\u2026\u2026\u2026Opci\u00f3n de Combinar\u2026\u2026\u2026a su elecci\u00f3n\u2026\u2026\u2026<\/td>\n<\/tr>\n<tr style=\"height: 10.66668701171875px;\">\n<td style=\"height: 10.66668701171875px; width: 527.6666870117188px;\" valign=\"top\" bgcolor=\"#009900\">Antes o despu\u00e9s del recorrido de una hora en Lancha\u00a0 para mayor disfrute de su estad\u00eda y disfrutar de la vista panor\u00e1mica\u00a0 con \u00a0la hora de su\u00a0 almuerzo podemos\u00a0 ordenar en el Restaurante campestre \u00a0Puerto ASESE, ambiente rodeado de naturaleza con m\u00fasica \u00a0cl\u00e1sica, rom\u00e1ntica, \u00a0instrumental.\u00a0 podemos hacer la orden y reservar \u00a0el \u00a0almuerzo, \u00a0si deseas almorzar antes \u00a0o despu\u00e9s del recorrido en lancha Ver el men\u00fa: pollo, res, pescado.<\/p>\n<p>(El cliente paga lo que consume del\u00a0men\u00fa\u00a0)<\/td>\n<\/tr>\n<tr style=\"height: 25px;\">\n<td style=\"height: 25px; width: 988px;\" colspan=\"2\" bgcolor=\"#990000\">Por mayor informaci\u00f3n y reservaci\u00f3n\u00a0 <strong>Contactarnos<\/strong><\/td>\n<\/tr>\n<\/tbody>\n<\/table>\n","protected":false},"excerpt":{"rendered":"<p>Lancha entre las isletas dos hora &nbsp; &nbsp; \u00a0\u201cBah\u00eda \u00a0Puerto y Restaurante Asese\u00bb Historia Natural flora y fauna 1.Geolog\u00eda Historia natural 2.Formaci\u00f3n del Volc\u00e1n Mombacho 3.Formaci\u00f3n de el lago 4.Historia de Nicaragua 5.Formaci\u00f3n de las Isletas 6.Epoca precolombina 7.Colonizaci\u00f3n Espa\u00f1ola 8.Extencion territorial de Granada 9.Navegaci\u00f3n comercial 10.Eventos hist\u00f3ricos 11.Incursiones piratas 12.Saber de la gente local [&hellip;]<\/p>\n","protected":false},"author":2,"featured_media":0,"parent":0,"menu_order":0,"comment_status":"closed","ping_status":"closed","template":"","meta":{"footnotes":""},"_links":{"self":[{"href":"https:\/\/nicaragua-travel-guide.com\/site\/wp-json\/wp\/v2\/pages\/5606"}],"collection":[{"href":"https:\/\/nicaragua-travel-guide.com\/site\/wp-json\/wp\/v2\/pages"}],"about":[{"href":"https:\/\/nicaragua-travel-guide.com\/site\/wp-json\/wp\/v2\/types\/page"}],"author":[{"embeddable":true,"href":"https:\/\/nicaragua-travel-guide.com\/site\/wp-json\/wp\/v2\/users\/2"}],"replies":[{"embeddable":true,"href":"https:\/\/nicaragua-travel-guide.com\/site\/wp-json\/wp\/v2\/comments?post=5606"}],"version-history":[{"count":5,"href":"https:\/\/nicaragua-travel-guide.com\/site\/wp-json\/wp\/v2\/pages\/5606\/revisions"}],"predecessor-version":[{"id":10582,"href":"https:\/\/nicaragua-travel-guide.com\/site\/wp-json\/wp\/v2\/pages\/5606\/revisions\/10582"}],"wp:attachment":[{"href":"https:\/\/nicaragua-travel-guide.com\/site\/wp-json\/wp\/v2\/media?parent=5606"}],"curies":[{"name":"wp","href":"https:\/\/api.w.org\/{rel}","templated":true}]}}