{"id":5608,"date":"2016-06-26T18:38:39","date_gmt":"2016-06-26T18:38:39","guid":{"rendered":"http:\/\/nicaragua-travel-guide.com\/site\/?page_id=5608"},"modified":"2016-08-08T22:34:23","modified_gmt":"2016-08-08T22:34:23","slug":"tour-en-lancha-entre-las-isletas-2-horas-y-media-%c2%a8-bahia-%c2%a8","status":"publish","type":"page","link":"https:\/\/nicaragua-travel-guide.com\/site\/tour-en-lancha-entre-las-isletas-2-horas-y-media-%c2%a8-bahia-%c2%a8\/","title":{"rendered":"Tour en lancha entre las Isletas 2  horas y media \u00a8Bah\u00eda\u00a8"},"content":{"rendered":"<table border=\"0\" width=\"1015\">\n<tbody>\n<tr>\n<td bgcolor=\"#009900\" width=\"649\" height=\"37\">En lancha entre las Isletas dos horas y media\u00a0\u201cbah\u00eda\u201d<\/td>\n<td rowspan=\"7\" align=\"right\" valign=\"top\" bgcolor=\"#009933\" width=\"356\">\n<table border=\"0\" width=\"356\">\n<tbody>\n<tr>\n<td style=\"text-align: center;\" bgcolor=\"#009933\" width=\"350\" height=\"219\"><img loading=\"lazy\" decoding=\"async\" class=\"alignnone wp-image-10564\" src=\"http:\/\/nicaragua-travel-guide.com\/site\/wp-content\/uploads\/2016\/06\/isletas-puerto-asese-granada.jpg\" alt=\"isletas puerto asese granada\" width=\"345\" height=\"215\" \/><\/td>\n<\/tr>\n<tr>\n<td height=\"154\"><img loading=\"lazy\" decoding=\"async\" class=\" wp-image-10538 aligncenter\" src=\"http:\/\/nicaragua-travel-guide.com\/site\/wp-content\/uploads\/2016\/06\/isletasolita.jpg\" alt=\"isletasolita\" width=\"409\" height=\"342\" \/><\/td>\n<\/tr>\n<tr>\n<td style=\"text-align: center;\" height=\"155\"><img loading=\"lazy\" decoding=\"async\" class=\"alignnone size-full wp-image-10567\" src=\"http:\/\/nicaragua-travel-guide.com\/site\/wp-content\/uploads\/2016\/06\/Restaurante-almuerzo-pescado-especial-incluido-en-el-tour.jpg\" alt=\"Restaurante almuerzo pescado especial incluido en el tour\" width=\"500\" height=\"333\" srcset=\"https:\/\/nicaragua-travel-guide.com\/site\/wp-content\/uploads\/2016\/06\/Restaurante-almuerzo-pescado-especial-incluido-en-el-tour.jpg 500w, https:\/\/nicaragua-travel-guide.com\/site\/wp-content\/uploads\/2016\/06\/Restaurante-almuerzo-pescado-especial-incluido-en-el-tour-180x120.jpg 180w\" sizes=\"(max-width: 500px) 100vw, 500px\" \/><\/td>\n<\/tr>\n<\/tbody>\n<\/table>\n<\/td>\n<\/tr>\n<tr>\n<td bgcolor=\"#CCFF66\">Salida de la bah\u00eda puerto\u00a0y restaurante\u00a0 Asese<\/td>\n<\/tr>\n<tr>\n<td>\n<table border=\"0\" width=\"649\">\n<tbody>\n<tr>\n<td bgcolor=\"#3399FF\" width=\"301\">Historia natural<\/td>\n<td bgcolor=\"#FF6600\" width=\"338\">flora y \u00a0 fauna<\/td>\n<\/tr>\n<\/tbody>\n<\/table>\n<\/td>\n<\/tr>\n<tr>\n<td bgcolor=\"#CCFF66\">1.Observar la flora y fauna<br \/>\n2.Historia de la formaci\u00f3n de el lago<br \/>\n3.Origen del volc\u00e1n Mombacho<br \/>\n4.Creaci\u00f3n de las Isletas<br \/>\n5.Los primeros pobladores<br \/>\n6.Colonia Espa\u00f1ola<br \/>\n7.Dominio Territorial<br \/>\n8.Navegaci\u00f3n comercial<br \/>\n9.Incursiones Piratas<br \/>\n10.Saber de la gente local<br \/>\n11.Islas en venta y alquiler<br \/>\n12. La gu\u00eda cantara canciones nacionales durante el recorrido.<\/td>\n<\/tr>\n<tr>\n<td bgcolor=\"#009933\">\u2026\u2026\u2026Opci\u00f3n de Combinar\u2026\u2026\u2026a su elecci\u00f3n\u2026\u2026\u2026<\/td>\n<\/tr>\n<tr>\n<td bgcolor=\"#CCFF66\" height=\"159\">Antes o despu\u00e9s del recorrido de una hora en Lancha\u00a0 para mayor disfrute de su estad\u00eda y disfrutar de la vista panor\u00e1mica a la hora de su\u00a0 almuerzo podemos\u00a0 ver el men\u00fa y ordenar en Restaurante Puerto ASESE, ambiente rodeado de naturaleza con m\u00fasica rom\u00e1ntica, cl\u00e1sica, instrumental.\u00a0 Si deseas almorzar antes del recorrido en lancha podemos reservar su almuerzo carnes: pollo, res, pescado anticipado.<\/p>\n<p>(El cliente paga lo que consume del men\u00fa)<\/td>\n<\/tr>\n<tr>\n<td bgcolor=\"#009900\" height=\"25\">Por mayor informaci\u00f3n y reservaci\u00f3n \u00a0 \u00a0\u00a0<strong>Contactarnos.<\/strong><\/td>\n<\/tr>\n<\/tbody>\n<\/table>\n","protected":false},"excerpt":{"rendered":"<p>En lancha entre las Isletas dos horas y media\u00a0\u201cbah\u00eda\u201d Salida de la bah\u00eda puerto\u00a0y restaurante\u00a0 Asese Historia natural flora y \u00a0 fauna 1.Observar la flora y fauna 2.Historia de la formaci\u00f3n de el lago 3.Origen del volc\u00e1n Mombacho 4.Creaci\u00f3n de las Isletas 5.Los primeros pobladores 6.Colonia Espa\u00f1ola 7.Dominio Territorial 8.Navegaci\u00f3n comercial 9.Incursiones Piratas 10.Saber de [&hellip;]<\/p>\n","protected":false},"author":2,"featured_media":0,"parent":0,"menu_order":0,"comment_status":"closed","ping_status":"closed","template":"","meta":{"footnotes":""},"_links":{"self":[{"href":"https:\/\/nicaragua-travel-guide.com\/site\/wp-json\/wp\/v2\/pages\/5608"}],"collection":[{"href":"https:\/\/nicaragua-travel-guide.com\/site\/wp-json\/wp\/v2\/pages"}],"about":[{"href":"https:\/\/nicaragua-travel-guide.com\/site\/wp-json\/wp\/v2\/types\/page"}],"author":[{"embeddable":true,"href":"https:\/\/nicaragua-travel-guide.com\/site\/wp-json\/wp\/v2\/users\/2"}],"replies":[{"embeddable":true,"href":"https:\/\/nicaragua-travel-guide.com\/site\/wp-json\/wp\/v2\/comments?post=5608"}],"version-history":[{"count":7,"href":"https:\/\/nicaragua-travel-guide.com\/site\/wp-json\/wp\/v2\/pages\/5608\/revisions"}],"predecessor-version":[{"id":10588,"href":"https:\/\/nicaragua-travel-guide.com\/site\/wp-json\/wp\/v2\/pages\/5608\/revisions\/10588"}],"wp:attachment":[{"href":"https:\/\/nicaragua-travel-guide.com\/site\/wp-json\/wp\/v2\/media?parent=5608"}],"curies":[{"name":"wp","href":"https:\/\/api.w.org\/{rel}","templated":true}]}}