{"id":5610,"date":"2016-06-26T18:56:43","date_gmt":"2016-06-26T18:56:43","guid":{"rendered":"http:\/\/nicaragua-travel-guide.com\/site\/?page_id=5610"},"modified":"2016-08-08T22:41:08","modified_gmt":"2016-08-08T22:41:08","slug":"tour-en-lancha-entre-las-isletas-3-horas-%c2%a8-bahia-%c2%a8","status":"publish","type":"page","link":"https:\/\/nicaragua-travel-guide.com\/site\/tour-en-lancha-entre-las-isletas-3-horas-%c2%a8-bahia-%c2%a8\/","title":{"rendered":"Tour en lancha entre las Isletas 3 horas \u00a8Bah\u00eda \u00a8"},"content":{"rendered":"<table border=\"0\" width=\"1014\">\n<tbody>\n<tr style=\"height: 35.66666793823242px;\">\n<td style=\"height: 35.66666793823242px;\" bgcolor=\"#0066FF\" width=\"625\">En lancha entre las isletas 3 horas\u201cbah\u00eda\u201d<\/td>\n<td style=\"height: 680.6666679382324px;\" rowspan=\"7\" valign=\"top\" bgcolor=\"#FFFF00\" width=\"379\">\n<table border=\"0\" width=\"378\">\n<tbody>\n<tr>\n<td bgcolor=\"#006600\" width=\"372\"><img loading=\"lazy\" decoding=\"async\" class=\" wp-image-10564 aligncenter\" src=\"http:\/\/nicaragua-travel-guide.com\/site\/wp-content\/uploads\/2016\/06\/isletas-puerto-asese-granada.jpg\" alt=\"isletas puerto asese granada\" width=\"356\" height=\"222\" \/><\/td>\n<\/tr>\n<tr>\n<td bgcolor=\"#006600\" height=\"256\"><img loading=\"lazy\" decoding=\"async\" class=\"wp-image-10590 aligncenter\" src=\"http:\/\/nicaragua-travel-guide.com\/site\/wp-content\/uploads\/2016\/06\/isletas-tour-vista-hacia-el-volcan-mombacho.jpg\" alt=\"isletas tour vista hacia el volcan mombacho\" width=\"361\" height=\"227\" \/><\/td>\n<\/tr>\n<tr>\n<td style=\"text-align: center;\" height=\"199\"><img loading=\"lazy\" decoding=\"async\" class=\"alignnone size-full wp-image-10567\" src=\"http:\/\/nicaragua-travel-guide.com\/site\/wp-content\/uploads\/2016\/06\/Restaurante-almuerzo-pescado-especial-incluido-en-el-tour.jpg\" alt=\"Restaurante almuerzo pescado especial incluido en el tour\" width=\"500\" height=\"333\" srcset=\"https:\/\/nicaragua-travel-guide.com\/site\/wp-content\/uploads\/2016\/06\/Restaurante-almuerzo-pescado-especial-incluido-en-el-tour.jpg 500w, https:\/\/nicaragua-travel-guide.com\/site\/wp-content\/uploads\/2016\/06\/Restaurante-almuerzo-pescado-especial-incluido-en-el-tour-180x120.jpg 180w\" sizes=\"(max-width: 500px) 100vw, 500px\" \/><\/td>\n<\/tr>\n<\/tbody>\n<\/table>\n<\/td>\n<\/tr>\n<tr style=\"height: 22px;\">\n<td style=\"height: 22px;\" bgcolor=\"#FFFFFF\">Salida de la Bah\u00eda \u201c Restaurante Puerto de Asese\u201d<\/td>\n<\/tr>\n<tr style=\"height: 30px;\">\n<td style=\"height: 30px;\" bgcolor=\"#FFFF00\">\n<table border=\"0\" width=\"625\">\n<tbody>\n<tr>\n<td bgcolor=\"#993399\" width=\"268\">Historia Natural<\/td>\n<td bgcolor=\"#FF6600\" width=\"298\">flora\u00a0y fauna<\/td>\n<\/tr>\n<\/tbody>\n<\/table>\n<\/td>\n<\/tr>\n<tr style=\"height: 406px;\">\n<td style=\"height: 406px;\" valign=\"top\" bgcolor=\"#0066FF\">1.Geolog\u00eda e Historia Natural<br \/>\n2.Formaci\u00f3n del Volc\u00e1n Mombacho<br \/>\n3.Formaci\u00f3n de el Lago<br \/>\n4.Historia de Nicaragua<br \/>\n5.Formaci\u00f3n de las Isletas<br \/>\n6.\u00c9poca precolombina<br \/>\n7.Colonizaci\u00f3n Espa\u00f1ola<br \/>\n8.Dominio territorial de Granada<br \/>\n9.Navegaci\u00f3n comercial<br \/>\n10.Eventos hist\u00f3ricos<br \/>\n11.Incursiones piratas<br \/>\n12.Saber de la gente local actual<br \/>\n13.Observar flora y fauna local<br \/>\n14.Ver el ave que representa a Granada<br \/>\n15.Ver el \u00e1rbol que representa a Granada<br \/>\n16.Islas en venta y alquiler<br \/>\n17. La gu\u00eda cantara canciones nacionales durante el recorrido.<\/td>\n<\/tr>\n<tr style=\"height: 22px;\">\n<td style=\"height: 22px;\" bgcolor=\"#009900\">Opci\u00f3n de Combinar\u2026\u2026\u2026a su elecci\u00f3n\u2026\u2026\u2026<\/td>\n<\/tr>\n<tr style=\"height: 140px;\">\n<td style=\"height: 140px;\" bgcolor=\"#0066FF\">Antes o despu\u00e9s del recorrido de una hora en Lancha\u00a0 para mayor disfrute de su estad\u00eda y disfrutar de la vista panor\u00e1mica a la hora de su\u00a0 almuerzo podemos\u00a0 ver el men\u00fa y ordenar en Restaurante Puerto ASESE, ambiente rodeado de naturaleza con m\u00fasica rom\u00e1ntica, cl\u00e1sica, instrumental.\u00a0 Si deseas almorzar antes del recorrido en lancha podemos reservar su almuerzo carnes: pollo, res, pescado anticipado.(El cliente paga lo que consume del\u00a0men\u00fa)<\/td>\n<\/tr>\n<tr style=\"height: 25px;\">\n<td style=\"height: 25px;\" bgcolor=\"#990000\">Por mayor informaci\u00f3n y reservaci\u00f3n\u00a0 Contactarnos<\/td>\n<\/tr>\n<\/tbody>\n<\/table>\n","protected":false},"excerpt":{"rendered":"<p>En lancha entre las isletas 3 horas\u201cbah\u00eda\u201d Salida de la Bah\u00eda \u201c Restaurante Puerto de Asese\u201d Historia Natural flora\u00a0y fauna 1.Geolog\u00eda e Historia Natural 2.Formaci\u00f3n del Volc\u00e1n Mombacho 3.Formaci\u00f3n de el Lago 4.Historia de Nicaragua 5.Formaci\u00f3n de las Isletas 6.\u00c9poca precolombina 7.Colonizaci\u00f3n Espa\u00f1ola 8.Dominio territorial de Granada 9.Navegaci\u00f3n comercial 10.Eventos hist\u00f3ricos 11.Incursiones piratas 12.Saber de [&hellip;]<\/p>\n","protected":false},"author":2,"featured_media":0,"parent":0,"menu_order":0,"comment_status":"closed","ping_status":"closed","template":"","meta":{"footnotes":""},"_links":{"self":[{"href":"https:\/\/nicaragua-travel-guide.com\/site\/wp-json\/wp\/v2\/pages\/5610"}],"collection":[{"href":"https:\/\/nicaragua-travel-guide.com\/site\/wp-json\/wp\/v2\/pages"}],"about":[{"href":"https:\/\/nicaragua-travel-guide.com\/site\/wp-json\/wp\/v2\/types\/page"}],"author":[{"embeddable":true,"href":"https:\/\/nicaragua-travel-guide.com\/site\/wp-json\/wp\/v2\/users\/2"}],"replies":[{"embeddable":true,"href":"https:\/\/nicaragua-travel-guide.com\/site\/wp-json\/wp\/v2\/comments?post=5610"}],"version-history":[{"count":6,"href":"https:\/\/nicaragua-travel-guide.com\/site\/wp-json\/wp\/v2\/pages\/5610\/revisions"}],"predecessor-version":[{"id":10592,"href":"https:\/\/nicaragua-travel-guide.com\/site\/wp-json\/wp\/v2\/pages\/5610\/revisions\/10592"}],"wp:attachment":[{"href":"https:\/\/nicaragua-travel-guide.com\/site\/wp-json\/wp\/v2\/media?parent=5610"}],"curies":[{"name":"wp","href":"https:\/\/api.w.org\/{rel}","templated":true}]}}