{"id":5640,"date":"2016-07-04T00:22:23","date_gmt":"2016-07-04T00:22:23","guid":{"rendered":"http:\/\/nicaragua-travel-guide.com\/site\/?page_id=5640"},"modified":"2016-08-28T18:26:03","modified_gmt":"2016-08-28T18:26:03","slug":"organizamos-eventos-y-fiestas-en-nicaragua","status":"publish","type":"page","link":"https:\/\/nicaragua-travel-guide.com\/site\/organizamos-eventos-y-fiestas-en-nicaragua\/","title":{"rendered":"Organizamos eventos especiales en Nicaragua"},"content":{"rendered":"<table style=\"width: 998px; height: 819px;\" border=\"0\">\n<tbody>\n<tr style=\"height: 18px;\">\n<td style=\"width: 1215.6666660308838px; background-color: #dde024; height: 18px;\" colspan=\"8\" align=\"left\" valign=\"top\" bgcolor=\"#000000\"><img loading=\"lazy\" decoding=\"async\" class=\"alignnone size-full wp-image-5185\" src=\"http:\/\/nicaragua-travel-guide.com\/site\/wp-content\/uploads\/2016\/06\/header-Organizamos-eventos-especiales.jpg\" alt=\"header Organizamos eventos especiales\" width=\"1025\" height=\"345\" srcset=\"https:\/\/nicaragua-travel-guide.com\/site\/wp-content\/uploads\/2016\/06\/header-Organizamos-eventos-especiales.jpg 1025w, https:\/\/nicaragua-travel-guide.com\/site\/wp-content\/uploads\/2016\/06\/header-Organizamos-eventos-especiales-600x202.jpg 600w\" sizes=\"(max-width: 1025px) 100vw, 1025px\" \/><\/td>\n<\/tr>\n<tr style=\"height: 32px;\">\n<td style=\"width: 1215.6666660308838px; height: 32px;\" colspan=\"8\" bgcolor=\"#CCFFFF\">\n<table style=\"width: 993px;\" border=\"0\">\n<tbody>\n<tr>\n<td style=\"width: 347px;\" height=\"25\"><strong>En Iglesias<\/strong><\/td>\n<td style=\"width: 246px;\"><strong>Eventos y fiestas<\/strong><\/td>\n<td style=\"width: 84.3333740234375px;\" colspan=\"2\">\u00a0<b>Alquiler de\u00a0sal\u00f3n\u00a0para evento<\/b><\/td>\n<\/tr>\n<\/tbody>\n<\/table>\n<\/td>\n<\/tr>\n<tr style=\"height: 24px;\">\n<td style=\"width: 539.6666660308838px; height: 24px;\" colspan=\"4\" bgcolor=\"#FFFFFF\">Bautizos<\/td>\n<td style=\"width: 295.66668701171875px; height: 24px;\" colspan=\"2\" bgcolor=\"#FFFFFF\">Fiestas infantiles<\/td>\n<td style=\"width: 275.33331298828125px; height: 24px;\" colspan=\"2\" bgcolor=\"#FFFFFF\">Religiosos<\/td>\n<\/tr>\n<tr style=\"height: 24px;\">\n<td style=\"width: 539.6666660308838px; height: 24px;\" colspan=\"4\" bgcolor=\"#FFFFFF\">Comuniones<\/td>\n<td style=\"width: 295.66668701171875px; height: 24px;\" colspan=\"2\" bgcolor=\"#FFFFFF\">Baby Shower<\/td>\n<td style=\"width: 275.33331298828125px; height: 24px;\" colspan=\"2\" bgcolor=\"#FFFFFF\">Fiestas Privadas<\/td>\n<\/tr>\n<tr style=\"height: 24px;\">\n<td style=\"width: 539.6666660308838px; height: 24px;\" colspan=\"4\" bgcolor=\"#FFFFFF\">Confirmaciones<\/td>\n<td style=\"width: 295.66668701171875px; height: 24px;\" colspan=\"2\" bgcolor=\"#FFFFFF\">Bautizo<\/td>\n<td style=\"width: 275.33331298828125px; height: 24px;\" colspan=\"2\" bgcolor=\"#FFFFFF\">Corporativos<\/td>\n<\/tr>\n<tr style=\"height: 26px;\">\n<td style=\"width: 539.6666660308838px; height: 26px;\" colspan=\"4\" bgcolor=\"#FFFFFF\">Quince a\u00f1os<\/td>\n<td style=\"width: 295.66668701171875px; height: 26px;\" colspan=\"2\" bgcolor=\"#FFFFFF\">Primera comuni\u00f3n<\/td>\n<td style=\"width: 275.33331298828125px; height: 26px;\" colspan=\"2\" bgcolor=\"#FFFFFF\">Seminarios<\/td>\n<\/tr>\n<tr style=\"height: 24.3333740234375px;\">\n<td style=\"width: 539.6666660308838px; height: 24.3333740234375px;\" colspan=\"4\" bgcolor=\"#FFFFFF\">Boda<\/td>\n<td style=\"width: 295.66668701171875px; height: 24.3333740234375px;\" colspan=\"2\" bgcolor=\"#FFFFFF\">Fiestas juveniles<\/td>\n<td style=\"width: 275.33331298828125px; height: 24.3333740234375px;\" colspan=\"2\" align=\"left\" valign=\"top\" bgcolor=\"#FFFFFF\">Congresos<\/td>\n<\/tr>\n<tr style=\"height: 24px;\">\n<td style=\"width: 539.6666660308838px; height: 24px;\" colspan=\"4\" bgcolor=\"#FFFFFF\">Aniversarios de bodas<\/td>\n<td style=\"width: 295.66668701171875px; height: 24px;\" colspan=\"2\" bgcolor=\"#FFFFFF\">Fiestas de cumplea\u00f1os<\/td>\n<td style=\"width: 275.33331298828125px; height: 24px;\" colspan=\"2\" align=\"left\" valign=\"top\" bgcolor=\"#FFFFFF\">Sociales<\/td>\n<\/tr>\n<tr style=\"height: 24px;\">\n<td style=\"width: 539.6666660308838px; height: 24px;\" colspan=\"4\" bgcolor=\"#FFFFFF\">Funeral<\/td>\n<td style=\"width: 295.66668701171875px; height: 24px;\" colspan=\"2\" bgcolor=\"#FFFFFF\">Fiesta de 15 a\u00f1os<\/td>\n<td style=\"width: 275.33331298828125px; height: 24px;\" colspan=\"2\" align=\"left\" valign=\"top\" bgcolor=\"#FFFFFF\">Empresariales<\/td>\n<\/tr>\n<tr style=\"height: 24px;\">\n<td style=\"width: 539.6666660308838px; height: 24px;\" colspan=\"4\" bgcolor=\"#FFFFFF\">Aniversario de funeral<\/td>\n<td style=\"width: 295.66668701171875px; height: 24px;\" colspan=\"2\" bgcolor=\"#FFFFFF\">Despedida de soltero<\/td>\n<td style=\"width: 275.33331298828125px; height: 24px;\" colspan=\"2\" align=\"left\" valign=\"top\" bgcolor=\"#FFFFFF\">Matrimonio Civil<\/td>\n<\/tr>\n<tr style=\"height: 24px;\">\n<td style=\"width: 539.6666660308838px; height: 24px;\" colspan=\"4\" bgcolor=\"#FFFFFF\">Misa de Acci\u00f3n de Gracias<\/td>\n<td style=\"width: 295.66668701171875px; height: 24px;\" colspan=\"2\" bgcolor=\"#FFFFFF\">Boda paquete 2016<\/td>\n<td style=\"width: 275.33331298828125px; height: 24px;\" colspan=\"2\" align=\"left\" valign=\"top\" bgcolor=\"#FFFFFF\"><\/td>\n<\/tr>\n<tr style=\"height: 25px;\">\n<td style=\"width: 1215.6666660308838px; height: 25px;\" colspan=\"8\" bgcolor=\"#CCFFFF\"><strong>Solicite y\u00a0estar\u00e1\u00a0en manos del especialista \u00a0por cada detalle!<\/strong><\/td>\n<\/tr>\n<tr style=\"height: 24px;\">\n<td style=\"width: 644.6666660308838px; height: 24px;\" colspan=\"4\" bgcolor=\"#FFFF00\"><strong>Instalaci\u00f3n\u00a0de equipos de sonido y audiovisual<\/strong><\/td>\n<td style=\"width: 179px; height: 24px;\" bgcolor=\"#99FFCC\"><strong>M\u00fasicos<\/strong><\/td>\n<td style=\"width: 116.66668701171875px; height: 24px;\" bgcolor=\"#FFFFFF\">Orquestas<\/td>\n<td style=\"width: 162.33331298828125px; height: 24px;\" bgcolor=\"#FFFFFF\">Filarm\u00f3nicos<\/td>\n<td style=\"width: 113px; height: 24px;\" bgcolor=\"#FFFFFF\">Chicheros<\/td>\n<\/tr>\n<tr style=\"height: 24px;\">\n<td style=\"width: 644.6666660308838px; height: 24px;\" colspan=\"4\" bgcolor=\"#FFFFFF\">Tarimas, toldos, sillas y mesas, manteler\u00eda, menaje.<\/td>\n<td style=\"width: 179px; height: 24px;\" bgcolor=\"#FFCC99\"><strong>Transporte<\/strong><\/td>\n<td style=\"width: 116.66668701171875px; height: 24px;\" bgcolor=\"#FFFFFF\">Microbus<\/td>\n<td style=\"width: 162.33331298828125px; height: 24px;\" bgcolor=\"#FFFFFF\">Rent a car<\/td>\n<td style=\"width: 113px; height: 24px;\" bgcolor=\"#FFFFFF\">Coches<\/td>\n<\/tr>\n<tr style=\"height: 24px;\">\n<td style=\"width: 644.6666660308838px; height: 24px;\" colspan=\"4\" bgcolor=\"#FFFFFF\">Salones de hoteles de baile para fiesta<\/td>\n<td style=\"width: 179px; height: 24px;\" bgcolor=\"#CCFFFF\">Paquetes Tur\u00edsticos<\/td>\n<td style=\"width: 116.66668701171875px; height: 24px;\" bgcolor=\"#FFFFFF\">Medio d\u00eda<\/td>\n<td style=\"width: 162.33331298828125px; height: 24px;\" bgcolor=\"#FFFFFF\">Todo el d\u00eda<\/td>\n<td style=\"width: 113px; height: 24px;\" bgcolor=\"#FFFFFF\">por hora<\/td>\n<\/tr>\n<tr style=\"height: 24px;\">\n<td style=\"width: 644.6666660308838px; height: 24px;\" colspan=\"4\" bgcolor=\"#FFFFFF\">Salones de restaurantes para eventos.<\/td>\n<td style=\"width: 179px; height: 24px;\" bgcolor=\"#FFFF66\">Maestro de Ceremonia<\/td>\n<td style=\"width: 116.66668701171875px; height: 24px;\" bgcolor=\"#FFFFFF\">Teatro y mimo<\/td>\n<td style=\"width: 162.33331298828125px; height: 24px;\" bgcolor=\"#FFFF00\"><b>Payasos<\/b><\/td>\n<td style=\"width: 113px; height: 24px;\" bgcolor=\"#FFFFFF\">El Atabal<\/td>\n<\/tr>\n<tr style=\"height: 24px;\">\n<td style=\"width: 644.6666660308838px; height: 24px;\" colspan=\"4\" bgcolor=\"#FFFFFF\">Animaci\u00f3n Musical:<\/td>\n<td style=\"width: 179px; height: 24px;\" bgcolor=\"#CCCCFF\"><strong>Grupos de danza<\/strong><\/td>\n<td style=\"width: 116.66668701171875px; height: 24px;\" bgcolor=\"#FFFFFF\">Moderna<\/td>\n<td style=\"width: 162.33331298828125px; height: 24px;\" bgcolor=\"#FFFFFF\">Contempor\u00e1nea<\/td>\n<td style=\"width: 113px; height: 24px;\" bgcolor=\"#FFFFFF\">Folklorica<\/td>\n<\/tr>\n<tr style=\"height: 24px;\">\n<td style=\"width: 644.6666660308838px; height: 24px;\" colspan=\"4\" bgcolor=\"#FFFFFF\">Grupo musical para evento religioso<\/td>\n<td style=\"width: 179px; height: 24px;\" bgcolor=\"#FFFFFF\">Alquiler de trajes<\/td>\n<td style=\"width: 116.66668701171875px; height: 24px;\" bgcolor=\"#FFFF00\">Disfraces<\/td>\n<td style=\"width: 162.33331298828125px; height: 24px;\" bgcolor=\"#FFFF00\">Folcl\u00f3ricos<\/td>\n<td style=\"width: 113px; height: 24px;\" bgcolor=\"#FFFFFF\">de Fantas\u00eda<\/td>\n<\/tr>\n<tr style=\"height: 24px;\">\n<td style=\"width: 644.6666660308838px; height: 24px;\" colspan=\"4\" bgcolor=\"#FFFFFF\">Grupo musical para bailar en fiesta<\/td>\n<td style=\"width: 179px; height: 24px;\" bgcolor=\"#FFFFFF\">Eventos y fiestas<\/td>\n<td style=\"width: 116.66668701171875px; height: 24px;\" bgcolor=\"#FFFFFF\">Evento religioso<\/td>\n<td style=\"width: 162.33331298828125px; height: 24px;\" bgcolor=\"#FFFFFF\">Hombre y Mujer<\/td>\n<td style=\"width: 113px; height: 24px;\" bgcolor=\"#FFFFFF\">Ni\u00f1os y Ni\u00f1as<\/td>\n<\/tr>\n<tr style=\"height: 24px;\">\n<td style=\"width: 644.6666660308838px; height: 24px;\" colspan=\"4\" bgcolor=\"#FFFFFF\">Grupo musical marimbas, cuerdas y otros<\/td>\n<td style=\"width: 179px; height: 24px;\" bgcolor=\"#FFFFFF\">Compra y regalos<\/td>\n<td style=\"width: 116.66668701171875px; height: 24px;\" bgcolor=\"#FFFFFF\">Joyer\u00eda<\/td>\n<td style=\"width: 162.33331298828125px; height: 24px;\" bgcolor=\"#FFFFFF\">Pewter<\/td>\n<td style=\"width: 113px; height: 24px;\" bgcolor=\"#FFFFFF\">Ropa<\/td>\n<\/tr>\n<tr style=\"height: 24px;\">\n<td style=\"width: 644.6666660308838px; height: 24px;\" colspan=\"4\" valign=\"top\" bgcolor=\"#FFFFFF\">Conjunto musical electr\u00f3nico para fiesta<\/td>\n<td style=\"width: 179px; height: 24px;\" bgcolor=\"#FFFF00\">Florister\u00eda<\/td>\n<td style=\"width: 116.66668701171875px; height: 24px;\" bgcolor=\"#FFFFFF\">Arreglos florales<\/td>\n<td style=\"width: 162.33331298828125px; height: 24px;\" bgcolor=\"#FFFFFF\">Decoraci\u00f3n<\/td>\n<td style=\"width: 113px; height: 24px;\" bgcolor=\"#FFFFFF\"><\/td>\n<\/tr>\n<tr style=\"height: 25px;\">\n<td style=\"width: 249px; height: 25px;\" colspan=\"2\" bgcolor=\"#FFFF00\">Cantantes<\/td>\n<td style=\"width: 574.6666660308838px; height: 25px;\" colspan=\"3\" bgcolor=\"#CCFF99\"><strong>Serenatas con Guitarra o Mariachis<\/strong><\/td>\n<td style=\"width: 392px; height: 25px;\" colspan=\"3\" bgcolor=\"#FFFFFF\">*Grabaci\u00f3n de Video, y DVD,CD<\/td>\n<\/tr>\n<tr style=\"height: 54px;\">\n<td style=\"width: 119px; height: 54px;\" valign=\"top\" bgcolor=\"#FFFFFF\">\n<ul>\n<li>Solista<\/li>\n<\/ul>\n<\/td>\n<td style=\"width: 130px; height: 54px;\" valign=\"top\" bgcolor=\"#FFFFFF\">\n<ul>\n<li>Tr\u00edos<\/li>\n<\/ul>\n<\/td>\n<td style=\"width: 395.6666660308838px; height: 54px;\" colspan=\"2\" bgcolor=\"#FFFFFF\">\n<ul>\n<li>Solista<\/li>\n<\/ul>\n<\/td>\n<td style=\"width: 179px; height: 54px;\" bgcolor=\"#FFFFFF\">\n<ul>\n<li>D\u00fao<\/li>\n<\/ul>\n<\/td>\n<td style=\"width: 392px; height: 54px;\" colspan=\"3\" bgcolor=\"#FFFFFF\">*Dise\u00f1o Gr\u00e1fico publicitario y p\u00e1ginas web<\/td>\n<\/tr>\n<tr style=\"height: 54px;\">\n<td style=\"width: 119px; height: 54px;\" valign=\"top\" bgcolor=\"#FFFFFF\">\n<ul>\n<li>D\u00faos<\/li>\n<\/ul>\n<\/td>\n<td style=\"width: 130px; height: 54px;\" valign=\"top\" bgcolor=\"#FFFFFF\">\n<ul>\n<li>Cuartetos<\/li>\n<\/ul>\n<\/td>\n<td style=\"width: 395.6666660308838px; height: 54px;\" colspan=\"2\" bgcolor=\"#FFFFFF\">\n<ul>\n<li>Tr\u00edo<\/li>\n<\/ul>\n<\/td>\n<td style=\"width: 179px; height: 54px;\" bgcolor=\"#FFFFFF\">\n<ul>\n<li>Cuarteto<\/li>\n<\/ul>\n<\/td>\n<td style=\"width: 392px; height: 54px;\" colspan=\"3\" bgcolor=\"#FFFFFF\">*Dise\u00f1o de Tarjetas de Invitaci\u00f3n<\/td>\n<\/tr>\n<tr style=\"height: 35px;\">\n<td style=\"width: 1215.6666660308838px; background-color: #fccb9f; height: 35px; text-align: center;\" colspan=\"8\" bgcolor=\"#000000\">Por mayor informaci\u00f3n y reservaci\u00f3n <strong>Contactarnos<\/strong><\/td>\n<\/tr>\n<\/tbody>\n<\/table>\n","protected":false},"excerpt":{"rendered":"<p>En Iglesias Eventos y fiestas \u00a0Alquiler de\u00a0sal\u00f3n\u00a0para evento Bautizos Fiestas infantiles Religiosos Comuniones Baby Shower Fiestas Privadas Confirmaciones Bautizo Corporativos Quince a\u00f1os Primera comuni\u00f3n Seminarios Boda Fiestas juveniles Congresos Aniversarios de bodas Fiestas de cumplea\u00f1os Sociales Funeral Fiesta de 15 a\u00f1os Empresariales Aniversario de funeral Despedida de soltero Matrimonio Civil Misa de Acci\u00f3n de Gracias [&hellip;]<\/p>\n","protected":false},"author":2,"featured_media":0,"parent":0,"menu_order":0,"comment_status":"closed","ping_status":"closed","template":"","meta":{"footnotes":""},"_links":{"self":[{"href":"https:\/\/nicaragua-travel-guide.com\/site\/wp-json\/wp\/v2\/pages\/5640"}],"collection":[{"href":"https:\/\/nicaragua-travel-guide.com\/site\/wp-json\/wp\/v2\/pages"}],"about":[{"href":"https:\/\/nicaragua-travel-guide.com\/site\/wp-json\/wp\/v2\/types\/page"}],"author":[{"embeddable":true,"href":"https:\/\/nicaragua-travel-guide.com\/site\/wp-json\/wp\/v2\/users\/2"}],"replies":[{"embeddable":true,"href":"https:\/\/nicaragua-travel-guide.com\/site\/wp-json\/wp\/v2\/comments?post=5640"}],"version-history":[{"count":11,"href":"https:\/\/nicaragua-travel-guide.com\/site\/wp-json\/wp\/v2\/pages\/5640\/revisions"}],"predecessor-version":[{"id":12700,"href":"https:\/\/nicaragua-travel-guide.com\/site\/wp-json\/wp\/v2\/pages\/5640\/revisions\/12700"}],"wp:attachment":[{"href":"https:\/\/nicaragua-travel-guide.com\/site\/wp-json\/wp\/v2\/media?parent=5640"}],"curies":[{"name":"wp","href":"https:\/\/api.w.org\/{rel}","templated":true}]}}