{"id":5656,"date":"2016-07-04T01:09:01","date_gmt":"2016-07-04T01:09:01","guid":{"rendered":"http:\/\/nicaragua-travel-guide.com\/site\/?page_id=5656"},"modified":"2016-07-04T01:09:18","modified_gmt":"2016-07-04T01:09:18","slug":"organizamos-grupo-de-danza-en-eventos-nicaragua","status":"publish","type":"page","link":"https:\/\/nicaragua-travel-guide.com\/site\/organizamos-grupo-de-danza-en-eventos-nicaragua\/","title":{"rendered":"Organizamos grupo de danza en eventos Nicaragua"},"content":{"rendered":"<table border=\"0\" width=\"1018\" cellspacing=\"0\" cellpadding=\"0\" align=\"center\">\n<tbody>\n<tr>\n<td valign=\"top\" bgcolor=\"#FFFFFF\" width=\"1013\">\n<table border=\"0\" width=\"1010\">\n<tbody>\n<tr>\n<td valign=\"top\" bgcolor=\"#FFFFFF\" width=\"1004\" height=\"1473\">\n<table border=\"0\" width=\"1004\">\n<tbody>\n<tr>\n<td bgcolor=\"#FFFFFF\" width=\"998\" height=\"117\">Ofrecemos servicio de grupos de danzas folcl\u00f3rica nacional moderna y contempor\u00e1nea para amenizar en eventos culturales fiestas privadas y publicas as\u00ed como los tradicionales copleros poesilleros que dedicaran con mucha animaci\u00f3n versos y poemas a los homenajeados.<\/p>\n<p>Tambi\u00e9n se prepara el cortejo de bodas, 15 a\u00f1os con vals, coreograf\u00eda con damas e invitados en su recepci\u00f3n.<\/td>\n<\/tr>\n<tr>\n<td bgcolor=\"#FFFFFF\" height=\"33\">\n<table border=\"0\" width=\"991\">\n<tbody>\n<tr>\n<td bgcolor=\"#FFFF00\" width=\"464\">Danza Tradicional Folcl\u00f3rica Regional de Nicaragua<\/td>\n<td bgcolor=\"#FFFF00\" width=\"288\">Set de 12 Piezas Folcl\u00f3ricas mixtas<\/td>\n<td bgcolor=\"#FFFF00\" width=\"225\">Precio por hora:<\/td>\n<\/tr>\n<\/tbody>\n<\/table>\n<\/td>\n<\/tr>\n<tr>\n<td valign=\"top\" bgcolor=\"#FFFFFF\" height=\"75\">\n<table border=\"0\" width=\"998\">\n<tbody>\n<tr>\n<td valign=\"top\" bgcolor=\"#FFFFFF\" width=\"992\" height=\"1280\">\n<table border=\"0\" width=\"992\">\n<tbody>\n<tr>\n<td bgcolor=\"#FFFFFF\" width=\"986\" height=\"130\">\n<table border=\"0\" width=\"940\">\n<tbody>\n<tr>\n<td colspan=\"4\"><img loading=\"lazy\" decoding=\"async\" src=\"http:\/\/www.nicaragua-travel-guide.com\/img-index\/grupodedanzavaletyvalz.jpg\" width=\"981\" height=\"345\" \/><\/td>\n<\/tr>\n<tr>\n<td bgcolor=\"#FFFFFF\" height=\"25\"><\/td>\n<td bgcolor=\"#FFFFFF\" height=\"25\">Danza contemporanea<\/td>\n<td bgcolor=\"#FFFFFF\" height=\"25\"><\/td>\n<td bgcolor=\"#FFFFFF\" height=\"25\">(Instructor de Danza) Tiempo de Valz<\/td>\n<\/tr>\n<tr>\n<td colspan=\"4\" bgcolor=\"#FFFFFF\" height=\"25\"><img loading=\"lazy\" decoding=\"async\" src=\"http:\/\/www.nicaragua-travel-guide.com\/img-index\/grupodedanzabailedehungaras.jpg\" width=\"978\" height=\"345\" \/><\/td>\n<\/tr>\n<tr>\n<td bgcolor=\"#FFFFFF\" height=\"25\"><\/td>\n<td bgcolor=\"#FFFFFF\" height=\"25\">Baile de las Inditas<\/td>\n<td bgcolor=\"#FFFFFF\" height=\"25\"><\/td>\n<td bgcolor=\"#FFFFFF\" height=\"25\">Baile de Hungaras<\/td>\n<\/tr>\n<tr>\n<td colspan=\"4\" bgcolor=\"#FFFFFF\" height=\"25\"><img loading=\"lazy\" decoding=\"async\" src=\"http:\/\/www.nicaragua-travel-guide.com\/img-index\/grupodedanzabailedelmestizaje.jpg\" width=\"974\" height=\"345\" \/><\/td>\n<\/tr>\n<tr>\n<td bgcolor=\"#FFFFFF\" width=\"85\" height=\"25\"><\/td>\n<td bgcolor=\"#FFFFFF\" width=\"446\">Baile del mestizaje<\/td>\n<td bgcolor=\"#FFFFFF\" width=\"105\">Comparsas<\/td>\n<td bgcolor=\"#FFFFFF\" width=\"286\"><\/td>\n<\/tr>\n<\/tbody>\n<\/table>\n<\/td>\n<\/tr>\n<tr>\n<td bgcolor=\"#FFFFFF\" height=\"266\">\n<table border=\"0\" width=\"984\">\n<tbody>\n<tr>\n<td colspan=\"4\"><img loading=\"lazy\" decoding=\"async\" src=\"http:\/\/www.nicaragua-travel-guide.com\/img-index\/grupodedanzabailedelzompopo.jpg\" width=\"977\" height=\"345\" \/><\/td>\n<\/tr>\n<tr>\n<td bgcolor=\"#FFFFFF\" width=\"101\"><\/td>\n<td bgcolor=\"#FFFFFF\" width=\"396\">Baile del Zompopo<\/td>\n<td bgcolor=\"#FFFFFF\" width=\"324\"><\/td>\n<td bgcolor=\"#FFFFFF\" width=\"145\">Danza de Polka<\/td>\n<\/tr>\n<\/tbody>\n<\/table>\n<\/td>\n<\/tr>\n<tr>\n<td valign=\"top\" bgcolor=\"#FFFFFF\" height=\"247\">\n<table border=\"0\" width=\"941\">\n<tbody>\n<tr>\n<td colspan=\"4\" bgcolor=\"#FFFFFF\" height=\"25\"><img loading=\"lazy\" decoding=\"async\" src=\"http:\/\/www.nicaragua-travel-guide.com\/img-index\/grupodedanzabailedelviejoylavieja.jpg\" width=\"983\" height=\"345\" \/><\/td>\n<\/tr>\n<tr>\n<td bgcolor=\"#FFFFFF\" width=\"242\" height=\"25\">El Viejo y la Vieja<\/td>\n<td bgcolor=\"#FFFFFF\" width=\"210\"><\/td>\n<td bgcolor=\"#FFFFFF\" width=\"226\"><\/td>\n<td bgcolor=\"#FFFFFF\" width=\"245\">El Toro Huaco<\/td>\n<\/tr>\n<\/tbody>\n<\/table>\n<\/td>\n<\/tr>\n<tr>\n<td valign=\"top\" bgcolor=\"#FFFFFF\" height=\"495\">\n<table border=\"0\" width=\"935\">\n<tbody>\n<tr>\n<td colspan=\"4\" height=\"140\"><img loading=\"lazy\" decoding=\"async\" src=\"http:\/\/www.nicaragua-travel-guide.com\/img-index\/grupodedanzabreakdance.jpg\" width=\"974\" height=\"345\" \/><\/td>\n<\/tr>\n<tr>\n<td height=\"25\"><\/td>\n<td>Clases de danza<\/td>\n<td width=\"188\"><\/td>\n<td width=\"167\">Breakdance moderno<\/td>\n<\/tr>\n<tr>\n<td colspan=\"4\" height=\"25\"><img loading=\"lazy\" decoding=\"async\" src=\"http:\/\/www.nicaragua-travel-guide.com\/img-index\/grupodedanzabailedelgueguense.jpg\" width=\"976\" height=\"345\" \/><\/td>\n<\/tr>\n<tr>\n<td width=\"415\" height=\"25\"><\/td>\n<td width=\"147\">El Gueguense<\/td>\n<td><\/td>\n<td><\/td>\n<\/tr>\n<tr>\n<td colspan=\"4\" height=\"140\"><img loading=\"lazy\" decoding=\"async\" src=\"http:\/\/www.nicaragua-travel-guide.com\/img-index\/grupodedanzabailepalodemayo.jpg\" width=\"965\" height=\"345\" \/><\/td>\n<\/tr>\n<tr>\n<td bgcolor=\"#FFFFFF\" height=\"25\">La Gigantona y el enano Cabez\u00f3n<\/td>\n<td bgcolor=\"#FFFFFF\" height=\"25\"><\/td>\n<td colspan=\"2\" bgcolor=\"#FFFFFF\">Palo de Mayo<\/td>\n<\/tr>\n<\/tbody>\n<\/table>\n<table border=\"0\" width=\"961\">\n<tbody>\n<tr>\n<td colspan=\"4\"><img loading=\"lazy\" decoding=\"async\" src=\"http:\/\/www.nicaragua-travel-guide.com\/img-index\/grupodedanzalosaguisotes.jpg\" width=\"977\" height=\"345\" \/><\/td>\n<\/tr>\n<tr>\n<td>Los Diablitos<\/td>\n<td width=\"337\">Danza de Aguisotes<\/td>\n<td colspan=\"2\">El Cartel<\/td>\n<\/tr>\n<tr>\n<td colspan=\"4\"><\/td>\n<\/tr>\n<tr>\n<td bgcolor=\"#FFFFFF\" width=\"456\" height=\"25\"><\/td>\n<td colspan=\"3\" bgcolor=\"#FFFFFF\">El Atabal Granadino<\/td>\n<\/tr>\n<\/tbody>\n<\/table>\n<\/td>\n<\/tr>\n<\/tbody>\n<\/table>\n<\/td>\n<\/tr>\n<\/tbody>\n<\/table>\n<p><img loading=\"lazy\" decoding=\"async\" src=\"http:\/\/www.nicaragua-travel-guide.com\/imangenestres\/elatabalgran.jpg\" width=\"973\" height=\"317\" \/><\/td>\n<\/tr>\n<tr>\n<td bgcolor=\"#CCCCCC\">Por mayor informaci\u00f3n y reservaci\u00f3n Contactarnos<\/td>\n<\/tr>\n<\/tbody>\n<\/table>\n<\/td>\n<\/tr>\n<\/tbody>\n<\/table>\n<\/td>\n<\/tr>\n<\/tbody>\n<\/table>\n","protected":false},"excerpt":{"rendered":"<p>Ofrecemos servicio de grupos de danzas folcl\u00f3rica nacional moderna y contempor\u00e1nea para amenizar en eventos culturales fiestas privadas y publicas as\u00ed como los tradicionales copleros poesilleros que dedicaran con mucha animaci\u00f3n versos y poemas a los homenajeados. Tambi\u00e9n se prepara el cortejo de bodas, 15 a\u00f1os con vals, coreograf\u00eda con damas e invitados en su [&hellip;]<\/p>\n","protected":false},"author":2,"featured_media":0,"parent":0,"menu_order":0,"comment_status":"closed","ping_status":"closed","template":"","meta":{"footnotes":""},"_links":{"self":[{"href":"https:\/\/nicaragua-travel-guide.com\/site\/wp-json\/wp\/v2\/pages\/5656"}],"collection":[{"href":"https:\/\/nicaragua-travel-guide.com\/site\/wp-json\/wp\/v2\/pages"}],"about":[{"href":"https:\/\/nicaragua-travel-guide.com\/site\/wp-json\/wp\/v2\/types\/page"}],"author":[{"embeddable":true,"href":"https:\/\/nicaragua-travel-guide.com\/site\/wp-json\/wp\/v2\/users\/2"}],"replies":[{"embeddable":true,"href":"https:\/\/nicaragua-travel-guide.com\/site\/wp-json\/wp\/v2\/comments?post=5656"}],"version-history":[{"count":2,"href":"https:\/\/nicaragua-travel-guide.com\/site\/wp-json\/wp\/v2\/pages\/5656\/revisions"}],"predecessor-version":[{"id":5659,"href":"https:\/\/nicaragua-travel-guide.com\/site\/wp-json\/wp\/v2\/pages\/5656\/revisions\/5659"}],"wp:attachment":[{"href":"https:\/\/nicaragua-travel-guide.com\/site\/wp-json\/wp\/v2\/media?parent=5656"}],"curies":[{"name":"wp","href":"https:\/\/api.w.org\/{rel}","templated":true}]}}