{"id":5734,"date":"2016-07-05T18:27:07","date_gmt":"2016-07-05T18:27:07","guid":{"rendered":"http:\/\/nicaragua-travel-guide.com\/site\/?page_id=5734"},"modified":"2016-08-23T05:31:32","modified_gmt":"2016-08-23T05:31:32","slug":"pasteleria-para-eventos-y-cumpleanos","status":"publish","type":"page","link":"https:\/\/nicaragua-travel-guide.com\/site\/pasteleria-para-eventos-y-cumpleanos\/","title":{"rendered":"Guia de pasteler\u00eda en Nicaragua"},"content":{"rendered":"<table style=\"width: 877px;\" border=\"0\">\n<tbody>\n<tr style=\"height: 20px;\">\n<td style=\"height: 20px; width: 859px;\" colspan=\"3\" align=\"center\" valign=\"top\" bgcolor=\"#CCFFFF\"><strong>Gu\u00eda\u00a0de\u00a0Pasteler\u00edas\u00a0en Nicaragua:\u00a0Seleccionar la regi\u00f3n o departamento<\/strong><\/td>\n<\/tr>\n<tr style=\"height: 11px;\">\n<td style=\"height: 11px; width: 859px;\" colspan=\"3\" align=\"center\" valign=\"top\" bgcolor=\"#CCFFFF\"><img loading=\"lazy\" decoding=\"async\" class=\"size-full wp-image-7208 aligncenter\" src=\"http:\/\/nicaragua-travel-guide.com\/site\/wp-content\/uploads\/2016\/06\/headerpasteleria15a\u00f1os.jpg\" alt=\"headerpasteleria15a\u00f1os\" width=\"1025\" height=\"345\" srcset=\"https:\/\/nicaragua-travel-guide.com\/site\/wp-content\/uploads\/2016\/06\/headerpasteleria15a\u00f1os.jpg 1025w, https:\/\/nicaragua-travel-guide.com\/site\/wp-content\/uploads\/2016\/06\/headerpasteleria15a\u00f1os-600x202.jpg 600w\" sizes=\"(max-width: 1025px) 100vw, 1025px\" \/><\/td>\n<\/tr>\n<tr style=\"height: 22px;\">\n<td style=\"height: 22px; width: 200px;\" bgcolor=\"#FFFFFF\"><strong>Regi\u00f3n Pacifico<\/strong><\/td>\n<td style=\"height: 22px; width: 250px;\" align=\"left\" valign=\"bottom\" bgcolor=\"#FFFFFF\"><strong>Regi\u00f3n Central Norte<\/strong><\/td>\n<td style=\"height: 22px; width: 409px;\" bgcolor=\"#FFFFFF\"><strong>Regi\u00f3n Atl\u00e1ntico<\/strong><\/td>\n<\/tr>\n<tr style=\"height: 22px;\">\n<td style=\"height: 22px; width: 200px;\" bgcolor=\"#FFFFFF\">Chinandega<\/td>\n<td style=\"height: 22px; width: 250px;\" align=\"left\" valign=\"bottom\" bgcolor=\"#FFFFFF\">Madriz<\/td>\n<td style=\"height: 22px; width: 409px;\" bgcolor=\"#FFFFFF\">Corn Island<\/td>\n<\/tr>\n<tr style=\"height: 22px;\">\n<td style=\"height: 22px; width: 200px;\" bgcolor=\"#FFFFFF\">Leon<\/td>\n<td style=\"height: 22px; width: 250px;\" align=\"left\" valign=\"bottom\" bgcolor=\"#FFFFFF\">Jinotega<\/td>\n<td style=\"height: 22px; width: 409px;\" bgcolor=\"#FFFFFF\">Bluefields<\/td>\n<\/tr>\n<tr style=\"height: 22px;\">\n<td style=\"height: 22px; width: 200px;\" bgcolor=\"#FFFFFF\">Managua<\/td>\n<td style=\"height: 22px; width: 250px;\" bgcolor=\"#FFFFFF\">Nueva Segovia<\/td>\n<td style=\"height: 22px; width: 409px;\"><\/td>\n<\/tr>\n<tr style=\"height: 22px;\">\n<td style=\"height: 22px; width: 200px;\" bgcolor=\"#FFFFFF\">Carazo<\/td>\n<td style=\"height: 22px; width: 250px;\" bgcolor=\"#FFFFFF\">Esteli<\/td>\n<td style=\"height: 22px; width: 409px;\"><\/td>\n<\/tr>\n<tr style=\"height: 22px;\">\n<td style=\"height: 22px; width: 200px;\" bgcolor=\"#FFFFFF\">Masaya<\/td>\n<td style=\"height: 22px; width: 250px;\" bgcolor=\"#FFFFFF\">Matagalpa<\/td>\n<td style=\"height: 22px; width: 409px;\"><\/td>\n<\/tr>\n<tr style=\"height: 22px;\">\n<td style=\"height: 22px; width: 200px;\" bgcolor=\"#FFFFFF\"><a href=\"http:\/\/nicaragua-travel-guide.com\/site\/pasteles-variados-personalizados\/\">Granada*<\/a><\/td>\n<td style=\"height: 22px; width: 250px;\" bgcolor=\"#FFFFFF\">Juigalpa<\/td>\n<td style=\"height: 22px; width: 409px;\"><\/td>\n<\/tr>\n<tr style=\"height: 22px;\">\n<td style=\"height: 22px; width: 200px;\" bgcolor=\"#FFFFFF\">Rivas<\/td>\n<td style=\"height: 22px; width: 250px;\" bgcolor=\"#FFFFFF\">Rio San Juan<\/td>\n<td style=\"height: 22px; width: 409px;\" valign=\"top\" bgcolor=\"#FFFFFF\"><\/td>\n<\/tr>\n<tr style=\"height: 22px;\">\n<th style=\"height: 22px; width: 859px;\" colspan=\"3\" scope=\"row\" align=\"left\" valign=\"middle\" bgcolor=\"#FFFFFF\"><\/th>\n<\/tr>\n<tr style=\"height: 25px;\">\n<th style=\"height: 25px; width: 859px;\" colspan=\"3\" scope=\"row\" align=\"left\" bgcolor=\"#FFFFFF\">Por mayor informaci\u00f3n y reservacion Contactarnos<\/th>\n<\/tr>\n<\/tbody>\n<\/table>\n<p>&nbsp;<\/p>\n","protected":false},"excerpt":{"rendered":"<p>Gu\u00eda\u00a0de\u00a0Pasteler\u00edas\u00a0en Nicaragua:\u00a0Seleccionar la regi\u00f3n o departamento Regi\u00f3n Pacifico Regi\u00f3n Central Norte Regi\u00f3n Atl\u00e1ntico Chinandega Madriz Corn Island Leon Jinotega Bluefields Managua Nueva Segovia Carazo Esteli Masaya Matagalpa Granada* Juigalpa Rivas Rio San Juan Por mayor informaci\u00f3n y reservacion Contactarnos &nbsp;<\/p>\n","protected":false},"author":2,"featured_media":0,"parent":0,"menu_order":0,"comment_status":"closed","ping_status":"closed","template":"","meta":{"footnotes":""},"_links":{"self":[{"href":"https:\/\/nicaragua-travel-guide.com\/site\/wp-json\/wp\/v2\/pages\/5734"}],"collection":[{"href":"https:\/\/nicaragua-travel-guide.com\/site\/wp-json\/wp\/v2\/pages"}],"about":[{"href":"https:\/\/nicaragua-travel-guide.com\/site\/wp-json\/wp\/v2\/types\/page"}],"author":[{"embeddable":true,"href":"https:\/\/nicaragua-travel-guide.com\/site\/wp-json\/wp\/v2\/users\/2"}],"replies":[{"embeddable":true,"href":"https:\/\/nicaragua-travel-guide.com\/site\/wp-json\/wp\/v2\/comments?post=5734"}],"version-history":[{"count":14,"href":"https:\/\/nicaragua-travel-guide.com\/site\/wp-json\/wp\/v2\/pages\/5734\/revisions"}],"predecessor-version":[{"id":12011,"href":"https:\/\/nicaragua-travel-guide.com\/site\/wp-json\/wp\/v2\/pages\/5734\/revisions\/12011"}],"wp:attachment":[{"href":"https:\/\/nicaragua-travel-guide.com\/site\/wp-json\/wp\/v2\/media?parent=5734"}],"curies":[{"name":"wp","href":"https:\/\/api.w.org\/{rel}","templated":true}]}}