{"id":5751,"date":"2016-07-05T18:58:21","date_gmt":"2016-07-05T18:58:21","guid":{"rendered":"http:\/\/nicaragua-travel-guide.com\/site\/?page_id=5751"},"modified":"2016-08-26T00:27:05","modified_gmt":"2016-08-26T00:27:05","slug":"pasteles-variados-personalizados","status":"publish","type":"page","link":"https:\/\/nicaragua-travel-guide.com\/site\/pasteles-variados-personalizados\/","title":{"rendered":"Pasteles variados personalizados"},"content":{"rendered":"<table style=\"width: 1050px;\" border=\"0\">\n<tbody>\n<tr style=\"height: 8px;\">\n<td style=\"height: 8px; width: 279px;\" bgcolor=\"#FFFFFF\">Pasteler\u00eda en Granada<\/td>\n<td style=\"height: 184.33334350585938px; width: 797px;\" rowspan=\"10\" bgcolor=\"#FFFFFF\"><img loading=\"lazy\" decoding=\"async\" class=\"wp-image-7208 aligncenter\" src=\"http:\/\/nicaragua-travel-guide.com\/site\/wp-content\/uploads\/2016\/06\/headerpasteleria15a\u00f1os.jpg\" alt=\"headerpasteleria15a\u00f1os\" width=\"782\" height=\"263\" srcset=\"https:\/\/nicaragua-travel-guide.com\/site\/wp-content\/uploads\/2016\/06\/headerpasteleria15a\u00f1os.jpg 1025w, https:\/\/nicaragua-travel-guide.com\/site\/wp-content\/uploads\/2016\/06\/headerpasteleria15a\u00f1os-600x202.jpg 600w\" sizes=\"(max-width: 782px) 100vw, 782px\" \/><\/td>\n<\/tr>\n<tr style=\"height: 24px;\">\n<td style=\"height: 24px; width: 279px;\" bgcolor=\"#FFFFFF\">Pasteles para Bautizos<\/td>\n<\/tr>\n<tr style=\"height: 24px;\">\n<td style=\"height: 24px; width: 279px;\" bgcolor=\"#FFFFFF\">Pasteles infantiles Ni\u00f1os y ni\u00f1as<\/td>\n<\/tr>\n<tr style=\"height: 24px;\">\n<td style=\"height: 24px; width: 279px;\" bgcolor=\"#FFFFFF\"><a href=\"http:\/\/nicaragua-travel-guide.com\/site\/pasteles-personalizados-para-ninos-y-ninas-y-adultos\/\">Pasteles para toda ocasion\u00a0<\/a><\/td>\n<\/tr>\n<tr style=\"height: 24px;\">\n<td style=\"height: 24px; width: 279px;\" bgcolor=\"#FFFFFF\">Pasteles para primeras comuniones<\/td>\n<\/tr>\n<tr style=\"height: 24px;\">\n<td style=\"height: 24px; width: 279px;\" bgcolor=\"#FFFFFF\">Pasteles para Quince a\u00f1o<\/td>\n<\/tr>\n<tr style=\"height: 26px;\">\n<td style=\"height: 26px; width: 279px;\" bgcolor=\"#FFFFFF\">Pasteles Para Mujeres<\/td>\n<\/tr>\n<tr style=\"height: 24px;\">\n<td style=\"height: 24px; width: 279px;\" bgcolor=\"#FFFFFF\">Pasteles para Hombres<\/td>\n<\/tr>\n<tr style=\"height: 24px;\">\n<td style=\"height: 24px; width: 279px;\" bgcolor=\"#FFFFFF\">Pasteles Para Aniversarios<\/td>\n<\/tr>\n<tr style=\"height: 25px;\">\n<td style=\"height: 25px; width: 279px;\" bgcolor=\"#FFFFFF\">Postres y Boquitas<\/td>\n<\/tr>\n<tr style=\"height: 24px;\">\n<td style=\"height: 24px; width: 1076px; background-color: #eed0f2;\" colspan=\"2\" bgcolor=\"#00CCFF\">Por mayor\u00a0informaci\u00f3n\u00a0y reservacion <strong>Contactarnos<\/strong><\/td>\n<\/tr>\n<\/tbody>\n<\/table>\n","protected":false},"excerpt":{"rendered":"<p>Pasteler\u00eda en Granada Pasteles para Bautizos Pasteles infantiles Ni\u00f1os y ni\u00f1as Pasteles para toda ocasion\u00a0 Pasteles para primeras comuniones Pasteles para Quince a\u00f1o Pasteles Para Mujeres Pasteles para Hombres Pasteles Para Aniversarios Postres y Boquitas Por mayor\u00a0informaci\u00f3n\u00a0y reservacion Contactarnos<\/p>\n","protected":false},"author":2,"featured_media":0,"parent":0,"menu_order":0,"comment_status":"closed","ping_status":"closed","template":"","meta":{"footnotes":""},"_links":{"self":[{"href":"https:\/\/nicaragua-travel-guide.com\/site\/wp-json\/wp\/v2\/pages\/5751"}],"collection":[{"href":"https:\/\/nicaragua-travel-guide.com\/site\/wp-json\/wp\/v2\/pages"}],"about":[{"href":"https:\/\/nicaragua-travel-guide.com\/site\/wp-json\/wp\/v2\/types\/page"}],"author":[{"embeddable":true,"href":"https:\/\/nicaragua-travel-guide.com\/site\/wp-json\/wp\/v2\/users\/2"}],"replies":[{"embeddable":true,"href":"https:\/\/nicaragua-travel-guide.com\/site\/wp-json\/wp\/v2\/comments?post=5751"}],"version-history":[{"count":6,"href":"https:\/\/nicaragua-travel-guide.com\/site\/wp-json\/wp\/v2\/pages\/5751\/revisions"}],"predecessor-version":[{"id":12440,"href":"https:\/\/nicaragua-travel-guide.com\/site\/wp-json\/wp\/v2\/pages\/5751\/revisions\/12440"}],"wp:attachment":[{"href":"https:\/\/nicaragua-travel-guide.com\/site\/wp-json\/wp\/v2\/media?parent=5751"}],"curies":[{"name":"wp","href":"https:\/\/api.w.org\/{rel}","templated":true}]}}