{"id":5755,"date":"2016-07-05T19:07:22","date_gmt":"2016-07-05T19:07:22","guid":{"rendered":"http:\/\/nicaragua-travel-guide.com\/site\/?page_id=5755"},"modified":"2016-09-03T17:31:04","modified_gmt":"2016-09-03T17:31:04","slug":"joyerias-orfebrerias-en-nicaragua-disenos-de-lujo-y-sencillos-para-toda-ocasion-y-evento-especial-compromiso-boda-graduacion-y-mas","status":"publish","type":"page","link":"https:\/\/nicaragua-travel-guide.com\/site\/joyerias-orfebrerias-en-nicaragua-disenos-de-lujo-y-sencillos-para-toda-ocasion-y-evento-especial-compromiso-boda-graduacion-y-mas\/","title":{"rendered":"Joyer\u00edas de Nicaragua \u00abGranada, Masaya,Managua\u00bb"},"content":{"rendered":"<table style=\"width: 981px;\" border=\"0\">\n<tbody>\n<tr style=\"height: 17px;\">\n<td style=\"width: 1928px; height: 17px; border-color: #f7f7f7;\" colspan=\"2\" valign=\"top\" bgcolor=\"#FFFFFF\"><img loading=\"lazy\" decoding=\"async\" class=\"wp-image-13121 aligncenter\" src=\"http:\/\/nicaragua-travel-guide.com\/site\/wp-content\/uploads\/2016\/07\/nicaragua-travel-guia-de-compras-joyeria-de-oro-y-plata-nacional.jpg\" alt=\"nicaragua travel guia de compras joyeria de oro y plata nacional\" width=\"960\" height=\"336\" \/><\/td>\n<\/tr>\n<tr style=\"height: 191px;\">\n<td style=\"width: 230.6666717529297px; height: 191px; border-color: #f7f7f7;\" valign=\"top\" bgcolor=\"#FFFFFF\">\n<table style=\"width: 300px;\" border=\"0\">\n<tbody>\n<tr>\n<td style=\"width: 297px; height: 26px; background-color: #f2fc65;\" bgcolor=\"#FFCC66\" height=\"26\"><strong>Inicio<\/strong><\/td>\n<\/tr>\n<tr>\n<td style=\"width: 297px; height: 26px; background-color: #f5b3df;\" bgcolor=\"#33FFFF\"><a href=\"http:\/\/nicaragua-travel-guide.com\/site\/joyeria-sortija-para-quince-anos-paquete-especial-por-evento-en-granada-masaya-managua\/\"><b>Sortija de Quince a\u00f1os<\/b><\/a><\/td>\n<\/tr>\n<tr>\n<td style=\"width: 297px; height: 26px; background-color: #fabd07;\" bgcolor=\"#000066\"><a href=\"http:\/\/nicaragua-travel-guide.com\/site\/joyeria-sortijas-para-graduacion-granada-masaya-managua\/\"><strong>Anillos de Graduaci\u00f3n<\/strong><\/a><\/td>\n<\/tr>\n<tr>\n<td style=\"width: 297px; height: 26px; background-color: #dcf7f7;\" bgcolor=\"#CC0000\"><a href=\"http:\/\/nicaragua-travel-guide.com\/site\/joyeria-sortija-de-compromiso-paquete-especial-granada-masaya-managua\/\"><strong>Anillos de Compromiso<\/strong><\/a><\/td>\n<\/tr>\n<tr>\n<td style=\"width: 297px; height: 26px; background-color: #fcf8eb;\" bgcolor=\"#FFFFFF\"><a href=\"http:\/\/nicaragua-travel-guide.com\/site\/joyeria-sortijas-de-matrimonio-evento-especial-paquetes-en-granada-masaya-y-managua\/\"><strong>Anillos de Matrimonio<\/strong><\/a><\/td>\n<\/tr>\n<tr>\n<td style=\"width: 297px; height: 26px; background-color: #e6f7e4;\" bgcolor=\"#999900\"><strong><a href=\"http:\/\/nicaragua-travel-guide.com\/site\/joyeria-cadenas-gargantillas-dijes-brazaletes-pulseras-aretes-y-mas-en-granada-masaya-y-managua\/\">Cadenas, Gargantillas<\/a><\/strong><\/td>\n<\/tr>\n<tr>\n<td style=\"width: 297px; height: 26px; background-color: #eec4f2;\" bgcolor=\"#FF9900\" height=\"25\"><a href=\"http:\/\/nicaragua-travel-guide.com\/site\/joyeria-anillos-y-sortijas-variedades-en-granada-masaya-y-managua\/\"><strong>Joyer\u00eda en General<\/strong><\/a><\/td>\n<\/tr>\n<\/tbody>\n<\/table>\n<\/td>\n<td style=\"width: 1697.3333282470703px; height: 191px; border-color: #f7f7f7; background-color: #f7ebd7;\">En este sitio web ofrecemos cat\u00e1logo de joyer\u00eda de oro, plata, piedras semipreciosas y cristales, con calidad todos los dise\u00f1os son exclusivos, elegantes, y a la moda con buenos precios, si te gusta alg\u00fan dise\u00f1o y quieres comprar puedes contactarnos, y te serviremos de gu\u00eda para ponerte en contacto directo con el joyero, y artesano hacer su joya a su medida y dise\u00f1o elegido.<\/p>\n<p>Esta l\u00ednea de joyas concede el valor a\u00f1adido a lo que representa la artesan\u00eda elaborada en Nicaragua.<\/p>\n<p>El fabricante nos da la posibilidad de tener precios accesibles de estos productos.<\/p>\n<p>Deseamos que disfruten la visita a nuestro cat\u00e1logo.<\/td>\n<\/tr>\n<tr style=\"height: 8px;\">\n<td style=\"width: 1928px; height: 8px; border-color: #f7f7f7;\" colspan=\"2\" valign=\"top\" bgcolor=\"#FFFFFF\">Nota: Nicaragua travel guide.com \u00a0 \u00a0\u00abNo produce Joyer\u00eda \u00a0promueve\u00a0joyer\u00eda\u00a0en existencia servimos de\u00a0gu\u00eda\u00a0con catalgo.<\/td>\n<\/tr>\n<tr style=\"height: 12px;\">\n<td style=\"width: 1928px; height: 12px; border-color: #f7f7f7; background-color: #f5ab33;\" colspan=\"2\" valign=\"top\" bgcolor=\"#FFFFFF\">Por mayor informaci\u00f3n <strong>\u00a0Contactarnos<\/strong><\/td>\n<\/tr>\n<\/tbody>\n<\/table>\n","protected":false},"excerpt":{"rendered":"<p>Inicio Sortija de Quince a\u00f1os Anillos de Graduaci\u00f3n Anillos de Compromiso Anillos de Matrimonio Cadenas, Gargantillas Joyer\u00eda en General En este sitio web ofrecemos cat\u00e1logo de joyer\u00eda de oro, plata, piedras semipreciosas y cristales, con calidad todos los dise\u00f1os son exclusivos, elegantes, y a la moda con buenos precios, si te gusta alg\u00fan dise\u00f1o y [&hellip;]<\/p>\n","protected":false},"author":2,"featured_media":0,"parent":0,"menu_order":0,"comment_status":"closed","ping_status":"closed","template":"","meta":{"footnotes":""},"_links":{"self":[{"href":"https:\/\/nicaragua-travel-guide.com\/site\/wp-json\/wp\/v2\/pages\/5755"}],"collection":[{"href":"https:\/\/nicaragua-travel-guide.com\/site\/wp-json\/wp\/v2\/pages"}],"about":[{"href":"https:\/\/nicaragua-travel-guide.com\/site\/wp-json\/wp\/v2\/types\/page"}],"author":[{"embeddable":true,"href":"https:\/\/nicaragua-travel-guide.com\/site\/wp-json\/wp\/v2\/users\/2"}],"replies":[{"embeddable":true,"href":"https:\/\/nicaragua-travel-guide.com\/site\/wp-json\/wp\/v2\/comments?post=5755"}],"version-history":[{"count":40,"href":"https:\/\/nicaragua-travel-guide.com\/site\/wp-json\/wp\/v2\/pages\/5755\/revisions"}],"predecessor-version":[{"id":13129,"href":"https:\/\/nicaragua-travel-guide.com\/site\/wp-json\/wp\/v2\/pages\/5755\/revisions\/13129"}],"wp:attachment":[{"href":"https:\/\/nicaragua-travel-guide.com\/site\/wp-json\/wp\/v2\/media?parent=5755"}],"curies":[{"name":"wp","href":"https:\/\/api.w.org\/{rel}","templated":true}]}}