{"id":5784,"date":"2016-07-05T19:50:31","date_gmt":"2016-07-05T19:50:31","guid":{"rendered":"http:\/\/nicaragua-travel-guide.com\/site\/?page_id=5784"},"modified":"2016-11-02T07:25:14","modified_gmt":"2016-11-02T07:25:14","slug":"bloqueador-solar-banana-boat-nicaragua","status":"publish","type":"page","link":"https:\/\/nicaragua-travel-guide.com\/site\/bloqueador-solar-banana-boat-nicaragua\/","title":{"rendered":"Bloqueador solar Banana Boat Nicaragua"},"content":{"rendered":"<table style=\"width: 768.3333740234375px;\" border=\"0\">\n<tbody>\n<tr style=\"height: 9.666667938232422px;\">\n<td style=\"height: 9.666667938232422px; width: 40px;\" colspan=\"4\" bgcolor=\"#FFFF00\"><img loading=\"lazy\" decoding=\"async\" class=\"alignnone  wp-image-13705\" src=\"http:\/\/nicaragua-travel-guide.com\/site\/wp-content\/uploads\/2016\/07\/bananboatheaderfoto.jpg\" alt=\"bananboatheaderfoto\" width=\"968\" height=\"390\" \/><\/td>\n<\/tr>\n<tr style=\"height: 11px;\">\n<td style=\"height: 11px; width: 40px;\" colspan=\"4\" bgcolor=\"#FFFF00\">\n<table border=\"0\" width=\"807\">\n<tbody>\n<tr>\n<td bgcolor=\"#FFFFFF\" width=\"181\">Inicio<\/td>\n<td bgcolor=\"#FFFFFF\" width=\"182\">Productos para Ni\u00f1os<\/td>\n<td bgcolor=\"#FFFFFF\" width=\"223\">Productos para adultos<\/td>\n<td bgcolor=\"#FFFFFF\" width=\"203\">Contactarnos<\/td>\n<\/tr>\n<\/tbody>\n<\/table>\n<\/td>\n<\/tr>\n<tr style=\"height: 94px;\">\n<td style=\"height: 94px; width: 40px;\" colspan=\"4\" bgcolor=\"#FFFF00\">Ni\u00f1os y Beb\u00e9s y protecci\u00f3n solar<br \/>\npara toda su familia las necesidadesBanana Boat\u00a0\u00ae\u00a0Kids y protectores solares para beb\u00e9s \u00fanicas f\u00f3rmulas ir m\u00e1s all\u00e1 de l\u00e1grima libre para proteger contra los ojos de picadura.\u00a0Tanto la cl\u00ednica y pediatra de la prueba, que es la f\u00f3rmula de ay sin que protege incluso en el agua, proporcionando durabilidad de amplio espectro UVA y UVB.\u00a0Ayuda a detener el sol, pero no para la diversi\u00f3n.<\/td>\n<\/tr>\n<tr style=\"height: 11px;\">\n<td style=\"height: 11px; width: 40px;\" colspan=\"4\" bgcolor=\"#FFFFFF\"><img loading=\"lazy\" decoding=\"async\" class=\"alignnone  wp-image-13712\" src=\"http:\/\/nicaragua-travel-guide.com\/site\/wp-content\/uploads\/2016\/07\/bananboatninosdos.jpg\" alt=\"bananboatninosdos\" width=\"807\" height=\"535\" srcset=\"https:\/\/nicaragua-travel-guide.com\/site\/wp-content\/uploads\/2016\/07\/bananboatninosdos.jpg 275w, https:\/\/nicaragua-travel-guide.com\/site\/wp-content\/uploads\/2016\/07\/bananboatninosdos-180x120.jpg 180w\" sizes=\"(max-width: 807px) 100vw, 807px\" \/><\/td>\n<\/tr>\n<tr style=\"height: 11px;\">\n<td style=\"height: 11px; width: 40px;\" colspan=\"4\" bgcolor=\"#FFFFFF\"><img loading=\"lazy\" decoding=\"async\" class=\"alignnone  wp-image-13718\" style=\"font-family: inherit; font-size: inherit; line-height: 1.5;\" src=\"http:\/\/nicaragua-travel-guide.com\/site\/wp-content\/uploads\/2016\/07\/bananboatultradense.jpg\" alt=\"bananboatultradense\" width=\"800\" height=\"504\" \/><\/td>\n<\/tr>\n<tr style=\"height: 11px;\">\n<td style=\"height: 11px; width: 40px;\" colspan=\"4\" bgcolor=\"#FFFFFF\"><img loading=\"lazy\" decoding=\"async\" class=\"alignnone  wp-image-13713\" src=\"http:\/\/nicaragua-travel-guide.com\/site\/wp-content\/uploads\/2016\/07\/bananboatproteccionsolar.jpg\" alt=\"bananboatproteccionsolar\" width=\"594\" height=\"399\" srcset=\"https:\/\/nicaragua-travel-guide.com\/site\/wp-content\/uploads\/2016\/07\/bananboatproteccionsolar.jpg 240w, https:\/\/nicaragua-travel-guide.com\/site\/wp-content\/uploads\/2016\/07\/bananboatproteccionsolar-180x120.jpg 180w\" sizes=\"(max-width: 594px) 100vw, 594px\" \/><img loading=\"lazy\" decoding=\"async\" class=\"alignnone  wp-image-13707\" style=\"font-family: inherit; font-size: inherit; line-height: 1.5;\" src=\"http:\/\/nicaragua-travel-guide.com\/site\/wp-content\/uploads\/2016\/07\/bananboatkidscrema.jpg\" alt=\"bananboatkidscrema\" width=\"195\" height=\"395\" \/><\/td>\n<\/tr>\n<tr style=\"height: 11px;\">\n<td style=\"height: 11px; width: 40px;\" colspan=\"4\" bgcolor=\"#FFFFFF\"><img loading=\"lazy\" decoding=\"async\" class=\"alignnone  wp-image-13722\" src=\"http:\/\/nicaragua-travel-guide.com\/site\/wp-content\/uploads\/2016\/07\/banansportciennaranja.jpg\" alt=\"banansportciennaranja\" width=\"237\" height=\"353\" \/><img loading=\"lazy\" decoding=\"async\" class=\"alignnone  wp-image-13723\" src=\"http:\/\/nicaragua-travel-guide.com\/site\/wp-content\/uploads\/2016\/07\/banansportfiftyfamilysize.jpg\" alt=\"banansportfiftyfamilysize\" width=\"248\" height=\"388\" \/><img loading=\"lazy\" decoding=\"async\" class=\"alignnone  wp-image-13695\" style=\"font-family: inherit; font-size: inherit; line-height: 1.5;\" src=\"http:\/\/nicaragua-travel-guide.com\/site\/wp-content\/uploads\/2016\/07\/bananabloqueadorcremasportcincuenta.jpg\" alt=\"bananabloqueadorcremasportcincuenta\" width=\"198\" height=\"371\" \/><\/td>\n<\/tr>\n<tr style=\"height: 11px;\">\n<td style=\"height: 11px; width: 40px;\" colspan=\"4\" bgcolor=\"#FFFFFF\">\u00a0\u00a0\u00a0\u00a0\u00a0\u00a0\u00a0\u00a0\u00a0\u00a0\u00a0\u00a0\u00a0 \u00a0 \u00a0 \u00a0 \u00a0 \u00a0 \u00a0 \u00a0 \u00a0\u00a0<img loading=\"lazy\" decoding=\"async\" class=\"wp-image-13699 alignleft\" style=\"font-family: inherit; font-size: inherit; line-height: 1.5;\" src=\"http:\/\/nicaragua-travel-guide.com\/site\/wp-content\/uploads\/2016\/07\/bananboataloe.jpg\" alt=\"bananboataloe\" width=\"342\" height=\"237\" \/><br \/>\n<img loading=\"lazy\" decoding=\"async\" class=\"alignnone size-medium wp-image-13696\" src=\"http:\/\/nicaragua-travel-guide.com\/site\/wp-content\/uploads\/2016\/07\/bananaboaloeverabananasportgelverde.jpg\" alt=\"bananaboaloeverabananasportgelverde\" width=\"214\" height=\"236\" \/><img loading=\"lazy\" decoding=\"async\" class=\"alignnone  wp-image-13700\" src=\"http:\/\/nicaragua-travel-guide.com\/site\/wp-content\/uploads\/2016\/07\/bananboataloeverde.jpg\" alt=\"bananboataloeverde\" width=\"221\" height=\"221\" srcset=\"https:\/\/nicaragua-travel-guide.com\/site\/wp-content\/uploads\/2016\/07\/bananboataloeverde.jpg 225w, https:\/\/nicaragua-travel-guide.com\/site\/wp-content\/uploads\/2016\/07\/bananboataloeverde-100x100.jpg 100w, https:\/\/nicaragua-travel-guide.com\/site\/wp-content\/uploads\/2016\/07\/bananboataloeverde-200x200.jpg 200w\" sizes=\"(max-width: 221px) 100vw, 221px\" \/><\/td>\n<\/tr>\n<tr style=\"height: 11px;\">\n<td style=\"height: 11px; width: 40px;\" colspan=\"4\" bgcolor=\"#FFFFFF\">\n<img loading=\"lazy\" decoding=\"async\" class=\"alignnone  wp-image-13703\" style=\"font-family: inherit; font-size: inherit; line-height: 1.5;\" src=\"http:\/\/nicaragua-travel-guide.com\/site\/wp-content\/uploads\/2016\/07\/bananboatanningoils.jpg\" alt=\"bananboatanningoils\" width=\"353\" height=\"242\" \/><img loading=\"lazy\" decoding=\"async\" class=\"alignnone  wp-image-13702\" style=\"font-family: inherit; font-size: inherit; line-height: 1.5;\" src=\"http:\/\/nicaragua-travel-guide.com\/site\/wp-content\/uploads\/2016\/07\/bananboatanningoil-1.jpg\" alt=\"bananboatanningoil\" width=\"228\" height=\"249\" \/><img loading=\"lazy\" decoding=\"async\" class=\"alignnone  wp-image-13701\" style=\"font-family: inherit; font-size: inherit; line-height: 1.5;\" src=\"http:\/\/nicaragua-travel-guide.com\/site\/wp-content\/uploads\/2016\/07\/bananboatanningoil.jpg\" alt=\"bananboatanningoil\" width=\"207\" height=\"222\" \/><\/td>\n<\/tr>\n<tr style=\"height: 22px;\">\n<td style=\"height: 22px; width: 40px;\" colspan=\"4\" bgcolor=\"#6699FF\">\u00a0<img loading=\"lazy\" decoding=\"async\" class=\"alignnone  wp-image-13704\" src=\"http:\/\/nicaragua-travel-guide.com\/site\/wp-content\/uploads\/2016\/07\/bananboatdeporte.jpg\" alt=\"bananboatdeporte\" width=\"384\" height=\"288\" \/><img loading=\"lazy\" decoding=\"async\" class=\"alignnone  wp-image-13715\" src=\"http:\/\/nicaragua-travel-guide.com\/site\/wp-content\/uploads\/2016\/07\/bananboattanningsprys.jpg\" alt=\"bananboattanningsprys\" width=\"417\" height=\"287\" \/><\/td>\n<\/tr>\n<tr style=\"height: 7px;\">\n<td style=\"height: 7px; width: 40px;\" colspan=\"4\" bgcolor=\"#FFFFFF\">\u00a0<img loading=\"lazy\" decoding=\"async\" class=\"alignnone  wp-image-13694\" src=\"http:\/\/nicaragua-travel-guide.com\/site\/wp-content\/uploads\/2016\/07\/banansportninosprycincuenta.jpg\" alt=\"banansportninosprycincuenta\" width=\"85\" height=\"330\" \/><img loading=\"lazy\" decoding=\"async\" class=\"alignnone  wp-image-13721\" src=\"http:\/\/nicaragua-travel-guide.com\/site\/wp-content\/uploads\/2016\/07\/banankidsfiftyfamilysize.jpg\" alt=\"banankidsfiftyfamilysize\" width=\"169\" height=\"331\" \/><img loading=\"lazy\" decoding=\"async\" class=\"alignnone  wp-image-13706\" src=\"http:\/\/nicaragua-travel-guide.com\/site\/wp-content\/uploads\/2016\/07\/bananboatkidsamarillo.jpg\" alt=\"bananboatkidsamarillo\" width=\"170\" height=\"310\" \/><img loading=\"lazy\" decoding=\"async\" class=\"alignnone  wp-image-13719\" src=\"http:\/\/nicaragua-travel-guide.com\/site\/wp-content\/uploads\/2016\/07\/banankidscien.jpg\" alt=\"banankidscien\" width=\"186\" height=\"292\" \/><img loading=\"lazy\" decoding=\"async\" class=\"alignnone  wp-image-13697\" style=\"font-family: inherit; font-size: inherit; line-height: 1.5;\" src=\"http:\/\/nicaragua-travel-guide.com\/site\/wp-content\/uploads\/2016\/07\/bananaboatprotectorbebes.jpg\" alt=\"bananaboatprotectorbebes\" width=\"145\" height=\"317\" \/><\/td>\n<\/tr>\n<tr style=\"height: 22px;\">\n<td style=\"height: 22px; width: 40px;\" colspan=\"4\" bgcolor=\"#6699FF\">\u00a0<img loading=\"lazy\" decoding=\"async\" class=\"alignnone size-medium wp-image-13710\" src=\"http:\/\/nicaragua-travel-guide.com\/site\/wp-content\/uploads\/2016\/07\/bananboatkidsuncream.gif\" alt=\"bananboatkidsuncream\" width=\"344\" height=\"33\" \/><\/td>\n<\/tr>\n<tr style=\"height: 6px;\">\n<td style=\"height: 6px; width: 40px;\" colspan=\"4\" bgcolor=\"#FFFFFF\">\u00a0<img loading=\"lazy\" decoding=\"async\" class=\"alignnone  wp-image-13709\" src=\"http:\/\/nicaragua-travel-guide.com\/site\/wp-content\/uploads\/2016\/07\/bananboatkidsspry.jpg\" alt=\"bananboatkidsspry\" width=\"393\" height=\"270\" \/><img loading=\"lazy\" decoding=\"async\" class=\"alignnone  wp-image-13711\" src=\"http:\/\/nicaragua-travel-guide.com\/site\/wp-content\/uploads\/2016\/07\/bananboatkidtres.jpg\" alt=\"bananboatkidtres\" width=\"408\" height=\"272\" \/><\/td>\n<\/tr>\n<tr style=\"height: 23px;\">\n<td style=\"height: 23px; width: 40px;\" colspan=\"4\" bgcolor=\"#FFFFFF\"><\/td>\n<\/tr>\n<tr style=\"height: 22px;\">\n<td style=\"height: 22px; width: 40px;\" colspan=\"4\" bgcolor=\"#FFFFFF\">\u00a0<img loading=\"lazy\" decoding=\"async\" class=\"alignnone  wp-image-13714\" style=\"font-family: inherit; font-size: inherit; line-height: 1.5;\" src=\"http:\/\/nicaragua-travel-guide.com\/site\/wp-content\/uploads\/2016\/07\/bananboatspry.jpg\" alt=\"bananboatspry\" width=\"240\" height=\"373\" \/><img loading=\"lazy\" decoding=\"async\" class=\"alignnone  wp-image-13716\" src=\"http:\/\/nicaragua-travel-guide.com\/site\/wp-content\/uploads\/2016\/07\/bananboatultradefensedosestrella.jpg\" alt=\"bananboatultradefensedosestrella\" width=\"562\" height=\"374\" srcset=\"https:\/\/nicaragua-travel-guide.com\/site\/wp-content\/uploads\/2016\/07\/bananboatultradefensedosestrella.jpg 275w, https:\/\/nicaragua-travel-guide.com\/site\/wp-content\/uploads\/2016\/07\/bananboatultradefensedosestrella-180x120.jpg 180w\" sizes=\"(max-width: 562px) 100vw, 562px\" \/><\/td>\n<\/tr>\n<tr style=\"height: 14px;\">\n<td style=\"height: 14px; width: 40px;\" colspan=\"4\" bgcolor=\"#6699FF\"><\/td>\n<\/tr>\n<tr style=\"height: 22px;\">\n<td style=\"height: 22px; width: 40px;\" colspan=\"4\" bgcolor=\"#FFFFFF\">\u00a0<img loading=\"lazy\" decoding=\"async\" class=\"alignnone  wp-image-13717\" src=\"http:\/\/nicaragua-travel-guide.com\/site\/wp-content\/uploads\/2016\/07\/bananboatultradefensemodelo.jpg\" alt=\"bananboatultradefensemodelo\" width=\"799\" height=\"531\" srcset=\"https:\/\/nicaragua-travel-guide.com\/site\/wp-content\/uploads\/2016\/07\/bananboatultradefensemodelo.jpg 275w, https:\/\/nicaragua-travel-guide.com\/site\/wp-content\/uploads\/2016\/07\/bananboatultradefensemodelo-180x120.jpg 180w\" sizes=\"(max-width: 799px) 100vw, 799px\" \/><\/td>\n<\/tr>\n<tr style=\"height: 22px;\">\n<td style=\"height: 22px; width: 40px;\" colspan=\"4\" bgcolor=\"#6699FF\"><\/td>\n<\/tr>\n<tr style=\"height: 10px;\">\n<td style=\"height: 10px; width: 40px;\" colspan=\"4\" bgcolor=\"#FFFFFF\"><\/td>\n<\/tr>\n<\/tbody>\n<\/table>\n","protected":false},"excerpt":{"rendered":"<p>Inicio Productos para Ni\u00f1os Productos para adultos Contactarnos Ni\u00f1os y Beb\u00e9s y protecci\u00f3n solar para toda su familia las necesidadesBanana Boat\u00a0\u00ae\u00a0Kids y protectores solares para beb\u00e9s \u00fanicas f\u00f3rmulas ir m\u00e1s all\u00e1 de l\u00e1grima libre para proteger contra los ojos de picadura.\u00a0Tanto la cl\u00ednica y pediatra de la prueba, que es la f\u00f3rmula de ay sin [&hellip;]<\/p>\n","protected":false},"author":2,"featured_media":0,"parent":0,"menu_order":0,"comment_status":"closed","ping_status":"closed","template":"","meta":{"footnotes":""},"_links":{"self":[{"href":"https:\/\/nicaragua-travel-guide.com\/site\/wp-json\/wp\/v2\/pages\/5784"}],"collection":[{"href":"https:\/\/nicaragua-travel-guide.com\/site\/wp-json\/wp\/v2\/pages"}],"about":[{"href":"https:\/\/nicaragua-travel-guide.com\/site\/wp-json\/wp\/v2\/types\/page"}],"author":[{"embeddable":true,"href":"https:\/\/nicaragua-travel-guide.com\/site\/wp-json\/wp\/v2\/users\/2"}],"replies":[{"embeddable":true,"href":"https:\/\/nicaragua-travel-guide.com\/site\/wp-json\/wp\/v2\/comments?post=5784"}],"version-history":[{"count":4,"href":"https:\/\/nicaragua-travel-guide.com\/site\/wp-json\/wp\/v2\/pages\/5784\/revisions"}],"predecessor-version":[{"id":13724,"href":"https:\/\/nicaragua-travel-guide.com\/site\/wp-json\/wp\/v2\/pages\/5784\/revisions\/13724"}],"wp:attachment":[{"href":"https:\/\/nicaragua-travel-guide.com\/site\/wp-json\/wp\/v2\/media?parent=5784"}],"curies":[{"name":"wp","href":"https:\/\/api.w.org\/{rel}","templated":true}]}}