{"id":5819,"date":"2016-07-05T23:51:03","date_gmt":"2016-07-05T23:51:03","guid":{"rendered":"http:\/\/nicaragua-travel-guide.com\/site\/?page_id=5819"},"modified":"2016-07-06T00:35:53","modified_gmt":"2016-07-06T00:35:53","slug":"canciones-nacionales-durante-un-tour","status":"publish","type":"page","link":"https:\/\/nicaragua-travel-guide.com\/site\/canciones-nacionales-durante-un-tour\/","title":{"rendered":"Canto a Sor Maria Romero Meneses"},"content":{"rendered":"<table style=\"height: 52px; width: 559px;\">\n<tbody>\n<tr style=\"height: 24px;\">\n<td style=\"width: 60px; height: 24px;\" colspan=\"6\">\u00a0Canto a Sor Maria Romero<\/td>\n<\/tr>\n<tr style=\"height: 165px;\">\n<td style=\"width: 60px; height: 165px;\" colspan=\"6\"><iframe loading=\"lazy\" src=\"\/\/www.youtube.com\/embed\/KrV86Jvo3as\" width=\"560\" height=\"314\" allowfullscreen=\"allowfullscreen\"><\/iframe><\/p>\n<h3>Biograf\u00eda<\/h3>\n<h3>Infancia<\/h3>\n<p>Mar\u00eda Romero Meneses naci\u00f3 el 13 de enero de 1902 en la ciudad colonial de Granada en Nicaragua; fue bautizada en el templo La Merced, el d\u00eda 20 del mismo mes y a\u00f1o. Confirmada el 23 de julio de 1904 por Sime\u00f3n Pereira y Castell\u00f3n. Fue hija de F\u00e9lix Romero Arana, un pol\u00edtico que se desempe\u00f1\u00f3 como ministro de Hacienda en el gobierno de Jos\u00e9 Santos Zelaya; y Ana Meneses Bland\u00f3n, de origen espa\u00f1ol. Mar\u00eda tuvo trece hermanos. Cuando ten\u00eda 8 a\u00f1os (8 de diciembre de 1909) hizo su Primera Comuni\u00f3n. Al a\u00f1o siguiente, llegaron a Nicaragua las misioneras de Don Bosco, Hijas de Mar\u00eda Auxiliadora (FMA), congregaci\u00f3n de la que ser\u00eda parte integrante durante todo el resto de su vida. Fue de las primeras inscritas en el reci\u00e9n fundado colegio al que asisti\u00f3 junto a su hermana <i>Chila<\/i>. Ese mismo colegio conserva en la actualidad una sala museo con la cama donde durmi\u00f3 la beata durante su estad\u00eda en Nicaragua antes de partir a Costa Rica.<\/p>\n<h3><span id=\"Noviciado_en_El_Salvador\" class=\"mw-headline\">Noviciado en El Salvador<\/span><\/h3>\n<p>A inicios de 1920, a los 18 a\u00f1os de edad, Mar\u00eda Romero parte hacia El Salvador (Santa Tecla) al Instituto de las Hijas de Mar\u00eda Auxiliadora para iniciar su noviciado. El 19 de marzo de ese mismo a\u00f1o, recibe la esclavina negra e inicia con el uso del h\u00e1bito negro que la caracteriz\u00f3 durante todo el resto de su vida. El 16 de enero de 1921, recibe el h\u00e1bito religioso de las Hijas de Mar\u00eda Auxiliadora, por lo que pasa a llamarse formalmente \u00ab<b>Sor Mar\u00eda Romero<\/b>\u00bb.<\/p>\n<p>Durante sus a\u00f1os en el noviciado se destaca por sus habilidades en la m\u00fasica, especialmente el piano, por lo que se le asigna la responsabilidad de profesora de m\u00fasica y directora del\u00a0coro. El 6 de enero de 1923 emiti\u00f3 los Votos Temporales de pobreza, castidad y obediencia que requer\u00eda el proceso de noviciado. Al terminar el noviciado en la ciudad de San Salvador se desempe\u00f1a como asistente de las aspirantes, postulantes y novicias.<\/p>\n<h3><span id=\"Votos_perpetuos_y_profesorado_en_Nicaragua\" class=\"mw-headline\">Votos perpetuos y profesorado en Nicaragua<\/span><\/h3>\n<p>El 24 de mayo de 1924, Sor Mar\u00eda Romero regresa a Nicaragua para dar clases de m\u00fasica en el Colegio Mar\u00eda Auxiliadora de Granada, donde trabaj\u00f3 durante 7 a\u00f1os consecutivos. Durante esos a\u00f1os se desempe\u00f1\u00f3 adem\u00e1s como asistente de las alumnas internas e impartiendo clases de piano, canto, dibujo, pintura y mecanograf\u00eda. El 6 de enero de 1929, en el Colegio Mar\u00eda auxiliadora de Granada, pronuncia sus Votos Perpetuos. Durante su estancia en Nicaragua comienza a cargar la \u00ablibreta negra\u00bb, escribiendo en ella sus oraciones y pensamientos, los que ser\u00e1n publicados tras su muerte.<sup id=\"cite_ref-3\" class=\"reference\"><a href=\"https:\/\/es.wikipedia.org\/wiki\/Mar%C3%ADa_Romero_Meneses#cite_note-3\">3<\/a><\/sup> En 1930 profesa votos perpetuos en Granada y al a\u00f1o siguiente es remitida a Costa Rica.<\/p>\n<h2><span id=\"Obras_sociales_en_Costa_Rica\" class=\"mw-headline\">Obras sociales en Costa Rica<\/span><\/h2>\n<p>En 1931 la congregaci\u00f3n la envi\u00f3 a San Jos\u00e9, Costa Rica, donde se dedic\u00f3 a servir a los necesitados durante 46 a\u00f1os. A pesar de considerar a Costa Rica como una \u00ab<i>segunda patria<\/i>\u00bb, Sor Mar\u00eda siempre se consider\u00f3 nicarag\u00fcense y nunca renunci\u00f3 a su ciudadan\u00eda. Entre sus obras sociales y espirituales m\u00e1s importantes en Costa Rica est\u00e1n las siguientes:<\/p>\n<ul>\n<li>Consultorios M\u00e9dicos, que brindan servicios gratuitos de medicina general y medicamentos b\u00e1sicos a quienes no tienen protecci\u00f3n del seguro social. Se atienden consultas condentistas, oftalm\u00f3logos, pediatras y m\u00e9dicos generales.<\/li>\n<\/ul>\n<ul>\n<li>Internado para j\u00f3venes en la Casa Mar\u00eda Auxiliadora que favorece a muchachas que antes viv\u00edan en la calle.<\/li>\n<\/ul>\n<ul>\n<li>Capacitaci\u00f3n en actividades como la cocina, la costura y otros oficios a muchachas y se\u00f1oras.<\/li>\n<\/ul>\n<ul>\n<li>ASAYNE: Asociaci\u00f3n de Ayuda a Necesitados, en Ciudadelas en Salitrillos de Aserr\u00ed, que se compone de 70 viviendas para albergar a familias que antes viv\u00edan en condiciones infrahumanas. Se extendi\u00f3 a San Miguel de Desamparados y San Gabriel, en el cant\u00f3n de Aserr\u00ed.<\/li>\n<\/ul>\n<ul>\n<li>\u00abRopero\u00bb, servicio que ofrece prendas de vestir a precios simb\u00f3licos y, en oportunidades, en forma gratuita.<\/li>\n<\/ul>\n<ul>\n<li>Repartici\u00f3n diaria de canastas de alimentos b\u00e1sicos a personas de escasos recursos econ\u00f3micos.<\/li>\n<\/ul>\n<p>Seg\u00fan el periodista Carlos Fernando Chamorro Cardenal, las obras que Sor Mar\u00eda realizo en Costa Rica, beneficia <i>a los m\u00e1s pobres de Costa Rica, que son la mayor\u00eda de los 500, 000 nicarag\u00fcenses<\/i> que viven en ese pa\u00eds.<sup id=\"cite_ref-4\" class=\"reference\"><a href=\"https:\/\/es.wikipedia.org\/wiki\/Mar%C3%ADa_Romero_Meneses#cite_note-4\">4<\/a><\/sup> Las obras han funcionado con base en donaciones y colaboraciones de car\u00e1cter voluntario, bajo la consigna \u00ab<i>Pon tu mano, Madre M\u00eda. Ponla antes que la m\u00eda.<\/i>\u00bb<\/p>\n<h2><span id=\"Fallecimiento_en_Nicaragua\" class=\"mw-headline\">Fallecimiento en Nicaragua<\/span><\/h2>\n<p>En 1977, estando en Costa Rica, hab\u00eda expresado a su superiora que se sent\u00eda cansada, por lo que planea con sus hermanas reunirse en Nicaragua como parte de unas vacaciones. El 2 de julio, Sor Mar\u00eda parte hacia su pa\u00eds natal. Su hermana Pastora alquila una casa en el balneario de Las Pe\u00f1itas, en Le\u00f3n. El 7 de julio, estando en la casa de veraneo a orilla de la playa, falleci\u00f3 de un infarto al coraz\u00f3n.<\/p>\n<h3><span id=\"Traslado_de_restos_a_Costa_Rica\" class=\"mw-headline\">Traslado de restos a Costa Rica<\/span><\/h3>\n<p>El 9 de julio de 1977, los restos mortales de Sor Mar\u00eda Romero fueron trasladados a Costa Rica y enterrados en el Cementerio General. El 9 de noviembre de 1991 se procedi\u00f3 a su\u00a0exhumaci\u00f3n y fueron depositados finalmente en la Casa de la Virgen, al lado de la capilla, conocido ahora como Mausoleo de Sor Mar\u00eda Romero.<\/p>\n<h2><span id=\"Proceso_de_Canonizaci.C3.B3n\" class=\"mw-headline\">Proceso de Canonizaci\u00f3n<\/span><\/h2>\n<p>La apertura del proceso Diocesano de Sor Mar\u00eda Romero se dio el 18 de noviembre de 1988. Durante los a\u00f1os 1988 y 1992, se llevan a cabo las sesiones declaratorias de los testigos citados por el Tribunal de la causa de Canonizaci\u00f3n, teniendo como sede del Tribunal la Casa Provincial de las FMA en San Jos\u00e9. Los testigos llamados a dar testimonio de la fama de santidad de Sor Mar\u00eda Romero fueron 50, y seis testigos de oficio.<\/p>\n<p>El tribunal realiz\u00f3 90 sesiones. Se efectuaron, adem\u00e1s, 40 sesiones de estudio de documentos relativos a la Sierva de Dios, presentados por el Vice Postulador para ser incluidos en el proceso.<\/p>\n<p>Fue declarada Venerable por el Papa Juan Pablo II el 18 de diciembre del a\u00f1o 2000 y el 14 de abril de 2002, el Papa Juan Pablo II la proclam\u00f3 Beata,\u00a0siendo la segunda mujer centroamericana a la que se otorga dicho reconocimiento por parte de la Iglesia Cat\u00f3lica. Con ocasi\u00f3n de la beatificaci\u00f3n, se generaron algunas diferencias entre autoridades pol\u00edticas y religiosas de Nicaragua y Costa Rica.<sup id=\"cite_ref-7\" class=\"reference\"><a href=\"https:\/\/es.wikipedia.org\/wiki\/Mar%C3%ADa_Romero_Meneses#cite_note-7\">7<\/a><\/sup><\/p>\n<h2><span id=\"Reconocimientos\" class=\"mw-headline\">Reconocimientos<\/span><\/h2>\n<ul>\n<li><i><b>Mujer del a\u00f1o<\/b><\/i> por la Uni\u00f3n de Mujeres Americanas. (1968)<\/li>\n<li>Medalla de Oro por el Rotary Club. (1976)<\/li>\n<li><i><b>Ciudadana Honoraria de Costa Rica<\/b><\/i> por la Asamblea Legislativa de Costa Rica. (<i>Reconocimiento p\u00f3stumo<\/i>).<\/li>\n<\/ul>\n<\/td>\n<\/tr>\n<\/tbody>\n<\/table>\n","protected":false},"excerpt":{"rendered":"<p>\u00a0Canto a Sor Maria Romero Biograf\u00eda Infancia Mar\u00eda Romero Meneses naci\u00f3 el 13 de enero de 1902 en la ciudad colonial de Granada en Nicaragua; fue bautizada en el templo La Merced, el d\u00eda 20 del mismo mes y a\u00f1o. Confirmada el 23 de julio de 1904 por Sime\u00f3n Pereira y Castell\u00f3n. Fue hija de [&hellip;]<\/p>\n","protected":false},"author":2,"featured_media":0,"parent":0,"menu_order":0,"comment_status":"closed","ping_status":"closed","template":"","meta":{"footnotes":""},"_links":{"self":[{"href":"https:\/\/nicaragua-travel-guide.com\/site\/wp-json\/wp\/v2\/pages\/5819"}],"collection":[{"href":"https:\/\/nicaragua-travel-guide.com\/site\/wp-json\/wp\/v2\/pages"}],"about":[{"href":"https:\/\/nicaragua-travel-guide.com\/site\/wp-json\/wp\/v2\/types\/page"}],"author":[{"embeddable":true,"href":"https:\/\/nicaragua-travel-guide.com\/site\/wp-json\/wp\/v2\/users\/2"}],"replies":[{"embeddable":true,"href":"https:\/\/nicaragua-travel-guide.com\/site\/wp-json\/wp\/v2\/comments?post=5819"}],"version-history":[{"count":26,"href":"https:\/\/nicaragua-travel-guide.com\/site\/wp-json\/wp\/v2\/pages\/5819\/revisions"}],"predecessor-version":[{"id":5848,"href":"https:\/\/nicaragua-travel-guide.com\/site\/wp-json\/wp\/v2\/pages\/5819\/revisions\/5848"}],"wp:attachment":[{"href":"https:\/\/nicaragua-travel-guide.com\/site\/wp-json\/wp\/v2\/media?parent=5819"}],"curies":[{"name":"wp","href":"https:\/\/api.w.org\/{rel}","templated":true}]}}