{"id":5852,"date":"2016-07-06T01:09:49","date_gmt":"2016-07-06T01:09:49","guid":{"rendered":"http:\/\/nicaragua-travel-guide.com\/site\/?page_id=5852"},"modified":"2016-08-20T05:08:34","modified_gmt":"2016-08-20T05:08:34","slug":"nicaragua-compania-rent-a-car-budget","status":"publish","type":"page","link":"https:\/\/nicaragua-travel-guide.com\/site\/nicaragua-compania-rent-a-car-budget\/","title":{"rendered":"Compa\u00f1\u00eda Rent a Car"},"content":{"rendered":"<table style=\"width: 952.3333740234375px;\" border=\"0\" cellspacing=\"0\" cellpadding=\"0\" align=\"left\">\n<tbody>\n<tr style=\"height: 24px;\">\n<td style=\"height: 24px; width: 953.3333740234375px;\" colspan=\"5\" valign=\"top\" bgcolor=\"#FFFFFF\"><img loading=\"lazy\" decoding=\"async\" class=\"alignnone size-full wp-image-11387\" src=\"http:\/\/nicaragua-travel-guide.com\/site\/wp-content\/uploads\/2016\/07\/header-budget-rent-a-car-1.jpg\" alt=\"header budget rent a car\" width=\"1025\" height=\"345\" srcset=\"https:\/\/nicaragua-travel-guide.com\/site\/wp-content\/uploads\/2016\/07\/header-budget-rent-a-car-1.jpg 1025w, https:\/\/nicaragua-travel-guide.com\/site\/wp-content\/uploads\/2016\/07\/header-budget-rent-a-car-1-600x202.jpg 600w\" sizes=\"(max-width: 1025px) 100vw, 1025px\" \/><\/td>\n<\/tr>\n<tr style=\"height: 24px;\">\n<td style=\"height: 24px; width: 953.3333740234375px;\" colspan=\"5\" valign=\"top\" bgcolor=\"#FFFFFF\"><strong><b>Compa\u00f1\u00edas<\/b>\u00a0Rent a car en departamentos de Nicaragua<\/strong><\/td>\n<\/tr>\n<tr style=\"height: 24px;\">\n<td style=\"height: 24px; width: 953.3333740234375px; background-color: #faa957;\" colspan=\"5\" valign=\"top\" bgcolor=\"#FFFFFF\"><strong>T\u00e9rminos\u00a0y condiciones generales de renta de veh\u00edculos<\/strong><strong>:<\/strong><\/td>\n<\/tr>\n<tr style=\"height: 92px;\">\n<td style=\"height: 92px; width: 953.3333740234375px;\" colspan=\"5\" valign=\"top\" bgcolor=\"#FFFFFF\">\u2022 Reservaciones con anticipaci\u00f3n m\u00ednima de 24 horas.<br \/>\n\u2022 Tarifa diaria aplica por un m\u00e1ximo de 24 horas de alquiler.<br \/>\n\u2022 Edad m\u00ednima para clientes y conductores, 25 a\u00f1os.<br \/>\n\u2022 Tarjeta de cr\u00e9dito propia del cliente.<\/td>\n<\/tr>\n<tr style=\"height: 24px;\">\n<td style=\"height: 24px; width: 953.3333740234375px; background-color: #faa957;\" colspan=\"5\" valign=\"top\" bgcolor=\"#FFFFFF\">Requisitos para el alquiler:<\/td>\n<\/tr>\n<tr style=\"height: 192px;\">\n<td style=\"height: 192px; width: 953.3333740234375px;\" colspan=\"5\" valign=\"top\" bgcolor=\"#FFFFFF\">Documento de Identificaci\u00f3n (C\u00e9dula de identidad o pasaporte en el caso de extranjeros) y licencia de conducir vigentes.<\/p>\n<p>Conductor adicional: se paga por d\u00eda U$<br \/>\nCombustible: El veh\u00edculo debe ser devuelto con la misma cantidad de combustible con que fue recibido, la cual se especifica en el contrato. Dep\u00f3sitos: Para la renta del veh\u00edculo se requiere un dep\u00f3sito con tarjeta de cr\u00e9dito, el que oscila entre US$600 y US$1,500dependiendo de la categor\u00eda del veh\u00edculo y la duraci\u00f3n de la renta. M\u00e9todos de pago: Para cancelar la renta del veh\u00edculo usted puede utilizar tarjeta de cr\u00e9dito, de d\u00e9bito o efectivo.<\/td>\n<\/tr>\n<tr style=\"height: 24px;\">\n<td style=\"height: 24px; width: 953.3333740234375px; background-color: #faa957;\" colspan=\"5\" valign=\"top\" bgcolor=\"#FFFFFF\">Las Tarifas NO Incluyen:<\/td>\n<\/tr>\n<tr style=\"height: 128px;\">\n<td style=\"height: 128px; width: 953.3333740234375px;\" colspan=\"5\" valign=\"top\" bgcolor=\"#FFFFFF\">\n<ul>\n<li>Combustible<\/li>\n<li>Coberturas<\/li>\n<li>Conductores adicionales<\/li>\n<li>Otros Gastos<\/li>\n<\/ul>\n<\/td>\n<\/tr>\n<tr style=\"height: 3px;\">\n<td style=\"height: 3px; width: 246px;\" valign=\"top\" bgcolor=\"#0000FF\"><b>Compa\u00f1\u00eda<\/b><\/td>\n<td style=\"height: 3px; width: 212px;\" align=\"left\" valign=\"top\" bgcolor=\"#0000FF\"><strong>Sucursales<\/strong><\/td>\n<td style=\"height: 3px; width: 139px;\" valign=\"top\" bgcolor=\"#0000FF\"><strong>Veh\u00edculos<\/strong><\/td>\n<td style=\"height: 3px; width: 121px;\" valign=\"top\" bgcolor=\"#0000FF\"><strong>Renta \/ d\u00eda<\/strong><\/td>\n<td style=\"height: 3px; width: 235.3333740234375px;\" valign=\"top\" bgcolor=\"#0000FF\"><strong>Perfil Completo<\/strong><\/td>\n<\/tr>\n<tr style=\"height: 49px;\">\n<td style=\"height: 49px; width: 246px;\" valign=\"top\" bgcolor=\"#FFFFFF\"><a href=\"http:\/\/nicaragua-travel-guide.com\/site\/budget-rent-a-car-compania-nicaragua\/\"><img loading=\"lazy\" decoding=\"async\" class=\"alignnone wp-image-11180\" src=\"http:\/\/nicaragua-travel-guide.com\/site\/wp-content\/uploads\/2016\/07\/budgetlogo.jpg\" alt=\"budgetlogo\" width=\"239\" height=\"183\" \/><\/a><\/td>\n<td style=\"height: 49px; width: 212px;\" align=\"center\" valign=\"middle\" bgcolor=\"#FF6600\"><strong>Granada*<br \/>\nManagua<br \/>\nMatagalpa<br \/>\nPe\u00f1as Blancas<\/strong><\/td>\n<td style=\"height: 49px; width: 139px;\" align=\"center\" valign=\"middle\" bgcolor=\"#FF6600\"><strong>Sed\u00e1ns<br \/>\nCamionetas<br \/>\nSUV<br \/>\nMicro buses<\/strong><\/td>\n<td style=\"height: 49px; width: 121px;\" valign=\"middle\" bgcolor=\"#FF6600\"><\/td>\n<td style=\"height: 49px; width: 235.3333740234375px; background-color: #fab866; border-color: #251bf2;\" align=\"center\" valign=\"middle\" bgcolor=\"#000066\"><strong>Budget Granada<\/strong><\/p>\n<p>&nbsp;<\/p>\n<p><strong>Budget Rent a Car <a href=\"http:\/\/nicaragua-travel-guide.com\/site\/budget-rent-a-car-compania-nicaragua-reservaciones\/\">Reservaciones<\/a><\/strong><\/td>\n<\/tr>\n<tr style=\"height: 30px;\">\n<td style=\"height: 30px; width: 953.3333740234375px; background-color: #faa957;\" colspan=\"5\" valign=\"bottom\" bgcolor=\"#0000FF\"><strong>Nota: Puede\u00a0recoger\u00a0y dejar el\u00a0veh\u00edculo\u00a0en agencias ubicada en las siguientes Agencias departamentales<\/strong> de Nicaragua<\/td>\n<\/tr>\n<\/tbody>\n<\/table>\n","protected":false},"excerpt":{"rendered":"<p>Compa\u00f1\u00edas\u00a0Rent a car en departamentos de Nicaragua T\u00e9rminos\u00a0y condiciones generales de renta de veh\u00edculos: \u2022 Reservaciones con anticipaci\u00f3n m\u00ednima de 24 horas. \u2022 Tarifa diaria aplica por un m\u00e1ximo de 24 horas de alquiler. \u2022 Edad m\u00ednima para clientes y conductores, 25 a\u00f1os. \u2022 Tarjeta de cr\u00e9dito propia del cliente. Requisitos para el alquiler: Documento [&hellip;]<\/p>\n","protected":false},"author":2,"featured_media":0,"parent":0,"menu_order":0,"comment_status":"closed","ping_status":"closed","template":"","meta":{"footnotes":""},"_links":{"self":[{"href":"https:\/\/nicaragua-travel-guide.com\/site\/wp-json\/wp\/v2\/pages\/5852"}],"collection":[{"href":"https:\/\/nicaragua-travel-guide.com\/site\/wp-json\/wp\/v2\/pages"}],"about":[{"href":"https:\/\/nicaragua-travel-guide.com\/site\/wp-json\/wp\/v2\/types\/page"}],"author":[{"embeddable":true,"href":"https:\/\/nicaragua-travel-guide.com\/site\/wp-json\/wp\/v2\/users\/2"}],"replies":[{"embeddable":true,"href":"https:\/\/nicaragua-travel-guide.com\/site\/wp-json\/wp\/v2\/comments?post=5852"}],"version-history":[{"count":15,"href":"https:\/\/nicaragua-travel-guide.com\/site\/wp-json\/wp\/v2\/pages\/5852\/revisions"}],"predecessor-version":[{"id":11674,"href":"https:\/\/nicaragua-travel-guide.com\/site\/wp-json\/wp\/v2\/pages\/5852\/revisions\/11674"}],"wp:attachment":[{"href":"https:\/\/nicaragua-travel-guide.com\/site\/wp-json\/wp\/v2\/media?parent=5852"}],"curies":[{"name":"wp","href":"https:\/\/api.w.org\/{rel}","templated":true}]}}