{"id":5877,"date":"2016-07-06T01:50:47","date_gmt":"2016-07-06T01:50:47","guid":{"rendered":"http:\/\/nicaragua-travel-guide.com\/site\/?page_id=5877"},"modified":"2024-07-29T17:56:17","modified_gmt":"2024-07-29T23:56:17","slug":"salon-de-belleza-granada-limpieza-facial-estilista-maquillaje-tinte-corte-de-pelo-iluminaciones-tratamiento-con-keratina-alisado-manicure-pedicure-unas-acrilicas-dieta-y-mas","status":"publish","type":"page","link":"https:\/\/nicaragua-travel-guide.com\/site\/salon-de-belleza-granada-limpieza-facial-estilista-maquillaje-tinte-corte-de-pelo-iluminaciones-tratamiento-con-keratina-alisado-manicure-pedicure-unas-acrilicas-dieta-y-mas\/","title":{"rendered":"Sal\u00f3n de Belleza"},"content":{"rendered":"<section class=\"wpb-content-wrapper\"><p>[vc_row][vc_column][\/vc_column][\/vc_row][vc_row][vc_column][vc_single_image image=\u00bb5277&#8243; img_size=\u00bbfull\u00bb alignment=\u00bbcenter\u00bb][\/vc_column][\/vc_row][vc_row][vc_column][vc_column_text]Estilistas profesionales que tendr\u00e1n el gusto de atenderle con atenci\u00f3n personalizada en el momento que sea su visita.Para toda ocasi\u00f3n especial, bien sea; ,\u00a0<strong>peinados para lucir bello y elegante en sus reuniones, eventos especiales y fiestas, bodas<\/strong>, cumplea\u00f1os,despedidas de soltero, quince a\u00f1os, cambio de look o simplemente para un sencillo arreglo o cepillado semanal o manicure, Usted contar\u00e1 con la asesor\u00eda personalizada de estilistas profesionales.<\/p>\n<p>&nbsp;<\/p>\n<p>En manos de estilista profesional que ha creado su propio estilo y cada d\u00eda hace innovaciones dejando el legado a sus estilistas profesionales que laboran juntos.<\/p>\n<p>Los estilistas profesionales utilizan los mejores y m\u00e1s avanzados\u00a0<strong>productos de belleza<\/strong>\u00a0con todos sus clientes a los que les realizan tratamientos de belleza bien sean capilares, corporales o faciales, asegurando darle la durabilidad y calidad a los mismos.<\/p>\n<p>Consi\u00e9ntase y deje que le pongamos en contacto con los mejores estilistas de Granada y Nicaragua para le atiendan segun sea su eleccion puede ser a domicilio o en el sal\u00f3n de belleza conozcan y conf\u00eden en los expertos, ya que si desea recibir la mejor asesor\u00eda en\u00a0<strong>cambio de look<\/strong>\u00a0para usted o sus familiares, esta es su mejor opci\u00f3n.<\/p>\n<p>Los estilistas profesionales se basan en sus conocimientos sobre las \u00faltimas tendencias de la moda en cortes de cabello, tinturado,\u00a0<strong>peinados, maquillajes y tratamientos faciales<\/strong>\u00a0o capilares para lograr el mejor estilo de ellas en cada uno de sus clientes.<\/p>\n<p>Por mayor informaci\u00f3n y reservacion Contactarnos[\/vc_column_text][\/vc_column][\/vc_row][vc_row][vc_column width=\u00bb1\/2&#8243;][vc_column_text]<strong>Ofrecemos\u00a0<a href=\"https:\/\/nicaragua-travel-guide.com\/site\/salon-de-belleza-en-nicaragua-servicios-paquete-especial-por-evento\/\">Servicios<\/a>\u00a0:<\/strong>[\/vc_column_text][vc_row_inner][vc_column_inner][vc_column_text]<a href=\"http:\/\/www.pantene.com.gt\/es-GT\/index.jspx\">Tipo de Cabello y Peinados <\/a>[\/vc_column_text][\/vc_column_inner][\/vc_row_inner][vc_row_inner][vc_column_inner][vc_column_text]<a href=\"https:\/\/nicaragua-travel-guide.com\/site\/evento-quince-anos-paquete-especial-para-ella\/\">Vestida de Quince\u00a0<\/a>\u00a0\u00a0<a href=\"https:\/\/nicaragua-travel-guide.com\/site\/evento-quince-anos-paquete-especial-para-ella\/\">Peinado<\/a>\u00a0 \u00a0 \u00a0<a href=\"https:\/\/nicaragua-travel-guide.com\/site\/evento-quince-anos-paquete-especial-para-ella\/\">Maquillaje<\/a>\u00a0 \u00a0 \u00a0 \u00a0<a href=\"https:\/\/nicaragua-travel-guide.com\/site\/evento-quince-anos-paquete-especial-para-ella\/\">Foto<\/a>[\/vc_column_text][\/vc_column_inner][\/vc_row_inner][vc_column_text]<a href=\"https:\/\/nicaragua-travel-guide.com\/site\/evento-boda-paquete-especial-para-ella-estilista-corte-de-pelo-peinado-aplicacion-de-tinte-alisado-con-keratina-iluminaciones-limpieza-facial-maquillaje-manicure-pedicure-dieta-y-mas\/\">Vestida de Novia<\/a>\u00a0 \u00a0 \u00a0 \u00a0 \u00a0<a href=\"https:\/\/nicaragua-travel-guide.com\/site\/evento-boda-paquete-especial-para-ella-estilista-corte-de-pelo-peinado-aplicacion-de-tinte-alisado-con-keratina-iluminaciones-limpieza-facial-maquillaje-manicure-pedicure-dieta-y-mas\/\">Peinado<\/a>\u00a0 \u00a0 \u00a0 \u00a0<a href=\"https:\/\/nicaragua-travel-guide.com\/site\/evento-boda-paquete-especial-para-ella-estilista-corte-de-pelo-peinado-aplicacion-de-tinte-alisado-con-keratina-iluminaciones-limpieza-facial-maquillaje-manicure-pedicure-dieta-y-mas\/\">Maquillaje<\/a>\u00a0 \u00a0 \u00a0 \u00a0\u00a0<a href=\"https:\/\/nicaragua-travel-guide.com\/site\/evento-boda-paquete-especial-para-ella-estilista-corte-de-pelo-peinado-aplicacion-de-tinte-alisado-con-keratina-iluminaciones-limpieza-facial-maquillaje-manicure-pedicure-dieta-y-mas\/\">Foto<\/a>[\/vc_column_text][vc_column_text]<strong>Corte de pelo en General<\/strong>[\/vc_column_text][vc_column_text]<a href=\"https:\/\/nicaragua-travel-guide.com\/site\/salon-de-belleza-tratamiento-capilar-con-keratina-paquete-por-evento-especial\/\"><strong>Tratamiento capilar con \u00a0Keratina Brazile\u00f1a<\/strong><\/a>[\/vc_column_text][vc_column_text]<strong>Instalaciones<\/strong>[\/vc_column_text][vc_column_text]<\/p>\n<table border=\"0\">\n<tbody>\n<tr>\n<td bgcolor=\"#FFFFFF\"><a href=\"https:\/\/nicaragua-travel-guide.com\/site\/salon-de-belleza-manicure-pedicure-pintado-de-unas-acrilicas-limpieza-facial-maquillaje-masaje-paquete-especial\/\">Manicure<\/a><\/td>\n<td bgcolor=\"#FFFFFF\"><a href=\"https:\/\/nicaragua-travel-guide.com\/site\/salon-de-belleza-manicure-pedicure-pintado-de-unas-acrilicas-limpieza-facial-maquillaje-masaje-paquete-especial\/\">Pedicure<\/a><\/td>\n<td bgcolor=\"#FFFFFF\"><a href=\"https:\/\/nicaragua-travel-guide.com\/site\/salon-de-belleza-manicure-pedicure-pintado-de-unas-acrilicas-limpieza-facial-maquillaje-masaje-paquete-especial\/\">Pintura<\/a><\/td>\n<td bgcolor=\"#FFFFFF\"><a href=\"https:\/\/nicaragua-travel-guide.com\/site\/salon-de-belleza-manicure-pedicure-pintado-de-unas-acrilicas-limpieza-facial-maquillaje-masaje-paquete-especial\/\">U\u00f1as Acr\u00edlicas<\/a><\/td>\n<\/tr>\n<\/tbody>\n<\/table>\n<p>[\/vc_column_text][vc_column_text]<a href=\"https:\/\/nicaragua-travel-guide.com\/site\/masaje-spa-sesion-relajante-shiatsu-reflexology-aromatherapy-prenatal-massage-deep-tissue-acupuncture-fusion-special-combos\/\">Masaje Spa<\/a>[\/vc_column_text][vc_column_text]<strong>Tratamiento Facial<\/strong>[\/vc_column_text][vc_column_text]<a href=\"https:\/\/nicaragua-travel-guide.com\/site\/salon-de-belleza-maquillaje-paquete-especial\/\">Maquillaje<\/a>[\/vc_column_text][vc_column_text]<a href=\"https:\/\/nicaragua-travel-guide.com\/site\/salon-de-belleza-tratamientos-faciales-paquete-especial-limpieza-facialdepilacion-con-cera-y-laser\/\"><strong>Depilaci\u00f3n<\/strong>\u00a0\u00a0 \/ \u00a0Pinza \u00a0 \u00a0 \/ Cera \u00a0 \u00a0<\/a>\u00a0 \/ \u00a0<a href=\"https:\/\/nicaragua-travel-guide.com\/site\/salud-y-belleza-depilacion-laser-paquetes-especiales-por-sesion-liposuccion-sin-cirugia-eliminacion-de-celulitis-y-flacidez-levantamiento-de-gluteos-y-bustos-tratamiento-facial-lifting-y-mas\/\"><strong>L\u00e1ser<\/strong><\/a>[\/vc_column_text][\/vc_column][vc_column width=\u00bb1\/2&#8243;][vc_gallery interval=\u00bb3&#8243; images=\u00bb16995,16996&#8243; img_size=\u00bbfull\u00bb][\/vc_column][\/vc_row]<\/p>\n<\/section>","protected":false},"excerpt":{"rendered":"<p>[vc_row][vc_column][\/vc_column][\/vc_row][vc_row][vc_column][vc_single_image image=\u00bb5277&#8243; img_size=\u00bbfull\u00bb alignment=\u00bbcenter\u00bb][\/vc_column][\/vc_row][vc_row][vc_column][vc_column_text]Estilistas profesionales que tendr\u00e1n el gusto de atenderle con atenci\u00f3n personalizada en el momento que sea su visita.Para toda ocasi\u00f3n especial, bien sea; ,\u00a0peinados para lucir bello y elegante en sus reuniones, eventos especiales y fiestas, bodas, cumplea\u00f1os,despedidas de soltero, quince a\u00f1os, cambio de look o simplemente para un sencillo arreglo o [&hellip;]<\/p>\n","protected":false},"author":2,"featured_media":0,"parent":0,"menu_order":0,"comment_status":"closed","ping_status":"closed","template":"","meta":{"footnotes":""},"_links":{"self":[{"href":"https:\/\/nicaragua-travel-guide.com\/site\/wp-json\/wp\/v2\/pages\/5877"}],"collection":[{"href":"https:\/\/nicaragua-travel-guide.com\/site\/wp-json\/wp\/v2\/pages"}],"about":[{"href":"https:\/\/nicaragua-travel-guide.com\/site\/wp-json\/wp\/v2\/types\/page"}],"author":[{"embeddable":true,"href":"https:\/\/nicaragua-travel-guide.com\/site\/wp-json\/wp\/v2\/users\/2"}],"replies":[{"embeddable":true,"href":"https:\/\/nicaragua-travel-guide.com\/site\/wp-json\/wp\/v2\/comments?post=5877"}],"version-history":[{"count":47,"href":"https:\/\/nicaragua-travel-guide.com\/site\/wp-json\/wp\/v2\/pages\/5877\/revisions"}],"predecessor-version":[{"id":16993,"href":"https:\/\/nicaragua-travel-guide.com\/site\/wp-json\/wp\/v2\/pages\/5877\/revisions\/16993"}],"wp:attachment":[{"href":"https:\/\/nicaragua-travel-guide.com\/site\/wp-json\/wp\/v2\/media?parent=5877"}],"curies":[{"name":"wp","href":"https:\/\/api.w.org\/{rel}","templated":true}]}}