{"id":5889,"date":"2016-07-06T02:07:26","date_gmt":"2016-07-06T02:07:26","guid":{"rendered":"http:\/\/nicaragua-travel-guide.com\/site\/?page_id=5889"},"modified":"2016-11-02T04:13:21","modified_gmt":"2016-11-02T04:13:21","slug":"masajes","status":"publish","type":"page","link":"https:\/\/nicaragua-travel-guide.com\/site\/masajes\/","title":{"rendered":"Masajes"},"content":{"rendered":"<table style=\"width: 1004px;\" border=\"0\">\n<tbody>\n<tr style=\"height: 334px;\">\n<td style=\"width: 20px; height: 334px; background-color: #fafafa; border-color: #fafafa;\" colspan=\"2\" bgcolor=\"#FFFFFF\"><img loading=\"lazy\" decoding=\"async\" class=\"alignnone  wp-image-7536\" src=\"http:\/\/nicaragua-travel-guide.com\/site\/wp-content\/uploads\/2016\/07\/header-guia-de-salon-de-masaje-spa-granada.jpg\" alt=\"header guia de salon de masaje spa granada\" width=\"1043\" height=\"351\" srcset=\"https:\/\/nicaragua-travel-guide.com\/site\/wp-content\/uploads\/2016\/07\/header-guia-de-salon-de-masaje-spa-granada.jpg 1025w, https:\/\/nicaragua-travel-guide.com\/site\/wp-content\/uploads\/2016\/07\/header-guia-de-salon-de-masaje-spa-granada-600x202.jpg 600w\" sizes=\"(max-width: 1043px) 100vw, 1043px\" \/><\/td>\n<\/tr>\n<tr style=\"height: 7px;\">\n<td style=\"width: 20px; height: 7px; background-color: #fafafa; border-color: #fafafa;\" colspan=\"2\" bgcolor=\"#FFFFFF\">\n<table style=\"width: 1038.3333740234375px;\" border=\"0\">\n<tbody>\n<tr>\n<td style=\"width: 371px; background-color: #dff7f6; height: 37px;\" bgcolor=\"#CCFFFF\" height=\"37\">Gu\u00eda de Cl\u00ednicas Medicas<\/td>\n<td style=\"width: 305px; background-color: #f7eddf;\" bgcolor=\"#FFCC99\">Sal\u00f3n de Belleza<\/td>\n<td style=\"width: 395.3333740234375px; background-color: #fafad7;\" bgcolor=\"#FFFF00\"><strong><a href=\"http:\/\/nicaragua-travel-guide.com\/site\/masaje-spa-sesion\/\">Masajes<\/a><\/strong><\/td>\n<\/tr>\n<tr>\n<td style=\"width: 1071.3333740234375px; background-color: #dff7f6; height: 37px;\" colspan=\"3\" bgcolor=\"#CCFFFF\" height=\"37\"><strong>Cl\u00ednica\u00a0de \u00a0Rehabilitaci\u00f3n\u00a0f\u00edsica \u00a0 \u00a0 \u00a0 \u00a0 \u00a0 \u00a0 \u00a0 \u00a0 \u00a0 \u00a0 \u00a0 \u00a0 \u00a0 \u00a0T\u00e9cnicas\u00a0de tratamiento \u00a0 \u00a0 \u00a0 \u00a0 \u00a0 \u00a0 \u00a0 \u00a0 \u00a0 \u00a0 \u00a0Spa<\/strong><\/td>\n<\/tr>\n<\/tbody>\n<\/table>\n<\/td>\n<\/tr>\n<tr style=\"height: 41px;\">\n<td style=\"width: 10px; height: 41px;\" valign=\"top\" bgcolor=\"#FFFFFF\">\n<table style=\"width: 394.66668701171875px;\">\n<tbody>\n<tr style=\"height: 22px;\">\n<th style=\"background-color: #63caf2; width: 412.66668701171875px; height: 22px;\" scope=\"row\" valign=\"top\" bgcolor=\"#0033FF\">Regi\u00f3n Pacifico<\/th>\n<\/tr>\n<tr style=\"height: 22px;\">\n<th style=\"background-color: #ffffff; width: 412.66668701171875px; height: 22px; border-color: #ffffff;\" scope=\"row\" valign=\"top\" bgcolor=\"#FFFFFF\">Chinandega<\/th>\n<\/tr>\n<tr style=\"height: 22px;\">\n<th style=\"background-color: #ffffff; width: 412.66668701171875px; height: 22px; border-color: #ffffff;\" scope=\"row\" valign=\"top\" bgcolor=\"#FFFFFF\">Le\u00f3n<\/th>\n<\/tr>\n<tr style=\"height: 22px;\">\n<th style=\"background-color: #ffffff; width: 412.66668701171875px; height: 22px; border-color: #ffffff;\" scope=\"row\" valign=\"top\" bgcolor=\"#FFFFFF\">Managua<\/th>\n<\/tr>\n<tr style=\"height: 22px;\">\n<th style=\"background-color: #ffffff; width: 412.66668701171875px; height: 22px; border-color: #ffffff;\" scope=\"row\" valign=\"top\" bgcolor=\"#FFFFFF\">Carazo<\/th>\n<\/tr>\n<tr style=\"height: 22px;\">\n<th style=\"background-color: #ffffff; width: 412.66668701171875px; height: 22px; border-color: #ffffff;\" scope=\"row\" valign=\"top\" bgcolor=\"#FFFFFF\">Masaya<\/th>\n<\/tr>\n<tr style=\"height: 22px;\">\n<th style=\"background-color: #ffffff; width: 412.66668701171875px; height: 22px; border-color: #ffffff;\" scope=\"row\" valign=\"top\" bgcolor=\"#FFFF00\">*<a href=\"http:\/\/nicaragua-travel-guide.com\/site\/masaje-spa-sesion-relajante-shiatsu-reflexology-aromatherapy-prenatal-massage-deep-tissue-acupuncture-fusion-special-combos\/\"><strong>Granada<\/strong><\/a><\/th>\n<\/tr>\n<tr style=\"height: 22px;\">\n<th style=\"background-color: #ffffff; width: 412.66668701171875px; height: 22px; border-color: #ffffff;\" scope=\"row\" valign=\"top\" bgcolor=\"#FFFFFF\">Rivas<\/th>\n<\/tr>\n<tr style=\"height: 22px;\">\n<th style=\"width: 412.66668701171875px; height: 22px; background-color: #63caf2;\" scope=\"row\" valign=\"top\" bgcolor=\"#0033FF\">Regi\u00f3n Central Norte<\/th>\n<\/tr>\n<tr style=\"height: 22px;\">\n<th style=\"background-color: #ffffff; width: 412.66668701171875px; height: 22px; border-color: #ffffff;\" scope=\"row\" valign=\"top\" bgcolor=\"#FFFFFF\">Madriz<\/th>\n<\/tr>\n<tr style=\"height: 22px;\">\n<th style=\"background-color: #ffffff; width: 412.66668701171875px; height: 22px; border-color: #ffffff;\" scope=\"row\" valign=\"top\" bgcolor=\"#FFFFFF\">Jinotega<\/th>\n<\/tr>\n<tr style=\"height: 22px;\">\n<th style=\"background-color: #ffffff; width: 412.66668701171875px; height: 22px; border-color: #ffffff;\" scope=\"row\" valign=\"top\" bgcolor=\"#FFFFFF\">Nueva Segovia<\/th>\n<\/tr>\n<tr style=\"height: 22px;\">\n<th style=\"background-color: #ffffff; width: 412.66668701171875px; height: 22px; border-color: #ffffff;\" scope=\"row\" valign=\"top\" bgcolor=\"#FFFFFF\">Esteli<\/th>\n<\/tr>\n<tr style=\"height: 22px;\">\n<th style=\"background-color: #ffffff; width: 412.66668701171875px; height: 22px; border-color: #ffffff;\" scope=\"row\" valign=\"top\" bgcolor=\"#FFFFFF\">Matagalpa<\/th>\n<\/tr>\n<tr style=\"height: 22px;\">\n<th style=\"background-color: #ffffff; width: 412.66668701171875px; height: 22px; border-color: #ffffff;\" scope=\"row\" valign=\"top\" bgcolor=\"#FFFFFF\">Boaco<\/th>\n<\/tr>\n<tr style=\"height: 22px;\">\n<th style=\"background-color: #63caf2; width: 412.66668701171875px; height: 22px;\" scope=\"row\" valign=\"top\" bgcolor=\"#0033FF\">Regi\u00f3n Atl\u00e1ntico:<\/th>\n<\/tr>\n<tr style=\"height: 22px;\">\n<th style=\"background-color: #ffffff; width: 412.66668701171875px; height: 22px; border-color: #ffffff;\" scope=\"row\" valign=\"top\" bgcolor=\"#FFFFFF\">Corn Island<\/th>\n<\/tr>\n<tr style=\"height: 22px;\">\n<th style=\"background-color: #ffffff; width: 412.66668701171875px; height: 22px; border-color: #ffffff;\" scope=\"row\" valign=\"top\" bgcolor=\"#FFFFFF\">Bluefields<\/th>\n<\/tr>\n<\/tbody>\n<\/table>\n<\/td>\n<td style=\"width: 10px; height: 41px;\" valign=\"top\" bgcolor=\"#FFFFFF\">\n<table style=\"width: 638px; height: 498px;\" border=\"0\">\n<tbody>\n<tr style=\"height: 22px;\">\n<td style=\"width: 391px; height: 22px; background-color: #eefced; border-color: #eefced;\">Cura del\u00a0V\u00e9rtigo<\/td>\n<td style=\"width: 232px; height: 22px; background-color: #faf3e3; border-color: #faf3e3;\">Electroterapia<\/td>\n<\/tr>\n<tr style=\"height: 22px;\">\n<td style=\"width: 391px; height: 22px; background-color: #eefced; border-color: #eefced;\">Dolor de columna<\/td>\n<td style=\"width: 232px; height: 22px; background-color: #faf3e3; border-color: #faf3e3;\">Parafina<\/td>\n<\/tr>\n<tr style=\"height: 22px;\">\n<td style=\"width: 391px; height: 22px; background-color: #eefced; border-color: #eefced;\">Afecciones\u00a0Neurol\u00f3gicas<\/td>\n<td style=\"width: 232px; height: 22px; background-color: #faf3e3; border-color: #faf3e3;\">Ultrasonoterapia<\/td>\n<\/tr>\n<tr style=\"height: 22px;\">\n<td style=\"width: 391px; height: 22px; background-color: #eefced; border-color: #eefced;\">Afecciones Musculares<\/td>\n<td style=\"width: 232px; height: 22px; background-color: #faf3e3; border-color: #faf3e3;\">Movilizaciones articulares<\/td>\n<\/tr>\n<tr style=\"height: 22px;\">\n<td style=\"width: 391px; height: 22px; background-color: #eefced; border-color: #eefced;\">Lesiones Deportivas<\/td>\n<td style=\"width: 232px; height: 22px; background-color: #faf3e3; border-color: #faf3e3;\">Termo terapia<\/td>\n<\/tr>\n<tr style=\"height: 22px;\">\n<td style=\"width: 391px; height: 22px; background-color: #eefced; border-color: #eefced;\">Fisioterapia Respiratooria<\/td>\n<td style=\"width: 232px; height: 22px; background-color: #faf3e3; border-color: #faf3e3;\">Crioterapia<\/td>\n<\/tr>\n<tr style=\"height: 22px;\">\n<td style=\"width: 391px; height: 22px; background-color: #eefced; border-color: #eefced;\"><strong>Spech Therappy<\/strong><\/td>\n<td style=\"width: 232px; height: 22px; background-color: #faf3e3; border-color: #faf3e3;\">Masaje\u00a0terap\u00e9utico<\/td>\n<\/tr>\n<tr style=\"height: 22px;\">\n<td style=\"width: 391px; height: 22px; background-color: #eefced; border-color: #eefced;\"><strong>Chinese Cupping Therapy<\/strong><\/td>\n<td style=\"width: 232px; height: 22px; background-color: #faf3e3; border-color: #faf3e3;\"><b>Acupuntura<\/b><\/td>\n<\/tr>\n<tr style=\"height: 22px;\">\n<td style=\"width: 391px; height: 22px; background-color: #eefced; border-color: #eefced;\"><strong>Hot Stone Therapy<\/strong><\/td>\n<td style=\"width: 232px; height: 22px; background-color: #faf3e3; border-color: #faf3e3;\">T\u00e9cnica\u00a0tracci\u00f3n\u00a0\/ estiramiento<\/td>\n<\/tr>\n<tr style=\"height: 22px;\">\n<td style=\"width: 623px; height: 22px;\" colspan=\"2\"><strong>Chiropractic Massage \u00a0 \u00a0 \u00a0 \u00a0 \u00a0 \u00a0 \u00a0 \u00a0 \u00a0 \u00a0 \u00a0 \u00a0 \u00a0 \u00a0 \u00a0 \u00a0<\/strong><strong>Spa\u00a0<\/strong><\/td>\n<\/tr>\n<tr style=\"height: 22.3333740234375px;\">\n<td style=\"width: 391px; height: 22.3333740234375px; background-color: #ffffff; border-color: #ffffff;\"><\/td>\n<td style=\"width: 232px; height: 22.3333740234375px; background-color: #f9f0fc; border-color: #f9f0fc;\">Tratamiento facial<\/td>\n<\/tr>\n<tr style=\"height: 22px;\">\n<td style=\"width: 391px; height: 22px; background-color: #ffffff; border-color: #ffffff;\">Bambuterapia<\/td>\n<td style=\"width: 232px; height: 22px; background-color: #f9f0fc; border-color: #f9f0fc;\">Manicure \u00a0 \/ Pedicure<\/td>\n<\/tr>\n<tr style=\"height: 22px;\">\n<td style=\"width: 391px; height: 22px; background-color: #ffffff; border-color: #ffffff;\">Drenaje\u00a0Linf\u00e1tico<\/td>\n<td style=\"width: 232px; height: 22px; background-color: #f9f0fc; border-color: #f9f0fc;\">Masaje Tuina<\/td>\n<\/tr>\n<tr style=\"height: 22px;\">\n<td style=\"width: 391px; height: 22px; background-color: #ffffff; border-color: #ffffff;\">Masaje\u00a0Sacro craneal<\/td>\n<td style=\"width: 232px; height: 22px; background-color: #f9f0fc; border-color: #f9f0fc;\">Masaje \u00a0Shiatsu<\/td>\n<\/tr>\n<tr style=\"height: 6px;\">\n<td style=\"width: 391px; height: 6px; background-color: #ffffff; border-color: #ffffff;\"><\/td>\n<td style=\"width: 232px; height: 6px; background-color: #f9f0fc; border-color: #f9f0fc;\">Masaje Lomi<\/td>\n<\/tr>\n<tr style=\"height: 22px;\">\n<td style=\"width: 391px; height: 22px; background-color: #e3f8fa; border-color: #e3f8fa;\">Masaje para piernas cansadas<\/td>\n<td style=\"width: 232px; height: 22px; background-color: #f9f0fc; border-color: #f9f0fc;\">Masaje Antiestress<\/td>\n<\/tr>\n<tr style=\"height: 22px;\">\n<td style=\"width: 391px; height: 22px; background-color: #e3f8fa; border-color: #e3f8fa;\"><strong>Diabetes y problemas circulatorios<\/strong><\/td>\n<td style=\"width: 232px; height: 22px; background-color: #f9f0fc; border-color: #f9f0fc;\">Masaje reductor<\/td>\n<\/tr>\n<\/tbody>\n<\/table>\n<\/td>\n<\/tr>\n<tr style=\"height: 15px;\">\n<td style=\"width: 20px; height: 15px;\" colspan=\"2\" valign=\"top\" bgcolor=\"#FFFFFF\">\n<table style=\"width: 1033.666748046875px; height: 30px;\" border=\"0\">\n<tbody>\n<tr>\n<td style=\"width: 1026.666748046875px;\" bgcolor=\"#FFFF00\">Por mayor informaci\u00f3n y reservaci\u00f3n <strong>Contactarnos \u00a0 \u00a0 \u00a0 \u00a0 \u00a0 \u00a0 \u00a0 \u00a0 \u00a0 \u00a0 \u00a0 \u00a0 \u00a0 \u00a0 \u00a0 \u00a0 \u00a0 \u00a0 \u00a0 \u00a0 \u00a0 \u00a0 \u00a0 \u00a0 \u00a0 \u00a0 \u00a0 \u00a0 \u00a0 \u00a0 \u00a0&lt;&lt; Volver a Inicio<\/strong><\/td>\n<\/tr>\n<\/tbody>\n<\/table>\n<\/td>\n<\/tr>\n<\/tbody>\n<\/table>\n","protected":false},"excerpt":{"rendered":"<p>Gu\u00eda de Cl\u00ednicas Medicas Sal\u00f3n de Belleza Masajes Cl\u00ednica\u00a0de \u00a0Rehabilitaci\u00f3n\u00a0f\u00edsica \u00a0 \u00a0 \u00a0 \u00a0 \u00a0 \u00a0 \u00a0 \u00a0 \u00a0 \u00a0 \u00a0 \u00a0 \u00a0 \u00a0T\u00e9cnicas\u00a0de tratamiento \u00a0 \u00a0 \u00a0 \u00a0 \u00a0 \u00a0 \u00a0 \u00a0 \u00a0 \u00a0 \u00a0Spa Regi\u00f3n Pacifico Chinandega Le\u00f3n Managua Carazo Masaya *Granada Rivas Regi\u00f3n Central Norte Madriz Jinotega Nueva Segovia Esteli Matagalpa Boaco [&hellip;]<\/p>\n","protected":false},"author":2,"featured_media":0,"parent":0,"menu_order":0,"comment_status":"closed","ping_status":"closed","template":"","meta":{"footnotes":""},"_links":{"self":[{"href":"https:\/\/nicaragua-travel-guide.com\/site\/wp-json\/wp\/v2\/pages\/5889"}],"collection":[{"href":"https:\/\/nicaragua-travel-guide.com\/site\/wp-json\/wp\/v2\/pages"}],"about":[{"href":"https:\/\/nicaragua-travel-guide.com\/site\/wp-json\/wp\/v2\/types\/page"}],"author":[{"embeddable":true,"href":"https:\/\/nicaragua-travel-guide.com\/site\/wp-json\/wp\/v2\/users\/2"}],"replies":[{"embeddable":true,"href":"https:\/\/nicaragua-travel-guide.com\/site\/wp-json\/wp\/v2\/comments?post=5889"}],"version-history":[{"count":25,"href":"https:\/\/nicaragua-travel-guide.com\/site\/wp-json\/wp\/v2\/pages\/5889\/revisions"}],"predecessor-version":[{"id":13682,"href":"https:\/\/nicaragua-travel-guide.com\/site\/wp-json\/wp\/v2\/pages\/5889\/revisions\/13682"}],"wp:attachment":[{"href":"https:\/\/nicaragua-travel-guide.com\/site\/wp-json\/wp\/v2\/media?parent=5889"}],"curies":[{"name":"wp","href":"https:\/\/api.w.org\/{rel}","templated":true}]}}