{"id":5951,"date":"2016-07-06T18:31:12","date_gmt":"2016-07-06T18:31:12","guid":{"rendered":"http:\/\/nicaragua-travel-guide.com\/site\/?page_id=5951"},"modified":"2016-08-15T20:53:46","modified_gmt":"2016-08-15T20:53:46","slug":"canopy-adventure-tour-volcan-mombacho-700-msnm-finca-el-progreso","status":"publish","type":"page","link":"https:\/\/nicaragua-travel-guide.com\/site\/canopy-adventure-tour-volcan-mombacho-700-msnm-finca-el-progreso\/","title":{"rendered":"Canopy Adventure Tour Volc\u00e1n MOMBACHO 700 msnm \u00abFinca el Progreso\u00bb"},"content":{"rendered":"<table style=\"width: 667px;\" border=\"0\">\n<tbody>\n<tr style=\"height: 35px;\">\n<td style=\"height: 35px; width: 662px;\" bgcolor=\"#006633\"><img loading=\"lazy\" decoding=\"async\" class=\"alignnone wp-image-11256\" src=\"http:\/\/nicaragua-travel-guide.com\/site\/wp-content\/uploads\/2016\/07\/headercanopymombotourhaciendael-progreso.jpg\" alt=\"headercanopymombotourhaciendael progreso\" width=\"654\" height=\"221\" srcset=\"https:\/\/nicaragua-travel-guide.com\/site\/wp-content\/uploads\/2016\/07\/headercanopymombotourhaciendael-progreso.jpg 1025w, https:\/\/nicaragua-travel-guide.com\/site\/wp-content\/uploads\/2016\/07\/headercanopymombotourhaciendael-progreso-600x202.jpg 600w\" sizes=\"(max-width: 654px) 100vw, 654px\" \/><\/td>\n<\/tr>\n<tr style=\"height: 12px;\">\n<td style=\"height: 12px; width: 662px; background-color: #c0f09c;\" bgcolor=\"#006633\">\n<p style=\"text-align: center;\"><strong>\u00a0 Siente tu Adrenalina! <\/strong><\/p>\n<p style=\"text-align: center;\"><strong>Canopy \u00a011 plataformas \u00a0 \u00a0<\/strong><strong>Hacienda Cafetalera \u00abEl Progreso\u00bb 700 msnm<\/strong><\/p>\n<\/td>\n<\/tr>\n<tr style=\"height: 578px;\">\n<td style=\"height: 578px; width: 662px; background-color: #ecfae8; border-color: #ecfae8;\" valign=\"top\" bgcolor=\"#CCFF99\"><strong>Descripci\u00f3n:<\/strong><\/p>\n<p>Saliendo de la ciudad con el medio de transporte a su elecci\u00f3n puede ser privado o publico acompa\u00f1ado de gu\u00eda bilingue que les brindara informaci\u00f3n general de nicaragua una vez en las faldas del Volc\u00e1n Mombacho podemos estar en mas contacto con la naturaleza la flora y fauna y el clima, bajo la sombra de sus grandes arboles de madera preciosa donde podemos respirar el aire puro, y si tenemos suerte podemos ver alguna especies de animales, pero lo mas emocionante de este recorrido es la aventura de saltar de una plataforma a otra desliz\u00e1ndonos en los cables con poleas harnes, son los mejores y mas modernos equipos, tan necesarios, harnes, guantes, cascos, los que nos facilitara hacer diferentes t\u00e9cnicas de lanzamiento acompa\u00f1ados por los gu\u00edas de canopy, esto nos generara adrenalina y emociones.<\/p>\n<p>En la hacienda El Progreso podemos tomar una tasita de caf\u00e9 gratis y disfrutar de la impresionante vista panor\u00e1mica y siente el clima bajo la sombra de los inmensos arboles, antes, durante y despu\u00e9s de hacer nuestro salto de aventura desde la primera plataforma del Canopy, son 11 plataformas, entre otras plataformas podemos hacer el salto colgados como tarzan, el paso en la cuerda floja que nos sacudir\u00e1 el cuerpo, la cuerda a prueba de fuerza y resistencia, y un rapel al final, Este es el canopy de aventura mas reciente y novedoso y con seguras t\u00e9cnicas de cables y rapel as\u00ed como sus din\u00e1micas de cambios, esta aventura incluye gu\u00edas bilingues que nos acompa\u00f1an y con los equipos como los podemos bajar y caminar por los senderos y subir a la siguiente plataforma, podemos pasar sobre los cafetales y ver sus florecimiento en la temporada y sus frutos. bajo la sombra de arboles de madera preciosa, tambi\u00e9n podemos escuchar y ver a los monos congos, si tenemos buena suerte tambi\u00e9n podremos ver otras especias de plantas y animales que habitan en bajo la sombra de los arboles de este bosque tropical h\u00famedo y nublado.<\/td>\n<\/tr>\n<tr style=\"height: 406px;\">\n<td style=\"height: 406px; width: 662px; background-color: #ecfae8; border-color: #ecfae8;\" valign=\"top\" bgcolor=\"#CCFF99\">\n<table style=\"width: 655px;\" border=\"0\">\n<tbody>\n<tr style=\"height: 22px;\">\n<td style=\"background-color: #9cde73; height: 22px; width: 35px;\" valign=\"top\" bgcolor=\"#006633\">Pax<\/td>\n<td style=\"background-color: #9cde73; height: 22px; width: 108px;\" align=\"center\" valign=\"top\" bgcolor=\"#006633\">Precio<\/td>\n<td style=\"background-color: #9cde73; height: 22px; width: 508px;\" align=\"center\" valign=\"top\" bgcolor=\"#006633\">Incluye:<\/td>\n<\/tr>\n<tr style=\"height: 22px;\">\n<td style=\"background-color: #74ba6e; height: 22px; width: 35px;\" valign=\"top\" bgcolor=\"#006633\">1<\/td>\n<td style=\"background-color: #daf2dd; height: 22px; width: 108px; text-align: left;\" align=\"center\" valign=\"top\" bgcolor=\"#CCFF99\">U$35 p\/p<\/td>\n<td style=\"background-color: #c4e6a8; height: 308.666748046875px; width: 508px;\" rowspan=\"14\" align=\"center\" valign=\"top\" bgcolor=\"#CCFF99\">&nbsp;<\/p>\n<p>&nbsp;<\/p>\n<p>Con transporte privado o publico podemos salir desde las 8:00 am y a cualquier hora lo mas tarde salimos a las 3:30 pm acompa\u00f1ados por Gioconda gu\u00eda nacional y cantante.<\/p>\n<p>Son 11 plataformas El Tour comienza con la primera plataforma hasta llegar a la ultima bajando en rappel eso toma 35 minutos para una persona con gu\u00edas, y se extiende el tiempo si hay mas personas.<\/td>\n<\/tr>\n<tr style=\"height: 22px;\">\n<td style=\"background-color: #74ba6e; height: 22px; width: 35px;\" valign=\"top\" bgcolor=\"#006633\">2<\/td>\n<td style=\"background-color: #daf2dd; height: 22px; width: 108px;\" bgcolor=\"#CCFF99\">U$30 p\/p<\/td>\n<\/tr>\n<tr style=\"height: 22px;\">\n<td style=\"background-color: #74ba6e; height: 22px; width: 35px;\" valign=\"top\" bgcolor=\"#006633\">3<\/td>\n<td style=\"background-color: #daf2dd; height: 22px; width: 108px;\" bgcolor=\"#CCFF99\">U$30 p\/p<\/td>\n<\/tr>\n<tr style=\"height: 22px;\">\n<td style=\"background-color: #74ba6e; height: 22px; width: 35px;\" valign=\"top\" bgcolor=\"#006633\">5<\/td>\n<td style=\"background-color: #daf2dd; height: 22px; width: 108px;\" bgcolor=\"#CCFF99\">U$30 p\/p<\/td>\n<\/tr>\n<tr style=\"height: 22.666748046875px;\">\n<td style=\"background-color: #74ba6e; height: 22.666748046875px; width: 35px;\" valign=\"top\" bgcolor=\"#006633\">6<\/td>\n<td style=\"background-color: #daf2dd; height: 22.666748046875px; width: 108px;\" bgcolor=\"#CCFF99\">U$30 p\/p<\/td>\n<\/tr>\n<tr style=\"height: 22px;\">\n<td style=\"background-color: #74ba6e; height: 22px; width: 35px;\" valign=\"top\" bgcolor=\"#006633\">7<\/td>\n<td style=\"background-color: #daf2dd; height: 22px; width: 108px;\" bgcolor=\"#CCFF99\">U$30 p\/p<\/td>\n<\/tr>\n<tr style=\"height: 22px;\">\n<td style=\"background-color: #74ba6e; height: 22px; width: 35px;\" valign=\"top\" bgcolor=\"#006633\">8<\/td>\n<td style=\"background-color: #daf2dd; height: 22px; width: 108px;\" bgcolor=\"#CCFF99\">U$30 p\/p<\/td>\n<\/tr>\n<tr style=\"height: 22px;\">\n<td style=\"background-color: #74ba6e; height: 22px; width: 35px;\" valign=\"top\" bgcolor=\"#006633\">9<\/td>\n<td style=\"background-color: #daf2dd; height: 22px; width: 108px;\" bgcolor=\"#CCFF99\">U$30 p\/p<\/td>\n<\/tr>\n<tr style=\"height: 22px;\">\n<td style=\"background-color: #74ba6e; height: 22px; width: 35px;\" valign=\"top\" bgcolor=\"#006633\">10<\/td>\n<td style=\"background-color: #daf2dd; height: 22px; width: 108px;\" bgcolor=\"#CCFF99\">U$28.75 p\/p<\/td>\n<\/tr>\n<tr style=\"height: 22px;\">\n<td style=\"background-color: #74ba6e; height: 22px; width: 35px;\" valign=\"top\" bgcolor=\"#006633\">11<\/td>\n<td style=\"background-color: #daf2dd; height: 22px; width: 108px;\" bgcolor=\"#CCFF99\">U$28.75 p\/p<\/td>\n<\/tr>\n<tr style=\"height: 22px;\">\n<td style=\"background-color: #74ba6e; height: 22px; width: 35px;\" valign=\"top\" bgcolor=\"#006633\">12<\/td>\n<td style=\"background-color: #daf2dd; height: 22px; width: 108px;\" bgcolor=\"#CCFF99\">U$25.75 p\/p<\/td>\n<\/tr>\n<tr style=\"height: 22px;\">\n<td style=\"background-color: #74ba6e; height: 22px; width: 35px;\" bgcolor=\"#006633\">13<\/td>\n<td style=\"background-color: #daf2dd; height: 22px; width: 108px;\" bgcolor=\"#CCFF99\">U$25.75 p\/p<\/td>\n<\/tr>\n<tr style=\"height: 22px;\">\n<td style=\"background-color: #74ba6e; height: 22px; width: 35px;\" bgcolor=\"#006633\">14<\/td>\n<td style=\"background-color: #daf2dd; height: 22px; width: 108px;\" bgcolor=\"#CCFF99\">$25.00 \u00a0p\/p<\/td>\n<\/tr>\n<tr style=\"height: 22px;\">\n<td style=\"background-color: #74ba6e; height: 22px; width: 35px;\" bgcolor=\"#006633\">15<\/td>\n<td style=\"background-color: #daf2dd; height: 22px; width: 108px;\" bgcolor=\"#CCFF99\">$20.00 \u00a0p\/P<\/td>\n<\/tr>\n<\/tbody>\n<\/table>\n<\/td>\n<\/tr>\n<tr style=\"height: 603px;\">\n<td style=\"height: 603px; width: 662px; background-color: #ecfae8; border-color: #ecfae8;\" valign=\"top\" bgcolor=\"#CCFF99\"><strong>Salida de Granada: todos los dias.<\/strong><\/p>\n<p>&nbsp;<\/p>\n<p><strong>En el Eco m\u00f3vil del Canopy<\/strong>:<\/p>\n<p>&nbsp;<\/p>\n<p>Transporte Ida y vuelta,capacidad para 20 personas.<\/p>\n<p>&nbsp;<\/p>\n<p><strong>Incluye:\u00a0<\/strong> gu\u00edas.<\/p>\n<p>&nbsp;<\/p>\n<p>Precio por persona.<\/p>\n<p>&nbsp;<\/p>\n<p><strong>En bus publico:<\/strong><\/p>\n<p>&nbsp;<\/p>\n<p>Para una persona con gu\u00eda desde la ciudad el precio es de $35<\/p>\n<p>dos personas $30<\/p>\n<p>mas de 10 personas hay descuento hasta por $25 por persona<\/p>\n<p>&nbsp;<\/p>\n<p><strong>Incluye:<\/strong><\/p>\n<p>&nbsp;<\/p>\n<p>Gu\u00eda nacional y cantante, que ofrece un complemento art\u00edstico, antes de salir de la ciudad nuestra exclusiva gu\u00eda cantara 2 canciones nacionales vestida con un vestido tradicional folcl\u00f3rico de nicaragua , si desean las j\u00f3venes turistas pueden tomarse fotos con otro vestido ofrecido por Gioconda para que se lleven mas recuerdos de esta oferta, tiene 11 vestidos de distintos colores disponible, tambi\u00e9n brindara informaci\u00f3n general de geolog\u00eda, historia flora y volcanes, hist\u00f3rica y cultural o generalidades en especial de granada, o seg\u00fan sea la elecci\u00f3n o el inter\u00e9s de saber de los turistas. tambi\u00e9n podemos reunirnos en su hotel, o en el local de tours opera Gioconda, para esperar el transporte, podemos reunirnos en otro sitio de inter\u00e9s tur\u00edstico, podr\u00eda ser incluido visitar el cementerio mientras esperamos el veh\u00edculo que nos llevara al canopy.<\/p>\n<p><strong>El Transporte es una opci\u00f3n a elecci\u00f3n del cliente.<\/strong><\/td>\n<\/tr>\n<tr style=\"height: 19px;\">\n<td style=\"height: 19px; width: 662px; background-color: #61b322;\" valign=\"top\" bgcolor=\"#CCFF99\">Por mayor informaci\u00f3n y reservaci\u00f3n <strong>Contactarnos<\/strong><\/td>\n<\/tr>\n<\/tbody>\n<\/table>\n","protected":false},"excerpt":{"rendered":"<p>\u00a0 Siente tu Adrenalina! Canopy \u00a011 plataformas \u00a0 \u00a0Hacienda Cafetalera \u00abEl Progreso\u00bb 700 msnm Descripci\u00f3n: Saliendo de la ciudad con el medio de transporte a su elecci\u00f3n puede ser privado o publico acompa\u00f1ado de gu\u00eda bilingue que les brindara informaci\u00f3n general de nicaragua una vez en las faldas del Volc\u00e1n Mombacho podemos estar en mas [&hellip;]<\/p>\n","protected":false},"author":2,"featured_media":0,"parent":0,"menu_order":0,"comment_status":"closed","ping_status":"closed","template":"","meta":{"footnotes":""},"_links":{"self":[{"href":"https:\/\/nicaragua-travel-guide.com\/site\/wp-json\/wp\/v2\/pages\/5951"}],"collection":[{"href":"https:\/\/nicaragua-travel-guide.com\/site\/wp-json\/wp\/v2\/pages"}],"about":[{"href":"https:\/\/nicaragua-travel-guide.com\/site\/wp-json\/wp\/v2\/types\/page"}],"author":[{"embeddable":true,"href":"https:\/\/nicaragua-travel-guide.com\/site\/wp-json\/wp\/v2\/users\/2"}],"replies":[{"embeddable":true,"href":"https:\/\/nicaragua-travel-guide.com\/site\/wp-json\/wp\/v2\/comments?post=5951"}],"version-history":[{"count":11,"href":"https:\/\/nicaragua-travel-guide.com\/site\/wp-json\/wp\/v2\/pages\/5951\/revisions"}],"predecessor-version":[{"id":11263,"href":"https:\/\/nicaragua-travel-guide.com\/site\/wp-json\/wp\/v2\/pages\/5951\/revisions\/11263"}],"wp:attachment":[{"href":"https:\/\/nicaragua-travel-guide.com\/site\/wp-json\/wp\/v2\/media?parent=5951"}],"curies":[{"name":"wp","href":"https:\/\/api.w.org\/{rel}","templated":true}]}}