{"id":5970,"date":"2016-07-06T20:17:04","date_gmt":"2016-07-06T20:17:04","guid":{"rendered":"http:\/\/nicaragua-travel-guide.com\/site\/?page_id=5970"},"modified":"2016-08-24T20:08:59","modified_gmt":"2016-08-24T20:08:59","slug":"granada-city-tour-museo-antiguo-convento-san-francisco","status":"publish","type":"page","link":"https:\/\/nicaragua-travel-guide.com\/site\/granada-city-tour-museo-antiguo-convento-san-francisco\/","title":{"rendered":"Granada City Tour Museo Antiguo Convento San Francisco"},"content":{"rendered":"<table style=\"width: 725px;\" border=\"0\">\n<tbody>\n<tr style=\"height: 1px;\">\n<td style=\"height: 1px; width: 20px;\" colspan=\"2\" bgcolor=\"#FFFF00\"><img loading=\"lazy\" decoding=\"async\" class=\"alignnone wp-image-12288\" src=\"http:\/\/nicaragua-travel-guide.com\/site\/wp-content\/uploads\/2016\/07\/granada-tour-caminando-una-hora-con-el-museo-convento.jpg\" alt=\"granada tour caminando una hora con el museo convento\" width=\"726\" height=\"254\" \/><\/td>\n<\/tr>\n<tr style=\"height: 25px;\">\n<td style=\"height: 25px; width: 20px; background-color: #fafa0c;\" colspan=\"2\" bgcolor=\"#FFFF00\">Tour Museo Antiguo Convento + Iglesia de San Francisco \u00bb colecci\u00f3n de \u00cddolos precolombinos\u00bb<\/td>\n<\/tr>\n<tr style=\"height: 25px;\">\n<td style=\"height: 25px; width: 20px; background-color: #99d419;\" colspan=\"2\" bgcolor=\"#009900\">Descripci\u00f3n:El Centro Cultural Convento San Francisco es un Museo ubicado contiguo a la antigua Iglesia San Francisco. El museo ofrece una linda colecci\u00f3n de objetos hist\u00f3ricos, pinturas y estatuas. En algunos salones hay exhibiciones permanentes, mientras otros tienen un tema diferente cada cierto tiempo.<\/p>\n<p>&nbsp;<\/p>\n<p>Las Estatuas Precolombinas de la Isla Zapatera forma parte de la colecci\u00f3n permanente. \u00c9stas datan de los a\u00f1os 800 a 1200 D.C. Hay 28 objetos altos que fueron esculpidos por los ind\u00edgenas de la Isla Zapatera (localizada en el Lago de Nicaragua).<\/p>\n<p>La historia de Granada est\u00e1 representada en 31 fotos del per\u00edodo 1890 \u2013 1940. Hay tambi\u00e9n una maqueta reciente de Granada, la cual le dar\u00e1 una idea de c\u00f3mo est\u00e1 organizada la ciudad hoy en d\u00eda.<\/p>\n<p>&nbsp;<\/p>\n<p>Hay 27 obras de pintores famosos del archipi\u00e9lago de Solentiname. Las pinturas de \u00f3leo son Pinturas Primitivas, un tipo de pintura nicarag\u00fcense que se ha hecho muy famosa internacional mente. En Solentiname todav\u00eda hay una Escuela de Pintura Primitiva y a\u00fan se produce este estilo de pintura propio del archipi\u00e9lago.<\/p>\n<p>&nbsp;<\/p>\n<p>Las otras exposiciones muestran descubrimientos arqueol\u00f3gicos y otros objetos que muestran m\u00e1s acerca de la historia de Nicaragua. El museo est\u00e1 ubicado en un antiguo convento colonial, con un bello patio interno.<\/p>\n<p>&nbsp;<\/td>\n<\/tr>\n<tr style=\"height: 26px;\">\n<td style=\"height: 26px; width: 20px; background-color: #fafa0c;\" colspan=\"2\" valign=\"top\" bgcolor=\"#FFFF00\"><span style=\"font-family: inherit; font-size: inherit; line-height: 1.5;\">Incluye:<\/span><\/p>\n<ul>\n<li>Gu\u00eda\u00a0Nacional certificado \u00a0biligue, \u00a0quien explicar\u00e1 m\u00e1s detalles\u00a0hist\u00f3ricos.<\/li>\n<li>Entrada al museo media hora<\/li>\n<li>Este tour \u00a0es \u00a0 de \u00a01 hora caminando.<\/li>\n<\/ul>\n<p><span style=\"font-family: inherit; font-size: inherit; line-height: 1.5;\">\u00a0 <\/span><\/p>\n<p><span style=\"font-family: inherit; font-size: inherit; line-height: 1.5;\">\u00a0<strong>Precio: US$10 p\/p &#8211; M\u00ednimo 2 personas<\/strong><\/span><\/td>\n<\/tr>\n<tr style=\"height: 26px;\">\n<td style=\"height: 26px; width: 20px;\" colspan=\"2\" bgcolor=\"#009900\"><img loading=\"lazy\" decoding=\"async\" class=\"alignnone wp-image-12290\" src=\"http:\/\/nicaragua-travel-guide.com\/site\/wp-content\/uploads\/2016\/07\/granada-tour-caminando-con-entrada-al-museo-convento-dos-horas.jpg\" alt=\"granada tour caminando con entrada al museo convento dos horas\" width=\"729\" height=\"255\" \/><\/td>\n<\/tr>\n<tr style=\"height: 26px;\">\n<td style=\"height: 26px; width: 20px; background-color: #b3e882;\" colspan=\"2\" bgcolor=\"#009900\">Por mayor informaci\u00f3n y reservacion <strong>Contactarnos<\/strong><\/td>\n<\/tr>\n<\/tbody>\n<\/table>\n","protected":false},"excerpt":{"rendered":"<p>Tour Museo Antiguo Convento + Iglesia de San Francisco \u00bb colecci\u00f3n de \u00cddolos precolombinos\u00bb Descripci\u00f3n:El Centro Cultural Convento San Francisco es un Museo ubicado contiguo a la antigua Iglesia San Francisco. El museo ofrece una linda colecci\u00f3n de objetos hist\u00f3ricos, pinturas y estatuas. En algunos salones hay exhibiciones permanentes, mientras otros tienen un tema diferente [&hellip;]<\/p>\n","protected":false},"author":2,"featured_media":0,"parent":0,"menu_order":0,"comment_status":"closed","ping_status":"closed","template":"","meta":{"footnotes":""},"_links":{"self":[{"href":"https:\/\/nicaragua-travel-guide.com\/site\/wp-json\/wp\/v2\/pages\/5970"}],"collection":[{"href":"https:\/\/nicaragua-travel-guide.com\/site\/wp-json\/wp\/v2\/pages"}],"about":[{"href":"https:\/\/nicaragua-travel-guide.com\/site\/wp-json\/wp\/v2\/types\/page"}],"author":[{"embeddable":true,"href":"https:\/\/nicaragua-travel-guide.com\/site\/wp-json\/wp\/v2\/users\/2"}],"replies":[{"embeddable":true,"href":"https:\/\/nicaragua-travel-guide.com\/site\/wp-json\/wp\/v2\/comments?post=5970"}],"version-history":[{"count":9,"href":"https:\/\/nicaragua-travel-guide.com\/site\/wp-json\/wp\/v2\/pages\/5970\/revisions"}],"predecessor-version":[{"id":12292,"href":"https:\/\/nicaragua-travel-guide.com\/site\/wp-json\/wp\/v2\/pages\/5970\/revisions\/12292"}],"wp:attachment":[{"href":"https:\/\/nicaragua-travel-guide.com\/site\/wp-json\/wp\/v2\/media?parent=5970"}],"curies":[{"name":"wp","href":"https:\/\/api.w.org\/{rel}","templated":true}]}}