{"id":5983,"date":"2016-07-06T21:36:52","date_gmt":"2016-07-06T21:36:52","guid":{"rendered":"http:\/\/nicaragua-travel-guide.com\/site\/?page_id=5983"},"modified":"2016-07-06T21:39:13","modified_gmt":"2016-07-06T21:39:13","slug":"guia-de-medicos-especialistas-en-granada-nicaragua","status":"publish","type":"page","link":"https:\/\/nicaragua-travel-guide.com\/site\/guia-de-medicos-especialistas-en-granada-nicaragua\/","title":{"rendered":"Gu\u00eda de M\u00e9dicos especialistas en Granada Nicaragua"},"content":{"rendered":"<table style=\"width: 904px;\" border=\"0\">\n<tbody>\n<tr style=\"height: 53px;\">\n<td style=\"height: 53px; width: 897px;\" colspan=\"5\" valign=\"top\" bgcolor=\"#FFFFFF\"><img loading=\"lazy\" decoding=\"async\" class=\"alignnone wp-image-5280\" src=\"http:\/\/nicaragua-travel-guide.com\/site\/wp-content\/uploads\/2016\/06\/header-guia-de-especialidades-de-salud-y-belleza-nicaragua.jpg\" alt=\"header guia de especialidades de salud y belleza nicaragua\" width=\"927\" height=\"312\" srcset=\"https:\/\/nicaragua-travel-guide.com\/site\/wp-content\/uploads\/2016\/06\/header-guia-de-especialidades-de-salud-y-belleza-nicaragua.jpg 1025w, https:\/\/nicaragua-travel-guide.com\/site\/wp-content\/uploads\/2016\/06\/header-guia-de-especialidades-de-salud-y-belleza-nicaragua-600x202.jpg 600w\" sizes=\"(max-width: 927px) 100vw, 927px\" \/><\/td>\n<\/tr>\n<tr style=\"height: 10px;\">\n<td style=\"height: 10px; width: 897px;\" colspan=\"5\" valign=\"top\" bgcolor=\"#FFFFFF\">Con atenci\u00f3n personalizada m\u00e9dicos profesionales de distintas especialidades de belleza y salud con asistencia privada seg\u00fan sea tu necesidad con la tecnolog\u00eda m\u00e1s moderna y avanzada. si todo lo que necesitas es mucha fe, oraci\u00f3n y agua milagrosa para tomar y sanar tambi\u00e9n le recomendamos visitar la casa natal de sor Maria Romero.<\/td>\n<\/tr>\n<tr style=\"height: 12px;\">\n<td style=\"height: 12px; width: 897px;\" colspan=\"5\" valign=\"top\" bgcolor=\"#FFFFFF\"><img loading=\"lazy\" decoding=\"async\" src=\"http:\/\/www.nicaragua-travel-guide.com\/img-index\/headermedicodentista.jpg\" width=\"1011\" height=\"345\" \/><\/td>\n<\/tr>\n<tr style=\"height: 24px;\">\n<td style=\"height: 24px; width: 221.135px;\" bgcolor=\"#99FFFF\">Medico Cirujano General<\/td>\n<td style=\"height: 24px; width: 169.865px;\" bgcolor=\"#99FFFF\">Cl\u00ednica de Belleza<\/td>\n<td style=\"height: 24px; width: 183px;\" bgcolor=\"#99FFFF\"><a href=\"http:\/\/www.nicaragua-travel-guide.com\/guiadeclinicasdesaludysalondebellezamasagespagranada.html\">Masajes<\/a><\/td>\n<td style=\"height: 24px; width: 157px;\" bgcolor=\"#99FFFF\">Salon de Belleza<\/td>\n<td style=\"height: 24px; width: 166px;\" bgcolor=\"#CCFFFF\">Atencion Psicologica<\/td>\n<\/tr>\n<tr style=\"height: 24px;\">\n<td style=\"height: 24px; width: 221.135px;\" bgcolor=\"#FFFFFF\">Cirug\u00eda Pl\u00e1stica<\/td>\n<td style=\"height: 24px; width: 169.865px;\" bgcolor=\"#FFFFFF\"><a href=\"http:\/\/www.nicaragua-travel-guide.com\/clinicadepilacionlasertratamientosdesaludybelleza.html\">Depilacion l\u00e1ser<\/a><\/td>\n<td style=\"height: 24px; width: 183px;\" bgcolor=\"#FFFFFF\">Psicoterapia<\/td>\n<td style=\"height: 24px; width: 157px;\" bgcolor=\"#FFFFFF\">Corte de pelo<\/td>\n<td style=\"height: 24px; width: 166px;\" bgcolor=\"#FFFFFF\">Atencion a Ni\u00f1os<\/td>\n<\/tr>\n<tr style=\"height: 48px;\">\n<td style=\"height: 48px; width: 221.135px;\" bgcolor=\"#FFFFFF\">Dentistas<\/td>\n<td style=\"height: 48px; width: 169.865px;\" bgcolor=\"#FFFFFF\">Liposucci\u00f3n<\/td>\n<td style=\"height: 48px; width: 183px;\" bgcolor=\"#FFFFFF\"><strong>Reflexology<\/strong><\/td>\n<td style=\"height: 48px; width: 157px;\" bgcolor=\"#FFFFFF\">Peinados<\/td>\n<td style=\"height: 48px; width: 166px;\" bgcolor=\"#FFFFFF\">Desorden y Trastornos<\/td>\n<\/tr>\n<tr style=\"height: 24px;\">\n<td style=\"height: 24px; width: 221.135px;\" bgcolor=\"#FFFFFF\">Colonocoscopia<\/td>\n<td style=\"height: 24px; width: 169.865px;\" bgcolor=\"#FFFFFF\">Criolipolisis<\/td>\n<td style=\"height: 24px; width: 183px;\" bgcolor=\"#FFFFFF\">Apucuntura<\/td>\n<td style=\"height: 24px; width: 157px;\" bgcolor=\"#FFFFFF\">Maquillaje<\/td>\n<td style=\"height: 24px; width: 166px;\" bgcolor=\"#FFFFFF\">Plan Nutricional<\/td>\n<\/tr>\n<tr style=\"height: 48px;\">\n<td style=\"height: 48px; width: 221.135px;\" bgcolor=\"#FFFFFF\">Optometristas<\/td>\n<td style=\"height: 48px; width: 169.865px;\" bgcolor=\"#FFFFFF\">Lifting Facial<\/td>\n<td style=\"height: 48px; width: 183px;\" bgcolor=\"#FFFFFF\">Masaje Terapeuticos<\/td>\n<td style=\"height: 48px; width: 157px;\" bgcolor=\"#FFFFFF\">Manicure &amp; Pedicure<\/td>\n<td style=\"height: 48px; width: 166px;\" bgcolor=\"#FFFFFF\">Paquetes para adelgazar<\/td>\n<\/tr>\n<tr style=\"height: 25px;\">\n<td style=\"height: 25px; width: 221.135px;\" bgcolor=\"#FFFFFF\"><a href=\"http:\/\/www.nicaragua-travel-guide.com\/especialistaenmedicinainternaycardiologiadrulisesalejandrohuetemaltes.html\">Cardiolog\u00eda<\/a><\/td>\n<td style=\"height: 25px; width: 169.865px;\" bgcolor=\"#FFFFFF\">Rejuvenecimiento<\/td>\n<td style=\"height: 25px; width: 183px;\" bgcolor=\"#FFFFFF\"><strong>Chiropractic Massage<\/strong><\/td>\n<td style=\"height: 25px; width: 157px;\" bgcolor=\"#FFFFFF\">Aplicacion de Tratamientos<\/td>\n<td style=\"height: 25px; width: 166px;\" bgcolor=\"#FFFFFF\"><\/td>\n<\/tr>\n<tr style=\"height: 25px;\">\n<td style=\"height: 25px; width: 221.135px;\" bgcolor=\"#FFFFFF\"><a href=\"http:\/\/www.nicaragua-travel-guide.com\/especialistaenmedicinainternaycardiologiadrulisesalejandrohuetemaltes.html\">Medicina Interna<\/a><\/td>\n<td style=\"height: 25px; width: 169.865px;\" bgcolor=\"#FFFFFF\">Flacidez y Celulitis<\/td>\n<td style=\"height: 25px; width: 183px;\" bgcolor=\"#FFFFFF\"><strong>Chinese Cupping Therapy<\/strong><\/td>\n<td style=\"height: 25px; width: 157px;\" bgcolor=\"#FFFFFF\">Tratamiento Facial (acne)<\/td>\n<td style=\"height: 25px; width: 166px;\" bgcolor=\"#FFFFFF\"><\/td>\n<\/tr>\n<tr style=\"height: 25px;\">\n<td style=\"height: 25px; width: 221.135px;\" bgcolor=\"#FFFFFF\">Cardi\u00f3logo<\/td>\n<td style=\"height: 25px; width: 169.865px;\" bgcolor=\"#FFFFFF\">Levantamiento de bustos y gluteo<\/td>\n<td style=\"height: 25px; width: 183px;\" bgcolor=\"#FFFFFF\"><strong>Hot Stone Therapy<\/strong><\/td>\n<td style=\"height: 25px; width: 157px;\" bgcolor=\"#FFFFFF\">Masage facial<\/td>\n<td style=\"height: 25px; width: 166px;\" bgcolor=\"#FFFFFF\"><\/td>\n<\/tr>\n<tr style=\"height: 25px;\">\n<td style=\"height: 25px; width: 221.135px;\" bgcolor=\"#FFFFFF\"><\/td>\n<td style=\"height: 25px; width: 169.865px;\" bgcolor=\"#FFFFFF\">Eliminacion de ara\u00f1itas Vasculares<\/td>\n<td style=\"height: 25px; width: 183px;\" bgcolor=\"#FFFFFF\"><strong>Shiatsu Massage<\/strong><\/td>\n<td style=\"height: 25px; width: 157px;\" bgcolor=\"#FFFFFF\"><\/td>\n<td style=\"height: 25px; width: 166px;\" bgcolor=\"#FFFFFF\"><\/td>\n<\/tr>\n<tr style=\"height: 25px;\">\n<td style=\"height: 25px; width: 897px;\" colspan=\"5\" bgcolor=\"#FFFFFF\">\u00a0Ofrecemos paquetes, Haga su combo para todo el a\u00f1o!<\/td>\n<\/tr>\n<tr style=\"height: 25px;\">\n<td style=\"height: 25px; width: 897px;\" colspan=\"5\" bgcolor=\"#FFFFFF\"><img loading=\"lazy\" decoding=\"async\" src=\"http:\/\/www.nicaragua-travel-guide.com\/img-index\/headermedicoscirujanos.jpg\" width=\"1011\" height=\"345\" \/><\/td>\n<\/tr>\n<tr style=\"height: 25px;\">\n<td style=\"height: 25px; width: 574px;\" colspan=\"3\" bgcolor=\"#FFFFFF\">Por informaci\u00f3n y reservacion Contactarnos<\/td>\n<\/tr>\n<\/tbody>\n<\/table>\n","protected":false},"excerpt":{"rendered":"<p>Con atenci\u00f3n personalizada m\u00e9dicos profesionales de distintas especialidades de belleza y salud con asistencia privada seg\u00fan sea tu necesidad con la tecnolog\u00eda m\u00e1s moderna y avanzada. si todo lo que necesitas es mucha fe, oraci\u00f3n y agua milagrosa para tomar y sanar tambi\u00e9n le recomendamos visitar la casa natal de sor Maria Romero. Medico Cirujano [&hellip;]<\/p>\n","protected":false},"author":2,"featured_media":0,"parent":0,"menu_order":0,"comment_status":"closed","ping_status":"closed","template":"","meta":{"footnotes":""},"_links":{"self":[{"href":"https:\/\/nicaragua-travel-guide.com\/site\/wp-json\/wp\/v2\/pages\/5983"}],"collection":[{"href":"https:\/\/nicaragua-travel-guide.com\/site\/wp-json\/wp\/v2\/pages"}],"about":[{"href":"https:\/\/nicaragua-travel-guide.com\/site\/wp-json\/wp\/v2\/types\/page"}],"author":[{"embeddable":true,"href":"https:\/\/nicaragua-travel-guide.com\/site\/wp-json\/wp\/v2\/users\/2"}],"replies":[{"embeddable":true,"href":"https:\/\/nicaragua-travel-guide.com\/site\/wp-json\/wp\/v2\/comments?post=5983"}],"version-history":[{"count":3,"href":"https:\/\/nicaragua-travel-guide.com\/site\/wp-json\/wp\/v2\/pages\/5983\/revisions"}],"predecessor-version":[{"id":5986,"href":"https:\/\/nicaragua-travel-guide.com\/site\/wp-json\/wp\/v2\/pages\/5983\/revisions\/5986"}],"wp:attachment":[{"href":"https:\/\/nicaragua-travel-guide.com\/site\/wp-json\/wp\/v2\/media?parent=5983"}],"curies":[{"name":"wp","href":"https:\/\/api.w.org\/{rel}","templated":true}]}}