{"id":5994,"date":"2016-07-06T22:20:58","date_gmt":"2016-07-06T22:20:58","guid":{"rendered":"http:\/\/nicaragua-travel-guide.com\/site\/?page_id=5994"},"modified":"2020-03-24T23:48:05","modified_gmt":"2020-03-25T05:48:05","slug":"kayaks-cortez-entre-las-isletas-de-granada-por-horas","status":"publish","type":"page","link":"https:\/\/nicaragua-travel-guide.com\/site\/kayaks-cortez-entre-las-isletas-de-granada-por-horas\/","title":{"rendered":"Kayaks Cort\u00e9z Granada"},"content":{"rendered":"<section class=\"wpb-content-wrapper\"><p>[vc_row][vc_column][vc_single_image image=\u00bb5056&#8243; img_size=\u00bbfull\u00bb alignment=\u00bbcenter\u00bb][\/vc_column][\/vc_row][vc_row][vc_column][vc_row_inner][vc_column_inner][vc_column_text css=\u00bb.vc_custom_1584480509361{background-color: #b2d69a !important;}\u00bb]<\/p>\n<p style=\"text-align: center;\"><strong>Kayaks desde las caba\u00f1as, recorrido \u00a0entre las Isletas de Granada<\/strong><\/p>\n<p>[\/vc_column_text][\/vc_column_inner][\/vc_row_inner][\/vc_column][\/vc_row][vc_row][vc_column][vc_row_inner][vc_column_inner][vc_column_text css=\u00bb.vc_custom_1584479825755{background-color: #dcede5 !important;}\u00bb]Kayaks pl\u00e1sticos y chalecos que resisten m\u00e1s de 250 libras, para realizar un recorrido entre las tranquilas aguas del gran lago y sobre todo entre las Isletas de granada, donde podr\u00e1s observar la flora y la fauna abundante, su gente local, pescadores, mujeres lavando ropa, islas naturales y habitadas y modernos edificios de muchos colores y contrastes, tambien se puede ver un cementerio local en una peque\u00f1a isla, en otra isla puedes ver la fortaleza hist\u00f3rica, y mas lejos la isla de los monos a los que se le pueden tomar fotos, sin acercarse mucho, y si quieres alquilar el kayak por mas tiempo puedes ver mas rincones y vueltas hasta el Astillero donde arman y fabrican los barcos principales de transporte en el lago y el descanso del resto de un famoso vapor.[\/vc_column_text][\/vc_column_inner][\/vc_row_inner][\/vc_column][\/vc_row][vc_row][vc_column width=\u00bb1\/3&#8243;][vc_column_text css=\u00bb.vc_custom_1584481800317{background-color: #d4dd4f !important;}\u00bb]Horas:<\/p>\n<p>Alquiler de equipos sin gu\u00eda<\/p>\n<p>2 horas:\u00a0 \u00a0U$15 pp<\/p>\n<p>Kayaks Tour Guiado<\/p>\n<p>2 1\/2 :\u00a0 \u00a0 U$30 pp<\/p>\n<p>3 horas: U$35 pp<\/p>\n<p>[\/vc_column_text][\/vc_column][vc_column width=\u00bb1\/3&#8243;][vc_column_text css=\u00bb.vc_custom_1584481925288{background-color: #d6e89d !important;}\u00bb]Alquiler de Kayaks<\/p>\n<p>*Sin gu\u00eda<\/p>\n<p>*Con gu\u00eda<\/p>\n<p>M\u00ednimo una persona.<\/p>\n<p>Descuento para grupo.[\/vc_column_text][\/vc_column][vc_column width=\u00bb1\/3&#8243;][vc_column_text css=\u00bb.vc_custom_1584480457258{background-color: #b2d69a !important;}\u00bb]Los horarios de salida de los tours generalmente lo elige usted, nuestro gu\u00eda nacional y cantante bilingue \u201cTours Opera Gioconda\u201d reuni\u00e9ndose en su recepci\u00f3n, donde usted lo disponga, para brindarles transporte con informaci\u00f3n general a su elecci\u00f3n tambien cantara dos canciones nacionales y tomar fotograf\u00eda con vestido folcl\u00f3rico tradicional antes de salir.[\/vc_column_text][\/vc_column][\/vc_row][vc_row][vc_column][\/vc_column][\/vc_row][vc_row][vc_column][vc_column_text css=\u00bb.vc_custom_1584480939672{background-color: #aad68b !important;}\u00bb]<strong>Horarios:<\/strong><\/p>\n<ul>\n<li>Por la ma\u00f1ana desde las 7:30 am hasta las 10:00 am (2 horas y media)<\/li>\n<li>tiempo del tour 3:00 horas. Es recomendable.<\/li>\n<li>Si el cliente lo desea en la tarde desde 2:00 pm-<\/li>\n<li>Opci\u00f3n del cliente elegir la hora de salida y tiempo del tour.<\/li>\n<li>Por la tarde con menos calor buscamos la puesta del sol saliendo desde las 2:30 pm \u2013 hasta las 5:30 pm final.<\/li>\n<\/ul>\n<p>[\/vc_column_text][\/vc_column][\/vc_row][vc_row css=\u00bb.vc_custom_1585115274137{background-color: #558967 !important;}\u00bb][vc_column width=\u00bb1\/4&#8243;]\n<div class=\"wpcf7 no-js\" id=\"wpcf7-f15842-o1\" lang=\"es-ES\" dir=\"ltr\">\n<div class=\"screen-reader-response\"><p role=\"status\" aria-live=\"polite\" aria-atomic=\"true\"><\/p> <ul><\/ul><\/div>\n<form action=\"\/site\/wp-json\/wp\/v2\/pages\/5994#wpcf7-f15842-o1\" method=\"post\" class=\"wpcf7-form init\" aria-label=\"Formulario de contacto\" novalidate=\"novalidate\" data-status=\"init\">\n<div style=\"display: none;\">\n<input type=\"hidden\" name=\"_wpcf7\" value=\"15842\" \/>\n<input type=\"hidden\" name=\"_wpcf7_version\" value=\"5.8\" \/>\n<input type=\"hidden\" name=\"_wpcf7_locale\" value=\"es_ES\" \/>\n<input type=\"hidden\" name=\"_wpcf7_unit_tag\" value=\"wpcf7-f15842-o1\" \/>\n<input type=\"hidden\" name=\"_wpcf7_container_post\" value=\"0\" \/>\n<input type=\"hidden\" name=\"_wpcf7_posted_data_hash\" value=\"\" \/>\n<\/div>\n<p><label> Tu nombre (requerido)<br \/>\n<span class=\"wpcf7-form-control-wrap\" data-name=\"your-name\"><input size=\"40\" class=\"wpcf7-form-control wpcf7-text wpcf7-validates-as-required\" aria-required=\"true\" aria-invalid=\"false\" value=\"\" type=\"text\" name=\"your-name\" \/><\/span> <\/label>\n<\/p>\n<p><label> Tu correo electr\u00f3nico (requerido)<br \/>\n<span class=\"wpcf7-form-control-wrap\" data-name=\"your-email\"><input size=\"40\" class=\"wpcf7-form-control wpcf7-email wpcf7-validates-as-required wpcf7-text wpcf7-validates-as-email\" aria-required=\"true\" aria-invalid=\"false\" value=\"\" type=\"email\" name=\"your-email\" \/><\/span> <\/label>\n<\/p>\n<p><label> Asunto<br \/>\n<span class=\"wpcf7-form-control-wrap\" data-name=\"your-subject\"><input size=\"40\" class=\"wpcf7-form-control wpcf7-text\" aria-invalid=\"false\" value=\"\" type=\"text\" name=\"your-subject\" \/><\/span> <\/label>\n<\/p>\n<p><label> Tu mensaje<br \/>\n<span class=\"wpcf7-form-control-wrap\" data-name=\"your-message\"><textarea cols=\"40\" rows=\"10\" class=\"wpcf7-form-control wpcf7-textarea\" aria-invalid=\"false\" name=\"your-message\"><\/textarea><\/span> <\/label>\n<\/p>\n<p><input class=\"wpcf7-form-control wpcf7-submit has-spinner\" type=\"submit\" value=\"Enviar\" \/>\n<\/p><div class=\"wpcf7-response-output\" aria-hidden=\"true\"><\/div>\n<\/form>\n<\/div>\n[\/vc_column][vc_column width=\u00bb3\/4&#8243;][vc_column_text]<\/p>\n<div style=\"width: 854px;\" class=\"wp-video\"><!--[if lt IE 9]><script>document.createElement('video');<\/script><![endif]-->\n<video class=\"wp-video-shortcode\" id=\"video-5994-1\" width=\"854\" height=\"480\" preload=\"metadata\" controls=\"controls\"><source type=\"video\/mp4\" src=\"https:\/\/nicaragua-travel-guide.com\/site\/wp-content\/uploads\/2020\/03\/Nicaragua-Travel-Guide-Promocion-Kayaks-Tours-Guiado-Alquiler-de-Kayaks-entre-las-Isletas-de-Granada.mp4?_=1\" \/><a href=\"https:\/\/nicaragua-travel-guide.com\/site\/wp-content\/uploads\/2020\/03\/Nicaragua-Travel-Guide-Promocion-Kayaks-Tours-Guiado-Alquiler-de-Kayaks-entre-las-Isletas-de-Granada.mp4\">https:\/\/nicaragua-travel-guide.com\/site\/wp-content\/uploads\/2020\/03\/Nicaragua-Travel-Guide-Promocion-Kayaks-Tours-Guiado-Alquiler-de-Kayaks-entre-las-Isletas-de-Granada.mp4<\/a><\/video><\/div>\n<p>[\/vc_column_text][\/vc_column][\/vc_row][vc_row][vc_column][vc_column_text css=\u00bb.vc_custom_1584481203009{background-color: #d0d6cd !important;}\u00bb]Por mayor informaci\u00f3n y reservacion\u00a0<strong>Contactarnos<\/strong>[\/vc_column_text][\/vc_column][\/vc_row]<\/p>\n<\/section>","protected":false},"excerpt":{"rendered":"<p>[vc_row][vc_column][vc_single_image image=\u00bb5056&#8243; img_size=\u00bbfull\u00bb alignment=\u00bbcenter\u00bb][\/vc_column][\/vc_row][vc_row][vc_column][vc_row_inner][vc_column_inner][vc_column_text css=\u00bb.vc_custom_1584480509361{background-color: #b2d69a !important;}\u00bb] Kayaks desde las caba\u00f1as, recorrido \u00a0entre las Isletas de Granada [\/vc_column_text][\/vc_column_inner][\/vc_row_inner][\/vc_column][\/vc_row][vc_row][vc_column][vc_row_inner][vc_column_inner][vc_column_text css=\u00bb.vc_custom_1584479825755{background-color: #dcede5 !important;}\u00bb]Kayaks pl\u00e1sticos y chalecos que resisten m\u00e1s de 250 libras, para realizar un recorrido entre las tranquilas aguas del gran lago y sobre todo entre las Isletas de granada, donde podr\u00e1s observar la flora y [&hellip;]<\/p>\n","protected":false},"author":2,"featured_media":0,"parent":0,"menu_order":0,"comment_status":"closed","ping_status":"closed","template":"","meta":{"footnotes":""},"_links":{"self":[{"href":"https:\/\/nicaragua-travel-guide.com\/site\/wp-json\/wp\/v2\/pages\/5994"}],"collection":[{"href":"https:\/\/nicaragua-travel-guide.com\/site\/wp-json\/wp\/v2\/pages"}],"about":[{"href":"https:\/\/nicaragua-travel-guide.com\/site\/wp-json\/wp\/v2\/types\/page"}],"author":[{"embeddable":true,"href":"https:\/\/nicaragua-travel-guide.com\/site\/wp-json\/wp\/v2\/users\/2"}],"replies":[{"embeddable":true,"href":"https:\/\/nicaragua-travel-guide.com\/site\/wp-json\/wp\/v2\/comments?post=5994"}],"version-history":[{"count":50,"href":"https:\/\/nicaragua-travel-guide.com\/site\/wp-json\/wp\/v2\/pages\/5994\/revisions"}],"predecessor-version":[{"id":15905,"href":"https:\/\/nicaragua-travel-guide.com\/site\/wp-json\/wp\/v2\/pages\/5994\/revisions\/15905"}],"wp:attachment":[{"href":"https:\/\/nicaragua-travel-guide.com\/site\/wp-json\/wp\/v2\/media?parent=5994"}],"curies":[{"name":"wp","href":"https:\/\/api.w.org\/{rel}","templated":true}]}}