{"id":6001,"date":"2016-07-06T22:41:48","date_gmt":"2016-07-06T22:41:48","guid":{"rendered":"http:\/\/nicaragua-travel-guide.com\/site\/?page_id=6001"},"modified":"2016-08-15T09:31:31","modified_gmt":"2016-08-15T09:31:31","slug":"kayaks-y-canoas-entre-las-isletas-de-granada-desde-bahia-asese","status":"publish","type":"page","link":"https:\/\/nicaragua-travel-guide.com\/site\/kayaks-y-canoas-entre-las-isletas-de-granada-desde-bahia-asese\/","title":{"rendered":"Kayaks y Canoas desde Bah\u00eda \u00abASESE\u00bb"},"content":{"rendered":"<table style=\"width: 698px; height: 1307px;\" border=\"0\">\n<tbody>\n<tr style=\"height: 1px;\">\n<td style=\"width: 20px; height: 1px; border-color: #e3e3e3; background-color: #e1f5ba;\" colspan=\"2\" bgcolor=\"#006600\"><img loading=\"lazy\" decoding=\"async\" class=\"wp-image-11150 alignnone\" style=\"font-family: inherit; font-size: inherit; line-height: 1.5;\" src=\"http:\/\/nicaragua-travel-guide.com\/site\/wp-content\/uploads\/2016\/07\/headerkayaksnicaraguagranada.jpg\" alt=\"headerkayaksnicaraguagranada\" width=\"681\" height=\"229\" srcset=\"https:\/\/nicaragua-travel-guide.com\/site\/wp-content\/uploads\/2016\/07\/headerkayaksnicaraguagranada.jpg 1025w, https:\/\/nicaragua-travel-guide.com\/site\/wp-content\/uploads\/2016\/07\/headerkayaksnicaraguagranada-600x202.jpg 600w\" sizes=\"(max-width: 681px) 100vw, 681px\" \/><\/td>\n<\/tr>\n<tr style=\"height: 21px;\">\n<td style=\"width: 20px; height: 21px; background-color: #8ecc2b;\" colspan=\"2\" bgcolor=\"#006600\"><strong>Kayaks y canoas entre las Isletas bah\u00eda &#8211; alquiler por horas<\/strong><\/td>\n<\/tr>\n<tr style=\"height: 13px;\">\n<td style=\"width: 20px; height: 13px; background-color: #e1f5ba; border-color: #e1f5ba;\" colspan=\"2\" valign=\"top\" bgcolor=\"#999900\">Ofrecemos Kayaks y canoas de un solo asiento hecha de polietileno, abordando desde el puerto en la Bah\u00eda de Asese, exactamente costado sur de la Pen\u00ednsula frente las laderas del Volc\u00e1n Mombacho\u00a0a 15 minutos del centro hist\u00f3rico de Granada.<\/p>\n<p>Los Kayaks Canoas son muy f\u00e1ciles de usar, esto le permitir\u00e1n descubrir con o sin un gu\u00eda, la tranquila vida de los isle\u00f1os, flora y fauna entre los canales de las\u00a0Isletas de Granada<\/p>\n<p>Podr\u00e1n observar como es la vida diaria de los habitantes de las Isletas,\u00a0como van los ni\u00f1os a la escuela, los pescadores y vendedoras que pasan en lentos botes de remo entre una y otra Isleta todos a bordo de sus tradicionales y multicolores botes de madera.<\/p>\n<p>Para su mayor seguridad y disfrute placentero, las canoas son insumergibles\u00a0&#8211; con asientos encima\u00a0esto le permitir\u00e1 al pasajero entrar o salir de la canoa f\u00e1cilmente<\/td>\n<\/tr>\n<tr style=\"height: 13px;\">\n<td style=\"width: 20px; height: 13px; background-color: #e1f5ba; border-color: #e1f5ba;\" colspan=\"2\" valign=\"top\" bgcolor=\"#CCFF33\">\n<table style=\"width: 690px; height: 253px;\" border=\"0\">\n<tbody>\n<tr style=\"height: 26px;\">\n<td style=\"width: 123px; height: 26px; background-color: #8ecc2b;\" bgcolor=\"#669900\">Por horas<\/td>\n<td style=\"width: 123px; height: 26px; background-color: #8ecc2b;\" bgcolor=\"#669900\">Precio<\/td>\n<td style=\"width: 123px; height: 26px; background-color: #8ecc2b;\" bgcolor=\"#669900\"><\/td>\n<\/tr>\n<tr style=\"height: 27px;\">\n<td style=\"width: 123px; background-color: #6fc261; height: 27px;\" bgcolor=\"#009900\">1 hora<\/td>\n<td style=\"width: 91px; background-color: #e3f0bd; height: 27px;\" bgcolor=\"#99CC00\">U$12 p\/p<\/td>\n<td style=\"width: 458px; background-color: #dfebe9; height: 162px;\" rowspan=\"4\" bgcolor=\"#99CC00\">Los horarios de salida de los tours generalmente lo elige el cliente, nuestro\u00a0gu\u00eda\u00a0nacional biling\u00fce\u00bbTours opera Gioconda\u00bb pasara busc\u00e1ndolo en su casa de habitaci\u00f3n, en el hotel, o donde el cliente lo disponga, para brindarles transporte con informaci\u00f3n general a su elecci\u00f3n tambi\u00e9n la gu\u00eda cantar\u00e1 dos canciones nacionales y tomara fotograf\u00eda con vestido folcl\u00f3rico tradicional antes de comenzar o al final del tour.<\/td>\n<\/tr>\n<tr style=\"height: 27px;\">\n<td style=\"width: 123px; background-color: #6fc261; height: 27px;\" bgcolor=\"#009900\">2 1\/2 horas<\/td>\n<td style=\"width: 91px; background-color: #e3f0bd; height: 27px;\" bgcolor=\"#99CC00\">U$25 p\/p<\/td>\n<\/tr>\n<tr style=\"height: 27px;\">\n<td style=\"width: 123px; background-color: #6fc261; height: 27px;\" bgcolor=\"#009900\">3 horas<\/td>\n<td style=\"width: 91px; background-color: #e3f0bd; height: 27px;\" bgcolor=\"#99CC00\">U$28 p\/p<\/td>\n<\/tr>\n<tr style=\"height: 81px;\">\n<td style=\"width: 123px; background-color: #6fc261; height: 81px;\" bgcolor=\"#009900\">3 1\/2 horas<\/td>\n<td style=\"width: 91px; background-color: #e3f0bd; height: 81px;\" bgcolor=\"#99CC00\">U$30 p\/p<\/td>\n<\/tr>\n<tr style=\"height: 25px;\">\n<td style=\"width: 672px; background-color: #8ecc2b; height: 25px;\" colspan=\"3\" align=\"center\" bgcolor=\"#669900\">M\u00ednimo dos personas<\/td>\n<\/tr>\n<\/tbody>\n<\/table>\n<p>Horarios: detallados<\/p>\n<ul>\n<li>Opci\u00f3n del cliente elegir la hora de salida y tiempo del tour.<\/li>\n<li>Por la ma\u00f1ana desde las 7:30 am hasta las 10:00 am (por lo m\u00e1ximo recomendamos 3:00 horas en kayaks)<\/li>\n<li>Si el cliente desea comenzar por la tarde despu\u00e9s de su almuerzo comenzaremos a las 1:30 pm<\/li>\n<li>Por la tarde con menos calor buscamos la puesta del sol saliendo desde las 2:30 pm &#8211; hasta las 6:00 pm<\/li>\n<li>Chaquetas Salvavidas ser\u00e1n prove\u00eddas.<\/li>\n<\/ul>\n<p>Transporte ida y vuelta \u00a0desde la ciudad de Granada.<\/td>\n<\/tr>\n<tr style=\"height: 21px;\">\n<td style=\"width: 20px; height: 21px; background-color: #8ecc2b;\" colspan=\"2\" bgcolor=\"#006600\">Por mayor informaci\u00f3n y reservaci\u00f3n <strong>Contactarnos<\/strong><\/td>\n<\/tr>\n<\/tbody>\n<\/table>\n","protected":false},"excerpt":{"rendered":"<p>Kayaks y canoas entre las Isletas bah\u00eda &#8211; alquiler por horas Ofrecemos Kayaks y canoas de un solo asiento hecha de polietileno, abordando desde el puerto en la Bah\u00eda de Asese, exactamente costado sur de la Pen\u00ednsula frente las laderas del Volc\u00e1n Mombacho\u00a0a 15 minutos del centro hist\u00f3rico de Granada. Los Kayaks Canoas son muy [&hellip;]<\/p>\n","protected":false},"author":2,"featured_media":0,"parent":0,"menu_order":0,"comment_status":"closed","ping_status":"closed","template":"","meta":{"footnotes":""},"_links":{"self":[{"href":"https:\/\/nicaragua-travel-guide.com\/site\/wp-json\/wp\/v2\/pages\/6001"}],"collection":[{"href":"https:\/\/nicaragua-travel-guide.com\/site\/wp-json\/wp\/v2\/pages"}],"about":[{"href":"https:\/\/nicaragua-travel-guide.com\/site\/wp-json\/wp\/v2\/types\/page"}],"author":[{"embeddable":true,"href":"https:\/\/nicaragua-travel-guide.com\/site\/wp-json\/wp\/v2\/users\/2"}],"replies":[{"embeddable":true,"href":"https:\/\/nicaragua-travel-guide.com\/site\/wp-json\/wp\/v2\/comments?post=6001"}],"version-history":[{"count":20,"href":"https:\/\/nicaragua-travel-guide.com\/site\/wp-json\/wp\/v2\/pages\/6001\/revisions"}],"predecessor-version":[{"id":11175,"href":"https:\/\/nicaragua-travel-guide.com\/site\/wp-json\/wp\/v2\/pages\/6001\/revisions\/11175"}],"wp:attachment":[{"href":"https:\/\/nicaragua-travel-guide.com\/site\/wp-json\/wp\/v2\/media?parent=6001"}],"curies":[{"name":"wp","href":"https:\/\/api.w.org\/{rel}","templated":true}]}}