{"id":6045,"date":"2016-07-07T15:00:18","date_gmt":"2016-07-07T15:00:18","guid":{"rendered":"http:\/\/nicaragua-travel-guide.com\/site\/?page_id=6045"},"modified":"2016-09-03T18:33:59","modified_gmt":"2016-09-03T18:33:59","slug":"joyeria-sortija-para-quince-anos-paquete-especial-por-evento-en-granada-masaya-managua","status":"publish","type":"page","link":"https:\/\/nicaragua-travel-guide.com\/site\/joyeria-sortija-para-quince-anos-paquete-especial-por-evento-en-granada-masaya-managua\/","title":{"rendered":"Joyer\u00eda \u00absortija para quince a\u00f1os\u00bb Paquete por evento en Granada, Masaya, Managua"},"content":{"rendered":"<table style=\"width: 872.6666870117188px;\" border=\"0\">\n<tbody>\n<tr style=\"height: 16px;\">\n<td style=\"width: 853.6666870117188px; height: 16px;\" colspan=\"2\"><img loading=\"lazy\" decoding=\"async\" class=\"wp-image-13126 aligncenter\" src=\"http:\/\/nicaragua-travel-guide.com\/site\/wp-content\/uploads\/2016\/07\/nicaragua-travel-guia-de-compras-joyeria-de-oro-y-plata-nacional-quincea\u00f1os.jpg\" alt=\"nicaragua travel guia de compras joyeria de oro y plata nacional quincea\u00f1os\" width=\"886\" height=\"310\" \/><\/td>\n<\/tr>\n<tr style=\"height: 1059.3333740234375px;\">\n<td style=\"width: 552px; height: 1059.3333740234375px;\" valign=\"top\" bgcolor=\"#FFFFFF\">\n<table style=\"width: 595px;\" border=\"0\">\n<tbody>\n<tr>\n<td style=\"width: 145px;\" height=\"160\"><img loading=\"lazy\" decoding=\"async\" class=\"alignnone size-medium wp-image-13150\" src=\"http:\/\/nicaragua-travel-guide.com\/site\/wp-content\/uploads\/2016\/07\/joyerianilloroquinc.jpg\" alt=\"joyerianilloroquinc\" width=\"237\" height=\"213\" \/><\/td>\n<td style=\"width: 146px;\"><img loading=\"lazy\" decoding=\"async\" class=\"alignnone size-medium wp-image-13147\" src=\"http:\/\/nicaragua-travel-guide.com\/site\/wp-content\/uploads\/2016\/07\/joyerianilloquinceanos.jpg\" alt=\"joyerianilloquinceanos\" width=\"182\" height=\"126\" \/><\/td>\n<td style=\"width: 147px;\"><img loading=\"lazy\" decoding=\"async\" class=\"alignnone size-medium wp-image-13151\" src=\"http:\/\/nicaragua-travel-guide.com\/site\/wp-content\/uploads\/2016\/07\/joyerianillosdequincedos.jpg\" alt=\"joyerianillosdequincedos\" width=\"223\" height=\"201\" \/><\/td>\n<td style=\"width: 147px;\"><img loading=\"lazy\" decoding=\"async\" class=\"alignnone size-full wp-image-13162\" src=\"http:\/\/nicaragua-travel-guide.com\/site\/wp-content\/uploads\/2016\/07\/joyerianilloquinclila.jpg\" alt=\"joyerianilloquinclila\" width=\"205\" height=\"206\" srcset=\"https:\/\/nicaragua-travel-guide.com\/site\/wp-content\/uploads\/2016\/07\/joyerianilloquinclila.jpg 205w, https:\/\/nicaragua-travel-guide.com\/site\/wp-content\/uploads\/2016\/07\/joyerianilloquinclila-100x100.jpg 100w, https:\/\/nicaragua-travel-guide.com\/site\/wp-content\/uploads\/2016\/07\/joyerianilloquinclila-200x200.jpg 200w\" sizes=\"(max-width: 205px) 100vw, 205px\" \/><\/td>\n<\/tr>\n<tr>\n<td style=\"width: 145px;\" height=\"157\"><img loading=\"lazy\" decoding=\"async\" class=\"alignnone size-medium wp-image-13149\" src=\"http:\/\/nicaragua-travel-guide.com\/site\/wp-content\/uploads\/2016\/07\/joyerianilloromboquin.jpg\" alt=\"joyerianilloromboquin\" width=\"180\" height=\"161\" \/><\/td>\n<td style=\"width: 146px;\"><img loading=\"lazy\" decoding=\"async\" class=\"alignnone size-medium wp-image-13145\" src=\"http:\/\/nicaragua-travel-guide.com\/site\/wp-content\/uploads\/2016\/07\/joyerianilloquinceanera.jpg\" alt=\"joyerianilloquinceanera\" width=\"209\" height=\"177\" \/><\/td>\n<td style=\"width: 147px;\"><img loading=\"lazy\" decoding=\"async\" class=\"alignnone size-medium wp-image-13141\" src=\"http:\/\/nicaragua-travel-guide.com\/site\/wp-content\/uploads\/2016\/07\/joyerianilloquiceanos.jpg\" alt=\"joyerianilloquiceanos\" width=\"179\" height=\"118\" \/><\/td>\n<td style=\"width: 147px;\"><img loading=\"lazy\" decoding=\"async\" class=\"alignnone size-medium wp-image-13138\" src=\"http:\/\/nicaragua-travel-guide.com\/site\/wp-content\/uploads\/2016\/07\/joyerianillodequincesiete.jpg\" alt=\"joyerianillodequincesiete\" width=\"176\" height=\"120\" \/><\/td>\n<\/tr>\n<tr>\n<td style=\"width: 145px;\" height=\"157\"><img loading=\"lazy\" decoding=\"async\" class=\"alignnone size-medium wp-image-13152\" src=\"http:\/\/nicaragua-travel-guide.com\/site\/wp-content\/uploads\/2016\/07\/joyerianillosdequincetres.jpg\" alt=\"joyerianillosdequincetres\" width=\"209\" height=\"167\" \/><\/td>\n<td style=\"width: 146px;\"><img loading=\"lazy\" decoding=\"async\" class=\"alignnone size-medium wp-image-13148\" src=\"http:\/\/nicaragua-travel-guide.com\/site\/wp-content\/uploads\/2016\/07\/joyerianilloquincepiedraverd.jpg\" alt=\"joyerianilloquincepiedraverd\" width=\"210\" height=\"165\" \/><\/td>\n<td style=\"width: 147px;\"><img loading=\"lazy\" decoding=\"async\" class=\"alignnone size-medium wp-image-13135\" src=\"http:\/\/nicaragua-travel-guide.com\/site\/wp-content\/uploads\/2016\/07\/joyerianillodecompromisoverde.jpg\" alt=\"joyerianillodecompromisoverde\" width=\"225\" height=\"145\" \/><\/td>\n<td style=\"width: 147px;\"><img loading=\"lazy\" decoding=\"async\" class=\"alignnone size-medium wp-image-13136\" src=\"http:\/\/nicaragua-travel-guide.com\/site\/wp-content\/uploads\/2016\/07\/joyerianillodegraduaciokin.jpg\" alt=\"joyerianillodegraduaciokin\" width=\"188\" height=\"138\" \/><\/td>\n<\/tr>\n<tr>\n<td style=\"width: 145px;\" height=\"150\"><img loading=\"lazy\" decoding=\"async\" class=\"alignnone size-medium wp-image-13143\" src=\"http:\/\/nicaragua-travel-guide.com\/site\/wp-content\/uploads\/2016\/07\/joyerianilloquimuneca-1.jpg\" alt=\"joyerianilloquimuneca\" width=\"160\" height=\"160\" srcset=\"https:\/\/nicaragua-travel-guide.com\/site\/wp-content\/uploads\/2016\/07\/joyerianilloquimuneca-1.jpg 160w, https:\/\/nicaragua-travel-guide.com\/site\/wp-content\/uploads\/2016\/07\/joyerianilloquimuneca-1-100x100.jpg 100w\" sizes=\"(max-width: 160px) 100vw, 160px\" \/><\/td>\n<td style=\"width: 146px;\"><img loading=\"lazy\" decoding=\"async\" class=\"alignnone size-medium wp-image-13146\" src=\"http:\/\/nicaragua-travel-guide.com\/site\/wp-content\/uploads\/2016\/07\/joyerianilloquinceaneras.jpg\" alt=\"joyerianilloquinceaneras\" width=\"200\" height=\"200\" srcset=\"https:\/\/nicaragua-travel-guide.com\/site\/wp-content\/uploads\/2016\/07\/joyerianilloquinceaneras.jpg 200w, https:\/\/nicaragua-travel-guide.com\/site\/wp-content\/uploads\/2016\/07\/joyerianilloquinceaneras-100x100.jpg 100w\" sizes=\"(max-width: 200px) 100vw, 200px\" \/><\/td>\n<td style=\"width: 147px;\"><img loading=\"lazy\" decoding=\"async\" class=\"alignnone size-medium wp-image-13139\" src=\"http:\/\/nicaragua-travel-guide.com\/site\/wp-content\/uploads\/2016\/07\/joyerianillograduacionsecundaria.jpg\" alt=\"joyerianillograduacionsecundaria\" width=\"222\" height=\"160\" \/><\/td>\n<td style=\"width: 147px;\"><img loading=\"lazy\" decoding=\"async\" class=\"alignnone size-full wp-image-13130\" src=\"http:\/\/nicaragua-travel-guide.com\/site\/wp-content\/uploads\/2016\/07\/joyeriasotijaazulcel.jpg\" alt=\"joyeriasotijaazulcel\" width=\"209\" height=\"188\" \/><\/td>\n<\/tr>\n<tr>\n<td style=\"width: 145px;\" height=\"146\"><img loading=\"lazy\" decoding=\"async\" class=\"alignnone size-medium wp-image-13161\" src=\"http:\/\/nicaragua-travel-guide.com\/site\/wp-content\/uploads\/2016\/07\/joyerianilloquincoraz.jpg\" alt=\"joyerianilloquincoraz\" width=\"218\" height=\"232\" \/><\/td>\n<td style=\"width: 146px;\"><img loading=\"lazy\" decoding=\"async\" class=\"alignnone size-full wp-image-13156\" src=\"http:\/\/nicaragua-travel-guide.com\/site\/wp-content\/uploads\/2016\/07\/joyanillorocorquin.jpg\" alt=\"joyanillorocorquin\" width=\"158\" height=\"138\" \/><\/td>\n<td style=\"width: 147px;\"><img loading=\"lazy\" decoding=\"async\" class=\"alignnone size-medium wp-image-13160\" src=\"http:\/\/nicaragua-travel-guide.com\/site\/wp-content\/uploads\/2016\/07\/joyerianilloquincecorazones.jpg\" alt=\"joyerianilloquincecorazones\" width=\"199\" height=\"196\" \/><\/td>\n<td style=\"width: 147px;\"><img loading=\"lazy\" decoding=\"async\" class=\"alignnone size-medium wp-image-13157\" src=\"http:\/\/nicaragua-travel-guide.com\/site\/wp-content\/uploads\/2016\/07\/joyerianillodecompromisorosaoro.jpg\" alt=\"joyerianillodecompromisorosaoro\" width=\"134\" height=\"128\" \/><\/td>\n<\/tr>\n<tr>\n<td style=\"width: 145px;\" height=\"140\"><img loading=\"lazy\" decoding=\"async\" class=\"alignnone size-medium wp-image-13144\" src=\"http:\/\/nicaragua-travel-guide.com\/site\/wp-content\/uploads\/2016\/07\/joyerianilloquincanoshombre.jpg\" alt=\"joyerianilloquincanoshombre\" width=\"191\" height=\"176\" \/><\/td>\n<td style=\"width: 146px;\"><img loading=\"lazy\" decoding=\"async\" class=\"alignnone size-medium wp-image-13131\" src=\"http:\/\/nicaragua-travel-guide.com\/site\/wp-content\/uploads\/2016\/07\/joyeranillodecompromisorosado.jpg\" alt=\"joyeranillodecompromisorosado\" width=\"162\" height=\"162\" srcset=\"https:\/\/nicaragua-travel-guide.com\/site\/wp-content\/uploads\/2016\/07\/joyeranillodecompromisorosado.jpg 162w, https:\/\/nicaragua-travel-guide.com\/site\/wp-content\/uploads\/2016\/07\/joyeranillodecompromisorosado-100x100.jpg 100w\" sizes=\"(max-width: 162px) 100vw, 162px\" \/><\/td>\n<td style=\"width: 147px;\"><img loading=\"lazy\" decoding=\"async\" class=\"alignnone size-medium wp-image-13159\" src=\"http:\/\/nicaragua-travel-guide.com\/site\/wp-content\/uploads\/2016\/07\/joyerianilloplataros.jpg\" alt=\"joyerianilloplataros\" width=\"167\" height=\"104\" \/><\/td>\n<td style=\"width: 147px;\"><img loading=\"lazy\" decoding=\"async\" class=\"alignnone size-medium wp-image-13142\" src=\"http:\/\/nicaragua-travel-guide.com\/site\/wp-content\/uploads\/2016\/07\/joyerianilloquidos.jpg\" alt=\"joyerianilloquidos\" width=\"198\" height=\"142\" \/><\/td>\n<\/tr>\n<tr>\n<td style=\"width: 145px;\" height=\"127\"><img loading=\"lazy\" decoding=\"async\" class=\"alignnone size-medium wp-image-13158\" src=\"http:\/\/nicaragua-travel-guide.com\/site\/wp-content\/uploads\/2016\/07\/joyerianillopiedraceleste.jpg\" alt=\"joyerianillopiedraceleste\" width=\"225\" height=\"225\" srcset=\"https:\/\/nicaragua-travel-guide.com\/site\/wp-content\/uploads\/2016\/07\/joyerianillopiedraceleste.jpg 225w, https:\/\/nicaragua-travel-guide.com\/site\/wp-content\/uploads\/2016\/07\/joyerianillopiedraceleste-100x100.jpg 100w, https:\/\/nicaragua-travel-guide.com\/site\/wp-content\/uploads\/2016\/07\/joyerianillopiedraceleste-200x200.jpg 200w\" sizes=\"(max-width: 225px) 100vw, 225px\" \/><\/td>\n<td style=\"width: 146px;\"><img loading=\"lazy\" decoding=\"async\" class=\"alignnone size-medium wp-image-13155\" src=\"http:\/\/nicaragua-travel-guide.com\/site\/wp-content\/uploads\/2016\/07\/joyeriasortijahombrverd.jpg\" alt=\"joyeriasortijahombrverd\" width=\"120\" height=\"120\" srcset=\"https:\/\/nicaragua-travel-guide.com\/site\/wp-content\/uploads\/2016\/07\/joyeriasortijahombrverd.jpg 120w, https:\/\/nicaragua-travel-guide.com\/site\/wp-content\/uploads\/2016\/07\/joyeriasortijahombrverd-100x100.jpg 100w\" sizes=\"(max-width: 120px) 100vw, 120px\" \/><\/td>\n<td style=\"width: 147px;\"><img loading=\"lazy\" decoding=\"async\" class=\"alignnone size-medium wp-image-13140\" src=\"http:\/\/nicaragua-travel-guide.com\/site\/wp-content\/uploads\/2016\/07\/joyerianilloplatapiedraverde.jpg\" alt=\"joyerianilloplatapiedraverde\" width=\"173\" height=\"152\" \/><\/td>\n<td style=\"width: 147px;\"><img loading=\"lazy\" decoding=\"async\" class=\"alignnone size-medium wp-image-13137\" src=\"http:\/\/nicaragua-travel-guide.com\/site\/wp-content\/uploads\/2016\/07\/joyerianillodequinceanosuno.jpg\" alt=\"joyerianillodequinceanosuno\" width=\"138\" height=\"164\" \/><\/td>\n<\/tr>\n<\/tbody>\n<\/table>\n<\/td>\n<td style=\"width: 301.66668701171875px; height: 1059.3333740234375px;\" valign=\"top\" bgcolor=\"#FFFFFF\">\n<table style=\"width: 282px; border-color: #fcfafa;\" border=\"0\">\n<tbody>\n<tr style=\"height: 24px;\">\n<td style=\"width: 296px; height: 24px; background-color: #b9f76d;\" colspan=\"2\" bgcolor=\"#CCCC00\"><a href=\"http:\/\/nicaragua-travel-guide.com\/site\/joyerias-orfebrerias-en-nicaragua-disenos-de-lujo-y-sencillos-para-toda-ocasion-y-evento-especial-compromiso-boda-graduacion-y-mas\/\">Inicio<\/a><\/td>\n<\/tr>\n<tr style=\"height: 24px;\">\n<td style=\"width: 296px; height: 24px; background-color: #f7c6f2;\" colspan=\"2\" bgcolor=\"#00FFFF\">Anillos para Quince a\u00f1os<\/td>\n<\/tr>\n<tr style=\"height: 24px;\">\n<td style=\"width: 296px; height: 24px; background-color: #f5c711;\" colspan=\"2\" bgcolor=\"#FFCC00\"><a href=\"http:\/\/nicaragua-travel-guide.com\/site\/joyeria-cadenas-gargantillas-dijes-brazaletes-pulseras-aretes-y-mas-en-granada-masaya-y-managua\/\">Cadenas, gargantillas, dijes<\/a><\/td>\n<\/tr>\n<tr style=\"height: 24px;\">\n<td style=\"width: 296px; height: 24px; background-color: #23f4f7;\" colspan=\"2\" bgcolor=\"#CC0000\"><a href=\"http:\/\/nicaragua-travel-guide.com\/site\/joyeria-sortija-de-compromiso-paquete-especial-granada-masaya-managua\/\">Anillos de Compromiso<\/a><\/td>\n<\/tr>\n<tr style=\"height: 24px;\">\n<td style=\"width: 296px; height: 24px; background-color: #f6f7df;\" colspan=\"2\" bgcolor=\"#FF9900\"><a href=\"http:\/\/nicaragua-travel-guide.com\/site\/joyeria-sortijas-de-matrimonio-evento-especial-paquetes-en-granada-masaya-y-managua\/\">Anillos de Matrimonio<\/a><\/td>\n<\/tr>\n<tr style=\"height: 25px;\">\n<td style=\"width: 296px; height: 25px; background-color: #f2e74e;\" colspan=\"2\" bgcolor=\"#CCCC00\"><a href=\"http:\/\/nicaragua-travel-guide.com\/site\/joyeria-cadenas-gargantillas-dijes-brazaletes-pulseras-aretes-y-mas-en-granada-masaya-y-managua\/\">Joyer\u00eda en General<\/a><\/td>\n<\/tr>\n<tr style=\"height: 25px;\">\n<td style=\"width: 296px; height: 25px;\" colspan=\"2\" bgcolor=\"#FFFFFF\">\n<ul>\n<li>Pre escolar<\/li>\n<li>Primaria<\/li>\n<li>Secundaria<\/li>\n<li><a href=\"http:\/\/nicaragua-travel-guide.com\/site\/joyeria-sortijas-para-graduacion-granada-masaya-managua\/\">Graduaci\u00f3n<\/a><\/li>\n<\/ul>\n<\/td>\n<\/tr>\n<tr style=\"height: 130.504px;\">\n<td style=\"width: 158px; height: 130.504px;\" valign=\"top\"><img loading=\"lazy\" decoding=\"async\" class=\"alignnone size-medium wp-image-13132\" src=\"http:\/\/nicaragua-travel-guide.com\/site\/wp-content\/uploads\/2016\/07\/joyeriadijequinceanos.jpg\" alt=\"joyeriadijequinceanos\" width=\"135\" height=\"203\" \/><\/td>\n<td style=\"width: 138px; height: 130.504px;\" valign=\"top\"><img loading=\"lazy\" decoding=\"async\" class=\"alignnone size-medium wp-image-13133\" src=\"http:\/\/nicaragua-travel-guide.com\/site\/wp-content\/uploads\/2016\/07\/joyeriadijequincellave.jpg\" alt=\"joyeriadijequincellave\" width=\"93\" height=\"213\" \/><\/td>\n<\/tr>\n<tr style=\"height: 95px;\">\n<td style=\"width: 296px; height: 95px;\" colspan=\"2\" valign=\"top\"><img loading=\"lazy\" decoding=\"async\" class=\"alignnone wp-image-13134\" src=\"http:\/\/nicaragua-travel-guide.com\/site\/wp-content\/uploads\/2016\/07\/joyeriagranadagargantillacollaresoro.jpg\" alt=\"joyeriagranadagargantillacollaresoro\" width=\"277\" height=\"253\" \/><\/td>\n<\/tr>\n<tr style=\"height: 150px;\">\n<td style=\"width: 296px; height: 150px;\" colspan=\"2\" valign=\"top\"><img loading=\"lazy\" decoding=\"async\" class=\"wp-image-13154 aligncenter\" src=\"http:\/\/nicaragua-travel-guide.com\/site\/wp-content\/uploads\/2016\/07\/joyeriasafiroazulmarino.jpg\" alt=\"joyeriasafiroazulmarino\" width=\"231\" height=\"200\" \/><img loading=\"lazy\" decoding=\"async\" class=\"wp-image-13153 aligncenter\" src=\"http:\/\/nicaragua-travel-guide.com\/site\/wp-content\/uploads\/2016\/07\/joyeriaoroblancodiamantesazulturqueza.jpg\" alt=\"joyeriaoroblancodiamantesazulturqueza\" width=\"104\" height=\"139\" \/><\/td>\n<\/tr>\n<\/tbody>\n<\/table>\n<\/td>\n<\/tr>\n<\/tbody>\n<\/table>\n","protected":false},"excerpt":{"rendered":"<p>Inicio Anillos para Quince a\u00f1os Cadenas, gargantillas, dijes Anillos de Compromiso Anillos de Matrimonio Joyer\u00eda en General Pre escolar Primaria Secundaria Graduaci\u00f3n<\/p>\n","protected":false},"author":2,"featured_media":0,"parent":0,"menu_order":0,"comment_status":"closed","ping_status":"closed","template":"","meta":{"footnotes":""},"_links":{"self":[{"href":"https:\/\/nicaragua-travel-guide.com\/site\/wp-json\/wp\/v2\/pages\/6045"}],"collection":[{"href":"https:\/\/nicaragua-travel-guide.com\/site\/wp-json\/wp\/v2\/pages"}],"about":[{"href":"https:\/\/nicaragua-travel-guide.com\/site\/wp-json\/wp\/v2\/types\/page"}],"author":[{"embeddable":true,"href":"https:\/\/nicaragua-travel-guide.com\/site\/wp-json\/wp\/v2\/users\/2"}],"replies":[{"embeddable":true,"href":"https:\/\/nicaragua-travel-guide.com\/site\/wp-json\/wp\/v2\/comments?post=6045"}],"version-history":[{"count":20,"href":"https:\/\/nicaragua-travel-guide.com\/site\/wp-json\/wp\/v2\/pages\/6045\/revisions"}],"predecessor-version":[{"id":13164,"href":"https:\/\/nicaragua-travel-guide.com\/site\/wp-json\/wp\/v2\/pages\/6045\/revisions\/13164"}],"wp:attachment":[{"href":"https:\/\/nicaragua-travel-guide.com\/site\/wp-json\/wp\/v2\/media?parent=6045"}],"curies":[{"name":"wp","href":"https:\/\/api.w.org\/{rel}","templated":true}]}}