{"id":6061,"date":"2016-07-07T18:16:25","date_gmt":"2016-07-07T18:16:25","guid":{"rendered":"http:\/\/nicaragua-travel-guide.com\/site\/?page_id=6061"},"modified":"2016-08-22T19:20:20","modified_gmt":"2016-08-22T19:20:20","slug":"alquiler-de-caballo-pinto","status":"publish","type":"page","link":"https:\/\/nicaragua-travel-guide.com\/site\/alquiler-de-caballo-pinto\/","title":{"rendered":"Alquiler de \u00abCaballo Pinto\u00bb"},"content":{"rendered":"<table style=\"width: 1007px;\" border=\"0\">\n<tbody>\n<tr style=\"height: 35px;\">\n<td style=\"height: 35px; width: 573px;\" valign=\"bottom\" bgcolor=\"#009900\">Monta un Caballo Pinto en Finca Privada &#8211; Diriomo<\/td>\n<td style=\"height: 244px; width: 424px;\" rowspan=\"2\" valign=\"top\" bgcolor=\"#009900\"><img loading=\"lazy\" decoding=\"async\" class=\"alignnone  wp-image-11920\" src=\"http:\/\/nicaragua-travel-guide.com\/site\/wp-content\/uploads\/2016\/07\/montarcaballopinto.jpg\" alt=\"montarcaballopinto\" width=\"424\" height=\"260\" \/><\/td>\n<\/tr>\n<tr style=\"height: 209px;\">\n<td style=\"height: 209px; width: 573px;\" valign=\"top\" bgcolor=\"#0033FF\">Deja a un lado tus libros tur\u00edsticos y toma un paseo a caballos donde tambi\u00e9n aprender\u00e1s un poco de historia y folclor. montaremos los caballos alrededor de un hermoso pueblo y en los bordes de un inactivo volc\u00e1n. tomaremos refrescos en un lugar donde apreciaras y disfrutaras de una espectacular vista de la laguna de apoyo, una de las verdaderas gemas de este pa\u00eds. En el camino, usted sera saludado con el grito y alegr\u00eda de los ni\u00f1os y otros habitantes locales que dicen \u00abadi\u00f3s\u00bb.Nuestras excursiones duran aproximadamente tres horas e incluyen su transporte desde Granada hasta la finca privada. donde tomaremos el tour a caballos.<\/td>\n<\/tr>\n<tr style=\"height: 168px;\">\n<td style=\"height: 168px; width: 573px;\" bgcolor=\"#FFFFFF\">Las excursiones salen desde Granada a las 8:00 am y regresan alrededor de las 12:00 al medio d\u00eda. Largos pantalones y zapatos cerrado son sugeridos, tambi\u00e9n sombrero o gorra, y protector solar. no es necesaria experiencia para montar caballo si esta sera tu primera ves desde muy ni\u00f1o hasta le mas adulto todos son Bienvenidos.<\/td>\n<td style=\"height: 168px; width: 424px;\" bgcolor=\"#FFFF00\">Monta un Caballo Pinto en esta finca privada en Diriomo. Estos Caballos son parientes de los pintos Americanos que fueron los caballos preferidos de los Indios Americanos, son muy bonitos, con su caracter\u00edstica y particular elegancia de ser pintos. Tambi\u00e9n hay caballos criollos los mas comunes en Nicaragua, tambi\u00e9n son de mediano tama\u00f1o su paso es despacio, y tienen buen car\u00e1cter.<\/td>\n<\/tr>\n<tr style=\"height: 71px;\">\n<td style=\"height: 71px; width: 997px;\" colspan=\"2\" bgcolor=\"#99CC00\">Tenemos los caballos listos y equipados y dos ayudantes guias que hablan Ingles. esperando a cada visitante. El precio de este Tour es de $35 por persona Incluye transporte desde granada y merienda o refrigerio.<\/td>\n<\/tr>\n<tr style=\"height: 25px;\">\n<td style=\"height: 25px; width: 997px;\" colspan=\"2\" bgcolor=\"#0000FF\">Por mayor informaci\u00f3n y reservacion solo hay que <strong>Contactarnos<\/strong><\/td>\n<\/tr>\n<\/tbody>\n<\/table>\n","protected":false},"excerpt":{"rendered":"<p>Monta un Caballo Pinto en Finca Privada &#8211; Diriomo Deja a un lado tus libros tur\u00edsticos y toma un paseo a caballos donde tambi\u00e9n aprender\u00e1s un poco de historia y folclor. montaremos los caballos alrededor de un hermoso pueblo y en los bordes de un inactivo volc\u00e1n. tomaremos refrescos en un lugar donde apreciaras y [&hellip;]<\/p>\n","protected":false},"author":2,"featured_media":0,"parent":0,"menu_order":0,"comment_status":"closed","ping_status":"closed","template":"","meta":{"footnotes":""},"_links":{"self":[{"href":"https:\/\/nicaragua-travel-guide.com\/site\/wp-json\/wp\/v2\/pages\/6061"}],"collection":[{"href":"https:\/\/nicaragua-travel-guide.com\/site\/wp-json\/wp\/v2\/pages"}],"about":[{"href":"https:\/\/nicaragua-travel-guide.com\/site\/wp-json\/wp\/v2\/types\/page"}],"author":[{"embeddable":true,"href":"https:\/\/nicaragua-travel-guide.com\/site\/wp-json\/wp\/v2\/users\/2"}],"replies":[{"embeddable":true,"href":"https:\/\/nicaragua-travel-guide.com\/site\/wp-json\/wp\/v2\/comments?post=6061"}],"version-history":[{"count":3,"href":"https:\/\/nicaragua-travel-guide.com\/site\/wp-json\/wp\/v2\/pages\/6061\/revisions"}],"predecessor-version":[{"id":11921,"href":"https:\/\/nicaragua-travel-guide.com\/site\/wp-json\/wp\/v2\/pages\/6061\/revisions\/11921"}],"wp:attachment":[{"href":"https:\/\/nicaragua-travel-guide.com\/site\/wp-json\/wp\/v2\/media?parent=6061"}],"curies":[{"name":"wp","href":"https:\/\/api.w.org\/{rel}","templated":true}]}}