{"id":6064,"date":"2016-07-07T18:25:10","date_gmt":"2016-07-07T18:25:10","guid":{"rendered":"http:\/\/nicaragua-travel-guide.com\/site\/?page_id=6064"},"modified":"2016-08-22T19:40:19","modified_gmt":"2016-08-22T19:40:19","slug":"cabalgata-en-diriomo-y-diria","status":"publish","type":"page","link":"https:\/\/nicaragua-travel-guide.com\/site\/cabalgata-en-diriomo-y-diria\/","title":{"rendered":"Cabalgata en Diriomo y Diria"},"content":{"rendered":"<table style=\"width: 676px;\" border=\"0\">\n<tbody>\n<tr style=\"height: 27px;\">\n<td style=\"width: 670px; height: 27px; background-color: #70c724;\" bgcolor=\"#006600\">Cabalgata en Pueblos Brujos: Diriomo y Diria<\/td>\n<\/tr>\n<tr style=\"height: 27px;\">\n<td style=\"width: 670px; height: 27px;\" bgcolor=\"#006600\"><img loading=\"lazy\" decoding=\"async\" class=\"alignnone wp-image-11922\" src=\"http:\/\/nicaragua-travel-guide.com\/site\/wp-content\/uploads\/2016\/07\/cabalgata-diriomoydiria.jpg\" alt=\"cabalgata diriomoydiria\" width=\"665\" height=\"501\" \/><\/td>\n<\/tr>\n<tr style=\"height: 22.3333740234375px;\">\n<td style=\"width: 670px; height: 22.3333740234375px;\" valign=\"top\" bgcolor=\"#CCFF99\"><span style=\"font-family: inherit; font-size: inherit; line-height: 1.5;\">Descripci\u00f3n :<\/span><\/p>\n<p>Para estas cabalgatas en manso caballo no se requiere de experiencia, Sin embargo, es necesario llevar la vestimenta adecuada como zapatos cerrados, pantal\u00f3n, bloqueador solar, sombrero o gorra, c\u00e1mara fotogr\u00e1fica y video, para capturar la belleza esc\u00e9nica de estos dos destinos y sus habitantes.<\/p>\n<p>Nos dirigiremos a los pueblos, de Diriomo y Diri\u00e1, conocidos tambi\u00e9n como Pueblos Brujos, la magia de los pueblos puede ser descubierta a trav\u00e9s de cabalgatas por la zona.<\/p>\n<p>Estos pueblos est\u00e1n ubicados en el departamento de Granada, se extienden hasta llegar a la cima de la Reserva Natural Laguna de Apoyo, conocida por sus hermosas vistas, monos aulladores y por la presencia del ave nacional de Nicaragua: el Guarda barranco.<\/p>\n<p>Diriomo es muy famoso por la calidez de su gente, costumbres, creencias, mitos y leyendas, sus actividades, y la variedad de cajetas (dulces) que se producen all\u00ed son tambi\u00e9n elementos atractivos para quienes los visitan, puedes comprar deliciosos manjares y cajetas de leche, coco, naranja, zapoyol, son muy famosos por ser los dulces tradicionales en nuestro pa\u00eds elaborados por familias locales en este pueblito. Sin dejar de visitar la Iglesia principal, caminaremos por el parque los monumentos.<\/p>\n<p>Seguidamente nos dirigiremos al pueblo de Diria para visitar la Iglesia principal y despu\u00e9s vamos al Mirador a orillas de la laguna de Apoyo con una de las vista panor\u00e1micas mas lindas de este pueblito, opci\u00f3n de almorzar.<\/td>\n<\/tr>\n<tr style=\"height: 22px;\">\n<td style=\"width: 670px; height: 22px;\" valign=\"top\" bgcolor=\"#CCFF99\">Precio por cada Caballo: $15 dolares la hora<\/p>\n<p>Servicio de Gu\u00eda: $30 dolares por grupo.<\/p>\n<p>No incluye transporte ni entradas, ni comidas.<\/p>\n<p>Transporte ver opciones:<\/p>\n<ul>\n<li>Bus publico<\/li>\n<li>Carro privado<\/li>\n<li>Alquiler de moto<\/li>\n<li>Servicio de gu\u00eda<\/li>\n<\/ul>\n<\/td>\n<\/tr>\n<tr style=\"height: 27px;\">\n<td style=\"width: 670px; height: 27px; background-color: #70c724;\" bgcolor=\"#FFFF00\">Por mayor informaci\u00f3n y reservacion <strong>Contactarnos<\/strong><\/td>\n<\/tr>\n<\/tbody>\n<\/table>\n","protected":false},"excerpt":{"rendered":"<p>Cabalgata en Pueblos Brujos: Diriomo y Diria Descripci\u00f3n : Para estas cabalgatas en manso caballo no se requiere de experiencia, Sin embargo, es necesario llevar la vestimenta adecuada como zapatos cerrados, pantal\u00f3n, bloqueador solar, sombrero o gorra, c\u00e1mara fotogr\u00e1fica y video, para capturar la belleza esc\u00e9nica de estos dos destinos y sus habitantes. Nos dirigiremos [&hellip;]<\/p>\n","protected":false},"author":2,"featured_media":0,"parent":0,"menu_order":0,"comment_status":"closed","ping_status":"closed","template":"","meta":{"footnotes":""},"_links":{"self":[{"href":"https:\/\/nicaragua-travel-guide.com\/site\/wp-json\/wp\/v2\/pages\/6064"}],"collection":[{"href":"https:\/\/nicaragua-travel-guide.com\/site\/wp-json\/wp\/v2\/pages"}],"about":[{"href":"https:\/\/nicaragua-travel-guide.com\/site\/wp-json\/wp\/v2\/types\/page"}],"author":[{"embeddable":true,"href":"https:\/\/nicaragua-travel-guide.com\/site\/wp-json\/wp\/v2\/users\/2"}],"replies":[{"embeddable":true,"href":"https:\/\/nicaragua-travel-guide.com\/site\/wp-json\/wp\/v2\/comments?post=6064"}],"version-history":[{"count":6,"href":"https:\/\/nicaragua-travel-guide.com\/site\/wp-json\/wp\/v2\/pages\/6064\/revisions"}],"predecessor-version":[{"id":11926,"href":"https:\/\/nicaragua-travel-guide.com\/site\/wp-json\/wp\/v2\/pages\/6064\/revisions\/11926"}],"wp:attachment":[{"href":"https:\/\/nicaragua-travel-guide.com\/site\/wp-json\/wp\/v2\/media?parent=6064"}],"curies":[{"name":"wp","href":"https:\/\/api.w.org\/{rel}","templated":true}]}}