{"id":6068,"date":"2016-07-07T18:33:42","date_gmt":"2016-07-07T18:33:42","guid":{"rendered":"http:\/\/nicaragua-travel-guide.com\/site\/?page_id=6068"},"modified":"2016-08-15T07:19:55","modified_gmt":"2016-08-15T07:19:55","slug":"cabalgata-masaya-catarina-el-paso","status":"publish","type":"page","link":"https:\/\/nicaragua-travel-guide.com\/site\/cabalgata-masaya-catarina-el-paso\/","title":{"rendered":"Cabalgata Masaya  Catarina \u00abEl  paso\u00bb"},"content":{"rendered":"<table style=\"width: 717.3333740234375px;\" border=\"0\">\n<tbody>\n<tr style=\"height: 42px;\">\n<td style=\"width: 685.3333740234375px; text-align: left; height: 42px;\" align=\"center\" bgcolor=\"#0066FF\"><img loading=\"lazy\" decoding=\"async\" class=\"alignnone size-full wp-image-10870\" src=\"http:\/\/nicaragua-travel-guide.com\/site\/wp-content\/uploads\/2016\/07\/header-alquiler-de-caballo.jpg\" alt=\"header alquiler de caballo\" width=\"1025\" height=\"345\" srcset=\"https:\/\/nicaragua-travel-guide.com\/site\/wp-content\/uploads\/2016\/07\/header-alquiler-de-caballo.jpg 1025w, https:\/\/nicaragua-travel-guide.com\/site\/wp-content\/uploads\/2016\/07\/header-alquiler-de-caballo-600x202.jpg 600w\" sizes=\"(max-width: 1025px) 100vw, 1025px\" \/><\/td>\n<\/tr>\n<tr style=\"height: 37px;\">\n<td style=\"width: 685.3333740234375px; height: 37px; background-color: #d9bb38;\" align=\"center\" bgcolor=\"#0066FF\">Montar Caballo Vista panor\u00e1mica \u00abMirador de Catarina\u00bb \u00a0Sendero \u00abEl Paso del tren\u00bb<\/td>\n<\/tr>\n<tr style=\"height: 104px;\">\n<td style=\"width: 685.3333740234375px; height: 104px;\" align=\"center\" bgcolor=\"#FFFFFF\">\n<p style=\"text-align: left;\">\u00a0 Antes hacer la cabalgata podemos caminar hasta llegar al mirador donde hay restaurantes ideal para almorzar, tambien puedes llevar tus propios alimentos para comer en el \u00e1rea de pic -nic.<\/p>\n<p style=\"text-align: left;\">\n<p style=\"text-align: left;\">\n<p style=\"text-align: left;\">Puedes escoger el manso caballo que mas te guste, este tour se hace acompa\u00f1ado con gu\u00eda por el sendero del mirador de Catarina a 500 mts snm con vista panor\u00e1mica alrededor de la laguna mas grande de nicaragua, desde all\u00e1 se puede ver la ciudad de granada, el lago, las Isletas, el volc\u00e1n Mombacho, el Volc\u00e1n Masaya y la ciudad desde el puente natural entre la colina.<\/p>\n<p style=\"text-align: center;\">Gioconda gu\u00eda nacional cantara canciones nacionales dedicadas a<\/p>\n<p style=\"text-align: center;\">Granada, Masaya y a nuestra \u00a0 \u00a0flor nacional<\/p>\n<p style=\"text-align: center;\">\u00a0Ver la tabla de precios m\u00ednimo una persona<\/p>\n<\/td>\n<\/tr>\n<tr style=\"height: 159px;\">\n<td style=\"width: 685.3333740234375px; height: 159px;\" valign=\"top\" bgcolor=\"#FFFFFF\">\n<table style=\"width: 700px;\" border=\"0\">\n<tbody>\n<tr style=\"height: 24px;\">\n<td style=\"width: 44px; height: 24px; background-color: #d1ac08;\" bgcolor=\"#0099FF\">Pasajeros<\/td>\n<td style=\"width: 148px; height: 24px; background-color: #f2e79b;\" bgcolor=\"#0099FF\">Precio p\/p<\/td>\n<td style=\"width: 310px; height: 24px; background-color: #b39c0b;\" bgcolor=\"#0099FF\">\u00a0<strong style=\"font-family: inherit; font-size: inherit; line-height: 1.5;\">Incluye:<\/strong><\/td>\n<\/tr>\n<tr style=\"height: 25px;\">\n<td style=\"width: 44px; height: 25px; background-color: #f5de6e;\" bgcolor=\"#FFFFFF\">1 pax<\/td>\n<td style=\"width: 148px; height: 25px;\" bgcolor=\"#FFFFFF\">$25<\/td>\n<td style=\"width: 310px; height: 25px; background-color: #f7f4e4; text-align: left;\" rowspan=\"5\" bgcolor=\"#FFFFFF\">Transporte terrestre<\/p>\n<p>Caballo<\/p>\n<p>Almuerzo<\/p>\n<p>2\u00a0guias<\/td>\n<\/tr>\n<tr style=\"height: 24px;\">\n<td style=\"width: 44px; height: 24px; background-color: #f5de6e;\" bgcolor=\"#FFFFFF\">2 pax<\/td>\n<td style=\"width: 148px; height: 24px;\" bgcolor=\"#FFFFFF\">$20<\/td>\n<\/tr>\n<tr style=\"height: 24px;\">\n<td style=\"width: 44px; height: 24px; background-color: #f5de6e;\" bgcolor=\"#FFFFFF\">3 pax<\/td>\n<td style=\"width: 148px; height: 24px;\" bgcolor=\"#FFFFFF\">$18<\/td>\n<\/tr>\n<tr style=\"height: 24px;\">\n<td style=\"width: 44px; height: 24px; background-color: #f5de6e;\" bgcolor=\"#FFFFFF\">4 pax<\/td>\n<td style=\"width: 148px; height: 24px;\" bgcolor=\"#FFFFFF\">$15<\/td>\n<\/tr>\n<tr style=\"height: 24px;\">\n<td style=\"width: 44px; height: 24px; background-color: #f5de6e;\" bgcolor=\"#FFFFFF\">5 pax<\/td>\n<td style=\"width: 148px; height: 24px;\" bgcolor=\"#FFFFFF\">$12<\/td>\n<\/tr>\n<tr style=\"height: 24px;\">\n<td style=\"width: 502px; height: 24px; background-color: #ffffff; border-color: #ffffff;\" colspan=\"3\" bgcolor=\"#FFFFFF\"><span style=\"font-family: inherit; font-size: inherit; line-height: 1.5;\">Elegir si vamos en transporte privado o publico para disfrutar una hora a caballo \u00a0y mas tiempo con servicio de gu\u00eda nacional certificado\u00a0biling\u00fce.<\/span><\/td>\n<\/tr>\n<\/tbody>\n<\/table>\n<\/td>\n<\/tr>\n<tr style=\"height: 25px;\">\n<td style=\"width: 685.3333740234375px; height: 25px; background-color: #f5ebbf;\" valign=\"top\" bgcolor=\"#0066FF\">Por mayor informaci\u00f3n y reservacion <strong>Contactarnos<\/strong><\/td>\n<\/tr>\n<\/tbody>\n<\/table>\n","protected":false},"excerpt":{"rendered":"<p>Montar Caballo Vista panor\u00e1mica \u00abMirador de Catarina\u00bb \u00a0Sendero \u00abEl Paso del tren\u00bb \u00a0 Antes hacer la cabalgata podemos caminar hasta llegar al mirador donde hay restaurantes ideal para almorzar, tambien puedes llevar tus propios alimentos para comer en el \u00e1rea de pic -nic. Puedes escoger el manso caballo que mas te guste, este tour se [&hellip;]<\/p>\n","protected":false},"author":2,"featured_media":0,"parent":0,"menu_order":0,"comment_status":"closed","ping_status":"closed","template":"","meta":{"footnotes":""},"_links":{"self":[{"href":"https:\/\/nicaragua-travel-guide.com\/site\/wp-json\/wp\/v2\/pages\/6068"}],"collection":[{"href":"https:\/\/nicaragua-travel-guide.com\/site\/wp-json\/wp\/v2\/pages"}],"about":[{"href":"https:\/\/nicaragua-travel-guide.com\/site\/wp-json\/wp\/v2\/types\/page"}],"author":[{"embeddable":true,"href":"https:\/\/nicaragua-travel-guide.com\/site\/wp-json\/wp\/v2\/users\/2"}],"replies":[{"embeddable":true,"href":"https:\/\/nicaragua-travel-guide.com\/site\/wp-json\/wp\/v2\/comments?post=6068"}],"version-history":[{"count":24,"href":"https:\/\/nicaragua-travel-guide.com\/site\/wp-json\/wp\/v2\/pages\/6068\/revisions"}],"predecessor-version":[{"id":11109,"href":"https:\/\/nicaragua-travel-guide.com\/site\/wp-json\/wp\/v2\/pages\/6068\/revisions\/11109"}],"wp:attachment":[{"href":"https:\/\/nicaragua-travel-guide.com\/site\/wp-json\/wp\/v2\/media?parent=6068"}],"curies":[{"name":"wp","href":"https:\/\/api.w.org\/{rel}","templated":true}]}}