{"id":6087,"date":"2016-07-07T19:05:45","date_gmt":"2016-07-07T19:05:45","guid":{"rendered":"http:\/\/nicaragua-travel-guide.com\/site\/?page_id=6087"},"modified":"2016-08-23T03:46:14","modified_gmt":"2016-08-23T03:46:14","slug":"turismo-rural-comunitario-charco-muerto","status":"publish","type":"page","link":"https:\/\/nicaragua-travel-guide.com\/site\/turismo-rural-comunitario-charco-muerto\/","title":{"rendered":"Turismo rural comunitario \u00abCharco Muerto\u00bb"},"content":{"rendered":"<table style=\"width: 1022px;\" border=\"0\">\n<tbody>\n<tr style=\"height: 24px;\">\n<td style=\"height: 24px; width: 1009px;\" colspan=\"2\" bgcolor=\"#FFCC00\"><img loading=\"lazy\" decoding=\"async\" class=\"wp-image-11983 aligncenter\" src=\"http:\/\/nicaragua-travel-guide.com\/site\/wp-content\/uploads\/2016\/07\/granada-turismo-rural-comunitario-charco-muerto.jpg\" alt=\"granada turismo rural comunitario charco muerto\" width=\"1009\" height=\"353\" \/><\/td>\n<\/tr>\n<tr style=\"height: 30px;\">\n<td style=\"height: 30px; width: 1009px;\" colspan=\"2\" bgcolor=\"#FFFF00\">\n<table style=\"width: 1011.04px;\" border=\"0\">\n<tbody>\n<tr>\n<td style=\"width: 151px;\" bgcolor=\"#FFFFFF\">Comunidades:<\/td>\n<td style=\"width: 151px;\" bgcolor=\"#99FF00\"><a href=\"http:\/\/nicaragua-travel-guide.com\/site\/turismo-rural-comunitario-la-granadilla\/\">La Granadilla<\/a><\/td>\n<td style=\"width: 158px;\" bgcolor=\"#FF6633\"><a href=\"http:\/\/nicaragua-travel-guide.com\/site\/turismo-rural-comunitario-aguas-agrias\/\">Aguas Agrias<\/a><\/td>\n<td style=\"width: 183px;\" bgcolor=\"#66FFFF\"><a href=\"http:\/\/nicaragua-travel-guide.com\/site\/turismo-rural-comunidad-nicaragua-libre-cabalgata\/\">Nicaragua Libre<\/a><\/td>\n<td style=\"width: 161px;\" bgcolor=\"#FFFF00\"><a href=\"http:\/\/nicaragua-travel-guide.com\/site\/turismo-rural-comunitario-los-nortenos\/\">Los Norte\u00f1os<\/a><\/td>\n<td style=\"width: 173.038px;\" bgcolor=\"#009900\">Charco Muerto<\/td>\n<\/tr>\n<\/tbody>\n<\/table>\n<\/td>\n<\/tr>\n<tr style=\"height: 37px;\">\n<td style=\"height: 37px; width: 1009px;\" colspan=\"2\" bgcolor=\"#009933\"><strong>Charco Muerto: <\/strong>Turismo rural Comunitario<\/td>\n<\/tr>\n<tr style=\"height: 22px;\">\n<td style=\"height: 22px; width: 1009px;\" colspan=\"2\" bgcolor=\"#99CC00\"><strong>Descripci\u00f3n<\/strong><\/td>\n<\/tr>\n<tr style=\"height: 349px;\">\n<td style=\"height: 349px; width: 1009px;\" colspan=\"2\" valign=\"top\" bgcolor=\"#009933\">\n<table border=\"0\" width=\"1008\">\n<tbody>\n<tr style=\"height: 48.0799px;\">\n<td style=\"height: 48.0799px;\" colspan=\"2\">Charco Muerto es una extensa zona rural manejada por una cooperativa campesina, se pueden realizar diversas actividades durante una visita: caminar hasta la cima de una loma con vistas panor\u00e1micas, disfrutar de las playas arenosas en las costas del Lago de Nicaragua,<\/td>\n<\/tr>\n<tr style=\"height: 376px;\">\n<td style=\"height: 376px;\" width=\"583\">Experimentar la pesca artesanal con atarraya y, adem\u00e1s, entrar en contacto con el entorno y rutina de las amables familias de la localidad.<br \/>\nLa cooperativa tiene el nombre de Claudio Chamorro No.2 y est\u00e1 compuesta por varias familias campesinas originarias de la zona, las que en total suman unas 120 personas. Ac\u00e1 la gente se dedica a la producci\u00f3n agr\u00edcola, la ganader\u00eda y la pesca. La finca posee 772 manzanas en las que hay zonas de cultivos, de vivienda, de potreros y pastizales, de costa lacustre y, tambi\u00e9n, de bosques conservados.Debido a la belleza del entorno, la cooperativa inici\u00f3 un proyecto de turismo rural comunitario para ofrecer una interesante experiencia a sus visitantes.Es posible pernoctar en el albergue comunal y realizar m\u00e1s actividades, pero el tour regular se puede hacer en un solo d\u00eda.<\/td>\n<td style=\"height: 376px;\" valign=\"top\" width=\"415\"><img loading=\"lazy\" decoding=\"async\" class=\"alignnone  wp-image-11981\" src=\"http:\/\/nicaragua-travel-guide.com\/site\/wp-content\/uploads\/2016\/07\/mapadecomunidadesruralesgranadanic.jpg\" alt=\"mapadecomunidadesruralesgranadanic\" width=\"411\" height=\"369\" \/><\/td>\n<\/tr>\n<\/tbody>\n<\/table>\n<\/td>\n<\/tr>\n<tr style=\"height: 22px;\">\n<td style=\"height: 22px; width: 443.3333435058594px;\" bgcolor=\"#99CC00\"><strong>Senderismo en La Lomona<\/strong><\/td>\n<td style=\"height: 22px; width: 565.6666564941406px;\" bgcolor=\"#99CC00\"><\/td>\n<\/tr>\n<tr style=\"height: 556.666748046875px;\">\n<td style=\"height: 556.666748046875px; width: 1009px;\" colspan=\"2\" align=\"center\" valign=\"top\" bgcolor=\"#009933\">El tour inicia en la arenosa playa de Casas de Tejas, a la que se llega recorriendo el camino de tierra de Monteverde, el cual conecta con la carretera Granada-Nandaime. Es posible llegar hasta esta playa por cuenta propia, pero la cooperativa cuenta con transporte desde la ciudad de Granada (vea m\u00e1s abajo las formas de llegar).<\/p>\n<p>En la playa, los visitantes son recibidos por los gu\u00edas comunitarios que brindan las orientaciones pertinentes. Aqu\u00ed empieza una caminata por senderos rurales, y el primer punto de inter\u00e9s visitado es un antiguo cementerio ind\u00edgena que se encuentra al aire libre, justo al lado del sendero; es un mont\u00edculo de tierra en el que hay restos de piezas de cer\u00e1mica semi-enterrados, los cuales pueden ser observados muy de cerca por los visitantes. Luego de este punto, el trayecto se divide en dos: uno corto y uno largo.<\/p>\n<p>Las personas con dificultades f\u00edsicas para realizar una extensa caminata deben tomar el trayecto corto, que se hace por terrenos planos y tiene una duraci\u00f3n aproximada de 30 minutos hasta la Casa Comunal. En el transcurso es posible ver \u00e1rboles inmensos, huertos y todo el entorno agr\u00edcola y natural.<\/p>\n<p>Con el trayecto largo se realiza la escalada de la lomona. Por los senderos sombreados por altos \u00e1rboles se empieza a subir, pasando por parcelas de cultivos visitadas por diversidad de insectos y aves, que van siendo se\u00f1alados por los gu\u00edas. M\u00e1s arriba, en las cuestas de la loma hay m\u00e1s cultivos y pocos \u00e1rboles, por lo que se obtiene una amplia vista panor\u00e1mica de las costas del lago, la m\u00edtica Isla Zapatera y todos los islotes sat\u00e9lites que conforman el archipi\u00e9lago del mismo nombre. Es posible observar a los campesinos en sus faenas diarias productivas, adem\u00e1s de animales silvestres como ardillas, garrobos y otros.<\/p>\n<p>El punto m\u00e1s elevado del trayecto se alcanza luego de 2 horas y 30 minutos de caminata regular, aunque ese tiempo puede variar seg\u00fan la naturaleza del grupo visitante. Luego se empieza el descenso, por senderos que dirigen hacia la costa. El grupo desciende hasta la Playa Los Ronaldos, de arena negruzca y no pedregoza que permite tomar un ba\u00f1o en el lago. Junto se encuentra la playa Los Cocos, una bah\u00eda arenosa ideal para el ba\u00f1o, tambi\u00e9n.<\/td>\n<\/tr>\n<tr style=\"height: 22px;\">\n<td style=\"height: 22px; width: 1009px;\" colspan=\"2\" bgcolor=\"#99CC00\"><strong>Almuerzo y reposo en la Casa Comunal<\/strong><\/td>\n<\/tr>\n<tr style=\"height: 94px;\">\n<td style=\"height: 94px; width: 1009px;\" colspan=\"2\" bgcolor=\"#009933\">Desde las playas, pasando por senderos a orillas de las casas campesinas de la comunidad, los visitantes son dirigidos a la Casa Comunal. All\u00ed se les sirve el almuerzo, compuesto por pescado frito, arroz, frijoles, pl\u00e1tano y ensalada. Es posible cambiar el men\u00fa para grupo con gustos diferentes (vegetarianos, por ejemplo) si se avisa con tiempo, antes de la visita. Luego del almuerzo, los visitantes pueden descansar en hamacas, o visitar las playas.<\/td>\n<\/tr>\n<tr style=\"height: 446px;\">\n<td style=\"height: 446px; width: 1009px;\" colspan=\"2\" bgcolor=\"#009933\">\n<table style=\"width: 1005px;\" border=\"0\">\n<tbody>\n<tr>\n<td style=\"width: 990px;\" colspan=\"2\" bgcolor=\"#99CC00\"><strong>Paseo en panga y pesca artesanal<\/strong><\/td>\n<\/tr>\n<tr>\n<td style=\"width: 700.6666870117188px;\" height=\"330\">La \u00faltima actividad del tour se realiza en las aguas del lago, y consiste en un recorrido en panga por la costa y la pr\u00e1ctica de la pesca con la atarraya, instrumento artesanal que consiste en una red. Por lo general, esta actividad tiene una duraci\u00f3n de una hora.<br \/>\nDesde la panga se tiene siempre bonitas vistas de la costa, que es en trechos plana y arenosa, y en otros pedregosa y con peque\u00f1os farallones de roca. Se observan aves lacustres, y el bonito entorno de las islas del archipi\u00e9lago de Zapatera. Debido a la cercan\u00eda de esas islas, el agua es por lo general tranquila en el lago.Los gu\u00edas comunitarios en la lancha muestran a los visitantes c\u00f3mo realizar la pesca con la atarraya, proceso bastante sencillo pero que exige \u00e1nimos y disposici\u00f3n a realizar varios intentos hasta mejorar la pr\u00e1ctica. Es posible capturar mojarras de diversos colores, guapotes, sabalotes o tilapias. Por lo general esta es una pesca deportiva, y los peces son devueltos al lago luego de la captura, pero los visitantes pueden escoger quedarse con sus pescados.<\/td>\n<td style=\"width: 289.33331298828125px;\"><img loading=\"lazy\" decoding=\"async\" class=\"alignnone  wp-image-11982\" src=\"http:\/\/nicaragua-travel-guide.com\/site\/wp-content\/uploads\/2016\/07\/pescaencharcomuerto.jpg\" alt=\"pescaencharcomuerto\" width=\"358\" height=\"268\" srcset=\"https:\/\/nicaragua-travel-guide.com\/site\/wp-content\/uploads\/2016\/07\/pescaencharcomuerto.jpg 3456w, https:\/\/nicaragua-travel-guide.com\/site\/wp-content\/uploads\/2016\/07\/pescaencharcomuerto-600x450.jpg 600w\" sizes=\"(max-width: 358px) 100vw, 358px\" \/><\/td>\n<\/tr>\n<tr>\n<td style=\"width: 990px;\" colspan=\"2\">En la lancha se les ofrece un refrigerio a los visitantes, y luego contin\u00faan el recorrido por la costa hasta la playa Casa de Tejas, donde empieza y termina el tour de Charco Muerto. Aqu\u00ed los espera el transporte para llevarlos a la ciudad de Granada, si el grupo no elige pernoctar con la comunidad.<\/td>\n<\/tr>\n<\/tbody>\n<\/table>\n<\/td>\n<\/tr>\n<tr style=\"height: 22px;\">\n<td style=\"height: 22px; width: 443.3333435058594px;\" bgcolor=\"#99CC00\">Datos pr\u00e1cticos:<\/td>\n<td style=\"height: 22px; width: 565.6666564941406px;\" bgcolor=\"#99CC00\"><\/td>\n<\/tr>\n<tr style=\"height: 430px;\">\n<td style=\"height: 430px; width: 1009px;\" colspan=\"2\" bgcolor=\"#009933\">Contactarnos para saber el precio de este tour por persona, que incluye la caminata, el almuerzo y refrigerio, el tour de lancha y pesca, as\u00ed como el transporte desde Granada.<\/p>\n<p>Podemos organizar este viaje con transporte privado, en carro o moto con nuestra compa\u00f1\u00eda de viajes y gu\u00eda, hasta la playa de Casas de Tejas.<\/p>\n<p>Los gu\u00edas ofrecen el tour en espa\u00f1ol, pero se dispone de un gu\u00eda en ingl\u00e9s que debe ser previamente solicitado. Cada gu\u00eda maneja un grupo de hasta 5 personas, y aunque se dispone de varios gu\u00edas la cooperativa s\u00f3lo acepta grupos de 20 personas en total.<\/p>\n<p>Para las personas que desean pasar la noche en la comunidad, hay otras actividades alternativas como realizar pesca con anzuelo e hilo, visitar las zonas boscosas de la cooperativa, preparar platillos tradicionales (gallo pinto, pescado frito y otros) o realizar algunas actividades campesinas en los cultivos y los corrales de ganado. Para saber sobre las condiciones de hospedaje, leer sobre el Albergue de Charco Muerto.<\/p>\n<p>Ponte ne contacto con Nosotros podemos ir en transporte publico o en carro privado, y moto con servicio de nuestra compa\u00f1\u00eda de gu\u00eda hasta Charco Muerto desde su local, podemos recoger en hoteles de la ciudad para el traslado de los visitantes (el transporte incluye ida y vuelta). Desde Granada hasta la playa Casa de Tejas, el viaje tiene una duraci\u00f3n de casi dos horas cuando la carretera de Monte verde est\u00e1 en mal estado, y de una hora cuando est\u00e1 buena.<\/td>\n<\/tr>\n<tr style=\"height: 25px;\">\n<td style=\"height: 25px; width: 443.3333435058594px;\" bgcolor=\"#99CC00\">Vamos a Conocer mas de la historia de La cooperativa Claudio Chamorro No.2 que forma parte de la organizaci\u00f3n UCA Tierra y Agua<\/td>\n<td style=\"height: 321px; width: 565.6666564941406px;\" rowspan=\"5\" valign=\"top\" bgcolor=\"#000000\"><iframe loading=\"lazy\" src=\"http:\/\/www.youtube.com\/embed\/U0n1GNpmmMo\" width=\"560\" height=\"315\" frameborder=\"0\" allowfullscreen=\"allowfullscreen\"><\/iframe><\/td>\n<\/tr>\n<tr style=\"height: 22px;\">\n<td style=\"height: 22px; width: 443.3333435058594px;\" bgcolor=\"#99CC00\">Que Incluye?<\/td>\n<\/tr>\n<tr style=\"height: 126px;\">\n<td style=\"height: 126px; width: 443.3333435058594px;\" bgcolor=\"#009933\">\n<ul>\n<li>Servicio de gu\u00eda<\/li>\n<li>Incluye otro gu\u00eda local de la comunidad rural<\/li>\n<li>Opci\u00f3n de tomar servicio de alimentos de la comunidad<\/li>\n<\/ul>\n<\/td>\n<\/tr>\n<tr style=\"height: 22px;\">\n<td style=\"height: 22px; width: 443.3333435058594px;\" bgcolor=\"#99CC00\">Que Llevar?<\/td>\n<\/tr>\n<tr style=\"height: 126px;\">\n<td style=\"height: 126px; width: 443.3333435058594px;\" bgcolor=\"#009933\">\n<ul>\n<li>Zapatos cerrados, vestirse con ropa c\u00f3moda<\/li>\n<li>Camisa manga larga- Pantal\u00f3n- gorra o sombrero<\/li>\n<li>Bloqueador solar y repelente de insectos<\/li>\n<li>Opci\u00f3n de llevar su almuerzo o comidas ligeras<\/li>\n<\/ul>\n<\/td>\n<\/tr>\n<tr style=\"height: 22px;\">\n<td style=\"height: 22px; width: 1009px;\" colspan=\"2\" bgcolor=\"#99CC00\">Desde esta comunidad es posible tambi\u00e9n visitar las otras cooperativas asociadas.<\/td>\n<\/tr>\n<tr style=\"height: 198px;\">\n<td style=\"height: 198px; width: 1009px;\" colspan=\"2\" bgcolor=\"#009933\">Ver secci\u00f3n\u00a0de transporte:<\/p>\n<ul>\n<li><a href=\"http:\/\/nicaragua-travel-guide.com\/site\/alquiler-de-carro-privado\/\">Alquiler de carro privado \u00a0<\/a><\/li>\n<li><a href=\"http:\/\/nicaragua-travel-guide.com\/site\/alquiler-de-moto\/\">Alquiler de moto<\/a><\/li>\n<\/ul>\n<\/td>\n<\/tr>\n<tr style=\"height: 36px;\">\n<td style=\"height: 36px; width: 1009px;\" colspan=\"2\" bgcolor=\"#009933\">Por mayor informaci\u00f3n y reservacion<strong> Contactarnos<\/strong><\/td>\n<\/tr>\n<\/tbody>\n<\/table>\n","protected":false},"excerpt":{"rendered":"<p>Comunidades: La Granadilla Aguas Agrias Nicaragua Libre Los Norte\u00f1os Charco Muerto Charco Muerto: Turismo rural Comunitario Descripci\u00f3n Charco Muerto es una extensa zona rural manejada por una cooperativa campesina, se pueden realizar diversas actividades durante una visita: caminar hasta la cima de una loma con vistas panor\u00e1micas, disfrutar de las playas arenosas en las costas [&hellip;]<\/p>\n","protected":false},"author":2,"featured_media":0,"parent":0,"menu_order":0,"comment_status":"closed","ping_status":"closed","template":"","meta":{"footnotes":""},"_links":{"self":[{"href":"https:\/\/nicaragua-travel-guide.com\/site\/wp-json\/wp\/v2\/pages\/6087"}],"collection":[{"href":"https:\/\/nicaragua-travel-guide.com\/site\/wp-json\/wp\/v2\/pages"}],"about":[{"href":"https:\/\/nicaragua-travel-guide.com\/site\/wp-json\/wp\/v2\/types\/page"}],"author":[{"embeddable":true,"href":"https:\/\/nicaragua-travel-guide.com\/site\/wp-json\/wp\/v2\/users\/2"}],"replies":[{"embeddable":true,"href":"https:\/\/nicaragua-travel-guide.com\/site\/wp-json\/wp\/v2\/comments?post=6087"}],"version-history":[{"count":20,"href":"https:\/\/nicaragua-travel-guide.com\/site\/wp-json\/wp\/v2\/pages\/6087\/revisions"}],"predecessor-version":[{"id":11984,"href":"https:\/\/nicaragua-travel-guide.com\/site\/wp-json\/wp\/v2\/pages\/6087\/revisions\/11984"}],"wp:attachment":[{"href":"https:\/\/nicaragua-travel-guide.com\/site\/wp-json\/wp\/v2\/media?parent=6087"}],"curies":[{"name":"wp","href":"https:\/\/api.w.org\/{rel}","templated":true}]}}