{"id":6102,"date":"2016-07-07T19:31:28","date_gmt":"2016-07-07T19:31:28","guid":{"rendered":"http:\/\/nicaragua-travel-guide.com\/site\/?page_id=6102"},"modified":"2016-08-23T04:46:26","modified_gmt":"2016-08-23T04:46:26","slug":"turismo-rural-comunitario-la-granadilla","status":"publish","type":"page","link":"https:\/\/nicaragua-travel-guide.com\/site\/turismo-rural-comunitario-la-granadilla\/","title":{"rendered":"Turismo rural comunitario \u00abLa Granadilla\u00bb"},"content":{"rendered":"<table style=\"width: 1011.54px;\" border=\"0\">\n<tbody>\n<tr style=\"height: 31px;\">\n<td style=\"height: 31px; width: 999.542px;\" colspan=\"2\" bgcolor=\"#FFCC00\"><img loading=\"lazy\" decoding=\"async\" class=\"alignnone wp-image-11986\" src=\"http:\/\/nicaragua-travel-guide.com\/site\/wp-content\/uploads\/2016\/07\/granada-turismo-rural-comunitario-uca.jpg\" alt=\"granada turismo rural comunitario uca\" width=\"1014\" height=\"355\" \/><\/td>\n<\/tr>\n<tr style=\"height: 42px;\">\n<td style=\"height: 42px; width: 999.542px;\" colspan=\"2\" bgcolor=\"#FFCC00\">\n<table border=\"0\" width=\"1004\">\n<tbody>\n<tr>\n<td bgcolor=\"#FFFFFF\" width=\"136\" height=\"37\">Comunidades:<\/td>\n<td bgcolor=\"#CCFF00\" width=\"156\"><strong>La Granadilla<\/strong><\/td>\n<td bgcolor=\"#FF0000\" width=\"179\"><a href=\"http:\/\/nicaragua-travel-guide.com\/site\/turismo-rural-comunidad-nicaragua-libre-cabalgata\/\">Nicaragua Libre<\/a><\/td>\n<td bgcolor=\"#666600\" width=\"177\">Aguas Agrias<\/td>\n<td bgcolor=\"#33FFFF\" width=\"173\"><a href=\"http:\/\/nicaragua-travel-guide.com\/site\/turismo-rural-comunitario-los-nortenos\/\">Los Norte\u00f1os<\/a><\/td>\n<td bgcolor=\"#CC3399\" width=\"157\"><a href=\"http:\/\/nicaragua-travel-guide.com\/site\/turismo-rural-comunitario-charco-muerto\/\">Charco Muerto<\/a><\/td>\n<\/tr>\n<\/tbody>\n<\/table>\n<\/td>\n<\/tr>\n<tr style=\"height: 21px;\">\n<td style=\"height: 21px; width: 999.542px;\" colspan=\"2\" bgcolor=\"#CCFF00\"><strong>Comunidad La Granadilla:Turismo Rural Comunitario<\/strong><\/td>\n<\/tr>\n<tr style=\"height: 26px;\">\n<td style=\"height: 26px; width: 999.542px;\" colspan=\"2\" bgcolor=\"#009900\"><strong>Descripci\u00f3n:<\/strong><\/td>\n<\/tr>\n<tr style=\"height: 247px;\">\n<td style=\"height: 247px; width: 999.542px;\" colspan=\"2\" valign=\"top\" bgcolor=\"#CCFF00\">La Granadilla es una comunidad en la que una cooperativa agropecuaria ofrece servicios de atenci\u00f3n a los turistas interesados en conocer y experimentar la rutina y el entorno campesino. En el sitio se ofrecen recorridos por los senderos que llevan a los sembradillos y a las casas de las familias locales, adem\u00e1s se alquilan bicicletas, Caballos, viajes en carreta de bueyes y cuentan con la opci\u00f3n de hospedar y alimentar a los visitantes.<\/p>\n<p>La acogida de turistas se realiza en la bonita casa comunal de La Granadilla. <a href=\"http:\/\/nicaragua-travel-guide.com\/site\/turismo-rural-comunidad-la-granadilla-ecoalbergue-granada\/\">El eco albergue<\/a>\u00a0es un edificio bien mantenido que dispone de tres habitaciones compartidas, \u00e1rea de comedor, adem\u00e1s del sal\u00f3n principal y la peque\u00f1a biblioteca comunal. El local est\u00e1 tambi\u00e9n disponible para eventos y capacitaciones. La atenci\u00f3n es realizada por la misma gente de la cooperativa, quienes tambi\u00e9n sirven de gu\u00edas.<\/p>\n<p><strong>La Granadilla Es<\/strong>\u00a0una comunidad t\u00edpica mente campesina a los pies del volc\u00e1n Mombacho<\/p>\n<p><strong>\u00a1 Vamos a Conocer ! \u201cEl Sue\u00f1o de La Granadilla\u201d<\/strong><\/td>\n<\/tr>\n<tr style=\"height: 113px;\">\n<td style=\"height: 113px; width: 999.542px;\" colspan=\"2\" valign=\"top\" bgcolor=\"#000000\">\n<table style=\"width: 997px;\" border=\"0\">\n<tbody>\n<tr>\n<td style=\"width: 551px;\" valign=\"top\" bgcolor=\"#000000\" height=\"25\"><iframe loading=\"lazy\" src=\"http:\/\/www.youtube.com\/embed\/uWQ1oGeKI-c\" width=\"420\" height=\"315\" frameborder=\"0\" allowfullscreen=\"allowfullscreen\"><\/iframe><\/td>\n<td style=\"width: 434px;\"><img loading=\"lazy\" decoding=\"async\" class=\"alignnone wp-image-12000\" src=\"http:\/\/nicaragua-travel-guide.com\/site\/wp-content\/uploads\/2016\/07\/ruralcomunitariolagranadilla.jpg\" alt=\"ruralcomunitariolagranadilla\" width=\"412\" height=\"307\" \/><\/td>\n<\/tr>\n<\/tbody>\n<\/table>\n<\/td>\n<\/tr>\n<tr style=\"height: 205px;\">\n<td style=\"height: 205px; width: 588px;\" valign=\"top\" bgcolor=\"#CCFF00\">Desde esta comunidad es posible tambi\u00e9n visitar las otras cooperativas asociadas y realizar actividades como:<\/p>\n<p>* La historia de la Cooperativa \u201dH\u00e9roes y M\u00e1rtires de Nandaime\u201d Un esfuerzo de superaci\u00f3n que merece la pena conocer.<br \/>\n* Ruta La Granadilla \u201d Una oportunidad de conocer directamente la forma de vida campesina<br \/>\n* Ruta Comarca la Escoba\u201d Otra parte interesante de la vida campesina, su cara m\u00e1s social.<\/td>\n<td style=\"height: 700px; width: 411.542px;\" rowspan=\"5\" valign=\"top\" bgcolor=\"#CCFF00\">\n<table border=\"0\" width=\"408\">\n<tbody>\n<tr style=\"height: 214.666748046875px;\">\n<td style=\"height: 214.666748046875px;\" align=\"right\" width=\"402\"><img loading=\"lazy\" decoding=\"async\" class=\" wp-image-12001 aligncenter\" style=\"text-align: start;\" src=\"http:\/\/nicaragua-travel-guide.com\/site\/wp-content\/uploads\/2016\/07\/casalagranadillados.jpg\" alt=\"casalagranadillados\" width=\"401\" height=\"301\" \/><\/td>\n<\/tr>\n<tr style=\"height: 249px;\">\n<td style=\"height: 249px;\"><img loading=\"lazy\" decoding=\"async\" class=\" wp-image-12002 aligncenter\" src=\"http:\/\/nicaragua-travel-guide.com\/site\/wp-content\/uploads\/2016\/07\/lagranadillatres.jpg\" alt=\"lagranadillatres\" width=\"400\" height=\"300\" \/><\/td>\n<\/tr>\n<tr style=\"height: 268px;\">\n<td style=\"text-align: center; height: 268px;\"><img loading=\"lazy\" decoding=\"async\" class=\"alignnone wp-image-11922\" src=\"http:\/\/nicaragua-travel-guide.com\/site\/wp-content\/uploads\/2016\/07\/cabalgata-diriomoydiria.jpg\" alt=\"cabalgata diriomoydiria\" width=\"407\" height=\"304\" \/><\/td>\n<\/tr>\n<\/tbody>\n<\/table>\n<\/td>\n<\/tr>\n<tr style=\"height: 316px;\">\n<td style=\"height: 316px; width: 588px;\" valign=\"top\" bgcolor=\"#CCFF00\">Los precios por servicios en La Granadillas son muy econ\u00f3micos:<\/p>\n<ul>\n<li>La noche en el albergue de la casa comunal cuesta <strong>US$5<\/strong> d\u00f3lares (tambi\u00e9n hay servicio de lavander\u00eda).<\/li>\n<li>Los paseos guiados (m\u00e1ximo de 5 personas por gu\u00eda) tienen un costo de entre <strong>US$8<\/strong> d\u00f3lares<\/li>\n<li>Se laquilan Caballos x $20 hora<\/li>\n<li>El alquiler de bicicletas cuesta <strong>US$10<\/strong> (por d\u00eda)<strong>.<\/strong><\/li>\n<\/ul>\n<p>La Granadilla es una organizaci\u00f3n manejada por una cooperativa de campesinos miembro de la Uni\u00f3n de Cooperativas Agropecuarias: UCA Tierra y Agua. Desde esta comunidad tambi\u00e9n ofrecen otras actividades posibles en la zonas vecinas y realizar actividades de turismo rural comunitario al visitar las otras cooperativas asociadas:<\/td>\n<\/tr>\n<tr style=\"height: 35px;\">\n<td style=\"height: 35px; width: 588px;\" bgcolor=\"#009900\"><strong>C\u00f3mo llegar?<\/strong><\/td>\n<\/tr>\n<tr style=\"height: 186px;\">\n<td style=\"height: 186px; width: 588px;\" valign=\"top\" bgcolor=\"#CCFF00\">Nosotros organizamos el transporte en Moto, carro privado o publico el precio depende del numero de visitantes pasajeros con servicio de gu\u00eda saliendo desde la ciudad de Granada se puede llegar a La Granadilla y desde Monte Verde, en el kil\u00f3metro 60.5 de la carretera Granada-Nandaime. <span style=\"font-family: inherit; font-size: inherit; line-height: 1.5;\">All\u00ed se toma una calle de tierra ubicada sobre la izquierda (si llegamos desde Granada).<\/span><\/p>\n<p>&nbsp;<\/p>\n<p><span style=\"font-family: inherit; font-size: inherit; line-height: 1.5;\"> En esa calle se recorren 1.5 kil\u00f3metros hasta encontrar otra calle de tierra que se une desde la izquierda con la principal. Luego de un kil\u00f3metro m\u00e1s en esta segunda carretera de tierra se llega a la casa comunal de La Granadilla.<\/span><\/td>\n<\/tr>\n<tr style=\"height: 26px;\">\n<td style=\"height: 26px; width: 588px;\" bgcolor=\"#009900\">Por Mayor informaci\u00f3n y reservacion <strong>Contactarnos<\/strong><\/td>\n<\/tr>\n<\/tbody>\n<\/table>\n","protected":false},"excerpt":{"rendered":"<p>Comunidades: La Granadilla Nicaragua Libre Aguas Agrias Los Norte\u00f1os Charco Muerto Comunidad La Granadilla:Turismo Rural Comunitario Descripci\u00f3n: La Granadilla es una comunidad en la que una cooperativa agropecuaria ofrece servicios de atenci\u00f3n a los turistas interesados en conocer y experimentar la rutina y el entorno campesino. En el sitio se ofrecen recorridos por los senderos [&hellip;]<\/p>\n","protected":false},"author":2,"featured_media":0,"parent":0,"menu_order":0,"comment_status":"closed","ping_status":"closed","template":"","meta":{"footnotes":""},"_links":{"self":[{"href":"https:\/\/nicaragua-travel-guide.com\/site\/wp-json\/wp\/v2\/pages\/6102"}],"collection":[{"href":"https:\/\/nicaragua-travel-guide.com\/site\/wp-json\/wp\/v2\/pages"}],"about":[{"href":"https:\/\/nicaragua-travel-guide.com\/site\/wp-json\/wp\/v2\/types\/page"}],"author":[{"embeddable":true,"href":"https:\/\/nicaragua-travel-guide.com\/site\/wp-json\/wp\/v2\/users\/2"}],"replies":[{"embeddable":true,"href":"https:\/\/nicaragua-travel-guide.com\/site\/wp-json\/wp\/v2\/comments?post=6102"}],"version-history":[{"count":12,"href":"https:\/\/nicaragua-travel-guide.com\/site\/wp-json\/wp\/v2\/pages\/6102\/revisions"}],"predecessor-version":[{"id":12004,"href":"https:\/\/nicaragua-travel-guide.com\/site\/wp-json\/wp\/v2\/pages\/6102\/revisions\/12004"}],"wp:attachment":[{"href":"https:\/\/nicaragua-travel-guide.com\/site\/wp-json\/wp\/v2\/media?parent=6102"}],"curies":[{"name":"wp","href":"https:\/\/api.w.org\/{rel}","templated":true}]}}