{"id":6105,"date":"2016-07-07T19:38:07","date_gmt":"2016-07-07T19:38:07","guid":{"rendered":"http:\/\/nicaragua-travel-guide.com\/site\/?page_id=6105"},"modified":"2016-08-23T04:05:21","modified_gmt":"2016-08-23T04:05:21","slug":"turismo-rural-comunitario-los-nortenos","status":"publish","type":"page","link":"https:\/\/nicaragua-travel-guide.com\/site\/turismo-rural-comunitario-los-nortenos\/","title":{"rendered":"Turismo rural comunitario \u00abLos Norte\u00f1os\u00bb"},"content":{"rendered":"<table style=\"width: 1008px;\" border=\"0\">\n<tbody>\n<tr style=\"height: 15px;\">\n<td style=\"height: 15px; width: 526px;\" colspan=\"2\" bgcolor=\"#FFCC33\"><img loading=\"lazy\" decoding=\"async\" class=\"wp-image-11986 aligncenter\" src=\"http:\/\/nicaragua-travel-guide.com\/site\/wp-content\/uploads\/2016\/07\/granada-turismo-rural-comunitario-uca.jpg\" alt=\"granada turismo rural comunitario uca\" width=\"1041\" height=\"364\" \/><\/td>\n<\/tr>\n<tr style=\"height: 30px;\">\n<td style=\"height: 30px; width: 526px;\" colspan=\"2\" bgcolor=\"#FFFF00\">\n<table style=\"width: 1026px;\" border=\"0\">\n<tbody>\n<tr>\n<td style=\"width: 155px;\" bgcolor=\"#FFFFFF\">Comunidades:<\/td>\n<td style=\"width: 159px;\" bgcolor=\"#009900\"><a href=\"http:\/\/nicaragua-travel-guide.com\/site\/turismo-rural-comunitario-la-granadilla\/\">La Granadilla<\/a><\/td>\n<td style=\"width: 166px;\" bgcolor=\"#FF3399\"><a href=\"http:\/\/nicaragua-travel-guide.com\/site\/turismo-rural-comunitario-aguas-agrias\/\">Aguas Agrias<\/a><\/td>\n<td style=\"width: 190.3333740234375px;\" bgcolor=\"#3399FF\"><a href=\"http:\/\/nicaragua-travel-guide.com\/site\/turismo-rural-comunidad-nicaragua-libre-cabalgata\/\">Nicaragua Libre<\/a><\/td>\n<td style=\"width: 163.6666259765625px;\" align=\"center\" valign=\"middle\" bgcolor=\"#FF9900\">Los Norte\u00f1os<\/td>\n<td style=\"width: 161px;\" bgcolor=\"#99FF66\"><a href=\"http:\/\/nicaragua-travel-guide.com\/site\/turismo-rural-comunitario-charco-muerto\/\">Charco Muerto<\/a><\/td>\n<\/tr>\n<\/tbody>\n<\/table>\n<\/td>\n<\/tr>\n<tr style=\"height: 47.66668701171875px;\">\n<td style=\"height: 47.66668701171875px; width: 396.3333740234375px;\" bgcolor=\"#009900\"><strong>\u00abLos Norte\u00f1os\u00bb<\/strong> Rural Comunitario<\/td>\n<td style=\"height: 402.66668701171875px; width: 129.6666259765625px;\" rowspan=\"5\">\n<table style=\"width: 278.66668701171875px;\" border=\"0\">\n<tbody>\n<tr>\n<td style=\"width: 278.66668701171875px;\"><img loading=\"lazy\" decoding=\"async\" class=\"alignnone wp-image-11987\" src=\"http:\/\/nicaragua-travel-guide.com\/site\/wp-content\/uploads\/2016\/07\/losnortenos.jpg\" alt=\"losnortenos\" width=\"275\" height=\"367\" \/><\/td>\n<\/tr>\n<tr>\n<td style=\"width: 278.66668701171875px;\"><img loading=\"lazy\" decoding=\"async\" class=\"alignnone size-full wp-image-11239\" src=\"http:\/\/nicaragua-travel-guide.com\/site\/wp-content\/uploads\/2016\/07\/monocongo.jpg\" alt=\"monocongo\" width=\"259\" height=\"194\" \/><\/td>\n<\/tr>\n<\/tbody>\n<\/table>\n<\/td>\n<\/tr>\n<tr style=\"height: 35px;\">\n<td style=\"height: 35px; width: 396.3333740234375px;\"><strong>\u00bfPor qu\u00e9 venir?<\/strong><\/td>\n<\/tr>\n<tr style=\"height: 211px;\">\n<td style=\"height: 211px; width: 396.3333740234375px;\" bgcolor=\"#009900\">Para <strong>compartir<\/strong> con hospitalarias familias nicarag\u00fcenses su forma de vida:<\/p>\n<ul>\n<li>costumbres, comidas, trabajos<\/li>\n<li>(siembra, cosecha, orde\u00f1o de animales, pesca,&#8230;)<\/li>\n<li><strong>Precios accesibles<\/strong>, <strong>beneficiando directamente a comunidades rurales organizadas<\/strong>, due\u00f1as y protagonistas de las empresas tur\u00edsticas,<\/li>\n<li>Generar un ingreso complementario mientras afianzan la propiedad de la tierra.<\/li>\n<li>Cuidar y proteger sus bellos recursos naturales (lagos, volcanes, islas, bosques..) y culturales.<\/li>\n<\/ul>\n<\/td>\n<\/tr>\n<tr style=\"height: 35px;\">\n<td style=\"height: 35px; width: 396.3333740234375px;\"><strong>Descripcion:<\/strong><\/td>\n<\/tr>\n<tr style=\"height: 74px;\">\n<td style=\"height: 74px; width: 396.3333740234375px;\" bgcolor=\"#009900\">Al sur de Nandaime una comunidad de origen norte\u00f1o Jinoteganos, con una intensa historia que recordar. Desde esta comunidad es posible tambi\u00e9n visitar las otras cooperativas asociadas y realizar actividades como:<\/td>\n<\/tr>\n<tr style=\"height: 12px;\">\n<td style=\"height: 12px; width: 526px;\" colspan=\"2\" bgcolor=\"#CCCC00\">Opciones a tu eleccion en la comunidad Los Norte\u00f1os:<\/td>\n<\/tr>\n<tr style=\"height: 12px;\">\n<td style=\"height: 12px; width: 526px;\" colspan=\"2\" bgcolor=\"#009900\">* \u00abRuta del Cacao\u00bb Ruta de aventura paseando por el r\u00edo Ochomogo y sus quebradas entre vestigios del cacao de Menier.<br \/>\n* \u00abRuta Sacuanjoche\u00bb Paseo por la presa del r\u00edo Zapote y descenso por sus cuevas terminando en el mirador de Sacuanjoches.<br \/>\n*\u00bb Ruta Medina\u00bb A caballo o en bicicleta por las comunidades cercanas a la cooperativa.<br \/>\n*\u00bbRuta \u00abLos Norte\u00f1os\u00bb La Calera recorrido por las viviendas y parcelas familiares. Visita a las viejas caleras.<\/td>\n<\/tr>\n<tr style=\"height: 26px;\">\n<td style=\"height: 26px; width: 526px;\" colspan=\"2\" bgcolor=\"#CCCC00\">Este Tour Incluye:<\/td>\n<\/tr>\n<tr style=\"height: 492px;\">\n<td style=\"height: 492px; width: 526px;\" colspan=\"2\" valign=\"top\" bgcolor=\"#FF9900\">\n<table style=\"width: 1001.3333740234375px;\" border=\"0\">\n<tbody>\n<tr>\n<td style=\"width: 558px;\" bgcolor=\"#009900\">\n<ul>\n<li>Medio de transporte es opcional a su elecci\u00f3n.<\/li>\n<li>Caminata por los senderos de plantaciones<\/li>\n<li>Compa\u00f1\u00eda de gu\u00eda tours opera Gioconda Saliendo desde Granada.<\/li>\n<li>Incluye otro gu\u00eda local de la comunidad<\/li>\n<li>Opci\u00f3n de tomar servicio de alimentos de la comunidad<\/li>\n<li>Ver secci\u00f3n Transporte<\/li>\n<\/ul>\n<\/td>\n<td style=\"width: 428.3333740234375px;\" rowspan=\"4\" bgcolor=\"#000000\"><\/td>\n<\/tr>\n<tr>\n<td style=\"width: 558px;\" bgcolor=\"#CCCC00\">Que llevar?<\/td>\n<\/tr>\n<tr>\n<td style=\"width: 558px;\" bgcolor=\"#009900\">\n<ul>\n<li>Zapatos cerrados, vestirse con ropa c\u00f3moda<\/li>\n<li>llevar bloqueador solar<\/li>\n<li>Opci\u00f3n de llevar su almuerzo o comidas ligeras<\/li>\n<\/ul>\n<\/td>\n<\/tr>\n<tr>\n<td style=\"width: 558px;\" bgcolor=\"#CCCC00\"><strong>\u00bfCu\u00e1nto\u00a0Cuesta?<\/strong><\/td>\n<\/tr>\n<tr>\n<td style=\"width: 986.3333740234375px;\" colspan=\"2\" bgcolor=\"#009900\">\n<ul>\n<li>Comidas (<strong>2.5 a 3 U$<\/strong>\/servicio) y refrigerios (<strong>1 U$<\/strong>)<\/li>\n<li>Gu\u00edas de la Propia Comunidad: m\u00e1ximo 5 personas\/gu\u00eda) x 3 horas:$5 \u00a0x hora: <strong>8 U$\/gu\u00eda<\/strong><\/li>\n<li>Alojamiento en comunidad La Granadilla 3 U$\/noche; Nicaragua Libre <strong>5 U$\/noche<\/strong><\/li>\n<li>Paseo a Caballo: <strong>3 U$\/hora<\/strong>; Alquiler de Bicicletas 8 U$ \/ d\u00eda completo<\/li>\n<li>Transporte Terrestre: ( viaje ida y vuelta) <strong>Precio <\/strong>depende de la cantidad de visitantes.<\/li>\n<\/ul>\n<\/td>\n<\/tr>\n<tr>\n<td style=\"width: 986.3333740234375px;\" colspan=\"2\" bgcolor=\"#FF6600\" height=\"35\">Por mayor informaci\u00f3n y reservacion <strong>Contactarnos<\/strong><\/td>\n<\/tr>\n<\/tbody>\n<\/table>\n<\/td>\n<\/tr>\n<\/tbody>\n<\/table>\n","protected":false},"excerpt":{"rendered":"<p>Comunidades: La Granadilla Aguas Agrias Nicaragua Libre Los Norte\u00f1os Charco Muerto \u00abLos Norte\u00f1os\u00bb Rural Comunitario \u00bfPor qu\u00e9 venir? Para compartir con hospitalarias familias nicarag\u00fcenses su forma de vida: costumbres, comidas, trabajos (siembra, cosecha, orde\u00f1o de animales, pesca,&#8230;) Precios accesibles, beneficiando directamente a comunidades rurales organizadas, due\u00f1as y protagonistas de las empresas tur\u00edsticas, Generar un ingreso [&hellip;]<\/p>\n","protected":false},"author":2,"featured_media":0,"parent":0,"menu_order":0,"comment_status":"closed","ping_status":"closed","template":"","meta":{"footnotes":""},"_links":{"self":[{"href":"https:\/\/nicaragua-travel-guide.com\/site\/wp-json\/wp\/v2\/pages\/6105"}],"collection":[{"href":"https:\/\/nicaragua-travel-guide.com\/site\/wp-json\/wp\/v2\/pages"}],"about":[{"href":"https:\/\/nicaragua-travel-guide.com\/site\/wp-json\/wp\/v2\/types\/page"}],"author":[{"embeddable":true,"href":"https:\/\/nicaragua-travel-guide.com\/site\/wp-json\/wp\/v2\/users\/2"}],"replies":[{"embeddable":true,"href":"https:\/\/nicaragua-travel-guide.com\/site\/wp-json\/wp\/v2\/comments?post=6105"}],"version-history":[{"count":10,"href":"https:\/\/nicaragua-travel-guide.com\/site\/wp-json\/wp\/v2\/pages\/6105\/revisions"}],"predecessor-version":[{"id":11990,"href":"https:\/\/nicaragua-travel-guide.com\/site\/wp-json\/wp\/v2\/pages\/6105\/revisions\/11990"}],"wp:attachment":[{"href":"https:\/\/nicaragua-travel-guide.com\/site\/wp-json\/wp\/v2\/media?parent=6105"}],"curies":[{"name":"wp","href":"https:\/\/api.w.org\/{rel}","templated":true}]}}