{"id":6108,"date":"2016-07-07T19:42:03","date_gmt":"2016-07-07T19:42:03","guid":{"rendered":"http:\/\/nicaragua-travel-guide.com\/site\/?page_id=6108"},"modified":"2016-07-12T23:35:44","modified_gmt":"2016-07-12T23:35:44","slug":"turismo-rural-granada-finca-privada-domitila-actividades","status":"publish","type":"page","link":"https:\/\/nicaragua-travel-guide.com\/site\/turismo-rural-granada-finca-privada-domitila-actividades\/","title":{"rendered":"Turismo rural Granada \u00abFinca Privada Domitila\u00bb Actividades"},"content":{"rendered":"<table border=\"0\" width=\"1013\">\n<tbody>\n<tr>\n<td valign=\"top\" bgcolor=\"#FFFFFF\">\n<table border=\"0\" width=\"974\">\n<tbody>\n<tr>\n<td bgcolor=\"#FFFFFF\" width=\"265\" height=\"105\"><strong><img loading=\"lazy\" decoding=\"async\" src=\"http:\/\/www.nicaragua-travel-guide.com\/imangenestres\/domitilalogo.jpg\" width=\"251\" height=\"103\" \/><\/strong><\/td>\n<td bgcolor=\"#FFFFFF\" width=\"699\"><\/td>\n<\/tr>\n<\/tbody>\n<\/table>\n<\/td>\n<\/tr>\n<tr>\n<td bgcolor=\"#CCFF99\" width=\"1007\">Dentro de Domitila usted encontrar\u00e1 una amplia y exclusiva variedad de actividades para realizar. Las actividades var\u00edan desde una experiencia de excursi\u00f3n fuerte a moderada por un sendero monta\u00f1oso con fant\u00e1sticas vistas al Volc\u00e1n Mombacho y Lago Cocibolca, hasta un m\u00e1ximo de relajaci\u00f3n mientras usted bebe un vaso de fresco t\u00e9 helado de hierbas hecho de plantas locales leyendo un libro en una c\u00f3moda hamaca en el albergue.<\/p>\n<p>Domitila es una reserve privada que ofrece diversas y maravillosas actividades para los entusiastas de la naturaleza. Es un destino perfecto para los solteros, las parejas, o las familias que buscar pasar un buen tiempo reunidas. La reserva tambi\u00e9n es un excelente lugar para reuniones, talleres, e investigaciones cient\u00edficas.<\/p>\n<p>Experimente la excursi\u00f3n por senderos que var\u00edan en longitud y dificultad. Disfrute y observe la fauna y haga nuevas adiciones a su lista personal de p\u00e1jaros.<\/p>\n<p>Observe la naturaleza cuidadosamente incluyendo muchas mariposas, flores, mam\u00edferos, reptiles, e insectos identificados. \u00a1Rel\u00e1jese!! en nuestras c\u00f3modas hamacas y sillas en el albergue.<\/p>\n<table border=\"0\" width=\"1007\">\n<tbody>\n<tr>\n<td width=\"255\"><img loading=\"lazy\" decoding=\"async\" src=\"http:\/\/www.nicaragua-travel-guide.com\/imangenestres\/ruralcomunitariozapateramontarcaballo.jpg\" width=\"255\" height=\"219\" \/><\/td>\n<td width=\"241\"><img loading=\"lazy\" decoding=\"async\" src=\"http:\/\/www.nicaragua-travel-guide.com\/imangenestres\/mariposap.jpg\" width=\"240\" height=\"215\" \/><\/td>\n<td width=\"163\"><img loading=\"lazy\" decoding=\"async\" src=\"http:\/\/www.nicaragua-travel-guide.com\/imangenestres\/aveurracarivas.jpg\" width=\"163\" height=\"220\" \/><\/td>\n<td width=\"157\"><img loading=\"lazy\" decoding=\"async\" src=\"http:\/\/www.nicaragua-travel-guide.com\/imangenestres\/avegarzaisletas.jpg\" width=\"157\" height=\"214\" \/><\/td>\n<td width=\"169\"><img loading=\"lazy\" decoding=\"async\" src=\"http:\/\/www.nicaragua-travel-guide.com\/imangenestres\/islazapateracosta.jpg\" width=\"172\" height=\"217\" \/><\/td>\n<\/tr>\n<\/tbody>\n<\/table>\n<\/td>\n<\/tr>\n<tr>\n<td bgcolor=\"#FFFFFF\">Todo esto est\u00e1 disponible por una tarifa de entrada de $5 p\/p<\/td>\n<\/tr>\n<tr>\n<td valign=\"top\" bgcolor=\"#CCFF99\">Otras actividades disponibles incluyen:<br \/>\nExcursiones guiadas de la Historia Natural de la Zona. Camine a trav\u00e9s del bosque de Domitila acompa\u00f1ado por un gu\u00eda especializado que habla espa\u00f1ol, ingles o franc\u00e9s. Aprenda sobre el ecosistema \u00fanico del bosque tropical seco y de su flora y fauna. Los senderos var\u00edan en longitud y duraci\u00f3n de acuerdo a lost intereses y las necesidades individuales.*Observaci\u00f3n de aves: $10 por persona (3-4 horas). Incluye botella de agua.*Observaci\u00f3n de Mariposas: $10 por persona (3-4 horas). Incluye botella de agua.* Observaci\u00f3n de vida silvestre: $15 por persona (3-4 horas). Incluye botella de agua, frutas, refrescos naturales.* Caminata por el ecosistema del bosque tropical seco: $10 por persona (1-2 horas).* Caminata por el ecosistema de humedales (adyacente al Lago Cocibolca):$25 por persona (4-6 horas). Incluye botella de agua, frutas, refrescos naturales y transporte por carret\u00f3n tirado por bueyes.*Caminata nocturna y observaci\u00f3n de vida silvestre: $10 por persona (1-2 horas)*Excursiones a caballo: Los caballos son una excelente alternativa para conocer la reserva $15 por hora por persona.<br \/>\n*Expedici\u00f3n al Parque Nacional Isla Zapatera: incluye visita a sitios arqueol\u00f3gicos pre-Colombinos: $80 per persona (6-7 horas).Incluye gu\u00eda especializado en biolog\u00eda, transporte al lago, el paseo en barco, chaleco salvavidas, frutas, refrescos naturales, tarifa de entrada al parque nacional.<br \/>\n*Excursi\u00f3n a la Reserva Natural Lagunas de Mecatepe: $80.00 por persona. Incluye gu\u00eda especializado en biolog\u00eda, transporte al lagunas, botella de agua, frutas, y refrescos naturales.<\/td>\n<\/tr>\n<tr>\n<td valign=\"top\" bgcolor=\"#FFFFFF\">Precios especiales por convenios de 2 noches y 3 d\u00edas . Todos los precios cotizados est\u00e1n en dolares americanos.<\/p>\n<p>Las propinas no est\u00e1n inclu\u00eddos en los precios.<\/td>\n<\/tr>\n<tr>\n<td bgcolor=\"#009933\">\n<ul>\n<li><a href=\"http:\/\/nicaragua-travel-guide.com\/site\/turismo-rural-granada-reserva-natural-finca-privada-domitila-bienvenidos\/\"><strong>Bienvenidos<\/strong> Reserva Natural \u00a0Privada Domitila<\/a><\/li>\n<li><a href=\"http:\/\/nicaragua-travel-guide.com\/site\/turismo-rural-granada-visita-reserva-natural-finca-privada-domitila-ecoalbegue\/\">Eco albergue \/ Alojamiento en reserva privada Domitila<\/a><\/li>\n<\/ul>\n<\/td>\n<\/tr>\n<\/tbody>\n<\/table>\n","protected":false},"excerpt":{"rendered":"<p>Dentro de Domitila usted encontrar\u00e1 una amplia y exclusiva variedad de actividades para realizar. Las actividades var\u00edan desde una experiencia de excursi\u00f3n fuerte a moderada por un sendero monta\u00f1oso con fant\u00e1sticas vistas al Volc\u00e1n Mombacho y Lago Cocibolca, hasta un m\u00e1ximo de relajaci\u00f3n mientras usted bebe un vaso de fresco t\u00e9 helado de hierbas hecho [&hellip;]<\/p>\n","protected":false},"author":2,"featured_media":0,"parent":0,"menu_order":0,"comment_status":"closed","ping_status":"closed","template":"","meta":{"footnotes":""},"_links":{"self":[{"href":"https:\/\/nicaragua-travel-guide.com\/site\/wp-json\/wp\/v2\/pages\/6108"}],"collection":[{"href":"https:\/\/nicaragua-travel-guide.com\/site\/wp-json\/wp\/v2\/pages"}],"about":[{"href":"https:\/\/nicaragua-travel-guide.com\/site\/wp-json\/wp\/v2\/types\/page"}],"author":[{"embeddable":true,"href":"https:\/\/nicaragua-travel-guide.com\/site\/wp-json\/wp\/v2\/users\/2"}],"replies":[{"embeddable":true,"href":"https:\/\/nicaragua-travel-guide.com\/site\/wp-json\/wp\/v2\/comments?post=6108"}],"version-history":[{"count":13,"href":"https:\/\/nicaragua-travel-guide.com\/site\/wp-json\/wp\/v2\/pages\/6108\/revisions"}],"predecessor-version":[{"id":6573,"href":"https:\/\/nicaragua-travel-guide.com\/site\/wp-json\/wp\/v2\/pages\/6108\/revisions\/6573"}],"wp:attachment":[{"href":"https:\/\/nicaragua-travel-guide.com\/site\/wp-json\/wp\/v2\/media?parent=6108"}],"curies":[{"name":"wp","href":"https:\/\/api.w.org\/{rel}","templated":true}]}}