{"id":6145,"date":"2016-07-07T22:37:56","date_gmt":"2016-07-07T22:37:56","guid":{"rendered":"http:\/\/nicaragua-travel-guide.com\/site\/?page_id=6145"},"modified":"2016-08-23T04:31:41","modified_gmt":"2016-08-23T04:31:41","slug":"granada-turismo-rural-comunitario-aguas-agrias-cabalgata-rio-nadar-alojamiento","status":"publish","type":"page","link":"https:\/\/nicaragua-travel-guide.com\/site\/granada-turismo-rural-comunitario-aguas-agrias-cabalgata-rio-nadar-alojamiento\/","title":{"rendered":"Turismo rural comunitario \u00abAguas agrias\u00bb"},"content":{"rendered":"<table style=\"width: 973.6666870117188px;\" border=\"0\">\n<tbody>\n<tr style=\"height: 16px;\">\n<td style=\"height: 16px; width: 828.6666870117188px;\" colspan=\"2\" bgcolor=\"#FFCC00\"><img loading=\"lazy\" decoding=\"async\" class=\"alignnone wp-image-11986\" src=\"http:\/\/nicaragua-travel-guide.com\/site\/wp-content\/uploads\/2016\/07\/granada-turismo-rural-comunitario-uca.jpg\" alt=\"granada turismo rural comunitario uca\" width=\"1020\" height=\"357\" \/><\/td>\n<\/tr>\n<tr style=\"height: 42px;\">\n<td style=\"height: 42px; width: 828.6666870117188px;\" colspan=\"2\" bgcolor=\"#FFFF00\">\n<table style=\"width: 998px;\" border=\"0\">\n<tbody>\n<tr>\n<td style=\"width: 101px;\" bgcolor=\"#FFFFFF\" height=\"35\">Comunidades:<\/td>\n<td style=\"width: 178.66668701171875px;\" bgcolor=\"#0099FF\"><a href=\"http:\/\/nicaragua-travel-guide.com\/site\/turismo-rural-comunitario-la-granadilla\/\">La Granadilla<\/a><\/td>\n<td style=\"width: 162.33331298828125px;\" bgcolor=\"#CCFF00\">Aguas Agrias<\/td>\n<td style=\"width: 175px;\" bgcolor=\"#FF0099\"><a href=\"http:\/\/nicaragua-travel-guide.com\/site\/turismo-rural-comunidad-nicaragua-libre-cabalgata\/\">Nicaragua Libre<\/a><\/td>\n<td style=\"width: 164px;\" bgcolor=\"#6633FF\"><a href=\"http:\/\/nicaragua-travel-guide.com\/site\/turismo-rural-comunitario-los-nortenos\/\">Los Norte\u00f1os<\/a><\/td>\n<td style=\"width: 220px;\" bgcolor=\"#FFFF00\"><a href=\"http:\/\/nicaragua-travel-guide.com\/site\/turismo-rural-comunitario-charco-muerto\/\">Charco Muerto<\/a><\/td>\n<\/tr>\n<\/tbody>\n<\/table>\n<\/td>\n<\/tr>\n<tr style=\"height: 22px;\">\n<td style=\"height: 22px; width: 828.6666870117188px;\" colspan=\"2\" bgcolor=\"#009900\">Rural Comunitario: <strong>Senderismo en Comunidad y\u00a0r\u00edo \u00abAguas Agrias\u00bb<\/strong><\/td>\n<\/tr>\n<tr style=\"height: 142px;\">\n<td style=\"height: 142px; width: 828.6666870117188px;\" colspan=\"2\" bgcolor=\"#CCCC00\">Descripci\u00f3n:<\/p>\n<p>Aguas Agrias es manejada por una cooperativa de campesinos miembro de la Uni\u00f3n de Cooperativas Agropecuarias: UCA Tierra y Agua. Esta organizaci\u00f3n ofrece tambi\u00e9n otras actividades en la zona, como el Visita a comunidad campesina de La Granadilla, la comunidad de Nicaragua Libre y las actividades en la isla Zapatera.<\/td>\n<\/tr>\n<tr style=\"height: 22px;\">\n<td style=\"height: 22px; width: 828.6666870117188px;\" colspan=\"2\" bgcolor=\"#006600\">* Ruta Aguas Agrias: \u00a1Un ba\u00f1o refrescante en plena Selva!<\/td>\n<\/tr>\n<tr style=\"height: 1415.33349609375px;\">\n<td style=\"height: 1415.33349609375px; width: 475px;\" valign=\"top\" bgcolor=\"#CCCC00\">En la comunidad rural de Aguas Agrias, ubicada al sur del Volc\u00e1n Mombacho, se puede recorrer un sendero por tierras productivas en el que es posible apreciar la labor campesina, los sembrad\u00edos, la naturaleza silvestre presente en la zona, una mina de piedra laja y el nacimiento de un r\u00edo.<\/p>\n<p>El recorrido completo tiene una duraci\u00f3n aproximada de 2 horas, aunque es posible hacerlo en menos tiempo al tomar atajos (aunque esto significa perder algunas bellas vistas). Se inicia desde la casa comunal de Aguas Agrias, en donde los gu\u00edas reciben a los turistas para empezar el trayecto. Luego de 10 minutos se llega hasta la zona de piedras lajas, acumuladas naturalmente en ese terreno luego de una erupci\u00f3n del Mombacho; las piedras, utilizadas de forma decorativa en arquitectura, son recogidas y trabajadas por la comunidad para luego ser comercializadas.<\/p>\n<p>El camino contin\u00faa por plantaciones de chag\u00fcites y otros. Es posible apreciar al verde Mombacho por entre la copa de los \u00e1rboles y las plantaciones, y se puede apreciar la presencia de animales silvestres como monos congos y aves como loras, chocoyos, halcones y guarda barrancos.<\/p>\n<p>Luego se llega al \u00e1rea del r\u00edo Manares. En un punto del trayecto es posible ver como, de entre la tierra, brota la cristalina agua que da origen al r\u00edo. Aparentemente esta fuente de agua tiene un contacto subterr\u00e1neo con el volc\u00e1n, por lo que su sabor es amargo, agrio, de ah\u00ed que al lugar se le haya llamado Aguas Agrias. El r\u00edo luego se combina con otros afluentes y su agua se hace dulce. En algunos segmentos hay peque\u00f1as barreras que forman pozas de aguas tranquilas, en las cuales pueden ba\u00f1arse los visitantes.<\/p>\n<p>El trayecto finaliza en el mismo punto de inicio. En la casa comunal puede solicitarse servicios de refrigerio o almuerzos completo por . Los gu\u00edas, que son miembros de la comunidad, atienden a grupos 5 personas, de manera que para grupos m\u00e1s grandes se necesitan uno o varios gu\u00edas extras. Cada gu\u00eda requiere un pago.<\/p>\n<table style=\"width: 554px;\" border=\"0\">\n<tbody>\n<tr>\n<td style=\"width: 550px;\" bgcolor=\"#CCCC00\" height=\"113\">Pasea entre \u00e1rboles centenarios escuchando los gritos de los monos congo, y disfruta de un refrescante ba\u00f1o en medio de una reserva natural.<\/p>\n<p>* Ruta \u00abLos Borbollos\u201d: Mina de piedra, bosques, r\u00edos.<br \/>\n* Ruta \u00abLa Laguna Verde\u201d: Adentr\u00e1ndonos en lo profundo de la monta\u00f1a.<\/td>\n<\/tr>\n<tr>\n<td style=\"width: 550px;\" bgcolor=\"#009900\">Que Incluye?<\/td>\n<\/tr>\n<tr>\n<td style=\"width: 550px;\" bgcolor=\"#CCCC00\">\n<ul>\n<li>Servicio de guia<\/li>\n<li>Opci\u00f3n de tomar servicio de alimentos de la comunidad<\/li>\n<li>Opci\u00f3n de nadar en el rio aguas agrias.<\/li>\n<li>Vamos en transporte de bus publico o privado ,recomendamos a moto.<\/li>\n<li>Ver secci\u00f3n Alquiler de transporte<\/li>\n<\/ul>\n<\/td>\n<\/tr>\n<tr>\n<td style=\"width: 550px;\" bgcolor=\"#009900\">Que llevar?<\/td>\n<\/tr>\n<tr>\n<td style=\"width: 550px;\" bgcolor=\"#CCCC00\">\n<ul>\n<li>Bloqueador Solar y repelente contra insectos<\/li>\n<li>Camisa Manga larga- gorra o sombrero<\/li>\n<li>Zapatos cerrados, vestirse con ropa comoda<\/li>\n<li>Opci\u00f3n de llevar su almuerzo o comidas ligeras<\/li>\n<\/ul>\n<\/td>\n<\/tr>\n<tr>\n<td style=\"width: 550px;\" bgcolor=\"#009900\">Desde esta comunidad es posible tambi\u00e9n visitar las otras cooperativas asociadas.<\/td>\n<\/tr>\n<tr>\n<td style=\"width: 550px;\" height=\"26\">Por mas informaci\u00f3n y reservacion <strong>Contactarnos<\/strong><\/td>\n<\/tr>\n<\/tbody>\n<\/table>\n<\/td>\n<td style=\"height: 1415.33349609375px; width: 353.66668701171875px;\" valign=\"top\" bgcolor=\"#CCCC00\">\n<table style=\"width: 433px;\" border=\"0\">\n<tbody>\n<tr style=\"height: 194px;\">\n<td style=\"height: 194px; width: 426px;\" valign=\"top\" bgcolor=\"#CCCC00\"><img loading=\"lazy\" decoding=\"async\" class=\"alignnone wp-image-11992\" src=\"http:\/\/nicaragua-travel-guide.com\/site\/wp-content\/uploads\/2016\/07\/ruralcomunitarioaguasagrias.jpg\" alt=\"ruralcomunitarioaguasagrias\" width=\"429\" height=\"321\" \/><\/td>\n<\/tr>\n<tr style=\"height: 281px;\">\n<td style=\"height: 281px; width: 426px;\" valign=\"top\" bgcolor=\"#CCCC00\"><img loading=\"lazy\" decoding=\"async\" class=\"alignnone wp-image-11991\" src=\"http:\/\/nicaragua-travel-guide.com\/site\/wp-content\/uploads\/2016\/07\/ucasosteniblecomunitario.jpg\" alt=\"ucasosteniblecomunitario\" width=\"434\" height=\"327\" \/><img loading=\"lazy\" decoding=\"async\" class=\"alignnone wp-image-11922\" src=\"http:\/\/nicaragua-travel-guide.com\/site\/wp-content\/uploads\/2016\/07\/cabalgata-diriomoydiria.jpg\" alt=\"cabalgata diriomoydiria\" width=\"427\" height=\"318\" \/><\/td>\n<\/tr>\n<tr style=\"height: 4.3333740234375px;\">\n<td style=\"height: 4.3333740234375px; width: 426px;\" valign=\"top\" bgcolor=\"#CCCC00\"><\/td>\n<\/tr>\n<tr style=\"height: 322px;\">\n<td style=\"height: 322px; width: 426px;\" valign=\"top\" bgcolor=\"#000000\">https:\/\/youtu.be\/sWK7QMavMFI<\/p>\n<p>&nbsp;<\/p>\n<p>&nbsp;<\/td>\n<\/tr>\n<\/tbody>\n<\/table>\n<\/td>\n<\/tr>\n<\/tbody>\n<\/table>\n","protected":false},"excerpt":{"rendered":"<p>Comunidades: La Granadilla Aguas Agrias Nicaragua Libre Los Norte\u00f1os Charco Muerto Rural Comunitario: Senderismo en Comunidad y\u00a0r\u00edo \u00abAguas Agrias\u00bb Descripci\u00f3n: Aguas Agrias es manejada por una cooperativa de campesinos miembro de la Uni\u00f3n de Cooperativas Agropecuarias: UCA Tierra y Agua. Esta organizaci\u00f3n ofrece tambi\u00e9n otras actividades en la zona, como el Visita a comunidad campesina [&hellip;]<\/p>\n","protected":false},"author":2,"featured_media":0,"parent":0,"menu_order":0,"comment_status":"closed","ping_status":"closed","template":"","meta":{"footnotes":""},"_links":{"self":[{"href":"https:\/\/nicaragua-travel-guide.com\/site\/wp-json\/wp\/v2\/pages\/6145"}],"collection":[{"href":"https:\/\/nicaragua-travel-guide.com\/site\/wp-json\/wp\/v2\/pages"}],"about":[{"href":"https:\/\/nicaragua-travel-guide.com\/site\/wp-json\/wp\/v2\/types\/page"}],"author":[{"embeddable":true,"href":"https:\/\/nicaragua-travel-guide.com\/site\/wp-json\/wp\/v2\/users\/2"}],"replies":[{"embeddable":true,"href":"https:\/\/nicaragua-travel-guide.com\/site\/wp-json\/wp\/v2\/comments?post=6145"}],"version-history":[{"count":15,"href":"https:\/\/nicaragua-travel-guide.com\/site\/wp-json\/wp\/v2\/pages\/6145\/revisions"}],"predecessor-version":[{"id":11997,"href":"https:\/\/nicaragua-travel-guide.com\/site\/wp-json\/wp\/v2\/pages\/6145\/revisions\/11997"}],"wp:attachment":[{"href":"https:\/\/nicaragua-travel-guide.com\/site\/wp-json\/wp\/v2\/media?parent=6145"}],"curies":[{"name":"wp","href":"https:\/\/api.w.org\/{rel}","templated":true}]}}