{"id":6216,"date":"2016-07-08T16:33:05","date_gmt":"2016-07-08T16:33:05","guid":{"rendered":"http:\/\/nicaragua-travel-guide.com\/site\/?page_id=6216"},"modified":"2016-08-15T04:44:39","modified_gmt":"2016-08-15T04:44:39","slug":"volcan-masaya-medio-dia-4-horas-a-su-eleccion","status":"publish","type":"page","link":"https:\/\/nicaragua-travel-guide.com\/site\/volcan-masaya-medio-dia-4-horas-a-su-eleccion\/","title":{"rendered":"Volc\u00e1n Masaya visita guiada por la ma\u00f1ana  \u00ab4 horas a  su elecci\u00f3n\u00bb"},"content":{"rendered":"<table style=\"width: 885.888916015625px;\" border=\"0\">\n<tbody>\n<tr style=\"height: 8.333333969116211px;\">\n<td style=\"height: 8.333333969116211px; width: 872.888916015625px;\" colspan=\"2\" valign=\"top\" bgcolor=\"#FFFFFF\"><img loading=\"lazy\" decoding=\"async\" class=\"alignnone size-full wp-image-5068\" src=\"http:\/\/nicaragua-travel-guide.com\/site\/wp-content\/uploads\/2016\/06\/headervolcanmasayatourdetardemuseoycrateractivo.jpg\" alt=\"headervolcanmasayatourdetardemuseoycrateractivo\" width=\"1025\" height=\"345\" srcset=\"https:\/\/nicaragua-travel-guide.com\/site\/wp-content\/uploads\/2016\/06\/headervolcanmasayatourdetardemuseoycrateractivo.jpg 1025w, https:\/\/nicaragua-travel-guide.com\/site\/wp-content\/uploads\/2016\/06\/headervolcanmasayatourdetardemuseoycrateractivo-600x202.jpg 600w\" sizes=\"(max-width: 1025px) 100vw, 1025px\" \/><\/td>\n<\/tr>\n<tr style=\"height: 21px;\">\n<td style=\"height: 21px; width: 872.888916015625px; background-color: #fa870c;\" colspan=\"2\" valign=\"top\" bgcolor=\"#FF6600\"><strong>Visitando el Parque Nacional Volcan Masaya <\/strong>y la cueva de los Murcielagos<\/td>\n<\/tr>\n<tr style=\"height: 366px;\">\n<td style=\"height: 366px; width: 595px;\" valign=\"top\" bgcolor=\"#FFFFFF\">Saliendo de Granada a la hora mas temprana desde las 8:00 am<\/p>\n<p>Regresando lo mas tarde a las 2:00 pm<\/p>\n<p><strong>Punto de\u00a0reuni\u00f3n: <\/strong><br \/>\n<strong>Horarios:<\/strong> <strong>usted decide la hora y el lugar<\/strong><br \/>\nEn tu hotel o casa:_____________________<br \/>\nEn la Oficina: <strong>nicaragua-travel-guide.com<\/strong><br \/>\nTu decides el tipo de \u00a0<strong>Transporte desde Granada<\/strong><\/p>\n<ul>\n<li><strong>Transporte Publico<\/strong> (Vamos a la terminal de bus)<\/li>\n<li>Transporte Privado desde su hotel o en nuestro local.<\/li>\n<\/ul>\n<p>Recomendamos reunirnos 10 minutos antes de salir.<\/p>\n<p><strong>Cualquier\u00a0d\u00eda\u00a0y hora desde las <\/strong><strong>8:00 am hasta las 4:00 pm<\/strong> para salir.<\/td>\n<td style=\"height: 366px; width: 277.888916015625px;\" valign=\"top\" bgcolor=\"#FFFFFF\">\u00a0\u00a0\u00a0\u00a0\u00a0\u00a0\u00a0\u00a0\u00a0\u00a0<img loading=\"lazy\" decoding=\"async\" class=\"wp-image-11013 aligncenter\" src=\"http:\/\/nicaragua-travel-guide.com\/site\/wp-content\/uploads\/2016\/07\/volcanmasayacratersantiagogas.jpg\" alt=\"volcanmasayacratersantiagogas\" width=\"268\" height=\"268\" srcset=\"https:\/\/nicaragua-travel-guide.com\/site\/wp-content\/uploads\/2016\/07\/volcanmasayacratersantiagogas.jpg 142w, https:\/\/nicaragua-travel-guide.com\/site\/wp-content\/uploads\/2016\/07\/volcanmasayacratersantiagogas-100x100.jpg 100w\" sizes=\"(max-width: 268px) 100vw, 268px\" \/><\/td>\n<\/tr>\n<tr style=\"height: 21px;\">\n<td style=\"height: 21px; width: 872.888916015625px; background-color: #fa870c;\" colspan=\"2\" valign=\"top\" bgcolor=\"#FF6600\"><strong>Lindo Fenomeno Natural<\/strong><\/td>\n<\/tr>\n<tr style=\"height: 200px;\">\n<td style=\"height: 200px; width: 595px;\" valign=\"top\" bgcolor=\"#FFFFFF\">Un gran atractivo es el Parque Nacional Volc\u00e1n Masaya: una gran \u00e1rea de lava volc\u00e1nica petrificada que rodea a dos conos que albergan tres cr\u00e1teres, uno activo y otros dos cubiertos por bosques en su interior. Est\u00e1 ubicado a unos cinco kil\u00f3metros de Masaya, en direcci\u00f3n a Managua. En este volc\u00e1n se encuentran las visitas m\u00e1s atractivas en la regi\u00f3n. Una carretera lo lleva hasta el cr\u00e1ter, lo que hace al volc\u00e1n bastante accesible; tambi\u00e9n hay muchos caminos que permiten la exploraci\u00f3n general del parque. Hay, adem\u00e1s, un museo que provee la informaci\u00f3n del volc\u00e1n.<\/td>\n<td style=\"height: 200px; width: 277.888916015625px;\" valign=\"top\" bgcolor=\"#FFFFFF\"><img loading=\"lazy\" decoding=\"async\" class=\"alignnone wp-image-11040\" src=\"http:\/\/nicaragua-travel-guide.com\/site\/wp-content\/uploads\/2016\/07\/volcanmasayamuseoentrada.jpg\" alt=\"volcanmasayamuseoentrada\" width=\"272\" height=\"194\" \/><\/td>\n<\/tr>\n<tr style=\"height: 21px;\">\n<td style=\"height: 21px; width: 872.888916015625px; background-color: #fa870c;\" colspan=\"2\" bgcolor=\"#FF6600\"><strong>Descripcion:\u00a0<\/strong><\/td>\n<\/tr>\n<tr style=\"height: 222px;\">\n<td style=\"height: 222px; width: 595px;\" valign=\"top\" bgcolor=\"#FFFFFF\"><strong>Vamos a\u00a0 visitar el volc\u00e1n con la compa\u00f1\u00eda de Gioconda es una gu\u00eda tur\u00edstico nacional\u00a0 y\u00a0 estar\u00e1 muy encantada\u00a0 por compartir este\u00a0d\u00eda\u00a0nuestras\u00a0bellezas naturales\u00a0con su servicio ofrecer\u00e1\u00a0Informaci\u00f3n\u00a0general de\u00a0Nicaragua,\u00a0 geologia, historia natural, origen de los volcanes, flora, fauna, arte y cultura, tambi\u00e9n cantara canciones nacionales relacionadas con nicaragua, los lagos, nuestra flora y fauna,\u00a0 los volcanes, nuestros \u00e1rbol nacional, mencionando otros arboles de madera preciosa, nuestra flor nacional, \u00a0s\u00edmbolos\u00a0nacionales, de nuestro refresco t\u00edpico, la ciudad de Granada, su gente y mas\u2026<\/strong><\/td>\n<td style=\"height: 222px; width: 277.888916015625px;\" valign=\"top\" bgcolor=\"#FFFFFF\"><img loading=\"lazy\" decoding=\"async\" class=\"alignnone wp-image-11021\" src=\"http:\/\/nicaragua-travel-guide.com\/site\/wp-content\/uploads\/2016\/07\/volcanmasayacuevaritualsacrificios.jpg\" alt=\"volcanmasayacuevaritualsacrificios\" width=\"277\" height=\"198\" \/><\/td>\n<\/tr>\n<tr style=\"height: 21px;\">\n<td style=\"height: 21px; width: 872.888916015625px; background-color: #fa870c;\" colspan=\"2\" align=\"left\" valign=\"top\" bgcolor=\"#FF6600\">Llegando a la recepci\u00f3n y parqueo del Volc\u00e1n MASAYA (abajo)<\/td>\n<\/tr>\n<tr style=\"height: 189px;\">\n<td style=\"height: 189px; width: 595px;\" align=\"left\" valign=\"top\" bgcolor=\"#FFFFFF\">Tenemos una variedad de opciones: para elegir antes \u00a0de comenzar y terminar el recorrido en el parque nacional,\u00a0 Si tenemos suerte podremos ver algunas de las especies vivientes dependiendo de la hora y la temporada, as\u00ed como reptiles, venados, aves, etc..<\/p>\n<p>1-El \u00a0Centro de visitantes es un peque\u00f1o museo lleno de historia y colores vivos con impresionantes murales que representan la historia natural, adem\u00e1s sabr\u00e1s de geolog\u00eda, y podemos ver un peque\u00f1o arboreto con una peque\u00f1a representaci\u00f3n de la flora abundante en este\u00a0 parque nacional,\u00a0 as\u00ed como orqu\u00eddeas y vista hacia la laguna y la ciudad de Masaya <strong>(servicio de bebidas\/<\/strong> suvenir)<\/p>\n<p>Despu\u00e9s continuaremos con nuestro medio de\u00a0\u00a0transporte para continuar nuestra\u00a0 visita. hasta el \u00e1rea de parqueo alrededor del cr\u00e1ter activo presenta emanaci\u00f3n de gases dependiendo del tiempo.<\/td>\n<td style=\"height: 189px; width: 277.888916015625px;\" align=\"left\" valign=\"top\" bgcolor=\"#FFFFFF\"><img loading=\"lazy\" decoding=\"async\" class=\"alignnone wp-image-11035\" src=\"http:\/\/nicaragua-travel-guide.com\/site\/wp-content\/uploads\/2016\/07\/volcanmasayamuralava-1.jpg\" alt=\"volcanmasayamuralava\" width=\"273\" height=\"195\" \/><\/td>\n<\/tr>\n<tr style=\"height: 21px;\">\n<td style=\"height: 21px; width: 872.888916015625px; background-color: #fa870c;\" colspan=\"2\" bgcolor=\"#FF6600\">Comenzaremos a caminar por el Sendero elegido:<\/td>\n<\/tr>\n<tr style=\"height: 209px;\">\n<td style=\"height: 209px; width: 595px;\" valign=\"top\" bgcolor=\"#FFFFFF\">Son tres senderos, en un bosque tropical seco que se caracteriza por tener pocos arboles de sombra con un ecosistema muy particular donde se pueden ver las fumarolas y emanaci\u00f3n de gases \u00a0sulfurosos, admirar la belleza natural y vistas panor\u00e1micas, y su variable clima y sol depende de la temporada y la hora tomaremos fotos desde la parte m\u00e1s alta durante el recorrido por los senderos de nuestro Parque Nacional, que se mantiene en pie y firme, podr\u00e1s ver el lago Xolotlan, la ciudad capital de Nicaragua<strong>,<\/strong> las sierritas de Managua, otros peque\u00f1os conos volc\u00e1nicos en crecimiento, la ciudad de Masaya y su peque\u00f1a laguna con su forma muy particular<strong>.<\/strong><\/td>\n<td style=\"height: 209px; width: 277.888916015625px;\" valign=\"top\" bgcolor=\"#FFFFFF\"><img loading=\"lazy\" decoding=\"async\" class=\"alignnone wp-image-11034\" src=\"http:\/\/nicaragua-travel-guide.com\/site\/wp-content\/uploads\/2016\/07\/volcanmasayamuralagunafauna.jpg\" alt=\"volcanmasayamuralagunafauna\" width=\"278\" height=\"198\" \/><\/td>\n<\/tr>\n<tr style=\"height: 21px;\">\n<td style=\"height: 21px; width: 872.888916015625px; background-color: #fa870c;\" colspan=\"2\" valign=\"top\" bgcolor=\"#FF6600\"><strong>Opciones para Visitar:<\/strong><\/td>\n<\/tr>\n<tr style=\"height: 186px;\">\n<td style=\"height: 186px; width: 595px;\" valign=\"top\" bgcolor=\"#FFFFFF\">\n<ul>\n<li>Mirador de la Cruz de Bobadilla 177 escalones.<\/li>\n<li>Mirador Los vientos \u00e1rea del cr\u00e1ter y volc\u00e1n Masaya.<\/li>\n<li>Museo Centro de visitantes<\/li>\n<li>La Cueva de los Murci\u00e9lagos.<\/li>\n<li>Sendero los Coyotes<\/li>\n<li>El Sendero el Comalito pago adicional.<\/li>\n<li>Sendero de la laguna de Masaya pago adicional.<\/li>\n<li>Vista panor\u00e1mica alrededor del cr\u00e1ter Volc\u00e1n \u00a0Masaya 1 hora caminando.<\/li>\n<\/ul>\n<\/td>\n<td style=\"height: 186px; width: 277.888916015625px;\" valign=\"top\" bgcolor=\"#FFFFFF\"><img loading=\"lazy\" decoding=\"async\" class=\"wp-image-11012 aligncenter\" src=\"http:\/\/nicaragua-travel-guide.com\/site\/wp-content\/uploads\/2016\/07\/volcanmasayacratersantiagofondo.jpg\" alt=\"volcanmasayacratersantiagofondo\" width=\"210\" height=\"210\" srcset=\"https:\/\/nicaragua-travel-guide.com\/site\/wp-content\/uploads\/2016\/07\/volcanmasayacratersantiagofondo.jpg 142w, https:\/\/nicaragua-travel-guide.com\/site\/wp-content\/uploads\/2016\/07\/volcanmasayacratersantiagofondo-100x100.jpg 100w\" sizes=\"(max-width: 210px) 100vw, 210px\" \/><\/td>\n<\/tr>\n<tr style=\"height: 21px;\">\n<td style=\"height: 21px; width: 872.888916015625px; background-color: #fa870c;\" colspan=\"2\" bgcolor=\"#FF6600\">Otras Opciones:<\/td>\n<\/tr>\n<tr style=\"height: 345px;\">\n<td style=\"height: 345px; width: 595px;\" valign=\"top\" bgcolor=\"#FFFFFF\"><strong>La Cueva de los\u00a0Murci\u00e9lagos\u00a0Tour de dia:<\/strong>\u00a0Vamos a visitar y caminar dentro de la cueva de los murci\u00e9lagos esta cueva es de origen volc\u00e1nico sentir\u00e1s el agradable clima, con su humedad y paredes escalatitas, mientras caminas escucharas su historia, mitos y leyendas, alumbr\u00e1ndonos con focos linternas,y protegidos con helmets, estaremos 20 minutos dentro de la cueva, si tenemos suerte veremos centenares de esa especie en las oscuras paredes de su cueva, Despu\u00e9s continuaremos hacia el borde del cr\u00e1ter activo, depende de la luz nocturna de la luna y el viento si se facilita ver el reflejo de la incandescencia desde las profundidades del intracrater y c\u00e1mara magm\u00e1tica, ese es el famoso tour de lava, al que es mas bien un tour nocturno.puesto que realmente no veremos fluido ni derrame de lava. Llevaremos puestas nuestras mascaras protectoras de los \u00e1cidos y sofocantes gases.\u00a0Para realizar este tour es con un m\u00ednimo de una persona, llegando a la recepci\u00f3n a las 8:30 pm continuaremos el recorrido saliendo del volc\u00e1n a las 1:00 pm, tomaremos nuestro medio de transporte para regresar a la ciudad.<\/td>\n<td style=\"height: 345px; width: 277.888916015625px;\" valign=\"top\" bgcolor=\"#FFFFFF\"><img loading=\"lazy\" decoding=\"async\" class=\"alignnone wp-image-11020\" src=\"http:\/\/nicaragua-travel-guide.com\/site\/wp-content\/uploads\/2016\/07\/volcanmasayacuevapuntas-1.jpg\" alt=\"volcanmasayacuevapuntas\" width=\"276\" height=\"276\" srcset=\"https:\/\/nicaragua-travel-guide.com\/site\/wp-content\/uploads\/2016\/07\/volcanmasayacuevapuntas-1.jpg 142w, https:\/\/nicaragua-travel-guide.com\/site\/wp-content\/uploads\/2016\/07\/volcanmasayacuevapuntas-1-100x100.jpg 100w\" sizes=\"(max-width: 276px) 100vw, 276px\" \/><\/td>\n<\/tr>\n<tr style=\"height: 21px;\">\n<td style=\"height: 21px; width: 872.888916015625px; background-color: #fa870c;\" colspan=\"2\" bgcolor=\"#FF6600\"><strong>Que llevar?<\/strong><\/td>\n<\/tr>\n<tr style=\"height: 319px;\">\n<td style=\"height: 319px; width: 595px;\" valign=\"top\" bgcolor=\"#FFFFFF\">\n<ul>\n<li>C\u00e1mara.<\/li>\n<li>binoculares<\/li>\n<li>Protector solar<\/li>\n<li>Botella de Agua.<\/li>\n<li>Comidas r\u00e1pidas.<\/li>\n<li>Zapatos c\u00f3modos.<\/li>\n<li>Lentes o gafas protector.<\/li>\n<li>Repelente contra insectos.<\/li>\n<\/ul>\n<p><strong>En Invierno:<\/strong><\/p>\n<ul>\n<li>Chaqueta para el fr\u00edo<\/li>\n<li>Sombrilla o capotes de lluvia.<\/li>\n<\/ul>\n<\/td>\n<td style=\"height: 319px; width: 277.888916015625px;\" valign=\"top\" bgcolor=\"#FFFFFF\"><img loading=\"lazy\" decoding=\"async\" class=\"alignnone wp-image-11016\" src=\"http:\/\/nicaragua-travel-guide.com\/site\/wp-content\/uploads\/2016\/07\/volcanmasayacuevadelmurcielago-1.jpg\" alt=\"volcanmasayacuevadelmurcielago\" width=\"275\" height=\"196\" \/><\/td>\n<\/tr>\n<tr style=\"height: 21px;\">\n<td style=\"height: 21px; width: 872.888916015625px; background-color: #fa870c;\" colspan=\"2\" bgcolor=\"#FF6600\">Por mayor informaci\u00f3n y reservaci\u00f3n <strong><a href=\"http:\/\/nicaragua-travel-guide.com\/site\/contactanos\/\">Contactarnos<\/a><\/strong><\/td>\n<\/tr>\n<\/tbody>\n<\/table>\n","protected":false},"excerpt":{"rendered":"<p>Visitando el Parque Nacional Volcan Masaya y la cueva de los Murcielagos Saliendo de Granada a la hora mas temprana desde las 8:00 am Regresando lo mas tarde a las 2:00 pm Punto de\u00a0reuni\u00f3n: Horarios: usted decide la hora y el lugar En tu hotel o casa:_____________________ En la Oficina: nicaragua-travel-guide.com Tu decides el tipo [&hellip;]<\/p>\n","protected":false},"author":2,"featured_media":0,"parent":0,"menu_order":0,"comment_status":"closed","ping_status":"closed","template":"","meta":{"footnotes":""},"_links":{"self":[{"href":"https:\/\/nicaragua-travel-guide.com\/site\/wp-json\/wp\/v2\/pages\/6216"}],"collection":[{"href":"https:\/\/nicaragua-travel-guide.com\/site\/wp-json\/wp\/v2\/pages"}],"about":[{"href":"https:\/\/nicaragua-travel-guide.com\/site\/wp-json\/wp\/v2\/types\/page"}],"author":[{"embeddable":true,"href":"https:\/\/nicaragua-travel-guide.com\/site\/wp-json\/wp\/v2\/users\/2"}],"replies":[{"embeddable":true,"href":"https:\/\/nicaragua-travel-guide.com\/site\/wp-json\/wp\/v2\/comments?post=6216"}],"version-history":[{"count":8,"href":"https:\/\/nicaragua-travel-guide.com\/site\/wp-json\/wp\/v2\/pages\/6216\/revisions"}],"predecessor-version":[{"id":11048,"href":"https:\/\/nicaragua-travel-guide.com\/site\/wp-json\/wp\/v2\/pages\/6216\/revisions\/11048"}],"wp:attachment":[{"href":"https:\/\/nicaragua-travel-guide.com\/site\/wp-json\/wp\/v2\/media?parent=6216"}],"curies":[{"name":"wp","href":"https:\/\/api.w.org\/{rel}","templated":true}]}}