{"id":6220,"date":"2016-07-08T16:54:10","date_gmt":"2016-07-08T16:54:10","guid":{"rendered":"http:\/\/nicaragua-travel-guide.com\/site\/?page_id=6220"},"modified":"2016-08-13T18:24:46","modified_gmt":"2016-08-13T18:24:46","slug":"volcan-masaya-visit-after-lunch-from-200-pm-until-600-pm","status":"publish","type":"page","link":"https:\/\/nicaragua-travel-guide.com\/site\/volcan-masaya-visit-after-lunch-from-200-pm-until-600-pm\/","title":{"rendered":"Volcan Masaya visit \u00abAfter Lunch\u00bb from 2:00 pm until 6:00 pm"},"content":{"rendered":"<table style=\"width: 936.3333740234375px;\" border=\"0\">\n<tbody>\n<tr style=\"height: 27px;\">\n<td style=\"height: 27px; width: 924.3333740234375px;\" colspan=\"2\" align=\"center\" valign=\"middle\" bgcolor=\"#FFFFFF\"><img loading=\"lazy\" decoding=\"async\" class=\"alignnone size-full wp-image-10786\" src=\"http:\/\/nicaragua-travel-guide.com\/site\/wp-content\/uploads\/2016\/07\/headermasayavolcanodaytour.jpg\" alt=\"headermasayavolcanodaytour\" width=\"1025\" height=\"345\" srcset=\"https:\/\/nicaragua-travel-guide.com\/site\/wp-content\/uploads\/2016\/07\/headermasayavolcanodaytour.jpg 1025w, https:\/\/nicaragua-travel-guide.com\/site\/wp-content\/uploads\/2016\/07\/headermasayavolcanodaytour-600x202.jpg 600w\" sizes=\"(max-width: 1025px) 100vw, 1025px\" \/><\/td>\n<\/tr>\n<tr style=\"height: 133px;\">\n<td style=\"height: 133px; width: 507px;\" align=\"center\" valign=\"middle\" bgcolor=\"#FFFFFF\">Tour al Volcan Masaya Primer Parque Nacional<\/p>\n<p>Lindo Fenomeno Natural<\/p>\n<p>Medio d\u00eda por la tarde de 2:00pm a 6:00pm<\/td>\n<td style=\"height: 792.3333740234375px; width: 417.3333740234375px;\" rowspan=\"8\" align=\"center\" valign=\"top\" bgcolor=\"#FFFFFF\">\n<table border=\"0\" width=\"429\">\n<tbody>\n<tr style=\"height: 17px;\">\n<td style=\"height: 17px; background-color: #ffffff; border-color: #ffffff; width: 423px;\" valign=\"top\" width=\"423\"><img loading=\"lazy\" decoding=\"async\" class=\"alignnone wp-image-10807\" src=\"http:\/\/nicaragua-travel-guide.com\/site\/wp-content\/uploads\/2016\/07\/volcanmasayamiradorelcrater.jpg\" alt=\"volcanmasayamiradorelcrater\" width=\"417\" height=\"300\" \/><\/td>\n<\/tr>\n<tr style=\"height: 18px;\">\n<td style=\"height: 17px; background-color: #ffffff; border-color: #ffffff; width: 423px;\"><img loading=\"lazy\" decoding=\"async\" class=\"alignnone wp-image-10793\" style=\"text-align: -webkit-center;\" src=\"http:\/\/nicaragua-travel-guide.com\/site\/wp-content\/uploads\/2016\/07\/volcanmasayachocoyos.jpg\" alt=\"volcanmasayachocoyos\" width=\"439\" height=\"329\" \/><\/td>\n<\/tr>\n<tr style=\"height: 21px;\">\n<td style=\"height: 17px; background-color: #ffffff; border-color: #ffffff; width: 423px;\" valign=\"top\"><img loading=\"lazy\" decoding=\"async\" class=\"alignnone wp-image-10785\" src=\"http:\/\/nicaragua-travel-guide.com\/site\/wp-content\/uploads\/2016\/07\/volcanmasayavenado.jpg\" alt=\"volcanmasayavenado\" width=\"410\" height=\"392\" \/><\/td>\n<\/tr>\n<tr style=\"height: 21px;\">\n<td style=\"height: 17px; background-color: #ffffff; border-color: #ffffff; width: 423px;\" valign=\"top\"><img loading=\"lazy\" decoding=\"async\" class=\"alignnone wp-image-10795\" src=\"http:\/\/nicaragua-travel-guide.com\/site\/wp-content\/uploads\/2016\/07\/volcanmasayacuevadelmurcielago.jpg\" alt=\"volcanmasayacuevadelmurcielago\" width=\"418\" height=\"297\" \/><\/td>\n<\/tr>\n<tr style=\"height: 21px;\">\n<td style=\"height: 17px; background-color: #ffffff; border-color: #ffffff; width: 423px;\" valign=\"top\"><img loading=\"lazy\" decoding=\"async\" class=\"alignnone wp-image-10803\" style=\"text-align: -webkit-center;\" src=\"http:\/\/nicaragua-travel-guide.com\/site\/wp-content\/uploads\/2016\/07\/volcanmasayaiguanan.jpg\" alt=\"volcanmasayaiguanan\" width=\"421\" height=\"239\" \/><\/td>\n<\/tr>\n<\/tbody>\n<\/table>\n<\/td>\n<\/tr>\n<tr style=\"height: 22px;\">\n<td style=\"height: 22px; background-color: #fa8f0c; width: 507px;\" valign=\"top\" bgcolor=\"#FF9900\">Descripci\u00f3n:Vamos con m\u00ednimo una persona<\/td>\n<\/tr>\n<tr style=\"height: 209px;\">\n<td style=\"height: 209px; width: 507px;\" valign=\"top\" bgcolor=\"#FFFFFF\">Vamos a\u00a0 visitar el volc\u00e1n con la compa\u00f1\u00eda de Gioconda es una gu\u00eda tur\u00edstico nacional\u00a0 y\u00a0 estar\u00e1 muy encantada\u00a0 por compartir este d\u00eda nuestras bellezas naturales\u00a0con su servicio ofrecer\u00e1 <strong>Informaci\u00f3n general<\/strong> <strong>de Nicaragua<\/strong>,\u00a0 geolog\u00eda, historia natural, origen de los volcanes, flora, fauna, arte y cultura, tambi\u00e9n cantara canciones nacionales relacionadas con nicaragua, los lagos, nuestra flora y fauna,\u00a0 los volcanes, nuestros \u00e1rbol nacional, mencionando otros arboles de madera preciosa, nuestra flor nacional, \u00a0simbolos nacionales, de nuestro refresco t\u00edpico, <strong>la ciudad de Granada<\/strong>, su gente y mas\u2026<\/td>\n<\/tr>\n<tr style=\"height: 21px;\">\n<td style=\"height: 21px; background-color: #fa8f0c; width: 507px;\" valign=\"top\" bgcolor=\"#FF9900\">Llegando a la recepci\u00f3n y parqueo del Volc\u00e1n MASAYA a las 2:00 pm<\/td>\n<\/tr>\n<tr style=\"height: 350px;\">\n<td style=\"height: 350px; width: 507px;\" valign=\"top\" bgcolor=\"#FFFFFF\">Tenemos una variedad de opciones: para elegir antes \u00a0de comenzar y terminar el recorrido en el parque nacional,\u00a0 Si tenemos suerte podremos ver algunas de las especies vivientes dependiendo de la hora y la temporada, as\u00ed podriamos ver reptiles, venados, aves, etc..<\/p>\n<p>1-El \u00a0Centro de Visitantes es un peque\u00f1o museo lleno de historia y colores vivos con impresionantes murales que representan la historia natural, adem\u00e1s sabr\u00e1s de geolog\u00eda, y podemos ver un peque\u00f1o arboretum con una peque\u00f1a representaci\u00f3n de la flora abundante en este\u00a0 parque,\u00a0as\u00ed como orqu\u00eddeas y vista panoramica hacia la laguna y la ciudad de Masaya. <strong>(Venta de bebidas<\/strong><strong> \/<\/strong>suvenir)<\/p>\n<p>Tomaremos nuestro medio de\u00a0transporte para continuar hasta el area de parqueo alrededor del cr\u00e1ter activo con emanaci\u00f3n de gases.<\/td>\n<\/tr>\n<tr style=\"height: 25px;\">\n<td style=\"height: 25px; background-color: #fa8f0c; width: 507px;\" bgcolor=\"#FF9900\">Comenzaremos a caminar por el o los senderos elegidos:<\/td>\n<\/tr>\n<tr style=\"height: 21px;\">\n<td style=\"height: 21px; width: 507px;\" valign=\"top\" bgcolor=\"#FFFFFF\">Son tres senderos principales, en un bosque tropical seco que se caracteriza por tener pocos arboles de sombra con un ecosistema muy particular donde se pueden ver las fumarolas y emanaci\u00f3n de gases \u00a0sulfurosos, admirar la belleza natural y vistas panor\u00e1micas, y su variable clima y sol depende de la temporada y la hora del dia, tarde o noche, para tomar fotos desde la parte m\u00e1s alta durante el recorrido por los senderos de nuestro Parque Nacional, que se mantiene en pie y firme, podr\u00e1s ver el lago Xolotlan, la ciudad capital de Nicaragua<strong>,<\/strong> las sierritas de Managua, otros peque\u00f1os conos volc\u00e1nicos en crecimiento, la ciudad de Masaya y su peque\u00f1a laguna con su forma muy particular<strong>.<\/strong><\/p>\n<ul>\n<li>Mirador de la Cruz de Bobadilla 177 escalones. Vista panor\u00e1mica.<\/li>\n<li>Mirador Los vientos \u00e1rea del cr\u00e1ter y volc\u00e1n Masaya.<\/li>\n<li>Vista panor\u00e1mica poblaciones vecinas y la ciudad.<\/li>\n<li>Vista panoramica Laguna de Masaya<\/li>\n<li>Sendero de la laguna de Masaya.<\/li>\n<li>La Cueva de los Murci\u00e9lagos con o sin veh\u00edculo &#8211; Opcion adicional<\/li>\n<li>El Sendero del Comalito tiene un costo adicional por persona.<\/li>\n<\/ul>\n<p>Saliendo del Volcan con la puesta del sol a las 5:00 pm, y tomaremos nuestro medio de transporte para regresar a la ciudad.<\/td>\n<\/tr>\n<tr style=\"height: 11.3333740234375px;\">\n<td style=\"height: 11.3333740234375px; background-color: #fa8f0c; width: 507px;\" valign=\"top\" bgcolor=\"#FF9900\">Por mayor informacion y reservacion Contactarnos<\/td>\n<\/tr>\n<\/tbody>\n<\/table>\n","protected":false},"excerpt":{"rendered":"<p>Tour al Volcan Masaya Primer Parque Nacional Lindo Fenomeno Natural Medio d\u00eda por la tarde de 2:00pm a 6:00pm Descripci\u00f3n:Vamos con m\u00ednimo una persona Vamos a\u00a0 visitar el volc\u00e1n con la compa\u00f1\u00eda de Gioconda es una gu\u00eda tur\u00edstico nacional\u00a0 y\u00a0 estar\u00e1 muy encantada\u00a0 por compartir este d\u00eda nuestras bellezas naturales\u00a0con su servicio ofrecer\u00e1 Informaci\u00f3n general [&hellip;]<\/p>\n","protected":false},"author":2,"featured_media":0,"parent":0,"menu_order":0,"comment_status":"closed","ping_status":"closed","template":"","meta":{"footnotes":""},"_links":{"self":[{"href":"https:\/\/nicaragua-travel-guide.com\/site\/wp-json\/wp\/v2\/pages\/6220"}],"collection":[{"href":"https:\/\/nicaragua-travel-guide.com\/site\/wp-json\/wp\/v2\/pages"}],"about":[{"href":"https:\/\/nicaragua-travel-guide.com\/site\/wp-json\/wp\/v2\/types\/page"}],"author":[{"embeddable":true,"href":"https:\/\/nicaragua-travel-guide.com\/site\/wp-json\/wp\/v2\/users\/2"}],"replies":[{"embeddable":true,"href":"https:\/\/nicaragua-travel-guide.com\/site\/wp-json\/wp\/v2\/comments?post=6220"}],"version-history":[{"count":6,"href":"https:\/\/nicaragua-travel-guide.com\/site\/wp-json\/wp\/v2\/pages\/6220\/revisions"}],"predecessor-version":[{"id":10847,"href":"https:\/\/nicaragua-travel-guide.com\/site\/wp-json\/wp\/v2\/pages\/6220\/revisions\/10847"}],"wp:attachment":[{"href":"https:\/\/nicaragua-travel-guide.com\/site\/wp-json\/wp\/v2\/media?parent=6220"}],"curies":[{"name":"wp","href":"https:\/\/api.w.org\/{rel}","templated":true}]}}