{"id":6222,"date":"2016-07-08T17:08:08","date_gmt":"2016-07-08T17:08:08","guid":{"rendered":"http:\/\/nicaragua-travel-guide.com\/site\/?page_id=6222"},"modified":"2016-08-15T05:20:26","modified_gmt":"2016-08-15T05:20:26","slug":"volcan-masaya-tour-tarde-con-la-puesta-del-sol-y-la-cueva-de-los-murcielagos-desde-las-300pm-hasta-las-700pm","status":"publish","type":"page","link":"https:\/\/nicaragua-travel-guide.com\/site\/volcan-masaya-tour-tarde-con-la-puesta-del-sol-y-la-cueva-de-los-murcielagos-desde-las-300pm-hasta-las-700pm\/","title":{"rendered":"Volc\u00e1n Masaya visita guiada \u00abTarde con la puesta del sol\u00bb  Los Murci\u00e9lagos\u00bb"},"content":{"rendered":"<table style=\"width: 887.5556030273438px;\" border=\"0\">\n<tbody>\n<tr style=\"height: 32px;\">\n<td style=\"height: 32px; width: 857.5556030273438px; background-color: #000000;\" colspan=\"2\" valign=\"top\" bgcolor=\"#000000\"><img loading=\"lazy\" decoding=\"async\" class=\"wp-image-10784 aligncenter\" src=\"http:\/\/nicaragua-travel-guide.com\/site\/wp-content\/uploads\/2016\/07\/headervolcanmasayatourdetardemuseoycrateractivo.jpg\" alt=\"headervolcanmasayatourdetardemuseoycrateractivo\" width=\"901\" height=\"303\" srcset=\"https:\/\/nicaragua-travel-guide.com\/site\/wp-content\/uploads\/2016\/07\/headervolcanmasayatourdetardemuseoycrateractivo.jpg 1025w, https:\/\/nicaragua-travel-guide.com\/site\/wp-content\/uploads\/2016\/07\/headervolcanmasayatourdetardemuseoycrateractivo-600x202.jpg 600w\" sizes=\"(max-width: 901px) 100vw, 901px\" \/><\/td>\n<\/tr>\n<tr style=\"height: 10px;\">\n<td style=\"height: 1126px; width: 340px; background-color: #000000;\" rowspan=\"14\" valign=\"top\" bgcolor=\"#000000\">\n<table style=\"height: 1640px; width: 333.5555725097656px;\" border=\"0\">\n<tbody>\n<tr style=\"height: 269px;\">\n<td style=\"height: 269px; width: 333.5555725097656px; background-color: #000000;\" valign=\"top\"><img loading=\"lazy\" decoding=\"async\" class=\"alignnone wp-image-11015\" src=\"http:\/\/nicaragua-travel-guide.com\/site\/wp-content\/uploads\/2016\/07\/volcanmasayacruzpuestadelsolanaranjado-1.jpg\" alt=\"volcanmasayacruzpuestadelsolanaranjado\" width=\"328\" height=\"234\" \/><\/td>\n<\/tr>\n<tr style=\"height: 273px;\">\n<td style=\"height: 269px; width: 333.5555725097656px; background-color: #000000;\" valign=\"top\"><img loading=\"lazy\" decoding=\"async\" class=\"alignnone wp-image-11020\" src=\"http:\/\/nicaragua-travel-guide.com\/site\/wp-content\/uploads\/2016\/07\/volcanmasayacuevapuntas-1.jpg\" alt=\"volcanmasayacuevapuntas\" width=\"403\" height=\"403\" srcset=\"https:\/\/nicaragua-travel-guide.com\/site\/wp-content\/uploads\/2016\/07\/volcanmasayacuevapuntas-1.jpg 142w, https:\/\/nicaragua-travel-guide.com\/site\/wp-content\/uploads\/2016\/07\/volcanmasayacuevapuntas-1-100x100.jpg 100w\" sizes=\"(max-width: 403px) 100vw, 403px\" \/><\/td>\n<\/tr>\n<tr style=\"height: 294px;\">\n<td style=\"height: 269px; width: 333.5555725097656px; background-color: #000000;\" valign=\"top\"><img loading=\"lazy\" decoding=\"async\" class=\"alignnone wp-image-11016\" src=\"http:\/\/nicaragua-travel-guide.com\/site\/wp-content\/uploads\/2016\/07\/volcanmasayacuevadelmurcielago-1.jpg\" alt=\"volcanmasayacuevadelmurcielago\" width=\"394\" height=\"281\" \/><\/td>\n<\/tr>\n<tr style=\"height: 192px;\">\n<td style=\"height: 269px; width: 333.5555725097656px; background-color: #000000;\" valign=\"top\"><img loading=\"lazy\" decoding=\"async\" class=\"alignnone wp-image-11021\" src=\"http:\/\/nicaragua-travel-guide.com\/site\/wp-content\/uploads\/2016\/07\/volcanmasayacuevaritualsacrificios.jpg\" alt=\"volcanmasayacuevaritualsacrificios\" width=\"401\" height=\"286\" \/><\/td>\n<\/tr>\n<tr style=\"height: 85.4444580078125px;\">\n<td style=\"height: 269px; width: 333.5555725097656px; background-color: #000000;\"><img loading=\"lazy\" decoding=\"async\" class=\"alignnone wp-image-11044\" src=\"http:\/\/nicaragua-travel-guide.com\/site\/wp-content\/uploads\/2016\/07\/volcanmasayavenado-1.jpg\" alt=\"volcanmasayavenado\" width=\"400\" height=\"378\" \/><\/td>\n<\/tr>\n<\/tbody>\n<\/table>\n<\/td>\n<\/tr>\n<tr style=\"height: 25px;\">\n<td style=\"height: 25px; width: 517.5556030273438px; background-color: #f5580a;\" colspan=\"2\" bgcolor=\"#FF6600\"><strong>Volcan Masaya Primer Parque Nacional<\/strong><\/td>\n<\/tr>\n<tr style=\"height: 25px;\">\n<td style=\"height: 25px; width: 517.5556030273438px; background-color: #ffffff;\" bgcolor=\"#FF6600\">\n<table style=\"width: 506px; height: 129px;\" border=\"0\">\n<tbody>\n<tr style=\"height: 15px;\">\n<td style=\"height: 67.11114501953125px; width: 106.90972137451172px; background-color: #ffffff; border-color: #ffffff;\" rowspan=\"2\"><img loading=\"lazy\" decoding=\"async\" class=\"wp-image-10475 aligncenter\" src=\"http:\/\/nicaragua-travel-guide.com\/site\/wp-content\/uploads\/2015\/02\/volcan-masaya-logotipo.jpg\" alt=\"volcan masaya logotipo\" width=\"73\" height=\"108\" \/><\/td>\n<td style=\"height: 15px; width: 382.4653015136719px; background-color: #ffffff; border-color: #ffffff;\" bgcolor=\"#FF6600\">\u00a0<strong>Tarde + Puesta del Sol + Nocturno<\/strong><\/td>\n<\/tr>\n<tr style=\"height: 52.11114501953125px;\">\n<td style=\"height: 52.11114501953125px; width: 382.4653015136719px; background-color: #ffffff; border-color: #ffffff;\">Comenzaremos a la s 3:00 pm hasta las 8:00 pm<\/td>\n<\/tr>\n<\/tbody>\n<\/table>\n<\/td>\n<\/tr>\n<tr style=\"height: 25px;\">\n<td style=\"height: 25px; width: 517.5556030273438px; background-color: #f5580a;\" bgcolor=\"#FF6600\">Descripci\u00f3n:<\/td>\n<\/tr>\n<tr style=\"height: 117px;\">\n<td style=\"height: 117px; width: 517.5556030273438px;\" valign=\"top\" bgcolor=\"#FFFFFF\">Vamos a\u00a0 visitar el volc\u00e1n con la compa\u00f1\u00eda de Gioconda es una gu\u00eda tur\u00edstico nacional\u00a0 y\u00a0 estar\u00e1 muy encantada\u00a0 por compartir este d\u00eda nuestras bellezas naturales\u00a0con su servicio ofrecer\u00e1\u00a0<strong>Informaci\u00f3n\u00a0general<\/strong> <strong>de Nicaragua<\/strong>, \u00a0geolog\u00eda, historia natural, origen de los volcanes, flora, fauna, arte y cultura, tambi\u00e9n cantara canciones nacionales relacionadas con nicaragua, los lagos, nuestra flora y fauna,\u00a0 los volcanes, nuestros \u00e1rbol nacional, mencionando otros arboles de madera preciosa, nuestra flor nacional, \u00a0s\u00edmbolos nacionales, de nuestro refresco t\u00edpico, <strong>la ciudad de Granada<\/strong>, su gente y m\u00e1s\u2026<\/td>\n<\/tr>\n<tr style=\"height: 21px;\">\n<td style=\"height: 21px; width: 517.5556030273438px; background-color: #f5580a;\" bgcolor=\"#FF6600\">Llegando a la recepci\u00f3n y parqueo del Volc\u00e1n MASAYA (abajo)<\/td>\n<\/tr>\n<tr style=\"height: 94px;\">\n<td style=\"height: 94px; width: 517.5556030273438px;\" bgcolor=\"#FFFFFF\">Tenemos una variedad de opciones: para elegir antes \u00a0de comenzar y terminar el recorrido en el parque nacional,\u00a0 Si tenemos suerte podremos ver algunas de las especies vivientes dependiendo de la hora y la temporada, as\u00ed podr\u00edamos ver reptiles, venados, aves, etc..<\/td>\n<\/tr>\n<tr style=\"height: 25px;\">\n<td style=\"height: 25px; width: 517.5556030273438px; background-color: #f5580a;\" bgcolor=\"#FF6600\">El \u00a0Centro de visitantes<\/td>\n<\/tr>\n<tr style=\"height: 182px;\">\n<td style=\"height: 182px; width: 517.5556030273438px;\" bgcolor=\"#FFFFFF\">Es un peque\u00f1o museo lleno de historia y colores vivos con impresionantes murales que representan la historia natural, adem\u00e1s sabr\u00e1s de geolog\u00eda, y podemos ver un peque\u00f1o arboretum con una peque\u00f1a representaci\u00f3n de la flora abundante en este\u00a0 parque,\u00a0as\u00ed como orqu\u00eddeas y vista panor\u00e1mica hacia la laguna y la ciudad de Masaya <strong>(servicio de bebidas<\/strong><strong> \/<\/strong> suvenir)<\/p>\n<p>Tomaremos nuestro medio de\u00a0transporte para continuar hasta el \u00e1rea de parqueo alrededor del cr\u00e1ter activo con emanaci\u00f3n de gases.<\/td>\n<\/tr>\n<tr style=\"height: 25px;\">\n<td style=\"height: 25px; width: 517.5556030273438px; background-color: #f5580a;\" bgcolor=\"#FF6600\">Comenzaremos a caminar por el o los senderos elegidos:<\/td>\n<\/tr>\n<tr style=\"height: 320px;\">\n<td style=\"height: 320px; width: 517.5556030273438px;\" valign=\"top\" bgcolor=\"#FFFFFF\">Son tres senderos principales, en un bosque tropical seco que se caracteriza por tener pocos arboles de sombra con un ecosistema muy particular donde se pueden ver las fumarolas y emanaci\u00f3n de gases \u00a0sulfurosos, admirar la belleza natural y vistas panor\u00e1micas, y su variable clima y sol depende de la temporada y la hora del d\u00eda, tarde o noche, para tomar fotos desde la parte m\u00e1s alta durante el recorrido por los senderos de nuestro parque nacional, que se mantiene en pie y firme, podr\u00e1s ver el lago Xolotlan, la ciudad capital de Nicaragua<strong>,<\/strong> Managua y las sierritas y los peque\u00f1os conos volc\u00e1nicos en crecimiento, la ciudad de Masaya y su peque\u00f1a laguna con su forma muy particular<strong>.<\/strong><\/p>\n<ul>\n<li>Mirador de la Cruz de Bobadilla 177 escalones. Vista panor\u00e1mica.<\/li>\n<li>Mirador Los vientos \u00e1rea del cr\u00e1ter y volc\u00e1n Masaya.<\/li>\n<li>Vista panor\u00e1mica poblaciones vecinas y la ciudad.<\/li>\n<li>Vista panoramica Laguna de Masaya<\/li>\n<li>La Cueva de los Murci\u00e9lagos &#8211; Opcion se paga adicional<\/li>\n<li>Sendero de la laguna de Masaya.<\/li>\n<li>El Sendero del Comalito tiene un costo adicional por persona.<\/li>\n<\/ul>\n<\/td>\n<\/tr>\n<tr style=\"height: 27px;\">\n<td style=\"height: 27px; width: 517.5556030273438px; background-color: #f5580a;\" bgcolor=\"#000000\"><strong>8. Tour Nocturno:<\/strong><\/td>\n<\/tr>\n<tr style=\"height: 221px;\">\n<td style=\"height: 221px; width: 517.5556030273438px;\" bgcolor=\"#FFFFFF\">Para realizar este tour es con un m\u00ednimo de 6 personas, llegando a la recepci\u00f3n a las 3:45 pm y esperamos la puesta del sol despu\u00e9s de las 5:00 pm para continuar con el recorrido, ya estar\u00e1 un poco mas oscuro y vamos a visitar la cueva de los murci\u00e9lagos pues, son nocturnos, y veremos centenares de esa especie a la salida de su cueva, y despu\u00e9s caminaremos dentro de una cueva de origen volc\u00e1nico sentir\u00e1n el agradable clima, con su humedad y paredes escalatitas, mientras caminas escucharas su historia, mitos y leyendas, alumbr\u00e1ndonos con focos linternas,y protegidos con helmets, estaremos 20 minutos dentro de la cueva. Despu\u00e9s continuaremos hacia el borde del cr\u00e1ter activo, depende de la luz nocturna de la luna y el viento si se facilita ver el reflejo de la incandescencia desde las profundidades del intra cr\u00e1ter y c\u00e1mara magm\u00e1tica, ese es el famoso tour de lava, al que es m\u00e1s bien un tour nocturno puesto que realmente no veremos flu\u00eddo ni derrame de lava. Llevaremos puestas nuestras mascaras protectoras de los \u00e1cidos y sofocantes gases.<\/p>\n<p>Para realizar este tour es con un m\u00ednimo de una persona, llegando a la recepci\u00f3n a las 4:00 pm continuaremos el recorrido saliendo del volc\u00e1n a las 7:30 pm, ya estar\u00e1 un poco mas oscuro y tomaremos nuestro medio de transporte para regresar a la ciudad. Preguntar por la opci\u00f3n especial de pasar por el mercado de artesan\u00edas de la ciudad de Masaya el d\u00eda Jueves de Verbena.<\/td>\n<\/tr>\n<tr style=\"height: 9px;\">\n<td style=\"height: 9px; width: 517.5556030273438px; background-color: #f5580a;\" bgcolor=\"#FFFFFF\">Por mayor informaci\u00f3n y reservaci\u00f3n <a href=\"http:\/\/nicaragua-travel-guide.com\/site\/contactanos\/\">Contactarnos<\/a><\/td>\n<\/tr>\n<\/tbody>\n<\/table>\n","protected":false},"excerpt":{"rendered":"<p>Volcan Masaya Primer Parque Nacional \u00a0Tarde + Puesta del Sol + Nocturno Comenzaremos a la s 3:00 pm hasta las 8:00 pm Descripci\u00f3n: Vamos a\u00a0 visitar el volc\u00e1n con la compa\u00f1\u00eda de Gioconda es una gu\u00eda tur\u00edstico nacional\u00a0 y\u00a0 estar\u00e1 muy encantada\u00a0 por compartir este d\u00eda nuestras bellezas naturales\u00a0con su servicio ofrecer\u00e1\u00a0Informaci\u00f3n\u00a0general de Nicaragua, \u00a0geolog\u00eda, [&hellip;]<\/p>\n","protected":false},"author":2,"featured_media":0,"parent":0,"menu_order":0,"comment_status":"closed","ping_status":"closed","template":"","meta":{"footnotes":""},"_links":{"self":[{"href":"https:\/\/nicaragua-travel-guide.com\/site\/wp-json\/wp\/v2\/pages\/6222"}],"collection":[{"href":"https:\/\/nicaragua-travel-guide.com\/site\/wp-json\/wp\/v2\/pages"}],"about":[{"href":"https:\/\/nicaragua-travel-guide.com\/site\/wp-json\/wp\/v2\/types\/page"}],"author":[{"embeddable":true,"href":"https:\/\/nicaragua-travel-guide.com\/site\/wp-json\/wp\/v2\/users\/2"}],"replies":[{"embeddable":true,"href":"https:\/\/nicaragua-travel-guide.com\/site\/wp-json\/wp\/v2\/comments?post=6222"}],"version-history":[{"count":16,"href":"https:\/\/nicaragua-travel-guide.com\/site\/wp-json\/wp\/v2\/pages\/6222\/revisions"}],"predecessor-version":[{"id":11058,"href":"https:\/\/nicaragua-travel-guide.com\/site\/wp-json\/wp\/v2\/pages\/6222\/revisions\/11058"}],"wp:attachment":[{"href":"https:\/\/nicaragua-travel-guide.com\/site\/wp-json\/wp\/v2\/media?parent=6222"}],"curies":[{"name":"wp","href":"https:\/\/api.w.org\/{rel}","templated":true}]}}