{"id":6226,"date":"2016-07-08T17:23:44","date_gmt":"2016-07-08T17:23:44","guid":{"rendered":"http:\/\/nicaragua-travel-guide.com\/site\/?page_id=6226"},"modified":"2016-08-15T05:29:48","modified_gmt":"2016-08-15T05:29:48","slug":"volcan-masaya-combinado-con-el-mercado-de-artesania-tour-nocturno","status":"publish","type":"page","link":"https:\/\/nicaragua-travel-guide.com\/site\/volcan-masaya-combinado-con-el-mercado-de-artesania-tour-nocturno\/","title":{"rendered":"Volc\u00e1n Masaya \u00abTour Nocturno\u00bb COMBINADO con el Mercado de Artesan\u00eda"},"content":{"rendered":"<table style=\"width: 932.44140625px;\" border=\"0\">\n<tbody>\n<tr style=\"height: 2.7777786254882813px;\">\n<td style=\"height: 2.7777786254882813px; width: 924.44140625px;\" bgcolor=\"#000000\"><img loading=\"lazy\" decoding=\"async\" class=\"alignnone size-full wp-image-6278\" src=\"http:\/\/nicaragua-travel-guide.com\/site\/wp-content\/uploads\/2016\/07\/volcanmasayaheadernightvisit.jpg\" alt=\"volcanmasayaheadernightvisit\" width=\"1025\" height=\"345\" srcset=\"https:\/\/nicaragua-travel-guide.com\/site\/wp-content\/uploads\/2016\/07\/volcanmasayaheadernightvisit.jpg 1025w, https:\/\/nicaragua-travel-guide.com\/site\/wp-content\/uploads\/2016\/07\/volcanmasayaheadernightvisit-600x202.jpg 600w\" sizes=\"(max-width: 1025px) 100vw, 1025px\" \/><\/td>\n<\/tr>\n<tr style=\"height: 37px;\">\n<td style=\"height: 37px; width: 924.44140625px;\" bgcolor=\"#000000\">Tour al Volcan Masaya+Mercado de Artesan\u00edas<\/td>\n<\/tr>\n<tr style=\"height: 21px;\">\n<td style=\"height: 21px; width: 924.44140625px;\" bgcolor=\"#000000\">Primer Parque Nacional, Lindo Fenomeno Natural<\/td>\n<\/tr>\n<tr style=\"height: 21px;\">\n<td style=\"height: 21px; width: 924.44140625px;\" bgcolor=\"#000000\">\u00abVisita Nocturna\u00bb<\/td>\n<\/tr>\n<tr style=\"height: 21px;\">\n<td style=\"height: 21px; width: 924.44140625px;\" bgcolor=\"#000000\">Llegada a la recepci\u00f3n del Volcan a las 3:00 p.m<\/td>\n<\/tr>\n<tr style=\"height: 21px;\">\n<td style=\"height: 21px; width: 924.44140625px;\" bgcolor=\"#000000\">Salida del Mercado de Artesan\u00edas a las 9:30 pm<\/td>\n<\/tr>\n<tr style=\"height: 21px;\">\n<td style=\"height: 21px; width: 924.44140625px;\" valign=\"top\" bgcolor=\"#000000\"><img loading=\"lazy\" decoding=\"async\" class=\"alignnone size-full wp-image-10789\" src=\"http:\/\/nicaragua-travel-guide.com\/site\/wp-content\/uploads\/2016\/07\/headervolcanmasayatournocturnomurcielagos.jpg\" alt=\"headervolcanmasayatournocturnomurcielagos\" width=\"1025\" height=\"345\" srcset=\"https:\/\/nicaragua-travel-guide.com\/site\/wp-content\/uploads\/2016\/07\/headervolcanmasayatournocturnomurcielagos.jpg 1025w, https:\/\/nicaragua-travel-guide.com\/site\/wp-content\/uploads\/2016\/07\/headervolcanmasayatournocturnomurcielagos-600x202.jpg 600w\" sizes=\"(max-width: 1025px) 100vw, 1025px\" \/><\/td>\n<\/tr>\n<tr style=\"height: 286px;\">\n<td style=\"height: 286px; width: 924.44140625px;\" valign=\"top\" bgcolor=\"#000000\">Descripci\u00f3n:<\/p>\n<p>Vamos a\u00a0 visitar el volc\u00e1n con la compa\u00f1\u00eda de Gioconda es una gu\u00eda tur\u00edstico nacional\u00a0 y\u00a0 estar\u00e1 muy encantada\u00a0 por compartir este dia nuestras bellezas naturales\u00a0con su servicio ofrecer\u00e1 <strong>Informacion general<\/strong> <strong>de Nicaragua<\/strong>,\u00a0 geologia, historia natural, origen de los volcanes, flora, fauna, arte y cultura, tambi\u00e9n cantara canciones nacionales relacionadas con nicaragua, los lagos, nuestra flora y fauna,\u00a0 los volcanes, nuestros \u00e1rbol nacional, mencionando otros arboles de madera preciosa, nuestra flor nacional, \u00a0simbolos nacionales, de nuestro refresco t\u00edpico, <strong>la ciudad de Granada<\/strong>, su gente y mas\u2026<\/p>\n<p>Llegando a la recepci\u00f3n y parqueo del Volc\u00e1n MASAYA (abajo)<\/p>\n<p>Tenemos una variedad de opciones: para elegir antes \u00a0de comenzar y terminar el recorrido en el parque nacional,\u00a0 Si tenemos suerte podremos ver algunas de las especies vivientes dependiendo de la hora y la temporada, as\u00ed podriamos ver reptiles, venados, aves, etc..<\/td>\n<\/tr>\n<tr style=\"height: 21px;\">\n<td style=\"height: 21px; width: 924.44140625px;\" bgcolor=\"#FF9900\">El \u00a0Centro de visitantes <strong>(servicio de bebidas<\/strong><strong> \/<\/strong> suvenir)<\/td>\n<\/tr>\n<tr style=\"height: 139px;\">\n<td style=\"height: 139px; width: 924.44140625px;\" bgcolor=\"#000000\">Es un peque\u00f1o museo lleno de historia y colores vivos con impresionantes murales que representan la historia natural, adem\u00e1s sabr\u00e1s de geolog\u00eda, y podemos ver un peque\u00f1o arboretum con una peque\u00f1a representaci\u00f3n de la flora abundante en este\u00a0 parque,\u00a0as\u00ed como orqu\u00eddeas y vista panoramica hacia la laguna y la ciudad de Masaya..<\/p>\n<p>Tomaremos nuestro medio de\u00a0transporte para continuar hasta el area de parqueo alrededor del cr\u00e1ter activo con emanaci\u00f3n de gases.<\/td>\n<\/tr>\n<tr style=\"height: 21px;\">\n<td style=\"height: 21px; width: 924.44140625px;\" bgcolor=\"#FF9900\">Comenzaremos a caminar por el o los senderos elegidos:<\/td>\n<\/tr>\n<tr style=\"height: 114px;\">\n<td style=\"height: 114px; width: 924.44140625px;\" bgcolor=\"#000000\">Son tres senderos principales, en un bosque tropical seco que se caracteriza por tener pocos arboles de sombra con un ecosistema muy particular donde se pueden ver las fumarolas y emanaci\u00f3n de gases \u00a0sulfurosos, admirar la belleza natural y vistas panor\u00e1micas, y su variable clima y sol depende de la temporada y la hora del dia, tarde o noche, para tomar fotos desde la parte m\u00e1s alta durante el recorrido por los senderos de nuestro Parque Nacional, que se mantiene en pie y firme, podr\u00e1s ver el lago Xolotlan, la ciudad capital de Nicaragua<strong>,<\/strong> las sierritas de Managua, otros peque\u00f1os conos volc\u00e1nicos en crecimiento, la ciudad de Masaya y su peque\u00f1a laguna con su forma muy particular<strong>.<\/strong><\/td>\n<\/tr>\n<tr style=\"height: 192px;\">\n<td style=\"height: 192px; width: 924.44140625px;\" bgcolor=\"#FF9900\">\n<ul>\n<li>Mirador de la Cruz de Bobadilla 177 escalones. Vista panor\u00e1mica.<\/li>\n<li>Mirador Los vientos \u00e1rea del cr\u00e1ter y volc\u00e1n Masaya.<\/li>\n<li>Vista panor\u00e1mica poblaciones vecinas y la ciudad.<\/li>\n<li>Vista panoramica Laguna de Masaya.<\/li>\n<li>La Cueva de los Murci\u00e9lagos con o sin veh\u00edculo &#8211; Opci\u00f3n pago adicional<\/li>\n<li>Sendero de la laguna de Masaya.<\/li>\n<li>El Sendero del Comalito tiene un costo adicional por persona.<\/li>\n<\/ul>\n<\/td>\n<\/tr>\n<tr style=\"height: 27px;\">\n<td style=\"height: 27px; width: 924.44140625px;\" bgcolor=\"#000000\"><strong>8. Tour Nocturno:<\/strong><\/td>\n<\/tr>\n<tr style=\"height: 364px;\">\n<td style=\"height: 364px; width: 924.44140625px;\" bgcolor=\"#000000\">Para realizar este tour es con un minimo de 6 personas, llegando a la recepci\u00f3n a las 3:45 pm y esperamos la puesta del sol despu\u00e9s de las 5:00 pm para continuar con el recorrido, ya estar\u00e1 un poco mas oscuro y vamos a visitar la cueva de los murci\u00e9lagos pues, son Nocturnos, y veremos centenares de esa especie a la salida de su cueva, y despu\u00e9s caminaremos dentro de una cueva de origen volc\u00e1nico sentiras el agradable clima, con su humedad y paredes escalatitas, mientras caminas escucharas su historia, mitos y leyendas, alumbrandonos con focos linternas,y protegidos con helmets, estaremos 20 minutos dentro de la cueva. Despu\u00e9s continuaremos hacia el borde del cr\u00e1ter activo, depende de la luz nocturna de la luna y el viento si se facilita ver el reflejo de la incandecencia desde las profundidades del intracrater y c\u00e1mara magmatica, ese es el famoso tour de lava, al que es mas bien un tour nocturno.puesto que realmente no veremos fluido ni derrame de lava. Llevaremos puestas nuestras mascaras protectoras de los acidos y sofocantes gases.<\/p>\n<p>Para realizar este tour minimo con una persona, llegando a la recepci\u00f3n a las 4:00 pm continuaremos el recorrido saliendo del volcan a las 7:30 pm, ya estar\u00e1 un poco mas oscuro y tomaremos nuestro medio de transporte para regresar a la ciudad.<\/p>\n<p>Saliendo del Volcan iremos al mercado de artesania de la ciudad de Masaya para noches de compras y diversion especial todos los Jueves de Verbena donde tenemos la opcion de cenar, comprar y disfrutar de un show de danza folklorica tradicional y conjuntos de musica viva con musica alegre para bailar.<\/td>\n<\/tr>\n<tr style=\"height: 25px;\">\n<td style=\"height: 25px; width: 924.44140625px;\" valign=\"top\" bgcolor=\"#FF9900\"><img loading=\"lazy\" decoding=\"async\" class=\"alignnone size-full wp-image-10790\" src=\"http:\/\/nicaragua-travel-guide.com\/site\/wp-content\/uploads\/2016\/07\/masayatourallday.jpg\" alt=\"masayatourallday\" width=\"1025\" height=\"345\" srcset=\"https:\/\/nicaragua-travel-guide.com\/site\/wp-content\/uploads\/2016\/07\/masayatourallday.jpg 1025w, https:\/\/nicaragua-travel-guide.com\/site\/wp-content\/uploads\/2016\/07\/masayatourallday-600x202.jpg 600w\" sizes=\"(max-width: 1025px) 100vw, 1025px\" \/><\/td>\n<\/tr>\n<tr style=\"height: 25px;\">\n<td style=\"height: 25px; width: 924.44140625px;\" valign=\"top\" bgcolor=\"#FF9900\">Por mayor informacion y reservacion<strong> Contactarnos<\/strong><\/td>\n<\/tr>\n<\/tbody>\n<\/table>\n","protected":false},"excerpt":{"rendered":"<p>Tour al Volcan Masaya+Mercado de Artesan\u00edas Primer Parque Nacional, Lindo Fenomeno Natural \u00abVisita Nocturna\u00bb Llegada a la recepci\u00f3n del Volcan a las 3:00 p.m Salida del Mercado de Artesan\u00edas a las 9:30 pm Descripci\u00f3n: Vamos a\u00a0 visitar el volc\u00e1n con la compa\u00f1\u00eda de Gioconda es una gu\u00eda tur\u00edstico nacional\u00a0 y\u00a0 estar\u00e1 muy encantada\u00a0 por compartir [&hellip;]<\/p>\n","protected":false},"author":2,"featured_media":0,"parent":0,"menu_order":0,"comment_status":"closed","ping_status":"closed","template":"","meta":{"footnotes":""},"_links":{"self":[{"href":"https:\/\/nicaragua-travel-guide.com\/site\/wp-json\/wp\/v2\/pages\/6226"}],"collection":[{"href":"https:\/\/nicaragua-travel-guide.com\/site\/wp-json\/wp\/v2\/pages"}],"about":[{"href":"https:\/\/nicaragua-travel-guide.com\/site\/wp-json\/wp\/v2\/types\/page"}],"author":[{"embeddable":true,"href":"https:\/\/nicaragua-travel-guide.com\/site\/wp-json\/wp\/v2\/users\/2"}],"replies":[{"embeddable":true,"href":"https:\/\/nicaragua-travel-guide.com\/site\/wp-json\/wp\/v2\/comments?post=6226"}],"version-history":[{"count":5,"href":"https:\/\/nicaragua-travel-guide.com\/site\/wp-json\/wp\/v2\/pages\/6226\/revisions"}],"predecessor-version":[{"id":11061,"href":"https:\/\/nicaragua-travel-guide.com\/site\/wp-json\/wp\/v2\/pages\/6226\/revisions\/11061"}],"wp:attachment":[{"href":"https:\/\/nicaragua-travel-guide.com\/site\/wp-json\/wp\/v2\/media?parent=6226"}],"curies":[{"name":"wp","href":"https:\/\/api.w.org\/{rel}","templated":true}]}}