{"id":6236,"date":"2016-07-08T18:42:23","date_gmt":"2016-07-08T18:42:23","guid":{"rendered":"http:\/\/nicaragua-travel-guide.com\/site\/?page_id=6236"},"modified":"2016-08-15T05:59:02","modified_gmt":"2016-08-15T05:59:02","slug":"masaya-tour-guiado-caminando-por-la-ciudad-por-horas","status":"publish","type":"page","link":"https:\/\/nicaragua-travel-guide.com\/site\/masaya-tour-guiado-caminando-por-la-ciudad-por-horas\/","title":{"rendered":"Masaya Tour guiado \u00abCaminando por la ciudad\u00bb por horas."},"content":{"rendered":"<table style=\"width: 900px;\" border=\"0\">\n<tbody>\n<tr>\n<td style=\"width: 885px;\" bgcolor=\"#9900FF\"><img loading=\"lazy\" decoding=\"async\" class=\"wp-image-5065 aligncenter\" src=\"http:\/\/nicaragua-travel-guide.com\/site\/wp-content\/uploads\/2016\/06\/headermasaya.jpg\" alt=\"headermasaya\" width=\"901\" height=\"204\" srcset=\"https:\/\/nicaragua-travel-guide.com\/site\/wp-content\/uploads\/2016\/06\/headermasaya.jpg 1024w, https:\/\/nicaragua-travel-guide.com\/site\/wp-content\/uploads\/2016\/06\/headermasaya-600x136.jpg 600w\" sizes=\"(max-width: 901px) 100vw, 901px\" \/><\/td>\n<\/tr>\n<tr>\n<td style=\"background-color: #d995e5; width: 885px;\" bgcolor=\"#9900FF\"><strong>Tour en la ciudad de Masaya caminando por \u00a0 \u00a0horas<\/strong><\/td>\n<\/tr>\n<tr>\n<td style=\"width: 885px;\" valign=\"top\" height=\"533\">\n<table style=\"width: 905px;\" border=\"0\">\n<tbody>\n<tr style=\"height: 487px;\">\n<td style=\"width: 486px; height: 487px;\"><img loading=\"lazy\" decoding=\"async\" class=\"wp-image-11073 aligncenter\" src=\"http:\/\/nicaragua-travel-guide.com\/site\/wp-content\/uploads\/2016\/07\/nicaraguacomidastipicasingredientes.jpg\" alt=\"nicaraguacomidastipicasingredientes\" width=\"513\" height=\"680\" \/><\/td>\n<td style=\"width: 415px; height: 487px;\" valign=\"top\">Dentro de la ciudad, uno de los puntos m\u00e1s interesantes es el Centro Cultural Antiguo Mercado de Artesan\u00edas, conocido como Mercado Viejo. Este centro alberga una variedad de tiendas donde se venden artesan\u00edas, muebles, zapatos, hamacas, ropa, instrumentos musicales, entre otros muchos productos. Este es un buen lugar para comprar recuerdos de Nicaragua. Cada semana, al caer el sol, en este local se celebran los \u201cJueves de Verbena\u201d: un despliegue de danza, m\u00fasica y arte nacional.<\/p>\n<p>&nbsp;<\/p>\n<p>La \u2018Laguna de Masaya\u2019 se encuentra en uno de los bordes de la ciudad. Esta laguna es hermosa, pero lamentablemente est\u00e1 contaminada. En el costado oriental de Masaya est\u00e1 el malec\u00f3n con un amplio mirador hacia la laguna y el volc\u00e1n Masaya.<\/p>\n<p>&nbsp;<\/p>\n<p>En la misma zona, cerca del estadio y del antiguo hospital, hay un gran n\u00famero de productores de hamacas.<\/p>\n<p>&nbsp;<\/p>\n<p>Esta zona es probablemente la m\u00e1s importante en todo el pa\u00eds en cuanto a producci\u00f3n de hamacas se refiere.<\/p>\n<p>&nbsp;<\/p>\n<p>&nbsp;<\/p>\n<p>Muchas de las hamacas aqu\u00ed producidas se venden dentro de Nicaragua, pero hay algunos productores que realizan exportaciones. Estos son frecuentemente negocios familiares y las hamacas se hacen dentro o en frente de la casa de habitaci\u00f3n.<\/p>\n<p>&nbsp;<\/p>\n<p>&nbsp;<\/p>\n<p>Una visita a este vecindario puede resultar muy interesante; ya estas personas con frecuencia invitan a los visitantes a echarle un vistazo al proceso de producci\u00f3n. Si usted se dirige del parque central al antiguo hospital (San Antonio) o al estadio, podr\u00e1 f\u00e1cilmente ver algunos talleres en su camino. Este lugar es ideal para comprar su hamaca directamente de los productores.<\/td>\n<\/tr>\n<tr style=\"height: 25px;\">\n<td style=\"width: 901px; height: 25px; background-color: #d995e5;\" colspan=\"2\" bgcolor=\"#9900FF\">Por mayor\u00a0informaci\u00f3n\u00a0y reservacion <strong>Contactarnos<\/strong><\/td>\n<\/tr>\n<\/tbody>\n<\/table>\n<\/td>\n<\/tr>\n<\/tbody>\n<\/table>\n","protected":false},"excerpt":{"rendered":"<p>Tour en la ciudad de Masaya caminando por \u00a0 \u00a0horas Dentro de la ciudad, uno de los puntos m\u00e1s interesantes es el Centro Cultural Antiguo Mercado de Artesan\u00edas, conocido como Mercado Viejo. Este centro alberga una variedad de tiendas donde se venden artesan\u00edas, muebles, zapatos, hamacas, ropa, instrumentos musicales, entre otros muchos productos. Este es [&hellip;]<\/p>\n","protected":false},"author":2,"featured_media":0,"parent":0,"menu_order":0,"comment_status":"closed","ping_status":"closed","template":"","meta":{"footnotes":""},"_links":{"self":[{"href":"https:\/\/nicaragua-travel-guide.com\/site\/wp-json\/wp\/v2\/pages\/6236"}],"collection":[{"href":"https:\/\/nicaragua-travel-guide.com\/site\/wp-json\/wp\/v2\/pages"}],"about":[{"href":"https:\/\/nicaragua-travel-guide.com\/site\/wp-json\/wp\/v2\/types\/page"}],"author":[{"embeddable":true,"href":"https:\/\/nicaragua-travel-guide.com\/site\/wp-json\/wp\/v2\/users\/2"}],"replies":[{"embeddable":true,"href":"https:\/\/nicaragua-travel-guide.com\/site\/wp-json\/wp\/v2\/comments?post=6236"}],"version-history":[{"count":5,"href":"https:\/\/nicaragua-travel-guide.com\/site\/wp-json\/wp\/v2\/pages\/6236\/revisions"}],"predecessor-version":[{"id":11076,"href":"https:\/\/nicaragua-travel-guide.com\/site\/wp-json\/wp\/v2\/pages\/6236\/revisions\/11076"}],"wp:attachment":[{"href":"https:\/\/nicaragua-travel-guide.com\/site\/wp-json\/wp\/v2\/media?parent=6236"}],"curies":[{"name":"wp","href":"https:\/\/api.w.org\/{rel}","templated":true}]}}