{"id":6238,"date":"2016-07-08T18:49:47","date_gmt":"2016-07-08T18:49:47","guid":{"rendered":"http:\/\/nicaragua-travel-guide.com\/site\/?page_id=6238"},"modified":"2016-08-15T05:37:49","modified_gmt":"2016-08-15T05:37:49","slug":"masaya-visita-guiada-jueves-de-vebena-mercado-de-artesanias-compra-productos-artesanales-textil-vestuario-cuero-calzado-artesanias-d-e-madera-y-barro-pinturas-paisaje-decorativo-y-utilitario","status":"publish","type":"page","link":"https:\/\/nicaragua-travel-guide.com\/site\/masaya-visita-guiada-jueves-de-vebena-mercado-de-artesanias-compra-productos-artesanales-textil-vestuario-cuero-calzado-artesanias-d-e-madera-y-barro-pinturas-paisaje-decorativo-y-utilitario\/","title":{"rendered":"Masaya Visita guiada \u00abJueves de Vebena\u00bb Mercado de Artesanias"},"content":{"rendered":"<table style=\"width: 901.6666870117188px;\" border=\"0\">\n<tbody>\n<tr style=\"height: 342px;\">\n<td style=\"height: 342px; width: 20px;\" colspan=\"2\" bgcolor=\"#CCCC00\"><img loading=\"lazy\" decoding=\"async\" class=\"alignnone size-full wp-image-10790\" src=\"http:\/\/nicaragua-travel-guide.com\/site\/wp-content\/uploads\/2016\/07\/masayatourallday.jpg\" alt=\"masayatourallday\" width=\"1025\" height=\"345\" srcset=\"https:\/\/nicaragua-travel-guide.com\/site\/wp-content\/uploads\/2016\/07\/masayatourallday.jpg 1025w, https:\/\/nicaragua-travel-guide.com\/site\/wp-content\/uploads\/2016\/07\/masayatourallday-600x202.jpg 600w\" sizes=\"(max-width: 1025px) 100vw, 1025px\" \/><\/td>\n<\/tr>\n<tr style=\"height: 22px;\">\n<td style=\"height: 22px; width: 20px; background-color: #ffc76e;\" colspan=\"2\" bgcolor=\"#CCCC00\"><strong>Jueves de Verbena en el Mercado de\u00a0Artesan\u00edas\u00a0de Masaya<\/strong><\/td>\n<\/tr>\n<tr style=\"height: 342.3333740234375px;\">\n<td style=\"height: 342.3333740234375px; width: 20px;\" colspan=\"2\">\n<h4>Descripci\u00f3n:<\/h4>\n<p>Cada jueves se realiza en Masaya la Verbena: un espect\u00e1culo cultural que permite apreciar la danza, la m\u00fasica y la gastronom\u00eda tradicional nicarag\u00fcense. Este espect\u00e1culo semanal tiene lugar en el <strong>&#8216;Centro Cultural Antiguo Mercado de Masaya<\/strong>&#8216;, conocido como el Mercado Viejo o Mercado de Artesan\u00edas.<\/p>\n<p>El evento inicia a las 7:30 de la noche y culmina generalmente a la medianoche.<\/p>\n<p>La entrada es \u00a0por persona, aunque a veces, seg\u00fan el tipo de espect\u00e1culo, esta puede aumentar a 20 o un m\u00e1ximo de 30 c\u00f3rdobas.<\/p>\n<p>En el centro se presentan grupos profesionales o amateurs de danza folcl\u00f3rica nacional, de todas las regiones del pa\u00eds, quienes ejecutan los variados tipos de bailes tradicionales nicarag\u00fcenses: mazurcas, polcas, palo de mayo, la danza del g\u00fceg\u00fcense, entre otras. Los artistas visten siempre los trajes t\u00edpicos de esas danzas, las cuales son el resultado de la mezcla de antiguos bailes y ritmos europeos e ind\u00edgenas.<\/p>\n<p>Adem\u00e1s del baile, est\u00e1 la m\u00fasica. Adem\u00e1s de la m\u00fasica tradicional de las danzas folcl\u00f3rica, hay presentaciones de int\u00e9rpretes y cantautores nicarag\u00fcenses. La muestra cultural se completa con el servicio de alimentos y \u00a0 bebidas de\u00a0platos t\u00edpicos nicarag\u00fcenses y men\u00fa\u00a0a la carta que ofrecen los \u00a0restaurantes.<\/p>\n<p>El Mercado de Artesan\u00edas o Mercado Viejo se encuentra en el centro de la ciudad de Masaya.<\/td>\n<\/tr>\n<tr style=\"height: 342px;\">\n<td style=\"height: 342px; width: 20px;\" colspan=\"2\" bgcolor=\"#CCCC00\"><img loading=\"lazy\" decoding=\"async\" class=\"alignnone size-full wp-image-10865\" src=\"http:\/\/nicaragua-travel-guide.com\/site\/wp-content\/uploads\/2016\/07\/guiadecomprasmercado.jpg\" alt=\"guiadecomprasmercado\" width=\"1025\" height=\"345\" srcset=\"https:\/\/nicaragua-travel-guide.com\/site\/wp-content\/uploads\/2016\/07\/guiadecomprasmercado.jpg 1025w, https:\/\/nicaragua-travel-guide.com\/site\/wp-content\/uploads\/2016\/07\/guiadecomprasmercado-600x202.jpg 600w\" sizes=\"(max-width: 1025px) 100vw, 1025px\" \/><\/td>\n<\/tr>\n<tr style=\"height: 22px;\">\n<td style=\"height: 22px; width: 20px;\" colspan=\"2\" bgcolor=\"#CCCC00\">Por mayor\u00a0informaci\u00f3n\u00a0y reservacion <strong>Contactarnos<\/strong><\/td>\n<\/tr>\n<\/tbody>\n<\/table>\n","protected":false},"excerpt":{"rendered":"<p>Jueves de Verbena en el Mercado de\u00a0Artesan\u00edas\u00a0de Masaya Descripci\u00f3n: Cada jueves se realiza en Masaya la Verbena: un espect\u00e1culo cultural que permite apreciar la danza, la m\u00fasica y la gastronom\u00eda tradicional nicarag\u00fcense. Este espect\u00e1culo semanal tiene lugar en el &#8216;Centro Cultural Antiguo Mercado de Masaya&#8216;, conocido como el Mercado Viejo o Mercado de Artesan\u00edas. El [&hellip;]<\/p>\n","protected":false},"author":2,"featured_media":0,"parent":0,"menu_order":0,"comment_status":"closed","ping_status":"closed","template":"","meta":{"footnotes":""},"_links":{"self":[{"href":"https:\/\/nicaragua-travel-guide.com\/site\/wp-json\/wp\/v2\/pages\/6238"}],"collection":[{"href":"https:\/\/nicaragua-travel-guide.com\/site\/wp-json\/wp\/v2\/pages"}],"about":[{"href":"https:\/\/nicaragua-travel-guide.com\/site\/wp-json\/wp\/v2\/types\/page"}],"author":[{"embeddable":true,"href":"https:\/\/nicaragua-travel-guide.com\/site\/wp-json\/wp\/v2\/users\/2"}],"replies":[{"embeddable":true,"href":"https:\/\/nicaragua-travel-guide.com\/site\/wp-json\/wp\/v2\/comments?post=6238"}],"version-history":[{"count":10,"href":"https:\/\/nicaragua-travel-guide.com\/site\/wp-json\/wp\/v2\/pages\/6238\/revisions"}],"predecessor-version":[{"id":11066,"href":"https:\/\/nicaragua-travel-guide.com\/site\/wp-json\/wp\/v2\/pages\/6238\/revisions\/11066"}],"wp:attachment":[{"href":"https:\/\/nicaragua-travel-guide.com\/site\/wp-json\/wp\/v2\/media?parent=6238"}],"curies":[{"name":"wp","href":"https:\/\/api.w.org\/{rel}","templated":true}]}}