{"id":6246,"date":"2016-07-08T20:24:26","date_gmt":"2016-07-08T20:24:26","guid":{"rendered":"http:\/\/nicaragua-travel-guide.com\/site\/?page_id=6246"},"modified":"2016-08-13T17:31:31","modified_gmt":"2016-08-13T17:31:31","slug":"masaya-canopy-tour-masatepe-alojamiento-dormitorio-alimentos-y-bebidas-sopa-de-mondongo-dulces-tradicionales-puros-centro-de-recreacion-piscina-canoa-caminatas-fabrica-de-muebles","status":"publish","type":"page","link":"https:\/\/nicaragua-travel-guide.com\/site\/masaya-canopy-tour-masatepe-alojamiento-dormitorio-alimentos-y-bebidas-sopa-de-mondongo-dulces-tradicionales-puros-centro-de-recreacion-piscina-canoa-caminatas-fabrica-de-muebles\/","title":{"rendered":"Canopy tour \u00abMasatepe\u00bb Masaya"},"content":{"rendered":"<table style=\"width: 823.3333740234375px;\" border=\"0\">\n<tbody>\n<tr style=\"height: 37px;\">\n<td style=\"height: 37px; width: 819.3333740234375px;\"><img loading=\"lazy\" decoding=\"async\" class=\"alignnone size-medium wp-image-10828 alignleft\" src=\"http:\/\/nicaragua-travel-guide.com\/site\/wp-content\/uploads\/2016\/07\/canopymasateperapellinglaguna.jpg\" alt=\"canopymasateperapellinglaguna\" width=\"1025\" height=\"345\" srcset=\"https:\/\/nicaragua-travel-guide.com\/site\/wp-content\/uploads\/2016\/07\/canopymasateperapellinglaguna.jpg 1025w, https:\/\/nicaragua-travel-guide.com\/site\/wp-content\/uploads\/2016\/07\/canopymasateperapellinglaguna-600x202.jpg 600w\" sizes=\"(max-width: 1025px) 100vw, 1025px\" \/><\/td>\n<\/tr>\n<tr style=\"height: 37px;\">\n<td style=\"height: 37px; width: 819.3333740234375px;\">\n<table style=\"width: 892px;\">\n<tbody>\n<tr>\n<td style=\"width: 222px; background-color: #fcef5d;\">Masatepe<\/td>\n<td style=\"width: 245px; background-color: #f9fc17;\"><strong>Canopy<\/strong><\/td>\n<td style=\"width: 218.66668701171875px; background-color: #fcef5d;\">Rapel<\/td>\n<td style=\"width: 338.33331298828125px; background-color: #fcef5d;\">Alimentos y \u00a0 bebidas<\/td>\n<td style=\"width: 195px; background-color: #fcef5d;\">Alojamiento<\/td>\n<\/tr>\n<\/tbody>\n<\/table>\n<\/td>\n<\/tr>\n<tr style=\"height: 37px;\">\n<td style=\"height: 37px; width: 819.3333740234375px;\">* El pac\u00edfico de Nicaragua ofrece uno de los mejores \u00abturismos de aventura\u00bb, hoy te presentamos dos deportes que te erizan los pelos y te suben la adrenalina al m\u00e1ximo \u00abeco aventura\u00bb<\/td>\n<\/tr>\n<tr style=\"height: 37px;\">\n<td style=\"height: 37px; width: 819.3333740234375px;\">UBICADA A 4 KM DEL CENTRO DE MASATEPE, EL CENTRO TUR\u00cdSTICO FLOR DE POCHOTE TE BRINDA UNA BUENA OFERTA EN EL PAC\u00cdFICO NICARAG\u00dcENSE.<\/td>\n<\/tr>\n<tr style=\"height: 10px;\">\n<td style=\"height: 10px; width: 819.3333740234375px;\"><img loading=\"lazy\" decoding=\"async\" class=\"alignnone size-medium wp-image-10827\" src=\"http:\/\/nicaragua-travel-guide.com\/site\/wp-content\/uploads\/2016\/07\/canopymasatepedoormitoryfoodservice.jpg\" alt=\"canopymasatepedoormitoryfoodservice\" width=\"1025\" height=\"345\" srcset=\"https:\/\/nicaragua-travel-guide.com\/site\/wp-content\/uploads\/2016\/07\/canopymasatepedoormitoryfoodservice.jpg 1025w, https:\/\/nicaragua-travel-guide.com\/site\/wp-content\/uploads\/2016\/07\/canopymasatepedoormitoryfoodservice-600x202.jpg 600w\" sizes=\"(max-width: 1025px) 100vw, 1025px\" \/><\/td>\n<\/tr>\n<tr style=\"height: 37px;\">\n<td style=\"height: 37px; width: 819.3333740234375px;\">Don Oven, vino de Dinamarca en los a\u00f1os 90, en ese entonces como miembro de un comit\u00e9 de ayuda comunitaria para los nicarag\u00fcenses, por parte de una organizaci\u00f3n no gubernamental y se \u201cenamor\u00f3 a primera vista de Nicaragua\u201d, pues manifiesta que su gente, su clima, la comida y la cultura, son un encanto para cualquier extranjero que visite estas tierras.<\/p>\n<p>El parque eco tur\u00edstico, ofrece alojamiento en peque\u00f1as caba\u00f1as acondicionas para pasar una excelente noche a la luz de la luna, donde\u00a0 el fr\u00edo y el mover de los \u00e1rboles por viento que estremece la zona, te dan una experiencia inolvidable disfrutando de una buena compa\u00f1\u00eda.<\/td>\n<\/tr>\n<tr style=\"height: 19px;\">\n<td style=\"height: 19px; width: 819.3333740234375px;\"><img loading=\"lazy\" decoding=\"async\" class=\"alignnone size-medium wp-image-10829\" src=\"http:\/\/nicaragua-travel-guide.com\/site\/wp-content\/uploads\/2016\/07\/canopymsayadormitoryfoodpool.jpg\" alt=\"canopymsayadormitoryfoodpool\" width=\"1025\" height=\"345\" srcset=\"https:\/\/nicaragua-travel-guide.com\/site\/wp-content\/uploads\/2016\/07\/canopymsayadormitoryfoodpool.jpg 1025w, https:\/\/nicaragua-travel-guide.com\/site\/wp-content\/uploads\/2016\/07\/canopymsayadormitoryfoodpool-600x202.jpg 600w\" sizes=\"(max-width: 1025px) 100vw, 1025px\" \/><\/td>\n<\/tr>\n<tr style=\"height: 8px;\">\n<td style=\"height: 8px; width: 819.3333740234375px;\">Paseo en bote de remo y nadar en la piscina del ecolodge Aprecie la diversidad de flora y fauna.<\/td>\n<\/tr>\n<tr style=\"height: 10px;\">\n<td style=\"height: 10px; width: 819.3333740234375px;\"><img loading=\"lazy\" decoding=\"async\" class=\"alignnone size-medium wp-image-10832\" src=\"http:\/\/nicaragua-travel-guide.com\/site\/wp-content\/uploads\/2016\/07\/canopymsayarapelpiscinaylaguna.jpg\" alt=\"canopymsayarapelpiscinaylaguna\" width=\"1025\" height=\"345\" srcset=\"https:\/\/nicaragua-travel-guide.com\/site\/wp-content\/uploads\/2016\/07\/canopymsayarapelpiscinaylaguna.jpg 1025w, https:\/\/nicaragua-travel-guide.com\/site\/wp-content\/uploads\/2016\/07\/canopymsayarapelpiscinaylaguna-600x202.jpg 600w\" sizes=\"(max-width: 1025px) 100vw, 1025px\" \/><\/td>\n<\/tr>\n<tr style=\"height: 37px;\">\n<td style=\"height: 37px; width: 819.3333740234375px;\">La aventura, la adrenalina y el contacto directo con la naturaleza se fusionan en un solo lugar en el que tambi\u00e9n se puede disfrutar de una experiencia inolvidable al pie del volc\u00e1n Masaya, que permite una maravillosa vista hacia la laguna del mismo nombre.<\/p>\n<p>Si buscas diversi\u00f3n o a relejarte del estr\u00e9s de la rutina diaria, ubicada a 4 Km. desde el centro de Masatepe, Masaya, el parque eco tur\u00edstico \u201cFlor de Pochote\u201d brinda una de las mejores ofertas del turismo de aventura del pacifico de Nicaragua.<\/td>\n<\/tr>\n<tr style=\"height: 12px;\">\n<td style=\"height: 12px; width: 819.3333740234375px;\"><img loading=\"lazy\" decoding=\"async\" class=\"alignnone size-medium wp-image-10830\" src=\"http:\/\/nicaragua-travel-guide.com\/site\/wp-content\/uploads\/2016\/07\/canopymsayadormitoryfoodppanoramic.jpg\" alt=\"canopymsayadormitoryfoodppanoramic\" width=\"1025\" height=\"345\" srcset=\"https:\/\/nicaragua-travel-guide.com\/site\/wp-content\/uploads\/2016\/07\/canopymsayadormitoryfoodppanoramic.jpg 1025w, https:\/\/nicaragua-travel-guide.com\/site\/wp-content\/uploads\/2016\/07\/canopymsayadormitoryfoodppanoramic-600x202.jpg 600w\" sizes=\"(max-width: 1025px) 100vw, 1025px\" \/><\/td>\n<\/tr>\n<tr style=\"height: 37px;\">\n<td style=\"height: 37px; width: 819.3333740234375px;\">Originalmente la propiedad fue comparada para uso familiar, su due\u00f1o don Oven Faurby, asegura que sus amigos y allegados que invit\u00f3 a conocer el lugar lo convencieron que fundara el centro tur\u00edstico.<\/td>\n<\/tr>\n<tr style=\"height: 8px;\">\n<td style=\"height: 8px; width: 819.3333740234375px;\"><img loading=\"lazy\" decoding=\"async\" class=\"alignnone size-medium wp-image-10833\" src=\"http:\/\/nicaragua-travel-guide.com\/site\/wp-content\/uploads\/2016\/07\/canopymsayatiroline.jpg\" alt=\"canopymsayatiroline\" width=\"1025\" height=\"345\" srcset=\"https:\/\/nicaragua-travel-guide.com\/site\/wp-content\/uploads\/2016\/07\/canopymsayatiroline.jpg 1025w, https:\/\/nicaragua-travel-guide.com\/site\/wp-content\/uploads\/2016\/07\/canopymsayatiroline-600x202.jpg 600w\" sizes=\"(max-width: 1025px) 100vw, 1025px\" \/><\/td>\n<\/tr>\n<tr style=\"height: 37px;\">\n<td style=\"height: 37px; width: 819.3333740234375px;\">Sin embargo, para aquellos que buscan adrenalina pura, el centro brinda entre las actividades que se pueden realizar durante el d\u00eda, el \u201cCanopy y el Rappel\u201d, dos ofertas que te erizan los pelos y te llevan a experimentar una emocionante aventura en el aire.<\/td>\n<\/tr>\n<tr style=\"height: 8px;\">\n<td style=\"height: 8px; width: 819.3333740234375px;\"><img loading=\"lazy\" decoding=\"async\" class=\"alignnone size-full wp-image-10826\" src=\"http:\/\/nicaragua-travel-guide.com\/site\/wp-content\/uploads\/2016\/07\/canopymsayatperiodista.jpg\" alt=\"canopymsayatperiodista\" width=\"1025\" height=\"345\" srcset=\"https:\/\/nicaragua-travel-guide.com\/site\/wp-content\/uploads\/2016\/07\/canopymsayatperiodista.jpg 1025w, https:\/\/nicaragua-travel-guide.com\/site\/wp-content\/uploads\/2016\/07\/canopymsayatperiodista-600x202.jpg 600w\" sizes=\"(max-width: 1025px) 100vw, 1025px\" \/><\/td>\n<\/tr>\n<tr style=\"height: 37px;\">\n<td style=\"height: 37px; width: 819.3333740234375px;\"><strong>Rappel!<\/strong><br \/>\nRodrigo Porto Carrero, encargado de ambos deportes, asegura que cuentan con todas las medidas de seguridad para garantizar a integridad f\u00edsicas de quienes se atrevan a disfrutar de esta extraordinaria experiencia.<br \/>\nEn el Canopy, una vez puesto los guantes, el casco y los dem\u00e1s accesorios son aproximadamente tres tramos de 25 metros de cable, que se recorren de un extremo a otro, a una altura en la que se puede apreciar la copa de los \u00e1rboles y una majestuosa vista al volc\u00e1n y la\u00a0 laguna de Masaya.<br \/>\n\u00bfRappel? En Nicaragua,Quien dijo miedo?Son m\u00e1s de 60 metros de una pendiente rocosa que en invierno es una cascada natural que desemboca en la laguna de la cuidad de las flores.<br \/>\nEste deporte consiste en el descenso del individuo atado de una cuerda, que \u00e9l mismo maneja para manipular la velocidad con que desea\u00a0 realizar su aterrizaje.<br \/>\nSi quieres vivir esta experiencia, la tarifas del circuito de aventura completo(descenso en rappel y canopy) \u00a0cuesta U$ 30. (La segunda vez el mismo d\u00eda es a mitad de precio)Tour canopy: U$ 28Rappel: U$25Los horario de fines de semana es de 9 a.m. a 4 p.m.<\/td>\n<\/tr>\n<tr style=\"height: 37px;\">\n<td style=\"height: 37px; width: 819.3333740234375px;\">\n<table style=\"width: 815px;\">\n<tbody>\n<tr style=\"height: 21.7466px;\">\n<td style=\"width: 159.743px; height: 21.7466px;\" bgcolor=\"#009900\">Tours<\/td>\n<td style=\"width: 173.257px; height: 21.7466px;\" bgcolor=\"#009900\">Rates:<\/td>\n<td style=\"width: 109px; height: 21.7466px;\"><\/td>\n<td style=\"width: 353px; height: 21.7466px;\"><\/td>\n<\/tr>\n<tr style=\"height: 21px;\">\n<td style=\"width: 159.743px; height: 21px;\" bgcolor=\"#99CC66\">Canopy + Rappel<\/td>\n<td style=\"width: 173.257px; height: 21px;\" bgcolor=\"#CCCC33\">$30<\/td>\n<td style=\"width: 462px; height: 63px;\" colspan=\"2\" rowspan=\"3\" bgcolor=\"#CCFF00\">Schedule everyday from 9:00am -4:00pm<\/td>\n<\/tr>\n<tr style=\"height: 21px;\">\n<td style=\"width: 159.743px; height: 21px;\" bgcolor=\"#99CC66\"><strong>Canopy<\/strong><\/td>\n<td style=\"width: 173.257px; height: 21px;\" bgcolor=\"#CCCC33\">$28<\/td>\n<\/tr>\n<tr style=\"height: 21px;\">\n<td style=\"width: 159.743px; height: 21px;\" bgcolor=\"#99CC66\">Rappel<\/td>\n<td style=\"width: 173.257px; height: 21px;\" bgcolor=\"#CCCC33\">$25<\/td>\n<\/tr>\n<tr style=\"height: 21px;\">\n<td style=\"width: 159.743px; height: 21px;\">Canoing<\/td>\n<td style=\"width: 173.257px; height: 21px;\"><\/td>\n<td style=\"width: 109px; height: 21px;\"><\/td>\n<td style=\"width: 353px; height: 21px;\"><\/td>\n<\/tr>\n<tr style=\"height: 21px;\">\n<td style=\"width: 159.743px; height: 21px;\">Bird Watching<\/td>\n<td style=\"width: 173.257px; height: 21px;\"><\/td>\n<td style=\"width: 109px; height: 21px;\"><\/td>\n<td style=\"width: 353px; height: 21px;\"><\/td>\n<\/tr>\n<\/tbody>\n<\/table>\n<\/td>\n<\/tr>\n<tr style=\"height: 13px;\">\n<td style=\"height: 13px; width: 819.3333740234375px;\"><img loading=\"lazy\" decoding=\"async\" class=\"alignnone size-medium wp-image-10831\" src=\"http:\/\/nicaragua-travel-guide.com\/site\/wp-content\/uploads\/2016\/07\/canopymsayarapel.jpg\" alt=\"canopymsayarapel\" width=\"1025\" height=\"345\" srcset=\"https:\/\/nicaragua-travel-guide.com\/site\/wp-content\/uploads\/2016\/07\/canopymsayarapel.jpg 1025w, https:\/\/nicaragua-travel-guide.com\/site\/wp-content\/uploads\/2016\/07\/canopymsayarapel-600x202.jpg 600w\" sizes=\"(max-width: 1025px) 100vw, 1025px\" \/><\/td>\n<\/tr>\n<tr style=\"height: 21px;\">\n<td style=\"height: 21px; width: 819.3333740234375px;\" valign=\"top\">Por mayor informaci\u00f3n y reservacion Contactarnos<\/td>\n<\/tr>\n<\/tbody>\n<\/table>\n","protected":false},"excerpt":{"rendered":"<p>Masatepe Canopy Rapel Alimentos y \u00a0 bebidas Alojamiento * El pac\u00edfico de Nicaragua ofrece uno de los mejores \u00abturismos de aventura\u00bb, hoy te presentamos dos deportes que te erizan los pelos y te suben la adrenalina al m\u00e1ximo \u00abeco aventura\u00bb UBICADA A 4 KM DEL CENTRO DE MASATEPE, EL CENTRO TUR\u00cdSTICO FLOR DE POCHOTE TE [&hellip;]<\/p>\n","protected":false},"author":2,"featured_media":0,"parent":0,"menu_order":0,"comment_status":"closed","ping_status":"closed","template":"","meta":{"footnotes":""},"_links":{"self":[{"href":"https:\/\/nicaragua-travel-guide.com\/site\/wp-json\/wp\/v2\/pages\/6246"}],"collection":[{"href":"https:\/\/nicaragua-travel-guide.com\/site\/wp-json\/wp\/v2\/pages"}],"about":[{"href":"https:\/\/nicaragua-travel-guide.com\/site\/wp-json\/wp\/v2\/types\/page"}],"author":[{"embeddable":true,"href":"https:\/\/nicaragua-travel-guide.com\/site\/wp-json\/wp\/v2\/users\/2"}],"replies":[{"embeddable":true,"href":"https:\/\/nicaragua-travel-guide.com\/site\/wp-json\/wp\/v2\/comments?post=6246"}],"version-history":[{"count":12,"href":"https:\/\/nicaragua-travel-guide.com\/site\/wp-json\/wp\/v2\/pages\/6246\/revisions"}],"predecessor-version":[{"id":10842,"href":"https:\/\/nicaragua-travel-guide.com\/site\/wp-json\/wp\/v2\/pages\/6246\/revisions\/10842"}],"wp:attachment":[{"href":"https:\/\/nicaragua-travel-guide.com\/site\/wp-json\/wp\/v2\/media?parent=6246"}],"curies":[{"name":"wp","href":"https:\/\/api.w.org\/{rel}","templated":true}]}}