{"id":6250,"date":"2016-07-08T20:38:07","date_gmt":"2016-07-08T20:38:07","guid":{"rendered":"http:\/\/nicaragua-travel-guide.com\/site\/?page_id=6250"},"modified":"2016-08-15T06:32:25","modified_gmt":"2016-08-15T06:32:25","slug":"masaya-tour-pueblo-de-masatepe-4-horas","status":"publish","type":"page","link":"https:\/\/nicaragua-travel-guide.com\/site\/masaya-tour-pueblo-de-masatepe-4-horas\/","title":{"rendered":"Masaya Tour \u00abPueblo de Masatepe\u00bb 4 horas"},"content":{"rendered":"<table border=\"0\" width=\"1013\">\n<tbody>\n<tr>\n<td style=\"background-color: #e9d0f2; height: 27px;\" bgcolor=\"#CCFFFF\" height=\"27\">Tour en Masatepe:<\/td>\n<td rowspan=\"3\" valign=\"top\" width=\"404\"><img loading=\"lazy\" decoding=\"async\" class=\"wp-image-11082 aligncenter\" src=\"http:\/\/nicaragua-travel-guide.com\/site\/wp-content\/uploads\/2016\/07\/masayamasatepestaciondetren.jpg\" alt=\"masayamasatepestaciondetren\" width=\"480\" height=\"322\" srcset=\"https:\/\/nicaragua-travel-guide.com\/site\/wp-content\/uploads\/2016\/07\/masayamasatepestaciondetren.jpg 274w, https:\/\/nicaragua-travel-guide.com\/site\/wp-content\/uploads\/2016\/07\/masayamasatepestaciondetren-180x120.jpg 180w\" sizes=\"(max-width: 480px) 100vw, 480px\" \/><\/td>\n<\/tr>\n<tr>\n<td width=\"599\">Masatepe es otro Pueblo Blanco destacado por la fabricaci\u00f3n y venta de muebles de madera, as\u00ed como la degustaci\u00f3n de la deliciosa y tradicional sopa de Mondongo.<\/p>\n<p>&nbsp;<\/p>\n<p>La sopa es un plato t\u00edpico nicarag\u00fcense, que puede encontrar en varios peque\u00f1os restaurantes en Masatepe.<\/p>\n<p>&nbsp;<\/p>\n<p>Puede leer m\u00e1s acerca de las sopas y de otras comidas t\u00edpicas en nuestro Archivo de Especiales.<\/p>\n<p>&nbsp;<\/p>\n<p>A lo largo de la carretera a Masatepe puede encontrar muchas tiendas peque\u00f1as de muebles. Hay una gran variedad, pero las m\u00e1s populares son posiblemente las sillas mecedoras.<\/td>\n<\/tr>\n<tr>\n<td style=\"background-color: #e9d0f2; height: 25px;\" bgcolor=\"#CCFFFF\" height=\"25\">Por mayor\u00a0informaci\u00f3n\u00a0y reservacion <strong>Contactarnos<\/strong><\/td>\n<\/tr>\n<\/tbody>\n<\/table>\n","protected":false},"excerpt":{"rendered":"<p>Tour en Masatepe: Masatepe es otro Pueblo Blanco destacado por la fabricaci\u00f3n y venta de muebles de madera, as\u00ed como la degustaci\u00f3n de la deliciosa y tradicional sopa de Mondongo. &nbsp; La sopa es un plato t\u00edpico nicarag\u00fcense, que puede encontrar en varios peque\u00f1os restaurantes en Masatepe. &nbsp; Puede leer m\u00e1s acerca de las sopas [&hellip;]<\/p>\n","protected":false},"author":2,"featured_media":0,"parent":0,"menu_order":0,"comment_status":"closed","ping_status":"closed","template":"","meta":{"footnotes":""},"_links":{"self":[{"href":"https:\/\/nicaragua-travel-guide.com\/site\/wp-json\/wp\/v2\/pages\/6250"}],"collection":[{"href":"https:\/\/nicaragua-travel-guide.com\/site\/wp-json\/wp\/v2\/pages"}],"about":[{"href":"https:\/\/nicaragua-travel-guide.com\/site\/wp-json\/wp\/v2\/types\/page"}],"author":[{"embeddable":true,"href":"https:\/\/nicaragua-travel-guide.com\/site\/wp-json\/wp\/v2\/users\/2"}],"replies":[{"embeddable":true,"href":"https:\/\/nicaragua-travel-guide.com\/site\/wp-json\/wp\/v2\/comments?post=6250"}],"version-history":[{"count":3,"href":"https:\/\/nicaragua-travel-guide.com\/site\/wp-json\/wp\/v2\/pages\/6250\/revisions"}],"predecessor-version":[{"id":11083,"href":"https:\/\/nicaragua-travel-guide.com\/site\/wp-json\/wp\/v2\/pages\/6250\/revisions\/11083"}],"wp:attachment":[{"href":"https:\/\/nicaragua-travel-guide.com\/site\/wp-json\/wp\/v2\/media?parent=6250"}],"curies":[{"name":"wp","href":"https:\/\/api.w.org\/{rel}","templated":true}]}}