{"id":6252,"date":"2016-07-08T20:44:37","date_gmt":"2016-07-08T20:44:37","guid":{"rendered":"http:\/\/nicaragua-travel-guide.com\/site\/?page_id=6252"},"modified":"2016-08-13T16:29:35","modified_gmt":"2016-08-13T16:29:35","slug":"masaya-tour-pueblos-de-nindiri-y-tisma-con-museos","status":"publish","type":"page","link":"https:\/\/nicaragua-travel-guide.com\/site\/masaya-tour-pueblos-de-nindiri-y-tisma-con-museos\/","title":{"rendered":"Masaya Tour \u00abPueblos de Nindiri y Tisma con Museos\u00bb"},"content":{"rendered":"<table style=\"width: 954.6666870117188px;\" border=\"0\">\n<tbody>\n<tr style=\"height: 11px;\">\n<td style=\"width: 20px; height: 11px;\" colspan=\"2\" bgcolor=\"#CCCC00\">\u00a0<img loading=\"lazy\" decoding=\"async\" class=\"wp-image-6254 alignnone\" src=\"http:\/\/nicaragua-travel-guide.com\/site\/wp-content\/uploads\/2016\/07\/masayapueblosnindiripetroglifosdecailaguamuseoytisma.jpg\" alt=\"masayapueblosnindiripetroglifosdecailaguamuseoytisma\" width=\"950\" height=\"319\" srcset=\"https:\/\/nicaragua-travel-guide.com\/site\/wp-content\/uploads\/2016\/07\/masayapueblosnindiripetroglifosdecailaguamuseoytisma.jpg 1025w, https:\/\/nicaragua-travel-guide.com\/site\/wp-content\/uploads\/2016\/07\/masayapueblosnindiripetroglifosdecailaguamuseoytisma-600x202.jpg 600w\" sizes=\"(max-width: 950px) 100vw, 950px\" \/><\/td>\n<\/tr>\n<tr style=\"height: 21px;\">\n<td style=\"width: 20px; height: 21px;\" colspan=\"2\" bgcolor=\"#CCCC00\">Pueblo de Nindiri + Museo + Charco de Tisma y alrededores cercanos de la ciudad y \u00a0al Volc\u00e1n Masaya.<\/td>\n<\/tr>\n<tr style=\"height: 88px;\">\n<td style=\"width: 20px; height: 88px;\" colspan=\"2\" valign=\"top\" bgcolor=\"#FFFFFF\">Estos son \u00a0otros destinos en el departamento de Masaya que pueden resultar interesantes.<\/p>\n<p>Entre Managua y Masaya, justo antes de entrar a la ciudad \u00a0podemos encontrar al pueblo llamado Nindir\u00ed, en \u00e9l hay un museo pre-colombino y una iglesia hist\u00f3rica (construida hace unos trescientos a\u00f1os).<\/p>\n<p>En la esquina noreste del departamento est\u00e1 la laguna de Tisma, esta es una reserva natural que alberga humedales, que son un para\u00edso para las aves migratorias. A pesar de que no hay mucha infraestructura tur\u00edstica en los alrededores, puede ser un lugar interesante para visitar.<\/td>\n<\/tr>\n<tr style=\"height: 21px;\">\n<td style=\"width: 20px; height: 21px;\" colspan=\"2\" bgcolor=\"#FFFFFF\">Organizamos tours por horas combinados con otros sitio de inter\u00e9s tur\u00edstico para visitar con nuestro servicio de Gu\u00eda.<\/td>\n<\/tr>\n<tr style=\"height: 21px;\">\n<td style=\"width: 20px; height: 21px;\" colspan=\"2\" bgcolor=\"#CCCC00\"><img loading=\"lazy\" decoding=\"async\" class=\"wp-image-6256 alignleft\" style=\"background-color: #ffffff;\" src=\"http:\/\/nicaragua-travel-guide.com\/site\/wp-content\/uploads\/2016\/07\/masayapueblotismamuseohumedalpesca.jpg\" alt=\"masayapueblotismamuseohumedalpesca\" width=\"968\" height=\"326\" srcset=\"https:\/\/nicaragua-travel-guide.com\/site\/wp-content\/uploads\/2016\/07\/masayapueblotismamuseohumedalpesca.jpg 1025w, https:\/\/nicaragua-travel-guide.com\/site\/wp-content\/uploads\/2016\/07\/masayapueblotismamuseohumedalpesca-600x202.jpg 600w\" sizes=\"(max-width: 968px) 100vw, 968px\" \/><\/td>\n<\/tr>\n<tr style=\"height: 21px;\">\n<td style=\"width: 20px; height: 21px;\" colspan=\"2\" bgcolor=\"#CCCC00\">Por mayor informaci\u00f3n y reservacion Contactarnos<\/td>\n<\/tr>\n<\/tbody>\n<\/table>\n","protected":false},"excerpt":{"rendered":"<p>\u00a0 Pueblo de Nindiri + Museo + Charco de Tisma y alrededores cercanos de la ciudad y \u00a0al Volc\u00e1n Masaya. Estos son \u00a0otros destinos en el departamento de Masaya que pueden resultar interesantes. Entre Managua y Masaya, justo antes de entrar a la ciudad \u00a0podemos encontrar al pueblo llamado Nindir\u00ed, en \u00e9l hay un museo [&hellip;]<\/p>\n","protected":false},"author":2,"featured_media":0,"parent":0,"menu_order":0,"comment_status":"closed","ping_status":"closed","template":"","meta":{"footnotes":""},"_links":{"self":[{"href":"https:\/\/nicaragua-travel-guide.com\/site\/wp-json\/wp\/v2\/pages\/6252"}],"collection":[{"href":"https:\/\/nicaragua-travel-guide.com\/site\/wp-json\/wp\/v2\/pages"}],"about":[{"href":"https:\/\/nicaragua-travel-guide.com\/site\/wp-json\/wp\/v2\/types\/page"}],"author":[{"embeddable":true,"href":"https:\/\/nicaragua-travel-guide.com\/site\/wp-json\/wp\/v2\/users\/2"}],"replies":[{"embeddable":true,"href":"https:\/\/nicaragua-travel-guide.com\/site\/wp-json\/wp\/v2\/comments?post=6252"}],"version-history":[{"count":5,"href":"https:\/\/nicaragua-travel-guide.com\/site\/wp-json\/wp\/v2\/pages\/6252\/revisions"}],"predecessor-version":[{"id":10825,"href":"https:\/\/nicaragua-travel-guide.com\/site\/wp-json\/wp\/v2\/pages\/6252\/revisions\/10825"}],"wp:attachment":[{"href":"https:\/\/nicaragua-travel-guide.com\/site\/wp-json\/wp\/v2\/media?parent=6252"}],"curies":[{"name":"wp","href":"https:\/\/api.w.org\/{rel}","templated":true}]}}