{"id":6261,"date":"2016-07-08T21:15:25","date_gmt":"2016-07-08T21:15:25","guid":{"rendered":"http:\/\/nicaragua-travel-guide.com\/site\/?page_id=6261"},"modified":"2016-08-15T06:40:05","modified_gmt":"2016-08-15T06:40:05","slug":"masaya-visita-guiada-ruta-pueblo-de-niquinohomo-historianaturaleza-y-arte","status":"publish","type":"page","link":"https:\/\/nicaragua-travel-guide.com\/site\/masaya-visita-guiada-ruta-pueblo-de-niquinohomo-historianaturaleza-y-arte\/","title":{"rendered":"Masaya visita guiada ruta \u00abPueblo de Niquinohomo\u00bb historia, museos, naturaleza y arte."},"content":{"rendered":"<table style=\"width: 1008px;\" border=\"0\">\n<tbody>\n<tr style=\"height: 18.2396px;\">\n<td style=\"height: 18.2396px; width: 994px;\" colspan=\"2\" bgcolor=\"#FFCCFF\"><img loading=\"lazy\" decoding=\"async\" class=\"alignnone size-full wp-image-6259\" src=\"http:\/\/nicaragua-travel-guide.com\/site\/wp-content\/uploads\/2016\/07\/masayapueblosnandasmoyniquinohomo.jpg\" alt=\"masayapueblosnandasmoyniquinohomo\" width=\"1025\" height=\"345\" srcset=\"https:\/\/nicaragua-travel-guide.com\/site\/wp-content\/uploads\/2016\/07\/masayapueblosnandasmoyniquinohomo.jpg 1025w, https:\/\/nicaragua-travel-guide.com\/site\/wp-content\/uploads\/2016\/07\/masayapueblosnandasmoyniquinohomo-600x202.jpg 600w\" sizes=\"(max-width: 1025px) 100vw, 1025px\" \/><\/td>\n<\/tr>\n<tr style=\"height: 37px;\">\n<td style=\"height: 37px; width: 790px; background-color: #edc7eb;\" bgcolor=\"#FFCCFF\"><strong>Visita guiada en \u00a0el Pueblo de Niquinohomo:<\/strong><\/td>\n<td style=\"height: 247px; width: 204px;\" rowspan=\"3\"><img loading=\"lazy\" decoding=\"async\" class=\" wp-image-11084 aligncenter\" src=\"http:\/\/nicaragua-travel-guide.com\/site\/wp-content\/uploads\/2016\/07\/masayaniquinhomosandinof.jpg\" alt=\"masayaniquinhomosandinof\" width=\"204\" height=\"265\" \/><\/td>\n<\/tr>\n<tr style=\"height: 185px;\">\n<td style=\"height: 185px; width: 790px;\" bgcolor=\"#FFFFFF\">La ciudad de Niquinohomo est\u00e1 a unos cuantos kil\u00f3metros de San Juan de Oriente. Esta ciudad fue declarada en el a\u00f1o 2000 Patrimonio de la Naci\u00f3n y alberga una iglesia construida en el siglo XVII. Esta ciudad fue la cuna del h\u00e9roe nacional Augusto C. Sandino, quien en una actitud patri\u00f3tica desafi\u00f3 y combati\u00f3 a tropas estadounidenses de intervenci\u00f3n en la primera mitad del siglo pasado, hasta que estas fueron retiradas del pa\u00eds.<\/p>\n<p>No hay muchos atractivos en la ciudad, pero hay un peque\u00f1o y acogedor parque que es un lindo lugar para relajarse y ver la vieja iglesia. Cerca del parque puede encontrar el museo Augusto C Sandino<\/td>\n<\/tr>\n<tr style=\"height: 25px;\">\n<td style=\"height: 25px; width: 790px; background-color: #edc7eb;\" bgcolor=\"#FFCCFF\">Por mayor\u00a0informaci\u00f3n\u00a0y reservacion <strong>Contactarnos<\/strong><\/td>\n<\/tr>\n<\/tbody>\n<\/table>\n","protected":false},"excerpt":{"rendered":"<p>Visita guiada en \u00a0el Pueblo de Niquinohomo: La ciudad de Niquinohomo est\u00e1 a unos cuantos kil\u00f3metros de San Juan de Oriente. Esta ciudad fue declarada en el a\u00f1o 2000 Patrimonio de la Naci\u00f3n y alberga una iglesia construida en el siglo XVII. Esta ciudad fue la cuna del h\u00e9roe nacional Augusto C. Sandino, quien en [&hellip;]<\/p>\n","protected":false},"author":2,"featured_media":0,"parent":0,"menu_order":0,"comment_status":"closed","ping_status":"closed","template":"","meta":{"footnotes":""},"_links":{"self":[{"href":"https:\/\/nicaragua-travel-guide.com\/site\/wp-json\/wp\/v2\/pages\/6261"}],"collection":[{"href":"https:\/\/nicaragua-travel-guide.com\/site\/wp-json\/wp\/v2\/pages"}],"about":[{"href":"https:\/\/nicaragua-travel-guide.com\/site\/wp-json\/wp\/v2\/types\/page"}],"author":[{"embeddable":true,"href":"https:\/\/nicaragua-travel-guide.com\/site\/wp-json\/wp\/v2\/users\/2"}],"replies":[{"embeddable":true,"href":"https:\/\/nicaragua-travel-guide.com\/site\/wp-json\/wp\/v2\/comments?post=6261"}],"version-history":[{"count":6,"href":"https:\/\/nicaragua-travel-guide.com\/site\/wp-json\/wp\/v2\/pages\/6261\/revisions"}],"predecessor-version":[{"id":11088,"href":"https:\/\/nicaragua-travel-guide.com\/site\/wp-json\/wp\/v2\/pages\/6261\/revisions\/11088"}],"wp:attachment":[{"href":"https:\/\/nicaragua-travel-guide.com\/site\/wp-json\/wp\/v2\/media?parent=6261"}],"curies":[{"name":"wp","href":"https:\/\/api.w.org\/{rel}","templated":true}]}}