{"id":6265,"date":"2016-07-08T21:23:42","date_gmt":"2016-07-08T21:23:42","guid":{"rendered":"http:\/\/nicaragua-travel-guide.com\/site\/?page_id=6265"},"modified":"2016-08-15T06:46:38","modified_gmt":"2016-08-15T06:46:38","slug":"masaya-visita-guiada-ruta-pueblo-de-san-juan-de-oriente-ceramicas-y-artesanias","status":"publish","type":"page","link":"https:\/\/nicaragua-travel-guide.com\/site\/masaya-visita-guiada-ruta-pueblo-de-san-juan-de-oriente-ceramicas-y-artesanias\/","title":{"rendered":"Masaya visita guiada ruta \u00abPueblo de San Juan de Oriente\u00bb cer\u00e1micas y artesanias"},"content":{"rendered":"<table style=\"width: 879px;\" border=\"0\">\n<tbody>\n<tr>\n<td style=\"width: 873px;\" colspan=\"2\" bgcolor=\"#CC9900\" height=\"25\"><img loading=\"lazy\" decoding=\"async\" class=\"wp-image-6266 aligncenter\" src=\"http:\/\/nicaragua-travel-guide.com\/site\/wp-content\/uploads\/2016\/07\/masayapueblosanjuandeorienteycatarina.jpg\" alt=\"masayapueblosanjuandeorienteycatarina\" width=\"893\" height=\"300\" srcset=\"https:\/\/nicaragua-travel-guide.com\/site\/wp-content\/uploads\/2016\/07\/masayapueblosanjuandeorienteycatarina.jpg 1025w, https:\/\/nicaragua-travel-guide.com\/site\/wp-content\/uploads\/2016\/07\/masayapueblosanjuandeorienteycatarina-600x202.jpg 600w\" sizes=\"(max-width: 893px) 100vw, 893px\" \/><\/td>\n<\/tr>\n<tr>\n<td style=\"width: 615px;\" bgcolor=\"#CC9900\" height=\"25\">Tour a San Juan de Oriente:<\/td>\n<td style=\"width: 258px;\" rowspan=\"2\" valign=\"top\" bgcolor=\"#FFFFFF\">\n<table style=\"height: 324px; width: 307px;\" border=\"0\">\n<tbody>\n<tr>\n<td style=\"width: 301px;\" height=\"107\"><img loading=\"lazy\" decoding=\"async\" class=\" wp-image-10852 aligncenter\" src=\"http:\/\/nicaragua-travel-guide.com\/site\/wp-content\/uploads\/2016\/07\/ceramicadebarrosanjuandeoriente.jpg\" alt=\"ceramicadebarrosanjuandeoriente\" width=\"291\" height=\"217\" \/><\/td>\n<\/tr>\n<tr>\n<td style=\"width: 301px; text-align: center;\" height=\"86\"><img loading=\"lazy\" decoding=\"async\" class=\"alignnone  wp-image-11091\" src=\"http:\/\/nicaragua-travel-guide.com\/site\/wp-content\/uploads\/2016\/07\/ceramicatripode.jpg\" alt=\"ceramicatripode\" width=\"294\" height=\"195\" srcset=\"https:\/\/nicaragua-travel-guide.com\/site\/wp-content\/uploads\/2016\/07\/ceramicatripode.jpg 275w, https:\/\/nicaragua-travel-guide.com\/site\/wp-content\/uploads\/2016\/07\/ceramicatripode-180x120.jpg 180w\" sizes=\"(max-width: 294px) 100vw, 294px\" \/><\/td>\n<\/tr>\n<\/tbody>\n<\/table>\n<\/td>\n<\/tr>\n<tr>\n<td style=\"width: 615px;\" bgcolor=\"#FFFFFF\" height=\"228\">San Juan de Oriente es un peque\u00f1o poblado habitado por aproximadamente 6,000 personas, localizado a un kil\u00f3metro de Catarina.<\/p>\n<p>&nbsp;<\/p>\n<p>A pesar de su peque\u00f1o tama\u00f1o, el pueblo es un importante productor de artesan\u00edas en barro nicarag\u00fcenses. Muchas de las personas se especializan en crean una gran variedad de bellas vasijas.<\/p>\n<p>Peque\u00f1os talleres familiares venden sus productos en las orillas de las carreteras. Si entra al pueblo, puede encontrar m\u00e1s tiendas y tambi\u00e9n talleres de producci\u00f3n, algunas veces localizados detr\u00e1s del la tiendita.<\/p>\n<p>&nbsp;<\/p>\n<p>En estos talleres se puede apreciar el trabajo de los artesanos, moldeando y pintando el barro creativamente.<\/p>\n<p>&nbsp;<\/p>\n<p>El proceso de producci\u00f3n es bastante interesante, pero no todos los productores permiten el paso de visitantes, aunque muchos estar\u00e1n complacidos en mostrarles el proceso.<\/td>\n<\/tr>\n<tr>\n<td style=\"width: 873px;\" colspan=\"2\" bgcolor=\"#CC9900\" height=\"25\">Por mayor\u00a0informaci\u00f3n\u00a0y reservacion <strong>Contactarnos<\/strong><\/td>\n<\/tr>\n<\/tbody>\n<\/table>\n","protected":false},"excerpt":{"rendered":"<p>Tour a San Juan de Oriente: San Juan de Oriente es un peque\u00f1o poblado habitado por aproximadamente 6,000 personas, localizado a un kil\u00f3metro de Catarina. &nbsp; A pesar de su peque\u00f1o tama\u00f1o, el pueblo es un importante productor de artesan\u00edas en barro nicarag\u00fcenses. Muchas de las personas se especializan en crean una gran variedad de [&hellip;]<\/p>\n","protected":false},"author":2,"featured_media":0,"parent":0,"menu_order":0,"comment_status":"closed","ping_status":"closed","template":"","meta":{"footnotes":""},"_links":{"self":[{"href":"https:\/\/nicaragua-travel-guide.com\/site\/wp-json\/wp\/v2\/pages\/6265"}],"collection":[{"href":"https:\/\/nicaragua-travel-guide.com\/site\/wp-json\/wp\/v2\/pages"}],"about":[{"href":"https:\/\/nicaragua-travel-guide.com\/site\/wp-json\/wp\/v2\/types\/page"}],"author":[{"embeddable":true,"href":"https:\/\/nicaragua-travel-guide.com\/site\/wp-json\/wp\/v2\/users\/2"}],"replies":[{"embeddable":true,"href":"https:\/\/nicaragua-travel-guide.com\/site\/wp-json\/wp\/v2\/comments?post=6265"}],"version-history":[{"count":3,"href":"https:\/\/nicaragua-travel-guide.com\/site\/wp-json\/wp\/v2\/pages\/6265\/revisions"}],"predecessor-version":[{"id":11092,"href":"https:\/\/nicaragua-travel-guide.com\/site\/wp-json\/wp\/v2\/pages\/6265\/revisions\/11092"}],"wp:attachment":[{"href":"https:\/\/nicaragua-travel-guide.com\/site\/wp-json\/wp\/v2\/media?parent=6265"}],"curies":[{"name":"wp","href":"https:\/\/api.w.org\/{rel}","templated":true}]}}