{"id":6272,"date":"2016-07-08T22:23:57","date_gmt":"2016-07-08T22:23:57","guid":{"rendered":"http:\/\/nicaragua-travel-guide.com\/site\/?page_id=6272"},"modified":"2016-08-15T06:26:58","modified_gmt":"2016-08-15T06:26:58","slug":"masaya-visita-guiada-ruta-de-los-pueblos-blancos-y-el-volcan-a-su-eleccion","status":"publish","type":"page","link":"https:\/\/nicaragua-travel-guide.com\/site\/masaya-visita-guiada-ruta-de-los-pueblos-blancos-y-el-volcan-a-su-eleccion\/","title":{"rendered":"Masaya visita guiada \u00abRuta de los Pueblos Blancos y el Volcan\u00bb a su eleccion"},"content":{"rendered":"<table style=\"width: 900.4083862304688px;\" border=\"0\">\n<tbody>\n<tr style=\"height: 25px;\">\n<td style=\"height: 25px; width: 887.4083862304688px;\" colspan=\"2\"><img loading=\"lazy\" decoding=\"async\" class=\"alignnone size-full wp-image-6274\" src=\"http:\/\/nicaragua-travel-guide.com\/site\/wp-content\/uploads\/2016\/07\/volcanmasayavisitalldaytourguide.jpg\" alt=\"volcanmasayavisitalldaytourguide\" width=\"1025\" height=\"345\" srcset=\"https:\/\/nicaragua-travel-guide.com\/site\/wp-content\/uploads\/2016\/07\/volcanmasayavisitalldaytourguide.jpg 1025w, https:\/\/nicaragua-travel-guide.com\/site\/wp-content\/uploads\/2016\/07\/volcanmasayavisitalldaytourguide-600x202.jpg 600w\" sizes=\"(max-width: 1025px) 100vw, 1025px\" \/><\/td>\n<\/tr>\n<tr style=\"height: 24px;\">\n<td style=\"height: 24px; width: 887.4083862304688px; background-color: #f2e5ac;\" colspan=\"2\" bgcolor=\"#FFFFFF\">Los Pueblos Blancos por horas..<\/td>\n<\/tr>\n<tr style=\"height: 24px;\">\n<td style=\"height: 24px; width: 887.4083862304688px;\" colspan=\"2\" bgcolor=\"#FFFFFF\">A pocos minutos de Masaya Estos poblados y sus atractivos principales son descritos a continuaci\u00f3n.<\/td>\n<\/tr>\n<tr style=\"height: 72px;\">\n<td style=\"height: 72px; width: 887.4083862304688px;\" colspan=\"2\" valign=\"top\" bgcolor=\"#FFFFFF\">Llamados pueblos blancos por que las casitas de adobe, estilo colonial han sido pintadas en blancos la\u00a0mayor\u00eda\u00a0de las casitas son peque\u00f1as con techos bajos, podemos ver casitas muy viejas de estilo colonial que vale la pena tomarles fotos antes que desaparezcan por su ruina tambien podemos ver otros estilos de casa modernas y la gente con sus expresiones y actividades diarias.<\/td>\n<\/tr>\n<tr style=\"height: 15px;\">\n<td style=\"height: 15px; width: 887.4083862304688px;\" colspan=\"2\" bgcolor=\"#FFFFFF\"><img loading=\"lazy\" decoding=\"async\" class=\"alignnone size-full wp-image-6266\" src=\"http:\/\/nicaragua-travel-guide.com\/site\/wp-content\/uploads\/2016\/07\/masayapueblosanjuandeorienteycatarina.jpg\" alt=\"masayapueblosanjuandeorienteycatarina\" width=\"1025\" height=\"345\" srcset=\"https:\/\/nicaragua-travel-guide.com\/site\/wp-content\/uploads\/2016\/07\/masayapueblosanjuandeorienteycatarina.jpg 1025w, https:\/\/nicaragua-travel-guide.com\/site\/wp-content\/uploads\/2016\/07\/masayapueblosanjuandeorienteycatarina-600x202.jpg 600w\" sizes=\"(max-width: 1025px) 100vw, 1025px\" \/><\/td>\n<\/tr>\n<tr style=\"height: 48px;\">\n<td style=\"height: 48px; width: 312px;\" bgcolor=\"#FFFFFF\">San Juan de Oriente<\/td>\n<td style=\"height: 48px; width: 575.4083862304688px;\" valign=\"top\" bgcolor=\"#FFFFFF\">La calle principal de San Juan de Oriente es uno de los\u00a0principales atractivos\u00a0donde\u00a0podemos\u00a0comprar caramica de barro como platos, jarros, adornos de pared decorativo y objetos utilitarios,<\/td>\n<\/tr>\n<tr style=\"height: 216px;\">\n<td style=\"height: 216px; width: 312px;\" valign=\"top\" bgcolor=\"#FFFFFF\">&nbsp;<\/p>\n<p>&nbsp;<\/p>\n<p>&nbsp;<\/p>\n<p>Catarina<\/td>\n<td style=\"height: 216px; width: 575.4083862304688px;\" valign=\"top\" bgcolor=\"#FFFFFF\">Catarina \u2013 Una ciudad jard\u00edn, un lindo mirador:<\/p>\n<p><span style=\"font-family: inherit; font-size: inherit; line-height: 1.5;\">Uno de los principales destinos es Catarina, donde m\u00faltiples viveros ofrecen preciosas y variadas plantas ornamentales; a\u00fan personas que viven en otros departamentos van a Catarina a comprar plantas. Se pueden apreciar todas estas plantas en tienditas ubicadas a orillas de la carretera y cerca de la iglesia. Esto no s\u00f3lo les da la oportunidad a los visitantes de comprar las plantas, sino que tambi\u00e9n da a Catarina una imagen colorida y floreciente.<\/span><\/p>\n<p>Catarina no s\u00f3lo es visitada por sus plantas, su mayor atractivo es el mirador (Mirador de Catarina), que ofrece una linda vista de la Laguna de Apoyo. Tambi\u00e9n puede apreciar a la ciudad de Granada, al Lago de Nicaragua y al impresionante Volc\u00e1n Mombacho. Este mirador no s\u00f3lo es popular entre los turistas extranjeros, si no tambi\u00e9n entre los nicarag\u00fcenses que vienen a pasara su fin de semana aqu\u00ed para charlar, relajarse y para disfrutar de la preciosa vista. Para leer m\u00e1s acerca de Catarina, vaya a nuestra Gu\u00eda de Actividades.<\/td>\n<\/tr>\n<tr style=\"height: 27px;\">\n<td style=\"height: 27px; width: 887.4083862304688px;\" colspan=\"2\" bgcolor=\"#FFFFFF\"><img loading=\"lazy\" decoding=\"async\" class=\"alignnone size-full wp-image-6277\" src=\"http:\/\/nicaragua-travel-guide.com\/site\/wp-content\/uploads\/2016\/07\/masayapueblosnindiriymasatepe.jpg\" alt=\"masayapueblosnindiriymasatepe\" width=\"1025\" height=\"345\" srcset=\"https:\/\/nicaragua-travel-guide.com\/site\/wp-content\/uploads\/2016\/07\/masayapueblosnindiriymasatepe.jpg 1025w, https:\/\/nicaragua-travel-guide.com\/site\/wp-content\/uploads\/2016\/07\/masayapueblosnindiriymasatepe-600x202.jpg 600w\" sizes=\"(max-width: 1025px) 100vw, 1025px\" \/><\/td>\n<\/tr>\n<tr style=\"height: 32px;\">\n<td style=\"height: 32px; width: 312px;\" bgcolor=\"#FFFFFF\">Nindir\u00ed<\/td>\n<td style=\"height: 32px; width: 575.4083862304688px;\" valign=\"top\" bgcolor=\"#FFFFFF\">Nindiri y otros pueblos opcionales:<\/p>\n<p>Adem\u00e1s de los destinos anteriormente descritos, hay algunos otros en el departamento de Masaya que le pueden resultar interesantes.<\/p>\n<p>Entre Managua y Masaya, justo antes de entrar a la ciudad de Masaya puede encontrar al pueblo llamado Nindir\u00ed. En \u00e9l hay un museo pre-colombino y una iglesia hist\u00f3rica (construida hace unos trescientos a\u00f1os).<\/p>\n<p>En la esquina noreste del departamento est\u00e1 la Laguna de Tisma. Esta es una reserva natural que alberga humedales, que son un para\u00edso para las aves migratorias. A pesar de que no hay mucha infraestructura tur\u00edstica en los alrededores, puede ser un lugar interesante para visitar.<\/p>\n<p>Otros pueblos en el departamento son Nandasmo y La Concepci\u00f3n, ambos localizados al sur. Producciones a menor escala se pueden encontrar en un ambiente tranquilo en estos pueblos.<\/td>\n<\/tr>\n<tr style=\"height: 192px;\">\n<td style=\"height: 192px; width: 312px;\" bgcolor=\"#FFFFFF\">Masatepe<\/td>\n<td style=\"height: 192px; width: 575.4083862304688px;\" valign=\"top\" bgcolor=\"#FFFFFF\">Masatepe es otro Pueblo Blanco destacado por la fabricaci\u00f3n y venta de muebles de madera, as\u00ed como la degustaci\u00f3n de la deliciosa y tradicional sopa de Mondongo. La sopa es un plato t\u00edpico nicarag\u00fcense, que puede encontrar en varios peque\u00f1os restaurantes en Masatepe. Puede leer m\u00e1s acerca de las sopas y de otras comidas t\u00edpicas en nuestro Archivo de Especiales.<\/p>\n<p>A lo largo de la carretera a Masatepe puede encontrar muchas tiendas peque\u00f1as de muebles. Hay una gran variedad, pero las m\u00e1s populares son posiblemente las sillas mecedoras.<\/td>\n<\/tr>\n<tr style=\"height: 11px;\">\n<td style=\"height: 11px; width: 887.4083862304688px;\" colspan=\"2\" bgcolor=\"#FFFFFF\"><img loading=\"lazy\" decoding=\"async\" class=\"alignnone size-full wp-image-6259\" src=\"http:\/\/nicaragua-travel-guide.com\/site\/wp-content\/uploads\/2016\/07\/masayapueblosnandasmoyniquinohomo.jpg\" alt=\"masayapueblosnandasmoyniquinohomo\" width=\"1025\" height=\"345\" srcset=\"https:\/\/nicaragua-travel-guide.com\/site\/wp-content\/uploads\/2016\/07\/masayapueblosnandasmoyniquinohomo.jpg 1025w, https:\/\/nicaragua-travel-guide.com\/site\/wp-content\/uploads\/2016\/07\/masayapueblosnandasmoyniquinohomo-600x202.jpg 600w\" sizes=\"(max-width: 1025px) 100vw, 1025px\" \/><\/td>\n<\/tr>\n<tr style=\"height: 11px;\">\n<td style=\"height: 11px; width: 312px;\" bgcolor=\"#FFFFFF\">Nandasmo<\/td>\n<td style=\"height: 11px; width: 575.4083862304688px;\" valign=\"top\" bgcolor=\"#FFFFFF\">Es un peque\u00f1o pueblo donde la mayoria de sus pobladores son artesanos que elaboran objetos utilitarios y decorativos de madera como servilleteros, adornos de pared pintados con paisajes.<\/td>\n<\/tr>\n<tr style=\"height: 11px;\">\n<td style=\"height: 11px; width: 312px;\" bgcolor=\"#FFFFFF\">Niquinhomo<\/td>\n<td style=\"height: 11px; width: 575.4083862304688px;\" valign=\"top\" bgcolor=\"#FFFFFF\">La ciudad de Niquinohomo est\u00e1 a unos cuantos kil\u00f3metros de San Juan de Oriente. Esta ciudad fue declarada en el a\u00f1o 2000 Patrimonio de la Naci\u00f3n y alberga una iglesia construida en el siglo XVII. Esta ciudad fue la cuna del h\u00e9roe nacional Augusto C. Sandino, quien en una actitud patri\u00f3tica desafi\u00f3 y combati\u00f3 a tropas estadounidenses de intervenci\u00f3n en la primera mitad del siglo pasado, hasta que estas fueron retiradas del pa\u00eds.<\/p>\n<p>No hay muchos atractivos en la ciudad, pero hay un peque\u00f1o y acogedor parque que es un lindo lugar para relajarse y ver la vieja iglesia. Cerca del parque puede encontrar el museo Augusto C Sandino<\/td>\n<\/tr>\n<tr style=\"height: 6px;\">\n<td style=\"height: 6px; width: 887.4083862304688px;\" colspan=\"2\" bgcolor=\"#FFFFFF\"><img loading=\"lazy\" decoding=\"async\" class=\"alignnone size-full wp-image-10815\" src=\"http:\/\/nicaragua-travel-guide.com\/site\/wp-content\/uploads\/2016\/07\/masayapueblotismamuseohumedalpesca-1.jpg\" alt=\"masayapueblotismamuseohumedalpesca\" width=\"1025\" height=\"345\" srcset=\"https:\/\/nicaragua-travel-guide.com\/site\/wp-content\/uploads\/2016\/07\/masayapueblotismamuseohumedalpesca-1.jpg 1025w, https:\/\/nicaragua-travel-guide.com\/site\/wp-content\/uploads\/2016\/07\/masayapueblotismamuseohumedalpesca-1-600x202.jpg 600w\" sizes=\"(max-width: 1025px) 100vw, 1025px\" \/><\/td>\n<\/tr>\n<tr style=\"height: 18px;\">\n<td style=\"height: 18px; width: 312px;\" bgcolor=\"#FFFFFF\"><\/td>\n<td style=\"height: 18px; width: 575.4083862304688px;\" valign=\"top\" bgcolor=\"#FFFFFF\"><\/td>\n<\/tr>\n<tr style=\"height: 24px;\">\n<td style=\"height: 24px; width: 887.4083862304688px;\" colspan=\"2\" bgcolor=\"#FFFFFF\"><img loading=\"lazy\" decoding=\"async\" class=\"alignnone size-full wp-image-6241\" src=\"http:\/\/nicaragua-travel-guide.com\/site\/wp-content\/uploads\/2016\/07\/guiadecomprasnicaragua.jpg\" alt=\"guiadecomprasnicaragua\" width=\"1025\" height=\"345\" srcset=\"https:\/\/nicaragua-travel-guide.com\/site\/wp-content\/uploads\/2016\/07\/guiadecomprasnicaragua.jpg 1025w, https:\/\/nicaragua-travel-guide.com\/site\/wp-content\/uploads\/2016\/07\/guiadecomprasnicaragua-600x202.jpg 600w\" sizes=\"(max-width: 1025px) 100vw, 1025px\" \/><\/td>\n<\/tr>\n<tr style=\"height: 24px;\">\n<td style=\"height: 24px; width: 312px;\" bgcolor=\"#FFFFFF\">Otros tours en la Region<\/td>\n<td style=\"height: 24px; width: 575.4083862304688px;\" rowspan=\"6\" valign=\"top\" bgcolor=\"#FFFFFF\"><\/td>\n<\/tr>\n<tr style=\"height: 24px;\">\n<td style=\"height: 24px; width: 312px;\" bgcolor=\"#FFFFFF\">Montar Caballo en Catarina<\/td>\n<\/tr>\n<tr style=\"height: 24px;\">\n<td style=\"height: 24px; width: 312px;\" bgcolor=\"#FFFFFF\">Laguna de Apoyo para nadar<\/td>\n<\/tr>\n<tr style=\"height: 24px;\">\n<td style=\"height: 24px; width: 312px;\" bgcolor=\"#FFFFFF\">Alojamiento<\/td>\n<\/tr>\n<tr style=\"height: 24px;\">\n<td style=\"height: 24px; width: 312px;\" bgcolor=\"#FFFFFF\">Kayaking<\/td>\n<\/tr>\n<tr style=\"height: 24px;\">\n<td style=\"height: 24px; width: 312px;\" bgcolor=\"#FFFFFF\">Tour parapente Sabado y Domingo<\/td>\n<\/tr>\n<tr style=\"height: 25px;\">\n<td style=\"height: 25px; width: 887.4083862304688px;\" colspan=\"2\" bgcolor=\"#FFFFFF\"><img loading=\"lazy\" decoding=\"async\" class=\"alignnone size-full wp-image-5065\" src=\"http:\/\/nicaragua-travel-guide.com\/site\/wp-content\/uploads\/2016\/06\/headermasaya.jpg\" alt=\"headermasaya\" width=\"1024\" height=\"232\" srcset=\"https:\/\/nicaragua-travel-guide.com\/site\/wp-content\/uploads\/2016\/06\/headermasaya.jpg 1024w, https:\/\/nicaragua-travel-guide.com\/site\/wp-content\/uploads\/2016\/06\/headermasaya-600x136.jpg 600w\" sizes=\"(max-width: 1024px) 100vw, 1024px\" \/><\/td>\n<\/tr>\n<tr style=\"height: 25px;\">\n<td style=\"height: 25px; width: 887.4083862304688px;\" colspan=\"2\" bgcolor=\"#FFFFFF\">Dise\u00f1amos a su\u00a0elecci\u00f3n\u00a0por horas para combinar para desplazarnos a otros sitios de\u00a0inter\u00e9s\u00a0tur\u00edstico\u00a0por el resto del tiempo disponible.<\/td>\n<\/tr>\n<tr style=\"height: 25px;\">\n<td style=\"height: 25px; width: 887.4083862304688px;\" colspan=\"2\" bgcolor=\"#FFFFFF\">Por mayor informacion y reservacion <strong>Contactarnos<\/strong><\/td>\n<\/tr>\n<\/tbody>\n<\/table>\n","protected":false},"excerpt":{"rendered":"<p>Los Pueblos Blancos por horas.. A pocos minutos de Masaya Estos poblados y sus atractivos principales son descritos a continuaci\u00f3n. Llamados pueblos blancos por que las casitas de adobe, estilo colonial han sido pintadas en blancos la\u00a0mayor\u00eda\u00a0de las casitas son peque\u00f1as con techos bajos, podemos ver casitas muy viejas de estilo colonial que vale la [&hellip;]<\/p>\n","protected":false},"author":2,"featured_media":0,"parent":0,"menu_order":0,"comment_status":"closed","ping_status":"closed","template":"","meta":{"footnotes":""},"_links":{"self":[{"href":"https:\/\/nicaragua-travel-guide.com\/site\/wp-json\/wp\/v2\/pages\/6272"}],"collection":[{"href":"https:\/\/nicaragua-travel-guide.com\/site\/wp-json\/wp\/v2\/pages"}],"about":[{"href":"https:\/\/nicaragua-travel-guide.com\/site\/wp-json\/wp\/v2\/types\/page"}],"author":[{"embeddable":true,"href":"https:\/\/nicaragua-travel-guide.com\/site\/wp-json\/wp\/v2\/users\/2"}],"replies":[{"embeddable":true,"href":"https:\/\/nicaragua-travel-guide.com\/site\/wp-json\/wp\/v2\/comments?post=6272"}],"version-history":[{"count":5,"href":"https:\/\/nicaragua-travel-guide.com\/site\/wp-json\/wp\/v2\/pages\/6272\/revisions"}],"predecessor-version":[{"id":11080,"href":"https:\/\/nicaragua-travel-guide.com\/site\/wp-json\/wp\/v2\/pages\/6272\/revisions\/11080"}],"wp:attachment":[{"href":"https:\/\/nicaragua-travel-guide.com\/site\/wp-json\/wp\/v2\/media?parent=6272"}],"curies":[{"name":"wp","href":"https:\/\/api.w.org\/{rel}","templated":true}]}}