{"id":6288,"date":"2016-07-09T16:15:52","date_gmt":"2016-07-09T16:15:52","guid":{"rendered":"http:\/\/nicaragua-travel-guide.com\/site\/?page_id=6288"},"modified":"2016-08-21T18:45:56","modified_gmt":"2016-08-21T18:45:56","slug":"managua-tour-en-la-capital-todo-el-dia","status":"publish","type":"page","link":"https:\/\/nicaragua-travel-guide.com\/site\/managua-tour-en-la-capital-todo-el-dia\/","title":{"rendered":"Managua Tour  \u00a8en la capital todo el d\u00eda\u00a8"},"content":{"rendered":"<table style=\"height: 159px; width: 893px;\">\n<tbody>\n<tr style=\"height: 16px;\">\n<td style=\"width: 1284px; height: 16px; background-color: #96d975;\" colspan=\"2\"><strong>Tour de Managua Capital de Nicaragua \u00a0 \u00a0 \u00a8Todo el d\u00eda\u00bb<\/strong><\/td>\n<\/tr>\n<tr style=\"height: 82px;\">\n<td style=\"width: 875.6666870117188px; height: 82px; background-color: #dff2e0;\">Llegaremos al centro hist\u00f3rico de la capital de Nicaragua<\/p>\n<ul>\n<li>Visitaremos la Catedral Metropolitana<\/li>\n<li>vista panor\u00e1mica de las lagunas de Tiscapa y Nejapa<\/li>\n<li>\n<ul>\n<li>Historia de\u00a0 la antigua casa Presidencial<\/li>\n<li>Opci\u00f3n de Canopy por 15 minutos 3 plataformas y dos cables.<\/li>\n<li>El parque central, Monumento a Rub\u00e9n Dar\u00edo interpretaci\u00f3n del poema cantos de esperanza<\/li>\n<li>El templete de la m\u00fasica interpretaci\u00f3n de los altos relieves<\/li>\n<li>Museo en el \u00a0Palacio Nacional\u00a0 ver colecci\u00f3n de restos f\u00f3siles, \u00eddolos precolombinos, \u00a0y otros salones<\/li>\n<li>con cer\u00e1mica precolombina y \u00a0artesan\u00eda\u00a0 exhibici\u00f3n de \u00a0la cultura del ma\u00edz y del folclore nacional.<\/li>\n<li>Museo Huellas de Acahualinca<\/li>\n<li>Malec\u00f3n del puerto salvador Allende<\/li>\n<li>Podemos visitar\u00a0 centro comercial\u00a0 para almorzar en el food court sugerencia.<\/li>\n<li>Mercado para hacer compras.<\/li>\n<li>Aguas termales orillas del rio Tipitapa<\/li>\n<\/ul>\n<\/li>\n<\/ul>\n<p>Hacer la ruta pasando por la carretera \u00a0norte y carretera sur \u00a0extremos de la ciudad veremos las rotondas en su trayecto con esculturas monumentales pasando por la vista panor\u00e1mica de dos lagunas Tiscapa y Nejapa<\/td>\n<td style=\"width: 408.33331298828125px; height: 82px; background-color: #dff2e0;\"><img loading=\"lazy\" decoding=\"async\" class=\"wp-image-11830 aligncenter\" style=\"font-family: inherit; font-size: inherit; line-height: 1.5;\" src=\"http:\/\/nicaragua-travel-guide.com\/site\/wp-content\/uploads\/2016\/07\/managuatourtodoeldia.jpg\" alt=\"managuatourtodoeldia\" width=\"236\" height=\"556\" \/><\/td>\n<\/tr>\n<tr style=\"height: 25px;\">\n<td style=\"width: 1284px; height: 25px; background-color: #95cc8f;\" colspan=\"2\">Por mayor Informaci\u00f3n y reservaci\u00f3n <strong>Contactarnos<\/strong><\/td>\n<\/tr>\n<\/tbody>\n<\/table>\n","protected":false},"excerpt":{"rendered":"<p>Tour de Managua Capital de Nicaragua \u00a0 \u00a0 \u00a8Todo el d\u00eda\u00bb Llegaremos al centro hist\u00f3rico de la capital de Nicaragua Visitaremos la Catedral Metropolitana vista panor\u00e1mica de las lagunas de Tiscapa y Nejapa Historia de\u00a0 la antigua casa Presidencial Opci\u00f3n de Canopy por 15 minutos 3 plataformas y dos cables. El parque central, Monumento a [&hellip;]<\/p>\n","protected":false},"author":2,"featured_media":0,"parent":0,"menu_order":0,"comment_status":"closed","ping_status":"closed","template":"","meta":{"footnotes":""},"_links":{"self":[{"href":"https:\/\/nicaragua-travel-guide.com\/site\/wp-json\/wp\/v2\/pages\/6288"}],"collection":[{"href":"https:\/\/nicaragua-travel-guide.com\/site\/wp-json\/wp\/v2\/pages"}],"about":[{"href":"https:\/\/nicaragua-travel-guide.com\/site\/wp-json\/wp\/v2\/types\/page"}],"author":[{"embeddable":true,"href":"https:\/\/nicaragua-travel-guide.com\/site\/wp-json\/wp\/v2\/users\/2"}],"replies":[{"embeddable":true,"href":"https:\/\/nicaragua-travel-guide.com\/site\/wp-json\/wp\/v2\/comments?post=6288"}],"version-history":[{"count":6,"href":"https:\/\/nicaragua-travel-guide.com\/site\/wp-json\/wp\/v2\/pages\/6288\/revisions"}],"predecessor-version":[{"id":11834,"href":"https:\/\/nicaragua-travel-guide.com\/site\/wp-json\/wp\/v2\/pages\/6288\/revisions\/11834"}],"wp:attachment":[{"href":"https:\/\/nicaragua-travel-guide.com\/site\/wp-json\/wp\/v2\/media?parent=6288"}],"curies":[{"name":"wp","href":"https:\/\/api.w.org\/{rel}","templated":true}]}}