{"id":6294,"date":"2016-07-09T16:35:43","date_gmt":"2016-07-09T16:35:43","guid":{"rendered":"http:\/\/nicaragua-travel-guide.com\/site\/?page_id=6294"},"modified":"2016-07-09T16:35:43","modified_gmt":"2016-07-09T16:35:43","slug":"managua-visita-guiada-biblioteca-dr-roberto-incer-barquero","status":"publish","type":"page","link":"https:\/\/nicaragua-travel-guide.com\/site\/managua-visita-guiada-biblioteca-dr-roberto-incer-barquero\/","title":{"rendered":"Managua visita guiada \u00abBiblioteca Dr. Roberto Incer Barquero\u00bb"},"content":{"rendered":"<table border=\"0\" width=\"1016\">\n<tbody>\n<tr>\n<td bgcolor=\"#FFFFFF\" height=\"37\"><img loading=\"lazy\" decoding=\"async\" src=\"http:\/\/www.nicaragua-travel-guide.com\/imangenestres\/bibmanagua.JPG\" width=\"1013\" height=\"323\" \/><\/td>\n<\/tr>\n<tr>\n<td bgcolor=\"#009933\">Visitar la Biblioteca Dr. Roberto Incer Barquero<\/td>\n<\/tr>\n<tr>\n<td bgcolor=\"#FFFFFF\" width=\"1010\">\n<h4>Descripci\u00f3n:<\/h4>\n<p>La Bliblioteca Roberto Incer Barquero est\u00e1 ubicada en el km 7 de la carretera Sur en Managua, pertenece al Banco Central de Nicaragua y est\u00e1 destinada a promover la Cultura en Nicaragua.<\/p>\n<p>Esta Biblioteca tiene 67,000 ejemplares de libros, Internet gratuito, una Hemeroteca para prestamos de revistas y peri\u00f3dicos y toda la informaci\u00f3n econ\u00f3mica del Banco Central. Adem\u00e1s de brindar estos servicios, contiene en su edificio una Pinacoteca, donde continuamente se exponen pinturas famosas de Nicarag\u00fcenses o expocisiones de nuevos valores art\u00edsticos.<\/p>\n<p>Tambien tiene una Sala Numism\u00e1tica donde se expone permanentemente la colecci\u00f3n de monedas, billetes, medallas conmemorativas de Nicaragua a lo largo de su historia. Un auditorio para todo tipo de eventos con todas las facilidades de audio y con capacidad para 160 personas.<\/p>\n<p>Cuando venga a Nicaragua no deje de visitar este Centro Cultural, patrimonio de Nicaragua.<\/p>\n<p>Horario de atenci\u00f3n:<br \/>\nLunes a viernes: 8.30AM &#8211; 6.00PM<br \/>\nS\u00e1bado: 9.00AM &#8211; 1.00PM<\/p>\n<div><\/div>\n<\/td>\n<\/tr>\n<tr>\n<td bgcolor=\"#009933\">Por mayor informcacion y reservacion Contactarnos<\/td>\n<\/tr>\n<\/tbody>\n<\/table>\n","protected":false},"excerpt":{"rendered":"<p>Visitar la Biblioteca Dr. Roberto Incer Barquero Descripci\u00f3n: La Bliblioteca Roberto Incer Barquero est\u00e1 ubicada en el km 7 de la carretera Sur en Managua, pertenece al Banco Central de Nicaragua y est\u00e1 destinada a promover la Cultura en Nicaragua. Esta Biblioteca tiene 67,000 ejemplares de libros, Internet gratuito, una Hemeroteca para prestamos de revistas [&hellip;]<\/p>\n","protected":false},"author":2,"featured_media":0,"parent":0,"menu_order":0,"comment_status":"closed","ping_status":"closed","template":"","meta":{"footnotes":""},"_links":{"self":[{"href":"https:\/\/nicaragua-travel-guide.com\/site\/wp-json\/wp\/v2\/pages\/6294"}],"collection":[{"href":"https:\/\/nicaragua-travel-guide.com\/site\/wp-json\/wp\/v2\/pages"}],"about":[{"href":"https:\/\/nicaragua-travel-guide.com\/site\/wp-json\/wp\/v2\/types\/page"}],"author":[{"embeddable":true,"href":"https:\/\/nicaragua-travel-guide.com\/site\/wp-json\/wp\/v2\/users\/2"}],"replies":[{"embeddable":true,"href":"https:\/\/nicaragua-travel-guide.com\/site\/wp-json\/wp\/v2\/comments?post=6294"}],"version-history":[{"count":1,"href":"https:\/\/nicaragua-travel-guide.com\/site\/wp-json\/wp\/v2\/pages\/6294\/revisions"}],"predecessor-version":[{"id":6295,"href":"https:\/\/nicaragua-travel-guide.com\/site\/wp-json\/wp\/v2\/pages\/6294\/revisions\/6295"}],"wp:attachment":[{"href":"https:\/\/nicaragua-travel-guide.com\/site\/wp-json\/wp\/v2\/media?parent=6294"}],"curies":[{"name":"wp","href":"https:\/\/api.w.org\/{rel}","templated":true}]}}