{"id":6296,"date":"2016-07-09T16:42:17","date_gmt":"2016-07-09T16:42:17","guid":{"rendered":"http:\/\/nicaragua-travel-guide.com\/site\/?page_id=6296"},"modified":"2016-07-09T16:42:31","modified_gmt":"2016-07-09T16:42:31","slug":"managua-visita-guiada-centro-historico","status":"publish","type":"page","link":"https:\/\/nicaragua-travel-guide.com\/site\/managua-visita-guiada-centro-historico\/","title":{"rendered":"Managua visita guiada \u00abCentro hist\u00f3rico\u00bb"},"content":{"rendered":"<table style=\"width: 1007px;\" border=\"0\">\n<tbody>\n<tr>\n<td style=\"width: 923.306px;\" bgcolor=\"#009933\">Visitar el Centro Hist\u00f3rico de Managua<\/td>\n<td style=\"width: 71.6944px;\" rowspan=\"3\" bgcolor=\"#FFFFFF\"><\/td>\n<\/tr>\n<tr>\n<td style=\"width: 923.306px;\" bgcolor=\"#FFFFFF\">\n<h4>Descripci\u00f3n:<\/h4>\n<p>Despu\u00e9s del terremoto de 1972, el centro de Managua fue destruido completamente. Es por este devastador terremoto que hoy en d\u00eda Managua no tiene un verdadero centro.<\/p>\n<p>Nuevos centros comerciales y hoteles fueron construidos en otras localidades, que son la base de la estructura dispersa de Managua.<\/p>\n<p>El viejo centro, est\u00e1 parcialmente intacto, donde hay varios edificios que datan desde antes del terremoto algunos habitados \u00a0y otros no, y se \u00a0puede visitar y merodear, el ejemplo m\u00e1s descriptivo es la catedral de Santiago, esta impresionante catedral no fue aplastada por el terremoto, pero fue da\u00f1ada y abandonada.<\/p>\n<p>La catedral estaba cerrada al publico porque el gobierno ten\u00eda miedo que colapsara. Sin embargo, puede caminar alrededor y darse una idea del extraordinario edificio.<\/p>\n<p>Junto a la vieja Catedral, encontrar\u00e1 un moderno edificio construido como Casa Presidencial, pero que no es utilizado como tal por la actual administraci\u00f3n ejecutiva.<\/p>\n<p>Frente a la Casa Presidencial, se encuentra un edificio a\u00fan m\u00e1s impresionante, el Palacio Nacional, este \u00a0edificio actualmente funciona como (parcialmente) como un museo, as\u00ed que no olvide de entrar y echarle un vistazo al Museo Nacional.<\/p>\n<p>La Plaza de la Rep\u00fablica, a como se llama el lugar, tambi\u00e9n tiene monumentos para conmemorar a los h\u00e9roes nicarag\u00fcenses como Carlos Fonseca Amador y Rub\u00e9n Dar\u00edo. Puede caminar en un peque\u00f1o parque donde se encuentran la mayor\u00eda de los monumentos. Sin embargo, se topar\u00e1 con ni\u00f1os que le intentar\u00e1n vender productos manuales o que piden dinero.<\/p>\n<p>Para llegar en taxi Esto le costar\u00e1 alrededor de $2 \u2013 3 desde el centro de compras Metrocentro (C$35-45). Con propio medio de transporte, desde el centro comercial de Plaza Inter hacia el lago. Antes de llegar al lago ver\u00e1 los grandes edificios.<\/td>\n<\/tr>\n<tr>\n<td style=\"width: 923.306px;\" bgcolor=\"#009933\" height=\"35\">Por mayor informaci\u00f3n y reservacion Contactarnos<\/td>\n<\/tr>\n<\/tbody>\n<\/table>\n","protected":false},"excerpt":{"rendered":"<p>Visitar el Centro Hist\u00f3rico de Managua Descripci\u00f3n: Despu\u00e9s del terremoto de 1972, el centro de Managua fue destruido completamente. Es por este devastador terremoto que hoy en d\u00eda Managua no tiene un verdadero centro. Nuevos centros comerciales y hoteles fueron construidos en otras localidades, que son la base de la estructura dispersa de Managua. El [&hellip;]<\/p>\n","protected":false},"author":2,"featured_media":0,"parent":0,"menu_order":0,"comment_status":"closed","ping_status":"closed","template":"","meta":{"footnotes":""},"_links":{"self":[{"href":"https:\/\/nicaragua-travel-guide.com\/site\/wp-json\/wp\/v2\/pages\/6296"}],"collection":[{"href":"https:\/\/nicaragua-travel-guide.com\/site\/wp-json\/wp\/v2\/pages"}],"about":[{"href":"https:\/\/nicaragua-travel-guide.com\/site\/wp-json\/wp\/v2\/types\/page"}],"author":[{"embeddable":true,"href":"https:\/\/nicaragua-travel-guide.com\/site\/wp-json\/wp\/v2\/users\/2"}],"replies":[{"embeddable":true,"href":"https:\/\/nicaragua-travel-guide.com\/site\/wp-json\/wp\/v2\/comments?post=6296"}],"version-history":[{"count":2,"href":"https:\/\/nicaragua-travel-guide.com\/site\/wp-json\/wp\/v2\/pages\/6296\/revisions"}],"predecessor-version":[{"id":6298,"href":"https:\/\/nicaragua-travel-guide.com\/site\/wp-json\/wp\/v2\/pages\/6296\/revisions\/6298"}],"wp:attachment":[{"href":"https:\/\/nicaragua-travel-guide.com\/site\/wp-json\/wp\/v2\/media?parent=6296"}],"curies":[{"name":"wp","href":"https:\/\/api.w.org\/{rel}","templated":true}]}}