{"id":6299,"date":"2016-07-09T16:45:29","date_gmt":"2016-07-09T16:45:29","guid":{"rendered":"http:\/\/nicaragua-travel-guide.com\/site\/?page_id=6299"},"modified":"2016-08-31T21:03:19","modified_gmt":"2016-08-31T21:03:19","slug":"managua-visita-guiada-museo-las-huellas-de-acahualinca","status":"publish","type":"page","link":"https:\/\/nicaragua-travel-guide.com\/site\/managua-visita-guiada-museo-las-huellas-de-acahualinca\/","title":{"rendered":"Managua visita guiada \u00abMuseo Las huellas de Acahualinca\u00bb"},"content":{"rendered":"<table style=\"width: 955.3333740234375px;\" border=\"0\">\n<tbody>\n<tr style=\"height: 7px;\">\n<td style=\"height: 7px; width: 386.3333740234375px; background-color: #e8c40e;\" bgcolor=\"#666600\"><img loading=\"lazy\" decoding=\"async\" class=\"alignnone wp-image-12935\" src=\"http:\/\/nicaragua-travel-guide.com\/site\/wp-content\/uploads\/2016\/07\/nicaragua-travel-guide-managua-visita-guiada.jpg\" alt=\"nicaragua travel guide managua visita guiada\" width=\"969\" height=\"339\" \/><\/td>\n<\/tr>\n<tr style=\"height: 7px;\">\n<td style=\"height: 7px; width: 386.3333740234375px; background-color: #d2f7ea;\" bgcolor=\"#666600\">Museo Las Huellas de Acahualinca de \u00a0Managua<\/td>\n<\/tr>\n<tr style=\"height: 22px;\">\n<td style=\"height: 22px; width: 386.3333740234375px; background-color: #f0cf16;\" bgcolor=\"#FFFFFF\">Descripci\u00f3n:<\/td>\n<\/tr>\n<tr style=\"height: 742px;\">\n<td style=\"height: 742px; width: 386.3333740234375px;\" valign=\"top\" bgcolor=\"#FFFFFF\">\n<table style=\"height: 522px; width: 963.3333740234375px;\">\n<tbody>\n<tr style=\"height: 837.3333740234375px;\">\n<td style=\"width: 495px; background-color: #f7ebd0; border-color: #f7ebd0; height: 837.3333740234375px;\">Las Huellas de Acahualinca son antiguas pisadas dejadas hace miles de a\u00f1os en los bordes del Lago de Managua. Unos trabajadores encontraron las huellas por accidente en 1874. A trav\u00e9s de estudios se prob\u00f3 que estas huellas tienen 6000 a\u00f1os de antig\u00fcedad, lo que las hace las huellas m\u00e1s antiguas en el continente Americano.<\/p>\n<p>&nbsp;<\/p>\n<p>&nbsp;<\/p>\n<p>Estas pistas fueron dejadas por un grupo de alrededor de 10 personas (hombres, mujeres y ni\u00f1os). Algunos piensan que estos estaban huyendo de la erupci\u00f3n de un volc\u00e1n cercano, pero un estudio gubernamental descart\u00f3 esta idea. Estas personas no estaban corriendo, en lugar de eso, probablemente estaban camino al lago para recoger comida y agua.<\/p>\n<p>&nbsp;<\/p>\n<p>&nbsp;<\/p>\n<p>Sin embargo, la actividad volc\u00e1nica es la raz\u00f3n por la cual estas huellas todav\u00eda se conservan. Las huellas originales fueron dejadas en una capa de lodo volc\u00e1nico. Cuando un volc\u00e1n cercano hizo erupci\u00f3n \u2013 los investigadores no est\u00e1n seguros de cu\u00e1l \u2013 una capa de ceniza volc\u00e1nica corri\u00f3 dentro de las huellas y las conserv\u00f3 perfectamente.<\/p>\n<p>&nbsp;<\/p>\n<p>&nbsp;<\/p>\n<p>S\u00f3lo parte del camino ha sido encontrado. Las otras partes probablemente han sido cubiertas por material volc\u00e1nico. En 1978, el investigador nicarag\u00fcense Jorge Espinoza excav\u00f3 en un \u00e1rea cerca de donde terminaban las huellas para ver si pod\u00eda encontrar m\u00e1s. A una profundidad de 4 metros, de hecho, se encontraron m\u00e1s huellas y se cree que el camino contin\u00faa a\u00fan m\u00e1s.<\/p>\n<p>&nbsp;<\/p>\n<p>&nbsp;<\/p>\n<p>Las Huellas de Acahualinca (una palabra N\u00e1huatl con muchos significados) se encuentran albergadas en un peque\u00f1o museo. Adem\u00e1s de observar la huellas, tambi\u00e9n puede apreciar algunas artesan\u00edas que fueron encontradas aqu\u00ed y en otros lugares de Nicaragua. Herramientas Pre \u2013 Colombinas, un cr\u00e1neo de Le\u00f3n Viejo y huellas de mamut forman parte de la colecci\u00f3n del museo Huellas de Acahualinca.<\/td>\n<td style=\"width: 495px; background-color: #f7ebd0; border-color: #f7ebd0; height: 837.3333740234375px;\"><img loading=\"lazy\" decoding=\"async\" class=\"alignnone wp-image-12932\" src=\"http:\/\/nicaragua-travel-guide.com\/site\/wp-content\/uploads\/2016\/07\/museohuellasdeacahualicamanagua.jpg\" alt=\"museohuellasdeacahualicamanagua\" width=\"704\" height=\"1023\" \/><\/td>\n<\/tr>\n<\/tbody>\n<\/table>\n<\/td>\n<\/tr>\n<tr style=\"height: 22px;\">\n<td style=\"height: 22px; width: 386.3333740234375px; background-color: #f5d538;\" bgcolor=\"#CC9900\"><strong>Informaci\u00f3n Pr\u00e1ctica:<\/strong><\/td>\n<\/tr>\n<tr style=\"height: 18px;\">\n<td style=\"height: 18px; width: 386.3333740234375px; background-color: #f7ebd0;\" bgcolor=\"#FFFFFF\">Durante la semana est\u00e1 abierto de 8 am a 5 pm y los s\u00e1bados y los domingos de 9 am a 4 pm.<\/p>\n<p>Para llegar en taxi, o en\u00a0veh\u00edculo\u00a0\u00a0privado esta muy cerca \u00a0del centro de compras Plaza Inter.<\/td>\n<\/tr>\n<tr style=\"height: 18.3333740234375px;\">\n<td style=\"height: 18.3333740234375px; width: 386.3333740234375px; background-color: #f5d538;\" bgcolor=\"#996600\">Por mayor informaci\u00f3n y reservaci\u00f3n\u00a0\u00a0<strong>Contactarnos<\/strong><\/td>\n<\/tr>\n<\/tbody>\n<\/table>\n","protected":false},"excerpt":{"rendered":"<p>Museo Las Huellas de Acahualinca de \u00a0Managua Descripci\u00f3n: Las Huellas de Acahualinca son antiguas pisadas dejadas hace miles de a\u00f1os en los bordes del Lago de Managua. Unos trabajadores encontraron las huellas por accidente en 1874. A trav\u00e9s de estudios se prob\u00f3 que estas huellas tienen 6000 a\u00f1os de antig\u00fcedad, lo que las hace las [&hellip;]<\/p>\n","protected":false},"author":2,"featured_media":0,"parent":0,"menu_order":0,"comment_status":"closed","ping_status":"closed","template":"","meta":{"footnotes":""},"_links":{"self":[{"href":"https:\/\/nicaragua-travel-guide.com\/site\/wp-json\/wp\/v2\/pages\/6299"}],"collection":[{"href":"https:\/\/nicaragua-travel-guide.com\/site\/wp-json\/wp\/v2\/pages"}],"about":[{"href":"https:\/\/nicaragua-travel-guide.com\/site\/wp-json\/wp\/v2\/types\/page"}],"author":[{"embeddable":true,"href":"https:\/\/nicaragua-travel-guide.com\/site\/wp-json\/wp\/v2\/users\/2"}],"replies":[{"embeddable":true,"href":"https:\/\/nicaragua-travel-guide.com\/site\/wp-json\/wp\/v2\/comments?post=6299"}],"version-history":[{"count":9,"href":"https:\/\/nicaragua-travel-guide.com\/site\/wp-json\/wp\/v2\/pages\/6299\/revisions"}],"predecessor-version":[{"id":12940,"href":"https:\/\/nicaragua-travel-guide.com\/site\/wp-json\/wp\/v2\/pages\/6299\/revisions\/12940"}],"wp:attachment":[{"href":"https:\/\/nicaragua-travel-guide.com\/site\/wp-json\/wp\/v2\/media?parent=6299"}],"curies":[{"name":"wp","href":"https:\/\/api.w.org\/{rel}","templated":true}]}}