{"id":6301,"date":"2016-07-09T16:53:52","date_gmt":"2016-07-09T16:53:52","guid":{"rendered":"http:\/\/nicaragua-travel-guide.com\/site\/?page_id=6301"},"modified":"2016-07-09T16:54:24","modified_gmt":"2016-07-09T16:54:24","slug":"managua-visita-guiada-el-museo-palacio-nacional","status":"publish","type":"page","link":"https:\/\/nicaragua-travel-guide.com\/site\/managua-visita-guiada-el-museo-palacio-nacional\/","title":{"rendered":"Managua visita guiada el Museo \u00abPalacio Nacional\u00bb"},"content":{"rendered":"<table border=\"0\" width=\"1015\">\n<tbody>\n<tr>\n<td valign=\"top\" bgcolor=\"#FFFFFF\" width=\"1009\" height=\"358\">\n<table style=\"width: 1005px;\" border=\"0\">\n<tbody>\n<tr>\n<td style=\"width: 993px;\" colspan=\"2\" bgcolor=\"#009933\">Museo Nacional<\/td>\n<\/tr>\n<tr>\n<td style=\"width: 940.938px;\" bgcolor=\"#FFFFFF\">\n<h4>Descripci\u00f3n:<\/h4>\n<p>El Palacio Nacional es uno de los edificios m\u00e1s impresionantes de Nicaragua. Fue construido por el Presidente Juan Bautista Sacasa en 1935 y alberga mucho de la historia.<\/p>\n<p>&nbsp;<\/p>\n<p>Por m\u00e1s de 50 a\u00f1os, El Palacio Nacional fue utilizado como oficina gubernamental. Durante la revoluci\u00f3n, el edificio fue tomado por los sandinistas. Hoy en d\u00eda tiene diferentes funciones relacionadas a la cultura. Aloja a los Archivos Nacionales, la Biblioteca Nacional, as\u00ed como el Museo Nacional.<\/p>\n<p>&nbsp;<\/p>\n<p>El Museo Nacional est\u00e1 abierto al p\u00fablico y en verdad vale la pena visitarlo. No s\u00f3lo es fascinante caminar alrededor del enorme edificio, tambi\u00e9n, por si s\u00f3lo, es un museo interesante que ofrece pinturas, estatuas Pre-Colombinas, cer\u00e1micas y m\u00e1s. Sus diferentes salas ofrecen muestras del arte, historia y cultura nacional, y eventualmente extranjeras.<\/p>\n<p>&nbsp;<\/p>\n<p>El Museo Nacional est\u00e1 abierto de Lunes a Viernes de 8AM \u2013 5PM; y los fines de semana de 9AM \u2013 4PM. La entrada es de U$2 d\u00f3lares para extranjeros y C$12 c\u00f3rdobas para nicarag\u00fcenses. Por este precio, recibir\u00e1 un tour guiado que dura alrededor de media hora. El Palacio Nacional est\u00e1 localizado frente a la Plaza de la Revoluci\u00f3n, cerca del lago.<\/td>\n<td style=\"width: 52.0624px;\" bgcolor=\"#FFFFFF\"><\/td>\n<\/tr>\n<tr>\n<td style=\"width: 993px;\" colspan=\"2\" bgcolor=\"#009933\">Por mayor informacion y reservacion Contactarnos<\/td>\n<\/tr>\n<\/tbody>\n<\/table>\n<\/td>\n<\/tr>\n<\/tbody>\n<\/table>\n","protected":false},"excerpt":{"rendered":"<p>Museo Nacional Descripci\u00f3n: El Palacio Nacional es uno de los edificios m\u00e1s impresionantes de Nicaragua. Fue construido por el Presidente Juan Bautista Sacasa en 1935 y alberga mucho de la historia. &nbsp; Por m\u00e1s de 50 a\u00f1os, El Palacio Nacional fue utilizado como oficina gubernamental. Durante la revoluci\u00f3n, el edificio fue tomado por los sandinistas. [&hellip;]<\/p>\n","protected":false},"author":2,"featured_media":0,"parent":0,"menu_order":0,"comment_status":"closed","ping_status":"closed","template":"","meta":{"footnotes":""},"_links":{"self":[{"href":"https:\/\/nicaragua-travel-guide.com\/site\/wp-json\/wp\/v2\/pages\/6301"}],"collection":[{"href":"https:\/\/nicaragua-travel-guide.com\/site\/wp-json\/wp\/v2\/pages"}],"about":[{"href":"https:\/\/nicaragua-travel-guide.com\/site\/wp-json\/wp\/v2\/types\/page"}],"author":[{"embeddable":true,"href":"https:\/\/nicaragua-travel-guide.com\/site\/wp-json\/wp\/v2\/users\/2"}],"replies":[{"embeddable":true,"href":"https:\/\/nicaragua-travel-guide.com\/site\/wp-json\/wp\/v2\/comments?post=6301"}],"version-history":[{"count":2,"href":"https:\/\/nicaragua-travel-guide.com\/site\/wp-json\/wp\/v2\/pages\/6301\/revisions"}],"predecessor-version":[{"id":6303,"href":"https:\/\/nicaragua-travel-guide.com\/site\/wp-json\/wp\/v2\/pages\/6301\/revisions\/6303"}],"wp:attachment":[{"href":"https:\/\/nicaragua-travel-guide.com\/site\/wp-json\/wp\/v2\/media?parent=6301"}],"curies":[{"name":"wp","href":"https:\/\/api.w.org\/{rel}","templated":true}]}}