{"id":6304,"date":"2016-07-09T16:58:56","date_gmt":"2016-07-09T16:58:56","guid":{"rendered":"http:\/\/nicaragua-travel-guide.com\/site\/?page_id=6304"},"modified":"2016-07-09T16:58:56","modified_gmt":"2016-07-09T16:58:56","slug":"managua-visita-guiada-salon-de-evento-especial-teatro-justo-rufino-garay","status":"publish","type":"page","link":"https:\/\/nicaragua-travel-guide.com\/site\/managua-visita-guiada-salon-de-evento-especial-teatro-justo-rufino-garay\/","title":{"rendered":"Managua visita guiada \u00abSal\u00f3n de evento especial Teatro Justo Rufino Garay\u00bb"},"content":{"rendered":"<table border=\"0\" width=\"1015\">\n<tbody>\n<tr>\n<td bgcolor=\"#000000\" height=\"37\"><strong>Sala del Teatro Justo Rufino Garay<\/strong><\/td>\n<td rowspan=\"3\" valign=\"top\" bgcolor=\"#000000\" width=\"334\">\n<table border=\"0\" width=\"331\">\n<tbody>\n<tr>\n<td valign=\"top\" width=\"325\" height=\"163\"><img loading=\"lazy\" decoding=\"async\" src=\"http:\/\/www.nicaragua-travel-guide.com\/imangenestres\/teatro%20justo%20rufino%20logo.jpg\" width=\"301\" height=\"161\" \/><\/td>\n<\/tr>\n<tr>\n<td valign=\"top\" height=\"178\"><img loading=\"lazy\" decoding=\"async\" src=\"http:\/\/www.nicaragua-travel-guide.com\/imangenestres\/aeropuertoavion.jpg\" width=\"326\" height=\"206\" \/><\/td>\n<\/tr>\n<tr>\n<td height=\"165\"><img loading=\"lazy\" decoding=\"async\" src=\"http:\/\/www.nicaragua-travel-guide.com\/imangenestres\/teatrojustorufino%20garay%20pasillo.jpg\" width=\"328\" height=\"261\" \/><\/td>\n<\/tr>\n<\/tbody>\n<\/table>\n<\/td>\n<\/tr>\n<tr>\n<td valign=\"top\" bgcolor=\"#000000\" width=\"671\" height=\"500\">\n<h4>Una opci\u00f3n para apreciar presentaciones art\u00edsticas en Managua es la sala de teatro Justo Rufino Garay.<\/p>\n<p>Esta alternativa sala climatizada cuenta con espacio para 150 espectadores, y con un peque\u00f1o escenario dotado de instrumentos de iluminaci\u00f3n y efectos especiales, en el cual se presentan artistas nacionales y extranjeros, tanto profesionales como aficionados.<br \/>\nTodas las semanas se presentan los &#8216;Mi\u00e9rcoles de Cine Alternativo&#8217; en la sala, con una programaci\u00f3n de cine cl\u00e1sico, alternativo e internacional. Puede encontrar informaci\u00f3n sobre la presentaci\u00f3n de cada mi\u00e9rcoles en el Calendario Semanal de eventos.<\/p>\n<p>Un evento anual importante es el Festival Internacional de Teatro, el cual se realizar\u00e1 del 2 al 10 de septiembre. En el se presentar\u00e1n artistas de varios pa\u00edses.<\/p>\n<p>La sala forma parte de un Proyecto Cultural, en el que se incluyen una escuela de teatro y el grupo profesional de teatro Justo Rufino que tiene ya 25 a\u00f1os de trayectoria art\u00edstica.<br \/>\nEste proyecto cultural tom\u00f3 el nombre de Justo Rufino Garay, en honor a un combatiente sandinista que durante la guerra revolucionaria utilizaba el teatro popular como instrumento de lucha, y quien muri\u00f3 dos meses antes del triunfo acontecido en el mes de julio de 1979.<br \/>\nLa Sala Justo Rufino se encuentra ubicada contiguo al Parque Las Palmas, en Managua.<\/h4>\n<div><\/div>\n<\/td>\n<\/tr>\n<tr>\n<td bgcolor=\"#000000\" height=\"37\">Por mayor informacion y reservaci\u00f3n Contactarnos<\/td>\n<\/tr>\n<\/tbody>\n<\/table>\n","protected":false},"excerpt":{"rendered":"<p>Sala del Teatro Justo Rufino Garay Una opci\u00f3n para apreciar presentaciones art\u00edsticas en Managua es la sala de teatro Justo Rufino Garay. Esta alternativa sala climatizada cuenta con espacio para 150 espectadores, y con un peque\u00f1o escenario dotado de instrumentos de iluminaci\u00f3n y efectos especiales, en el cual se presentan artistas nacionales y extranjeros, tanto [&hellip;]<\/p>\n","protected":false},"author":2,"featured_media":0,"parent":0,"menu_order":0,"comment_status":"closed","ping_status":"closed","template":"","meta":{"footnotes":""},"_links":{"self":[{"href":"https:\/\/nicaragua-travel-guide.com\/site\/wp-json\/wp\/v2\/pages\/6304"}],"collection":[{"href":"https:\/\/nicaragua-travel-guide.com\/site\/wp-json\/wp\/v2\/pages"}],"about":[{"href":"https:\/\/nicaragua-travel-guide.com\/site\/wp-json\/wp\/v2\/types\/page"}],"author":[{"embeddable":true,"href":"https:\/\/nicaragua-travel-guide.com\/site\/wp-json\/wp\/v2\/users\/2"}],"replies":[{"embeddable":true,"href":"https:\/\/nicaragua-travel-guide.com\/site\/wp-json\/wp\/v2\/comments?post=6304"}],"version-history":[{"count":1,"href":"https:\/\/nicaragua-travel-guide.com\/site\/wp-json\/wp\/v2\/pages\/6304\/revisions"}],"predecessor-version":[{"id":6305,"href":"https:\/\/nicaragua-travel-guide.com\/site\/wp-json\/wp\/v2\/pages\/6304\/revisions\/6305"}],"wp:attachment":[{"href":"https:\/\/nicaragua-travel-guide.com\/site\/wp-json\/wp\/v2\/media?parent=6304"}],"curies":[{"name":"wp","href":"https:\/\/api.w.org\/{rel}","templated":true}]}}