{"id":6306,"date":"2016-07-09T17:03:01","date_gmt":"2016-07-09T17:03:01","guid":{"rendered":"http:\/\/nicaragua-travel-guide.com\/site\/?page_id=6306"},"modified":"2016-07-09T17:03:48","modified_gmt":"2016-07-09T17:03:48","slug":"managua-visita-guiada-sala-de-teatro-victor-romeo","status":"publish","type":"page","link":"https:\/\/nicaragua-travel-guide.com\/site\/managua-visita-guiada-sala-de-teatro-victor-romeo\/","title":{"rendered":"Managua visita guiada sala de Teatro \u00abVictor Romeo\u00bb"},"content":{"rendered":"<table style=\"width: 1008px;\" border=\"0\">\n<tbody>\n<tr>\n<td style=\"width: 658.969px;\" bgcolor=\"#009933\" height=\"35\">Sala de Teatro Victor Romeo<\/td>\n<td style=\"width: 339.031px;\" rowspan=\"2\" valign=\"top\" bgcolor=\"#FFFFFF\"><\/td>\n<\/tr>\n<tr>\n<td style=\"width: 658.969px;\" bgcolor=\"#FFFFFF\">\n<h4>Descripci\u00f3n:<\/h4>\n<p>La sala de Teatro &#8216;Victor Romeo&#8217; es un sitio alternativo en Managua donde se pueden apreciar espect\u00e1culos de danza, teatro y m\u00fasica, interpretados por artistas nicarag\u00fcense o extranjeros, tanto profesionales como estudiantes o aficionados.<\/p>\n<p>La sala cuenta con climatizaci\u00f3n y espacio para 250 espectadores, m\u00e1s un peque\u00f1o escenario equipado con luces y efectos para las presentaciones.<\/p>\n<p>La sala est\u00e1 ubicada en el centro perteneciente a la Asociaci\u00f3n de Danza Contempor\u00e1nea. \u00c9sta se identifica como una organizaci\u00f3n sin fines de lucro con el objetivo de contribuir al desarrollo art\u00edstico y cultural de Nicaragua.<\/p>\n<p>La asociaci\u00f3n cuenta en su programa con varios elementos y la Sala de Teatro &#8216;Victor Romeo&#8217; es apenas uno de ellos. Los otros elementos son:<\/p>\n<ul>\n<li>La <strong>Escuela de Danza &#8216;Espacio Abierto&#8217;<\/strong>, en d\u00f3nde se brindan clases para aspirantes a la danza profesional, y para cualquier interesado en aprender danzas latinas, entre otras.<\/li>\n<li>El <strong>Festival Internacional de la Danza<\/strong>, que se desarrollar\u00e1 este a\u00f1o del 14 al 23 de Agosto y contar\u00e1 con la participaci\u00f3n de artistas invitados de varios puntos del mundo.<\/li>\n<li>La <strong>Compa\u00f1\u00eda de Danza Contempor\u00e1nea de C\u00e1mara de Nicaragua<\/strong>, que hace presentaciones profesionales dentro y fuera del pa\u00eds, y cuenta ya con 25 a\u00f1os de experiencia art\u00edstica.<\/li>\n<li>El <strong>Foro Cultural &#8216;Art-Caf\u00e9&#8217;<\/strong>, ubicado contiguo a la Escuela de Danza, es un peque\u00f1o bar en el que continuamente se hacen presentaciones art\u00edsticas como conciertos o recitales.<\/li>\n<li>Y la <strong>Jornada Cultural &#8216;La Calle es Otra&#8217;<\/strong>, que se realiza en verano, cada dos Domingos a partir de febrero hasta el mes de Mayo; durante esta Jornada, la asociaci\u00f3n se toma el parque Las Palmas y se hacen presentaciones de m\u00fasica, danza y ventas de artesan\u00edas, entre otras actividades.<\/li>\n<\/ul>\n<p>La Asociaci\u00f3n de Danza Contempor\u00e1nea se encuentra ubicado contiguo al Parque Las Palmas, en Managua. Ah\u00ed se ubican La sala &#8216;Victor Romeo&#8217;, la Escuela de Danza &#8216;Espacio Abierto&#8217; y el bar cultural &#8216;Art-Caf\u00e9&#8217;. La programaci\u00f3n cultural puede observarla en nuestro calendario semanal de actividades.<\/td>\n<\/tr>\n<tr>\n<td style=\"width: 998px;\" colspan=\"2\" bgcolor=\"#009933\" height=\"35\">Por mayor informacion y reservacion Contactarnos<\/td>\n<\/tr>\n<\/tbody>\n<\/table>\n","protected":false},"excerpt":{"rendered":"<p>Sala de Teatro Victor Romeo Descripci\u00f3n: La sala de Teatro &#8216;Victor Romeo&#8217; es un sitio alternativo en Managua donde se pueden apreciar espect\u00e1culos de danza, teatro y m\u00fasica, interpretados por artistas nicarag\u00fcense o extranjeros, tanto profesionales como estudiantes o aficionados. La sala cuenta con climatizaci\u00f3n y espacio para 250 espectadores, m\u00e1s un peque\u00f1o escenario equipado [&hellip;]<\/p>\n","protected":false},"author":2,"featured_media":0,"parent":0,"menu_order":0,"comment_status":"closed","ping_status":"closed","template":"","meta":{"footnotes":""},"_links":{"self":[{"href":"https:\/\/nicaragua-travel-guide.com\/site\/wp-json\/wp\/v2\/pages\/6306"}],"collection":[{"href":"https:\/\/nicaragua-travel-guide.com\/site\/wp-json\/wp\/v2\/pages"}],"about":[{"href":"https:\/\/nicaragua-travel-guide.com\/site\/wp-json\/wp\/v2\/types\/page"}],"author":[{"embeddable":true,"href":"https:\/\/nicaragua-travel-guide.com\/site\/wp-json\/wp\/v2\/users\/2"}],"replies":[{"embeddable":true,"href":"https:\/\/nicaragua-travel-guide.com\/site\/wp-json\/wp\/v2\/comments?post=6306"}],"version-history":[{"count":2,"href":"https:\/\/nicaragua-travel-guide.com\/site\/wp-json\/wp\/v2\/pages\/6306\/revisions"}],"predecessor-version":[{"id":6308,"href":"https:\/\/nicaragua-travel-guide.com\/site\/wp-json\/wp\/v2\/pages\/6306\/revisions\/6308"}],"wp:attachment":[{"href":"https:\/\/nicaragua-travel-guide.com\/site\/wp-json\/wp\/v2\/media?parent=6306"}],"curies":[{"name":"wp","href":"https:\/\/api.w.org\/{rel}","templated":true}]}}