{"id":6309,"date":"2016-07-09T17:11:30","date_gmt":"2016-07-09T17:11:30","guid":{"rendered":"http:\/\/nicaragua-travel-guide.com\/site\/?page_id=6309"},"modified":"2016-07-09T17:11:30","modified_gmt":"2016-07-09T17:11:30","slug":"managua-visita-guiada-salon-de-evento-especial-teatro-nacional-ruben-dario","status":"publish","type":"page","link":"https:\/\/nicaragua-travel-guide.com\/site\/managua-visita-guiada-salon-de-evento-especial-teatro-nacional-ruben-dario\/","title":{"rendered":"Managua visita guiada \u00abSal\u00f3n de evento especial Teatro Nacional Ruben Dario\u00bb"},"content":{"rendered":"<table style=\"width: 898.865px;\" border=\"0\">\n<tbody>\n<tr>\n<td style=\"width: 893.865px;\" bgcolor=\"#660000\"><strong>Teatro Nacional Rub\u00e9n Dar\u00edo<\/strong><\/td>\n<\/tr>\n<tr>\n<td style=\"width: 893.865px;\" bgcolor=\"#FFFFFF\">\n<h4>Descripci\u00f3n:<\/h4>\n<p>El Teatro Nacional Rub\u00e9n Dar\u00edo se yergue sobre Managua desde 1969, a\u00f1o de su inauguraci\u00f3n. Cuando el terremoto abati\u00f3 a Managua en 1972, el Teatro fue uno de los pocos edificios que no colaps\u00f3. Este edificio se ha mantenido en su estilo original y es ahora el teatro m\u00e1s importante para conciertos y presentaciones en todo el pa\u00eds, y considerado uno de los mejores teatros de Centroam\u00e9rica.<\/p>\n<p>El Teatro es un gran edificio, especialmente desde la perspectiva de las construcciones en Nicaragua. Hay varias salas donde se realizan los eventos. El lobby, que es grande y elegante, sirve como sala de conferencias, para presentaciones de libros, fashion show, peque\u00f1os conciertos y exposiciones de arte.<\/p>\n<p>El Sal\u00f3n de los Cristales, en el segundo piso, tom\u00f3 este nombre debido a la presencia de los dos candelabros de cristal donados por el gobierno de Espa\u00f1a cuando el Teatro fue inaugurado. Este sal\u00f3n es apto para exposici\u00f3n de pinturas, con paredes oscuras e iluminaci\u00f3n especial. El sal\u00f3n tiene una capacidad de 350 a 400 personas y es por eso que tambi\u00e9n puede ser utilizado para peque\u00f1os conciertos y presentaciones.<\/p>\n<p>El Sal\u00f3n Principal, o Sala Mayor, est\u00e1 equipado con 1200 asientos y un gran escenario. Aqu\u00ed se presentan los principales conciertos y presentaciones. El sal\u00f3n tiene buena ac\u00fastica y muchos cantantes famosos, actores, bailarines, nacionales e internacionales, han gozado de estas comodidades. All\u00ed hay una platea y tres balcones. Los asientos presidenciales est\u00e1n localizados en el centro del primer balc\u00f3n.<\/p>\n<p>Los boletos de entrada no son costosos, pero si son un pase para disfrutar tanto de las presentaciones como de este bello teatro.<\/p>\n<p>&nbsp;<\/p>\n<p><img loading=\"lazy\" decoding=\"async\" class=\"aligncenter\" src=\"http:\/\/www.nicaragua-travel-guide.com\/imangenestres\/teatronacional.jpg\" width=\"506\" height=\"734\" \/><\/p>\n<p>&nbsp;<\/p>\n<p><strong>Por favor, tenga las siguientes consideraciones en mente:<\/strong><\/p>\n<ul>\n<li>Despu\u00e9s de 15 minutos de haber empezado el show, no se permite m\u00e1s la enterada de personas.<\/li>\n<li>No puede vestir shorts, sandalias ni ropa informal.<\/li>\n<li>No se admiten a ni\u00f1os menores de 4 a\u00f1os.<\/li>\n<\/ul>\n<p>Es recomendable comprar los boletos de ante mano. Para conocer el programa de presentaciones, consulte m\u00e1s abajo los eventos, o revise la <a href=\"http:\/\/www.tnrubendario.gob.ni\/cartelera.html\">Cartelera<\/a> que publica cada mes el teatro en su p\u00e1gina web.<\/p>\n<p>El Teatro Nacional Rub\u00e9n Dar\u00edo se encuentra cerca del antiguo centro de Managua, a pocos metros del Malec\u00f3n ubicado a orillas del Lago Xolotl\u00e1n.<\/td>\n<\/tr>\n<tr>\n<td style=\"width: 893.865px;\" bgcolor=\"#660000\" height=\"35\">Por mayor informacion y reservacion Contactarnos<\/td>\n<\/tr>\n<\/tbody>\n<\/table>\n","protected":false},"excerpt":{"rendered":"<p>Teatro Nacional Rub\u00e9n Dar\u00edo Descripci\u00f3n: El Teatro Nacional Rub\u00e9n Dar\u00edo se yergue sobre Managua desde 1969, a\u00f1o de su inauguraci\u00f3n. Cuando el terremoto abati\u00f3 a Managua en 1972, el Teatro fue uno de los pocos edificios que no colaps\u00f3. Este edificio se ha mantenido en su estilo original y es ahora el teatro m\u00e1s importante [&hellip;]<\/p>\n","protected":false},"author":2,"featured_media":0,"parent":0,"menu_order":0,"comment_status":"closed","ping_status":"closed","template":"","meta":{"footnotes":""},"_links":{"self":[{"href":"https:\/\/nicaragua-travel-guide.com\/site\/wp-json\/wp\/v2\/pages\/6309"}],"collection":[{"href":"https:\/\/nicaragua-travel-guide.com\/site\/wp-json\/wp\/v2\/pages"}],"about":[{"href":"https:\/\/nicaragua-travel-guide.com\/site\/wp-json\/wp\/v2\/types\/page"}],"author":[{"embeddable":true,"href":"https:\/\/nicaragua-travel-guide.com\/site\/wp-json\/wp\/v2\/users\/2"}],"replies":[{"embeddable":true,"href":"https:\/\/nicaragua-travel-guide.com\/site\/wp-json\/wp\/v2\/comments?post=6309"}],"version-history":[{"count":1,"href":"https:\/\/nicaragua-travel-guide.com\/site\/wp-json\/wp\/v2\/pages\/6309\/revisions"}],"predecessor-version":[{"id":6310,"href":"https:\/\/nicaragua-travel-guide.com\/site\/wp-json\/wp\/v2\/pages\/6309\/revisions\/6310"}],"wp:attachment":[{"href":"https:\/\/nicaragua-travel-guide.com\/site\/wp-json\/wp\/v2\/media?parent=6309"}],"curies":[{"name":"wp","href":"https:\/\/api.w.org\/{rel}","templated":true}]}}