{"id":6311,"date":"2016-07-09T17:17:40","date_gmt":"2016-07-09T17:17:40","guid":{"rendered":"http:\/\/nicaragua-travel-guide.com\/site\/?page_id=6311"},"modified":"2016-08-21T20:40:57","modified_gmt":"2016-08-21T20:40:57","slug":"managua-visita-guiada-casa-hacienda-san-jacinto-sitio-historico","status":"publish","type":"page","link":"https:\/\/nicaragua-travel-guide.com\/site\/managua-visita-guiada-casa-hacienda-san-jacinto-sitio-historico\/","title":{"rendered":"Managua visita guiada \u00abCasa Hacienda San Jacinto\u00bb Sitio hist\u00f3rico."},"content":{"rendered":"<table style=\"width: 802.3333740234375px;\" border=\"0\">\n<tbody>\n<tr style=\"height: 271px;\">\n<td style=\"width: 793.3333740234375px; height: 271px;\" bgcolor=\"#FFFFFF\"><img loading=\"lazy\" decoding=\"async\" class=\"alignnone size-full wp-image-11869\" src=\"http:\/\/nicaragua-travel-guide.com\/site\/wp-content\/uploads\/2016\/07\/managua-tour-casa-hacienda-san-jacinto-visita-guiada.jpg\" alt=\"managua tour casa hacienda san jacinto visita guiada\" width=\"1025\" height=\"345\" srcset=\"https:\/\/nicaragua-travel-guide.com\/site\/wp-content\/uploads\/2016\/07\/managua-tour-casa-hacienda-san-jacinto-visita-guiada.jpg 1025w, https:\/\/nicaragua-travel-guide.com\/site\/wp-content\/uploads\/2016\/07\/managua-tour-casa-hacienda-san-jacinto-visita-guiada-600x202.jpg 600w\" sizes=\"(max-width: 1025px) 100vw, 1025px\" \/><\/td>\n<\/tr>\n<tr style=\"height: 22px;\">\n<td style=\"background-color: #51ebed; width: 793.3333740234375px; height: 22px;\" bgcolor=\"#0000FF\">Sitio hist\u00f3rico Hacienda San Jacinto<\/td>\n<\/tr>\n<tr style=\"height: 695.666748046875px;\">\n<td style=\"width: 793.3333740234375px; height: 695.666748046875px;\" valign=\"top\" bgcolor=\"#FFFFFF\">Descripci\u00f3n:<\/p>\n<p>La hacienda donde en 1856 un batall\u00f3n de patriotas nicarag\u00fcenses enfrent\u00f3 y venci\u00f3 a una tropa invasora que les superaba en n\u00famero y armamento, es hoy en d\u00eda un sitio hist\u00f3rico tur\u00edstico que ofrece actividades como las exposiciones de su museo, caminatas en su loma o la apreciaci\u00f3n de algunos monumentos.<\/p>\n<p>Seg\u00fan relata la historia, la hacienda recibi\u00f3 el ataque en la ma\u00f1ana del 14 de Septiembre del a\u00f1o arriba se\u00f1alado. Los invasores eran filibusteros estadounidenses pertenecientes al ejercito del mercenario William Walker (no particip\u00f3 en esta batalla), quien intentaba tomarse Nicaragua por la fuerza. Los defensores eran miembros del ejercito regular nacional, adem\u00e1s de tropas de refuerzo, entre ellas un batall\u00f3n de ind\u00edgenas flecheros de Matagalpa.<\/p>\n<p>A pesar de la valiente defensa, la batalla comenz\u00f3 a ir mal para los nacionales, quienes empezaban a perder posiciones. Sin embargo, un evento provoc\u00f3 un giro inesperado: los caballos de la hacienda estaban en un establo ubicado sobre un cerro, detr\u00e1s de la casa hacienda; \u00e9stos fueron soltados y dirigidos en tropel hacia el lugar de la batalla. Al escuchar el trote, los atacantes pensaron que eran refuerzos de caballer\u00eda y tocaron la retirada.<\/p>\n<p>El museo est\u00e1 ubicado en esa antigua casa hacienda, restaurada y bien mantenida, la cual se divide en tres salones que albergan, cada uno, un tema de exposici\u00f3n diferente que es mostrado a los visitantes en el siguiente orden:<\/p>\n<p>La Sala de Exhibici\u00f3n es la m\u00e1s amplia, y en ella se muestran algunos fusiles antiguos que fueron usados en la batalla, adem\u00e1s de un par de maquetas que detallan la orientaci\u00f3n del ataque de los invasores y la ubicaci\u00f3n de las posiciones defensivas de los patriotas. Adem\u00e1s, aqu\u00ed hay fotograf\u00edas de personajes de la \u00e9poca, entre otros interesantes artefactos.<\/p>\n<p>La siguiente es la Sala de los S\u00edmbolos Patrios en la que, adem\u00e1s de otras cosas de inter\u00e9s, se exhiben las diferentes banderas que tuvo Nicaragua luego de la independencia -hasta llegar a la actual-, adem\u00e1s de una copia ampliada de la letra del himno nacional escrita a mano por su autor.<\/p>\n<p>Luego est\u00e1 la sala tercera, dedicada a la hacienda y la batalla, en la que hay artefactos de uso cotidiano de la \u00e9poca, fotograf\u00edas de algunos protagonistas y la reproducci\u00f3n de una conocida pintura que muestra una famosa y heroica escena del combate.<\/p>\n<p>El cerro de donde se soltaron los caballos durante la hist\u00f3rica batalla puede tambi\u00e9n ser escalado por los visitantes. No es muy alto y se puede llegar a la cima tras una corta caminata, y desde all\u00ed se puede observar todo el panorama del entorno.<\/p>\n<p>Alrededor de la casa hacienda hay algunos monumentos dedicados a los combatientes y a las rep\u00fablicas centroamericanas.<\/p>\n<p>Este sitio hist\u00f3rico es administrado por el Instituto Nicarag\u00fcense de Cultura. Est\u00e1 abierto de martes a domingo, en horario de 8:00 am a 4:00 pm. Hay siempre un gu\u00eda disponible, o dos durante el mes de Septiembre -durante las fechas patrias, cuando hay muchos visitantes. Se cobra una tarifa de entrada, fondos usados para la manutenci\u00f3n del sitio:<\/p>\n<p>Estudiantes con identificaci\u00f3n:<\/p>\n<p>C$2 J\u00f3venes:<\/p>\n<p>Adultos:<\/p>\n<p>Extranjeros:<\/td>\n<\/tr>\n<tr style=\"height: 22px;\">\n<td style=\"background-color: #6ed9fa; width: 793.3333740234375px; height: 22px;\" bgcolor=\"#0000FF\">Por mayor informaci\u00f3n y reservaci\u00f3n Contactarnos<\/td>\n<\/tr>\n<\/tbody>\n<\/table>\n","protected":false},"excerpt":{"rendered":"<p>Sitio hist\u00f3rico Hacienda San Jacinto Descripci\u00f3n: La hacienda donde en 1856 un batall\u00f3n de patriotas nicarag\u00fcenses enfrent\u00f3 y venci\u00f3 a una tropa invasora que les superaba en n\u00famero y armamento, es hoy en d\u00eda un sitio hist\u00f3rico tur\u00edstico que ofrece actividades como las exposiciones de su museo, caminatas en su loma o la apreciaci\u00f3n de [&hellip;]<\/p>\n","protected":false},"author":2,"featured_media":0,"parent":0,"menu_order":0,"comment_status":"closed","ping_status":"closed","template":"","meta":{"footnotes":""},"_links":{"self":[{"href":"https:\/\/nicaragua-travel-guide.com\/site\/wp-json\/wp\/v2\/pages\/6311"}],"collection":[{"href":"https:\/\/nicaragua-travel-guide.com\/site\/wp-json\/wp\/v2\/pages"}],"about":[{"href":"https:\/\/nicaragua-travel-guide.com\/site\/wp-json\/wp\/v2\/types\/page"}],"author":[{"embeddable":true,"href":"https:\/\/nicaragua-travel-guide.com\/site\/wp-json\/wp\/v2\/users\/2"}],"replies":[{"embeddable":true,"href":"https:\/\/nicaragua-travel-guide.com\/site\/wp-json\/wp\/v2\/comments?post=6311"}],"version-history":[{"count":4,"href":"https:\/\/nicaragua-travel-guide.com\/site\/wp-json\/wp\/v2\/pages\/6311\/revisions"}],"predecessor-version":[{"id":11871,"href":"https:\/\/nicaragua-travel-guide.com\/site\/wp-json\/wp\/v2\/pages\/6311\/revisions\/11871"}],"wp:attachment":[{"href":"https:\/\/nicaragua-travel-guide.com\/site\/wp-json\/wp\/v2\/media?parent=6311"}],"curies":[{"name":"wp","href":"https:\/\/api.w.org\/{rel}","templated":true}]}}