{"id":6313,"date":"2016-07-09T17:26:04","date_gmt":"2016-07-09T17:26:04","guid":{"rendered":"http:\/\/nicaragua-travel-guide.com\/site\/?page_id=6313"},"modified":"2016-08-21T20:37:10","modified_gmt":"2016-08-21T20:37:10","slug":"managua-visita-guiada-reserva-natural-chocoyero-el-brujo","status":"publish","type":"page","link":"https:\/\/nicaragua-travel-guide.com\/site\/managua-visita-guiada-reserva-natural-chocoyero-el-brujo\/","title":{"rendered":"Managua visita guiada Reserva Natural \u00abChocoyero el Brujo\u00bb"},"content":{"rendered":"<table style=\"width: 1027.3333740234375px;\" border=\"0\">\n<tbody>\n<tr style=\"height: 22px;\">\n<td style=\"width: 20px; height: 22px;\" colspan=\"2\" bgcolor=\"#009900\"><img loading=\"lazy\" decoding=\"async\" class=\" wp-image-11866 aligncenter\" src=\"http:\/\/nicaragua-travel-guide.com\/site\/wp-content\/uploads\/2016\/07\/managua-tour-chocoyero-el-brujo-bienvenidos.jpg\" alt=\"managua tour chocoyero el brujo bienvenidos\" width=\"1013\" height=\"340\" srcset=\"https:\/\/nicaragua-travel-guide.com\/site\/wp-content\/uploads\/2016\/07\/managua-tour-chocoyero-el-brujo-bienvenidos.jpg 1025w, https:\/\/nicaragua-travel-guide.com\/site\/wp-content\/uploads\/2016\/07\/managua-tour-chocoyero-el-brujo-bienvenidos-600x202.jpg 600w\" sizes=\"(max-width: 1013px) 100vw, 1013px\" \/><\/td>\n<\/tr>\n<tr style=\"height: 22px;\">\n<td style=\"width: 20px; height: 22px;\" colspan=\"2\" bgcolor=\"#009900\">Visita la Reserva Natural <strong>Chocoyero el Brujo<\/strong><\/td>\n<\/tr>\n<tr style=\"height: 22px;\">\n<td style=\"width: 20px; height: 22px;\" colspan=\"2\" bgcolor=\"#009900\">\n<h4>Descripci\u00f3n:<\/h4>\n<p>La Reserva Natural de &#8216;El Chocoyero&#8217; es un lugar grandioso para ir de excursi\u00f3n y observar la naturaleza. Esta reserva esta localizada a menos de 30 kil\u00f3metros de Managua.<\/p>\n<p>Los \u00faltimos siete kil\u00f3metros no est\u00e1n pavimentados y atraviesan plantaciones de pi\u00f1a, caf\u00e9 y banano. Esto lo atrasar\u00e1 un poco, pero no se aburrir\u00e1, la vista e\u00a0s magn\u00edfica. La vieja cadena volc\u00e1nica rodea la reserva y la naturaleza est\u00e1 en todas partes.<\/p>\n<p>La naturaleza dentro de la reserva tambi\u00e9n tiene mucho que ofrecer. Hay muchos caminos que llevan a diferentes tipos de bosque y vegetaci\u00f3n. Con una abundancia de agua, El Chocoyero est\u00e1 siempre verde y la vida silvestre floreciendo. Dos tipos de monos habitan en el parque: el mono aullador y el mono cara blanca. El mono aullador es mas grande, negro y a\u00falla bastante. Pueden ser escuchados desde lejos, pero, si los quiere escuchar de cerca tome el camino Congo, el cual los llevara a ver a estos monos m\u00e1s de cerca. Los monos cara blanca son m\u00e1s raros de ver, pero ellos bajan de las monta\u00f1as por la tarde y es cuando se pueden observar desde los caminos regulares.<\/td>\n<\/tr>\n<tr style=\"height: 14px;\">\n<td style=\"width: 20px; height: 14px;\" colspan=\"2\" bgcolor=\"#FFFFFF\"><img loading=\"lazy\" decoding=\"async\" class=\"alignnone size-medium wp-image-11863\" src=\"http:\/\/nicaragua-travel-guide.com\/site\/wp-content\/uploads\/2016\/07\/managua-tour-chocoyero-el-brujo-muralla.jpg\" alt=\"managua tour chocoyero el brujo muralla\" width=\"1025\" height=\"345\" srcset=\"https:\/\/nicaragua-travel-guide.com\/site\/wp-content\/uploads\/2016\/07\/managua-tour-chocoyero-el-brujo-muralla.jpg 1025w, https:\/\/nicaragua-travel-guide.com\/site\/wp-content\/uploads\/2016\/07\/managua-tour-chocoyero-el-brujo-muralla-600x202.jpg 600w\" sizes=\"(max-width: 1025px) 100vw, 1025px\" \/><\/td>\n<\/tr>\n<tr style=\"height: 14px;\">\n<td style=\"width: 20px; height: 14px;\" colspan=\"2\" bgcolor=\"#FFFFFF\">\n<h4><span style=\"font-family: inherit; font-size: inherit; line-height: 1.5;\">El Chocoyero alberga a muchos p\u00e1jaros.<\/span><\/h4>\n<p>La reserva es famosa por sus chocoyos verdes, cuyos nidos est\u00e1n cerca de las cataratas.<\/p>\n<p>Estos pueden ser vistos en grandes cantidades por las ma\u00f1anas, cuando alzan el vuelo y se marchan, y por las tardes cuando regresan.<\/p>\n<p>Durante el d\u00eda se pasean por toda la reserva buscando alimento.<\/p>\n<p>La mejor hora para ver los p\u00e1jaros es alrededor de las 6:00 am o a las 4:30 pm.<\/p>\n<p>Hay muchas otras aves y contratando a un gu\u00eda podr\u00e1 ver m\u00e1s variedad de \u00e9stas, y no solo aquellas que son f\u00e1ciles de reconocer.<\/td>\n<\/tr>\n<tr style=\"height: 14px;\">\n<td style=\"width: 20px; height: 14px;\" colspan=\"2\" bgcolor=\"#FFFFFF\"><img loading=\"lazy\" decoding=\"async\" class=\"wp-image-11864 aligncenter\" src=\"http:\/\/nicaragua-travel-guide.com\/site\/wp-content\/uploads\/2016\/07\/managua-tour-chocoyero-el-brujo-reserva-fauna-monos.jpg\" alt=\"managua tour chocoyero el brujo reserva fauna monos\" width=\"1007\" height=\"339\" srcset=\"https:\/\/nicaragua-travel-guide.com\/site\/wp-content\/uploads\/2016\/07\/managua-tour-chocoyero-el-brujo-reserva-fauna-monos.jpg 1025w, https:\/\/nicaragua-travel-guide.com\/site\/wp-content\/uploads\/2016\/07\/managua-tour-chocoyero-el-brujo-reserva-fauna-monos-600x202.jpg 600w\" sizes=\"(max-width: 1007px) 100vw, 1007px\" \/><\/td>\n<\/tr>\n<tr style=\"height: 35px;\">\n<td style=\"width: 20px; height: 35px;\" colspan=\"2\" bgcolor=\"#009900\">Los gu\u00edas le ense\u00f1ar\u00e1n animales que tal vez se les escaparon a la vista y le dar\u00e1n muchos detalles sobre la naturaleza.<\/p>\n<p>Los caminos en El Chocoyero tienen diferente longitud y dificultad.<\/p>\n<p>El camino de Aventura lleva a las monta\u00f1as y toma seis horas para finalizarlo.<\/p>\n<p>Sin embargo, disfrutar\u00e1 de vistas hermosas de la reserva y de los alrededores.<\/p>\n<p>Hay hasta algunas ciudades que ver\u00e1 desde la sima, incluyendo a Managua.<\/p>\n<p>Los otros caminos son m\u00e1s cortos y lo llevar\u00e1n a las cascadas.<\/p>\n<p>Hay dos cascadas: Chocoyero y el Brujo.<\/p>\n<p>El camino a El Brujo es empinado pero no tan largo.<\/p>\n<p>La cascada de El Chocoyero est\u00e1 a m\u00e1s o menos 30 minutos de la entrada y no necesita escalar para llegar a ella.<\/p>\n<p>Es aqu\u00ed donde se anidan los chocoyos.<\/p>\n<p>Las cascadas son peque\u00f1as pero merecen la escalada.<\/p>\n<p>El agua proviene de la lluvia de las monta\u00f1as que se encuentran m\u00e1s arriba y es recolectada para luego ser utilizada como agua potable por las comunidades cercanas.<\/td>\n<\/tr>\n<tr style=\"height: 2px;\">\n<td style=\"width: 20px; height: 2px;\" colspan=\"2\" bgcolor=\"#009900\"><img loading=\"lazy\" decoding=\"async\" class=\"alignnone size-full wp-image-11861\" src=\"http:\/\/nicaragua-travel-guide.com\/site\/wp-content\/uploads\/2016\/07\/managua-tour-chocoyero-el-brujo-reserva-cascada-de-agua.jpg\" alt=\"managua tour chocoyero el brujo reserva cascada de agua\" width=\"1025\" height=\"345\" srcset=\"https:\/\/nicaragua-travel-guide.com\/site\/wp-content\/uploads\/2016\/07\/managua-tour-chocoyero-el-brujo-reserva-cascada-de-agua.jpg 1025w, https:\/\/nicaragua-travel-guide.com\/site\/wp-content\/uploads\/2016\/07\/managua-tour-chocoyero-el-brujo-reserva-cascada-de-agua-600x202.jpg 600w\" sizes=\"(max-width: 1025px) 100vw, 1025px\" \/><\/td>\n<\/tr>\n<tr style=\"height: 35px;\">\n<td style=\"width: 20px; height: 35px;\" colspan=\"2\" bgcolor=\"#009900\">El Chocoyero tambi\u00e9n le da la oportunidad de quedarse la noche en el parque. La reserva tiene tiendas de campa\u00f1a y lugares para acampar en el medio del bosque.<\/p>\n<p>El precio es menos de US$5 por una tienda (en donde pueden dormir dos personas). Tambi\u00e9n puede contratar un gu\u00eda para escalar en la noche por unos US$5.<\/p>\n<p>Puede entrar al parque de las 5:00 am hasta las 5:00 pm.<\/p>\n<p>Se le permite quedar despu\u00e9s de las 5:00 pm (para ver como se van los chocoyos), pero no puede entrar despu\u00e9s de esta hora.<\/p>\n<p>Siempre hay personal de atenci\u00f3n presente en la reserva, las 24 horas del d\u00eda. Los visitantes, por lo tanto, pueden llegar en cualquier momento.<\/p>\n<p>Tambi\u00e9n se ofrecen viajes especiales, que incluyen una excursi\u00f3n nocturna, una excursi\u00f3n de avistamiento de aves con un especialista, y excursiones de aventura. Una de estas excursiones comienza fuera de la reserva, en el municipio de El Crucero, localizado a lo largo de la carretera Panamericana.<\/p>\n<p>Esta es una excursi\u00f3n boscosa espectacular con vistas magn\u00edficas que dominan la planicie del Pac\u00edfico, varios volcanes, abismos ocultos y la flora y fauna impactante; bien merecido el precio para conocer sobre las opciones para una de estas excursiones especiales.<\/td>\n<\/tr>\n<tr style=\"height: 35px;\">\n<td style=\"width: 20px; height: 35px; background-color: #1a9906;\" colspan=\"2\" bgcolor=\"#009900\">Por mayor\u00a0informaci\u00f3n\u00a0y reservacion <strong>Contactarnos<\/strong><\/td>\n<\/tr>\n<\/tbody>\n<\/table>\n","protected":false},"excerpt":{"rendered":"<p>Visita la Reserva Natural Chocoyero el Brujo Descripci\u00f3n: La Reserva Natural de &#8216;El Chocoyero&#8217; es un lugar grandioso para ir de excursi\u00f3n y observar la naturaleza. Esta reserva esta localizada a menos de 30 kil\u00f3metros de Managua. Los \u00faltimos siete kil\u00f3metros no est\u00e1n pavimentados y atraviesan plantaciones de pi\u00f1a, caf\u00e9 y banano. Esto lo atrasar\u00e1 [&hellip;]<\/p>\n","protected":false},"author":2,"featured_media":0,"parent":0,"menu_order":0,"comment_status":"closed","ping_status":"closed","template":"","meta":{"footnotes":""},"_links":{"self":[{"href":"https:\/\/nicaragua-travel-guide.com\/site\/wp-json\/wp\/v2\/pages\/6313"}],"collection":[{"href":"https:\/\/nicaragua-travel-guide.com\/site\/wp-json\/wp\/v2\/pages"}],"about":[{"href":"https:\/\/nicaragua-travel-guide.com\/site\/wp-json\/wp\/v2\/types\/page"}],"author":[{"embeddable":true,"href":"https:\/\/nicaragua-travel-guide.com\/site\/wp-json\/wp\/v2\/users\/2"}],"replies":[{"embeddable":true,"href":"https:\/\/nicaragua-travel-guide.com\/site\/wp-json\/wp\/v2\/comments?post=6313"}],"version-history":[{"count":5,"href":"https:\/\/nicaragua-travel-guide.com\/site\/wp-json\/wp\/v2\/pages\/6313\/revisions"}],"predecessor-version":[{"id":11867,"href":"https:\/\/nicaragua-travel-guide.com\/site\/wp-json\/wp\/v2\/pages\/6313\/revisions\/11867"}],"wp:attachment":[{"href":"https:\/\/nicaragua-travel-guide.com\/site\/wp-json\/wp\/v2\/media?parent=6313"}],"curies":[{"name":"wp","href":"https:\/\/api.w.org\/{rel}","templated":true}]}}