{"id":6318,"date":"2016-07-09T17:34:33","date_gmt":"2016-07-09T17:34:33","guid":{"rendered":"http:\/\/nicaragua-travel-guide.com\/site\/?page_id=6318"},"modified":"2016-08-31T19:01:18","modified_gmt":"2016-08-31T19:01:18","slug":"managua-visita-guiada-reserva-natural-montibelli","status":"publish","type":"page","link":"https:\/\/nicaragua-travel-guide.com\/site\/managua-visita-guiada-reserva-natural-montibelli\/","title":{"rendered":"Managua visita guiada Reserva Natural Privada \u00abMONTIBELLI\u00bbEcoturismo"},"content":{"rendered":"<table style=\"width: 986px; height: 1398px;\" border=\"0\">\n<tbody>\n<tr style=\"height: 8px;\">\n<td style=\"height: 8px; width: 975.3333129882813px;\" colspan=\"2\" bgcolor=\"#FFFFFF\"><img loading=\"lazy\" decoding=\"async\" class=\"alignnone wp-image-12917\" src=\"http:\/\/nicaragua-travel-guide.com\/site\/wp-content\/uploads\/2016\/07\/nicaragua-travel-guide-Managua-tour-reserva-natural-privada-Montibelli.jpg\" alt=\"nicaragua travel guide Managua tour reserva natural privada Montibelli\" width=\"983\" height=\"344\" \/><\/td>\n<\/tr>\n<tr style=\"height: 6px;\">\n<td style=\"height: 6px; background-color: #55c908; width: 667.3333129882813px;\" bgcolor=\"#003300\"><strong>Reserva Natural Privada Montibelli<\/strong><\/td>\n<td style=\"height: 373.3333740234375px; width: 302px;\" rowspan=\"4\" valign=\"top\" bgcolor=\"#003300\">\n<table style=\"width: 303px;\" border=\"0\">\n<tbody>\n<tr style=\"height: 22px;\">\n<td style=\"height: 22px; width: 295px;\">\u00a0<img loading=\"lazy\" decoding=\"async\" class=\"alignnone wp-image-12919\" src=\"http:\/\/nicaragua-travel-guide.com\/site\/wp-content\/uploads\/2016\/07\/managua-montibelli-mariposas-y-aves-observacion.jpg\" alt=\"managua montibelli mariposas y aves observacion\" width=\"283\" height=\"212\" \/><\/td>\n<\/tr>\n<tr style=\"height: 22px;\">\n<td style=\"height: 22px; width: 295px;\"><img loading=\"lazy\" decoding=\"async\" class=\"alignnone wp-image-12920\" src=\"http:\/\/nicaragua-travel-guide.com\/site\/wp-content\/uploads\/2016\/07\/managua-reserva-montibelli-servicio-de-alimentos-y-bebidas.jpg\" alt=\"managua reserva montibelli servicio de alimentos y bebidas\" width=\"303\" height=\"230\" \/><\/td>\n<\/tr>\n<tr style=\"height: 22px;\">\n<td style=\"height: 22px; width: 295px;\"><img loading=\"lazy\" decoding=\"async\" class=\"alignnone wp-image-12922\" src=\"http:\/\/nicaragua-travel-guide.com\/site\/wp-content\/uploads\/2016\/07\/mariposap-1.jpg\" alt=\"mariposap\" width=\"297\" height=\"213\" \/><\/td>\n<\/tr>\n<tr style=\"height: 4px;\">\n<td style=\"height: 4px; width: 295px;\"><img loading=\"lazy\" decoding=\"async\" class=\"alignnone size-full wp-image-12918\" src=\"http:\/\/nicaragua-travel-guide.com\/site\/wp-content\/uploads\/2016\/07\/mmanagua-alojamiento-campamento-montibelli-reserva-natural.jpg\" alt=\"mmanagua alojamiento campamento montibelli reserva natural\" width=\"300\" height=\"225\" \/><\/td>\n<\/tr>\n<\/tbody>\n<\/table>\n<\/td>\n<\/tr>\n<tr style=\"height: 11px;\">\n<td style=\"height: 11px; width: 667.3333129882813px;\" valign=\"top\" bgcolor=\"#FFFFFF\">\n<h4>Descripci\u00f3n:<\/h4>\n<p>Es incre\u00edble ver como esta grande y rica reserva natural est\u00e1 localizada a s\u00f3lo 30 minutos de Managua.<\/p>\n<p>Montibelli es una reserva natural privada que mide unas 160 hect\u00e1reas.<\/p>\n<p>&nbsp;<\/p>\n<p>&nbsp;<\/p>\n<p>La reserva queda en las sierras de Managua y la altura oscila de 360 a 720 sobre el nivel del mar. La mayor parte del \u00e1rea esta cubierta por bosque seco tropical y diferentes especies de plantas y animales habitan la reserva.<\/p>\n<p>&nbsp;<\/p>\n<p>&nbsp;<\/p>\n<p>La reserva esta bien organizada. Hay un peque\u00f1o centro tur\u00edstico en la entrada del parque donde puede encontrar informaci\u00f3n de lo que pude ver y a donde puede ir. Hay varios caminos por donde ir de excursi\u00f3n que toman entre 30 minutos y 2 \u00bd horas.<\/p>\n<p>&nbsp;<\/p>\n<p>&nbsp;<\/p>\n<p>Tambi\u00e9n es f\u00e1cilmente posible combinar dos caminos y pasar todo el d\u00eda en Montibelli.<\/p>\n<p>La reserva provee a los gu\u00edas (est\u00e1 obligado a caminar con uno), y todos tienen su especialidad y le mostraran platas, animales y otras cosas interesantes que pasar\u00eda por alto.<\/p>\n<p>&nbsp;<\/p>\n<p>&nbsp;<\/td>\n<\/tr>\n<tr style=\"height: 11px;\">\n<td style=\"height: 11px; width: 667.3333129882813px; background-color: #48bd17;\" valign=\"top\" bgcolor=\"#FFFFFF\"><strong>Que esperar?<\/strong><\/td>\n<\/tr>\n<tr style=\"height: 358px;\">\n<td style=\"height: 358px; width: 667.3333129882813px;\" valign=\"top\" bgcolor=\"#FFFFFF\">\n<h4>Montibelli tiene abundantes aves. No s\u00f3lo puede encontrar p\u00e1jaros carpinteros, colibr\u00edes, loros, buitres, halcones, orioles dorados y guarda barrancos (el ave nacional), la reserva tambi\u00e9n est\u00e1 habitada por una poblaci\u00f3n impresionante de trogones.\u00a0Estos coloridos p\u00e1jaros son raros en Nicaragua y Montibelli es uno de los pocos lugares donde los puede ver f\u00e1cilmente.<\/h4>\n<p>Adem\u00e1s, puede encontrarse con mam\u00edferos, reptiles e insectos. Viven zarig\u00fceya, murci\u00e9lagos, venados, monos aulladores, ardillas, serpientes, ranas, lagartijas y muchos otros animales. Durante la \u00e9poca lluviosa un sin numero de mariposas vuelan el \u00e1rea. Hay tambi\u00e9n puntos donde puede tener una mejor vista de la reserva y del paisaje de alrededor.<\/p>\n<p>&nbsp;<\/p>\n<p>&nbsp;<\/p>\n<p>La reserva tiene su propia producci\u00f3n de frutas y vegetales. Pi\u00f1as, pitahayas, limones, bananos y otra comida se cultivan ecol\u00f3gicamente en la reserva. Es por eso que puede obtener jugos y comida frescas sin contaminaci\u00f3n.<\/p>\n<p>&nbsp;<\/p>\n<p>&nbsp;<\/p>\n<p>Montibelli tambi\u00e9n ofrece caba\u00f1as confortables, localizadas dentro de la reserva.<\/p>\n<p>&nbsp;<\/p>\n<p>&nbsp;<\/p>\n<p>Para m\u00e1s informaci\u00f3n, ver el <a href=\"http:\/\/nicaragua-travel-guide.com\/site\/managua-alojamiento-reserva-natural-privada-montibelli-eco-albergue-cabanas-y-campamentos\/\">Eco-albergue Orop\u00e9ndola<\/a> en nuestra Gu\u00eda de Hoteles.<\/p>\n<p>&nbsp;<\/p>\n<p>&nbsp;<\/p>\n<p>Por mayor \u00a0informaci\u00f3n\u00a0y reservacion \u00a0<strong> Contactarnos<\/strong><\/td>\n<\/tr>\n<\/tbody>\n<\/table>\n","protected":false},"excerpt":{"rendered":"<p>Reserva Natural Privada Montibelli \u00a0 Descripci\u00f3n: Es incre\u00edble ver como esta grande y rica reserva natural est\u00e1 localizada a s\u00f3lo 30 minutos de Managua. Montibelli es una reserva natural privada que mide unas 160 hect\u00e1reas. &nbsp; &nbsp; La reserva queda en las sierras de Managua y la altura oscila de 360 a 720 sobre el [&hellip;]<\/p>\n","protected":false},"author":2,"featured_media":0,"parent":0,"menu_order":0,"comment_status":"closed","ping_status":"closed","template":"","meta":{"footnotes":""},"_links":{"self":[{"href":"https:\/\/nicaragua-travel-guide.com\/site\/wp-json\/wp\/v2\/pages\/6318"}],"collection":[{"href":"https:\/\/nicaragua-travel-guide.com\/site\/wp-json\/wp\/v2\/pages"}],"about":[{"href":"https:\/\/nicaragua-travel-guide.com\/site\/wp-json\/wp\/v2\/types\/page"}],"author":[{"embeddable":true,"href":"https:\/\/nicaragua-travel-guide.com\/site\/wp-json\/wp\/v2\/users\/2"}],"replies":[{"embeddable":true,"href":"https:\/\/nicaragua-travel-guide.com\/site\/wp-json\/wp\/v2\/comments?post=6318"}],"version-history":[{"count":10,"href":"https:\/\/nicaragua-travel-guide.com\/site\/wp-json\/wp\/v2\/pages\/6318\/revisions"}],"predecessor-version":[{"id":12927,"href":"https:\/\/nicaragua-travel-guide.com\/site\/wp-json\/wp\/v2\/pages\/6318\/revisions\/12927"}],"wp:attachment":[{"href":"https:\/\/nicaragua-travel-guide.com\/site\/wp-json\/wp\/v2\/media?parent=6318"}],"curies":[{"name":"wp","href":"https:\/\/api.w.org\/{rel}","templated":true}]}}